{"id":2335,"date":"2024-01-22T12:32:36","date_gmt":"2024-01-22T10:32:36","guid":{"rendered":"https:\/\/mozambiquelng-dev.5thring.co.uk\/sobre-o-projecto-mozambique-liquefied-natural-gas\/"},"modified":"2025-05-19T14:30:02","modified_gmt":"2025-05-19T12:30:02","slug":"sobre-o-projecto-mozambique-liquefied-natural-gas","status":"publish","type":"page","link":"https:\/\/www.mozambiquelng.co.mz\/pt-pt\/sobre-o-projecto-mozambique-liquefied-natural-gas\/","title":{"rendered":"Sobre o Projecto Mozambique Liquefied Natural Gas"},"content":{"rendered":"\n<div class=\"container mx-auto grid grid-cols-3 gap-x-16 p-6\">\n\n    <div class=\"col-span-3 lg:col-span-2\">\n\n        \n<div class=\"copy\">\n    \n    <p>O Projecto Mozambique LNG teve in\u00edcio com a descoberta de uma vasta reserva de g\u00e1s natural na costa norte de Mo\u00e7ambique em 2010, levando a uma decis\u00e3o final de investimento estimada em US $ 20 bilh\u00f5es em 2019.<\/p>\n<p>Os nossos planos para os cerca 65 trilh\u00f5es de p\u00e9s c\u00fabicos de g\u00e1s natural recuper\u00e1vel incluem a constru\u00e7\u00e3o de duas unidades de liquefac\u00e7\u00e3o com capacidade de 13 milh\u00f5es de toneladas por ano (MTPA) e capacidade de expans\u00e3o para at\u00e9 43 MTPA.<\/p>\n<p>O Projecto \u00e9 operado pela TotalEnergies &#8211; o segundo maior player de GNL do mundo e l\u00edder em \u00c1frica \u2013 o Projecto Mozambique LNG est\u00e1 posicionado de forma \u00fanica para atender\u00e1 crescente procura mundial de fontes de energia sustent\u00e1vel, confi\u00e1vel e limpa.<\/p>\n<p>O Projecto est\u00e1 comprometido em colaborar com as comunidades e o Governo de Mo\u00e7ambique para desenvolver esses recursos com seguran\u00e7a, protegendo o meio ambiente, incentivando o investimento estrangeiro adicional e contribuindo para a estabilidade social e econ\u00f3mica do pa\u00eds a longo prazo.<\/p>\n<p>A localiza\u00e7\u00e3o estrat\u00e9gica do projecto posiciona-o para responder \u00e0s necessidades do mercado do Atl\u00e2ntico e da \u00c1sia-Pac\u00edfico, al\u00e9m de explorar as crescentes procuras de energia do M\u00e9dio Oriente e do subcontinente Indiano.<\/p>\n<p>No curto prazo, a constru\u00e7\u00e3o das instala\u00e7\u00f5es de GNL oferecer\u00e1 oportunidades para Mo\u00e7ambique e para os mo\u00e7ambicanos na forma\u00e7\u00e3o profissional, emprego e contractos para o fornecimento de bens e servi\u00e7os. Al\u00e9m disso, a fase de constru\u00e7\u00e3o vai gerar impactos ambientais e sociais controlados e reduzir\u00e1 riscos.<\/p>\n<p>A m\u00e9dio e longo prazo, o Projecto Mozambique LNG \u00e9 fundamental para diversificar as actividades econ\u00f3micas de Mo\u00e7ambique. O projecto ajudar\u00e1 a:<\/p>\n<ul>\n<li>Desenvolver a for\u00e7a de trabalho qualificada para a constru\u00e7\u00e3o e opera\u00e7\u00e3o;<\/li>\n<li>Desenvolver especialistas na \u00e1rea que apoiam esses sectores;<\/li>\n<li>Estimular o surgimento de pequenas e m\u00e9dias empresas na prov\u00edncia de Cabo Delgado;<\/li>\n<li>Gerar receita que contribuir\u00e1 para o desenvolvimento socioecon\u00f4mico do pa\u00eds.<\/li>\n<\/ul>\n\n<\/div>\n\n\n    <\/div>\n\n    <div class=\"col-span-3 lg:col-span-1\">\n\n        \n    <h5 class=\"mb-4\">Leia mais sobre o Projecto<\/h5>\n\n\n    <div class=\"flex flex-col items-end gap-2\">\n                    <a class=\"cta-btn text-s2 text-right last-of-type:mb-4\" href=\"https:\/\/mozambiquelng.co.mz\/pt-pt\/sobre-o-projecto-mozambique-liquefied-natural-gas\/the-resource\/\" target=\"\">Os recursos<\/a>\n                    <a class=\"cta-btn text-s2 text-right last-of-type:mb-4\" href=\"https:\/\/mozambiquelng.co.mz\/pt-pt\/sobre-o-projecto-mozambique-liquefied-natural-gas\/energia-segura-fiavel-e-de-confianca\/\" target=\"\">Energia segura, fi\u00e1vel e de confian\u00e7a<\/a>\n                    <a class=\"cta-btn text-s2 text-right last-of-type:mb-4\" href=\"https:\/\/mozambiquelng.co.mz\/pt-pt\/sobre-o-projecto-mozambique-liquefied-natural-gas\/desevolvimento\/\" target=\"\">Desevolvimento<\/a>\n                    <a class=\"cta-btn text-s2 text-right last-of-type:mb-4\" href=\"https:\/\/mozambiquelng.co.mz\/pt-pt\/sobre-o-projecto-mozambique-liquefied-natural-gas\/conheca-os-parceiros\/\" target=\"\">Conhe\u00e7a os parceiros<\/a>\n            <\/div>\n\n\n\n\n    <a href=\"https:\/\/mozambiquelng.co.mz\/wp-content\/uploads\/2025\/05\/BrochuraVers\u00e3oFinal-3.pdf\" class=\"no-underline\" target=\"_blank\">\n        <div class=\"flex flex-col overflow-hidden mb-4 rounded-2xl\">\n            <div class=\"w-full h-[232px] bg-cover bg-center\" style=\"background-image: url(https:\/\/www.mozambiquelng.co.mz\/wp-content\/uploads\/2025\/05\/project-overview.webp);\"><\/div>\n            <div class=\"flex flex-col items-end bg-grey5 p-6\">\n                <div class=\"place-self-start\">\n                    <p class=\"mb-0 text-s2 text-blue\"><\/p>\n                    <h5 class=\"my-4 text-black font-medium\"><\/h5>\n                    <p class=\"text-black text-body2\"><\/p>\n                <\/div>\n                <button class=\"cta-btn text-s2 text-blue\">Descarregar a brochura de s\u00edntese do projeto (English, 555 MB)<\/button>\n            <\/div>\n    <\/div>\n    <\/a>\n\n\n    <\/div>\n\n<\/div>\n<div class=\"container mx-auto flex flex-col p-6\">\n        <div class=\"mb-4 copy\">\n            <\/div>\n            <div class=\"vb-holder container mx-auto\">\n            <div class=\"vb-embed\">\n                <iframe data-src=\"https:\/\/www.youtube.com\/embed\/UDBbytNItGg\" class=\"lazyload\" frameborder=\"0\"><\/iframe>\n            <\/div>\n        <\/div>\n        \n        \n<\/div>","protected":false},"excerpt":{"rendered":"","protected":false},"author":8,"featured_media":3831,"parent":0,"menu_order":1,"comment_status":"closed","ping_status":"closed","template":"","meta":{"_acf_changed":false,"footnotes":""},"class_list":["post-2335","page","type-page","status-publish","has-post-thumbnail","hentry"],"acf":[],"yoast_head":"<!-- This site is optimized with the Yoast SEO plugin v25.3.1 - https:\/\/yoast.com\/wordpress\/plugins\/seo\/ -->\n<title>Sobre o Projecto Mozambique Liquefied Natural Gas - Mozambique LNG Project<\/title>\n<meta name=\"robots\" content=\"index, follow, max-snippet:-1, max-image-preview:large, max-video-preview:-1\" \/>\n<link rel=\"canonical\" href=\"https:\/\/www.mozambiquelng.co.mz\/pt-pt\/sobre-o-projecto-mozambique-liquefied-natural-gas\/\" \/>\n<meta property=\"og:locale\" content=\"pt_PT\" \/>\n<meta property=\"og:type\" content=\"article\" \/>\n<meta property=\"og:title\" content=\"Sobre o Projecto Mozambique Liquefied Natural Gas - Mozambique LNG Project\" \/>\n<meta property=\"og:url\" content=\"https:\/\/www.mozambiquelng.co.mz\/pt-pt\/sobre-o-projecto-mozambique-liquefied-natural-gas\/\" \/>\n<meta property=\"og:site_name\" content=\"Mozambique LNG Project\" \/>\n<meta property=\"article:modified_time\" content=\"2025-05-19T12:30:02+00:00\" \/>\n<meta property=\"og:image\" content=\"https:\/\/www.mozambiquelng.co.mz\/wp-content\/uploads\/2024\/02\/About-the-Project_hero.webp\" \/>\n\t<meta property=\"og:image:width\" content=\"1700\" \/>\n\t<meta property=\"og:image:height\" content=\"550\" \/>\n\t<meta property=\"og:image:type\" content=\"image\/webp\" \/>\n<meta name=\"twitter:card\" content=\"summary_large_image\" \/>\n<script type=\"application\/ld+json\" class=\"yoast-schema-graph\">{\"@context\":\"https:\/\/schema.org\",\"@graph\":[{\"@type\":\"WebPage\",\"@id\":\"https:\/\/www.mozambiquelng.co.mz\/pt-pt\/sobre-o-projecto-mozambique-liquefied-natural-gas\/\",\"url\":\"https:\/\/www.mozambiquelng.co.mz\/pt-pt\/sobre-o-projecto-mozambique-liquefied-natural-gas\/\",\"name\":\"Sobre o Projecto Mozambique Liquefied Natural Gas - Mozambique LNG Project\",\"isPartOf\":{\"@id\":\"https:\/\/www.mozambiquelng.co.mz\/pt-pt\/#website\"},\"primaryImageOfPage\":{\"@id\":\"https:\/\/www.mozambiquelng.co.mz\/pt-pt\/sobre-o-projecto-mozambique-liquefied-natural-gas\/#primaryimage\"},\"image\":{\"@id\":\"https:\/\/www.mozambiquelng.co.mz\/pt-pt\/sobre-o-projecto-mozambique-liquefied-natural-gas\/#primaryimage\"},\"thumbnailUrl\":\"https:\/\/www.mozambiquelng.co.mz\/wp-content\/uploads\/2024\/02\/About-the-Project_hero.webp\",\"datePublished\":\"2024-01-22T10:32:36+00:00\",\"dateModified\":\"2025-05-19T12:30:02+00:00\",\"breadcrumb\":{\"@id\":\"https:\/\/www.mozambiquelng.co.mz\/pt-pt\/sobre-o-projecto-mozambique-liquefied-natural-gas\/#breadcrumb\"},\"inLanguage\":\"pt-PT\",\"potentialAction\":[{\"@type\":\"ReadAction\",\"target\":[\"https:\/\/www.mozambiquelng.co.mz\/pt-pt\/sobre-o-projecto-mozambique-liquefied-natural-gas\/\"]}]},{\"@type\":\"ImageObject\",\"inLanguage\":\"pt-PT\",\"@id\":\"https:\/\/www.mozambiquelng.co.mz\/pt-pt\/sobre-o-projecto-mozambique-liquefied-natural-gas\/#primaryimage\",\"url\":\"https:\/\/www.mozambiquelng.co.mz\/wp-content\/uploads\/2024\/02\/About-the-Project_hero.webp\",\"contentUrl\":\"https:\/\/www.mozambiquelng.co.mz\/wp-content\/uploads\/2024\/02\/About-the-Project_hero.webp\",\"width\":1700,\"height\":550,\"caption\":\"Mozambique LNG Project\"},{\"@type\":\"BreadcrumbList\",\"@id\":\"https:\/\/www.mozambiquelng.co.mz\/pt-pt\/sobre-o-projecto-mozambique-liquefied-natural-gas\/#breadcrumb\",\"itemListElement\":[{\"@type\":\"ListItem\",\"position\":1,\"name\":\"Home\",\"item\":\"https:\/\/www.mozambiquelng.co.mz\/pt-pt\/\"},{\"@type\":\"ListItem\",\"position\":2,\"name\":\"Sobre o Projecto Mozambique Liquefied Natural Gas\"}]},{\"@type\":\"WebSite\",\"@id\":\"https:\/\/www.mozambiquelng.co.mz\/pt-pt\/#website\",\"url\":\"https:\/\/www.mozambiquelng.co.mz\/pt-pt\/\",\"name\":\"Mozambique LNG Project\",\"description\":\"A long-term commitment with Mozambique\",\"potentialAction\":[{\"@type\":\"SearchAction\",\"target\":{\"@type\":\"EntryPoint\",\"urlTemplate\":\"https:\/\/www.mozambiquelng.co.mz\/pt-pt\/?s={search_term_string}\"},\"query-input\":{\"@type\":\"PropertyValueSpecification\",\"valueRequired\":true,\"valueName\":\"search_term_string\"}}],\"inLanguage\":\"pt-PT\"}]}<\/script>\n<!-- \/ Yoast SEO plugin. -->","yoast_head_json":{"title":"Sobre o Projecto Mozambique Liquefied Natural Gas - Mozambique LNG Project","robots":{"index":"index","follow":"follow","max-snippet":"max-snippet:-1","max-image-preview":"max-image-preview:large","max-video-preview":"max-video-preview:-1"},"canonical":"https:\/\/www.mozambiquelng.co.mz\/pt-pt\/sobre-o-projecto-mozambique-liquefied-natural-gas\/","og_locale":"pt_PT","og_type":"article","og_title":"Sobre o Projecto Mozambique Liquefied Natural Gas - Mozambique LNG Project","og_url":"https:\/\/www.mozambiquelng.co.mz\/pt-pt\/sobre-o-projecto-mozambique-liquefied-natural-gas\/","og_site_name":"Mozambique LNG Project","article_modified_time":"2025-05-19T12:30:02+00:00","og_image":[{"width":1700,"height":550,"url":"https:\/\/www.mozambiquelng.co.mz\/wp-content\/uploads\/2024\/02\/About-the-Project_hero.webp","type":"image\/webp"}],"twitter_card":"summary_large_image","schema":{"@context":"https:\/\/schema.org","@graph":[{"@type":"WebPage","@id":"https:\/\/www.mozambiquelng.co.mz\/pt-pt\/sobre-o-projecto-mozambique-liquefied-natural-gas\/","url":"https:\/\/www.mozambiquelng.co.mz\/pt-pt\/sobre-o-projecto-mozambique-liquefied-natural-gas\/","name":"Sobre o Projecto Mozambique Liquefied Natural Gas - Mozambique LNG Project","isPartOf":{"@id":"https:\/\/www.mozambiquelng.co.mz\/pt-pt\/#website"},"primaryImageOfPage":{"@id":"https:\/\/www.mozambiquelng.co.mz\/pt-pt\/sobre-o-projecto-mozambique-liquefied-natural-gas\/#primaryimage"},"image":{"@id":"https:\/\/www.mozambiquelng.co.mz\/pt-pt\/sobre-o-projecto-mozambique-liquefied-natural-gas\/#primaryimage"},"thumbnailUrl":"https:\/\/www.mozambiquelng.co.mz\/wp-content\/uploads\/2024\/02\/About-the-Project_hero.webp","datePublished":"2024-01-22T10:32:36+00:00","dateModified":"2025-05-19T12:30:02+00:00","breadcrumb":{"@id":"https:\/\/www.mozambiquelng.co.mz\/pt-pt\/sobre-o-projecto-mozambique-liquefied-natural-gas\/#breadcrumb"},"inLanguage":"pt-PT","potentialAction":[{"@type":"ReadAction","target":["https:\/\/www.mozambiquelng.co.mz\/pt-pt\/sobre-o-projecto-mozambique-liquefied-natural-gas\/"]}]},{"@type":"ImageObject","inLanguage":"pt-PT","@id":"https:\/\/www.mozambiquelng.co.mz\/pt-pt\/sobre-o-projecto-mozambique-liquefied-natural-gas\/#primaryimage","url":"https:\/\/www.mozambiquelng.co.mz\/wp-content\/uploads\/2024\/02\/About-the-Project_hero.webp","contentUrl":"https:\/\/www.mozambiquelng.co.mz\/wp-content\/uploads\/2024\/02\/About-the-Project_hero.webp","width":1700,"height":550,"caption":"Mozambique LNG Project"},{"@type":"BreadcrumbList","@id":"https:\/\/www.mozambiquelng.co.mz\/pt-pt\/sobre-o-projecto-mozambique-liquefied-natural-gas\/#breadcrumb","itemListElement":[{"@type":"ListItem","position":1,"name":"Home","item":"https:\/\/www.mozambiquelng.co.mz\/pt-pt\/"},{"@type":"ListItem","position":2,"name":"Sobre o Projecto Mozambique Liquefied Natural Gas"}]},{"@type":"WebSite","@id":"https:\/\/www.mozambiquelng.co.mz\/pt-pt\/#website","url":"https:\/\/www.mozambiquelng.co.mz\/pt-pt\/","name":"Mozambique LNG Project","description":"A long-term commitment with Mozambique","potentialAction":[{"@type":"SearchAction","target":{"@type":"EntryPoint","urlTemplate":"https:\/\/www.mozambiquelng.co.mz\/pt-pt\/?s={search_term_string}"},"query-input":{"@type":"PropertyValueSpecification","valueRequired":true,"valueName":"search_term_string"}}],"inLanguage":"pt-PT"}]}},"_links":{"self":[{"href":"https:\/\/www.mozambiquelng.co.mz\/pt-pt\/wp-json\/wp\/v2\/pages\/2335","targetHints":{"allow":["GET"]}}],"collection":[{"href":"https:\/\/www.mozambiquelng.co.mz\/pt-pt\/wp-json\/wp\/v2\/pages"}],"about":[{"href":"https:\/\/www.mozambiquelng.co.mz\/pt-pt\/wp-json\/wp\/v2\/types\/page"}],"author":[{"embeddable":true,"href":"https:\/\/www.mozambiquelng.co.mz\/pt-pt\/wp-json\/wp\/v2\/users\/8"}],"replies":[{"embeddable":true,"href":"https:\/\/www.mozambiquelng.co.mz\/pt-pt\/wp-json\/wp\/v2\/comments?post=2335"}],"version-history":[{"count":14,"href":"https:\/\/www.mozambiquelng.co.mz\/pt-pt\/wp-json\/wp\/v2\/pages\/2335\/revisions"}],"predecessor-version":[{"id":5463,"href":"https:\/\/www.mozambiquelng.co.mz\/pt-pt\/wp-json\/wp\/v2\/pages\/2335\/revisions\/5463"}],"wp:featuredmedia":[{"embeddable":true,"href":"https:\/\/www.mozambiquelng.co.mz\/pt-pt\/wp-json\/wp\/v2\/media\/3831"}],"wp:attachment":[{"href":"https:\/\/www.mozambiquelng.co.mz\/pt-pt\/wp-json\/wp\/v2\/media?parent=2335"}],"curies":[{"name":"wp","href":"https:\/\/api.w.org\/{rel}","templated":true}]}}