{"id":2345,"date":"2024-01-24T11:24:41","date_gmt":"2024-01-24T11:24:41","guid":{"rendered":"https:\/\/mozambiquelng-dev.5thring.co.uk\/sobre-o-projecto-mozambique-liquefied-natural-gas\/energia-segura-fiavel-e-de-confianca\/"},"modified":"2024-02-23T17:03:31","modified_gmt":"2024-02-23T17:03:31","slug":"energia-segura-fiavel-e-de-confianca","status":"publish","type":"page","link":"https:\/\/www.mozambiquelng.co.mz\/pt-pt\/sobre-o-projecto-mozambique-liquefied-natural-gas\/energia-segura-fiavel-e-de-confianca\/","title":{"rendered":"Energia segura, fi\u00e1vel e de confian\u00e7a"},"content":{"rendered":"\n<div class=\"container mx-auto grid grid-cols-3 gap-x-16 p-6\">\n\n    <div class=\"col-span-3 lg:col-span-2\">\n\n        \n    <h3 class=\"mt-8 mb-4\">Compromisso com protec\u00e7\u00e3o &amp; seguran\u00e7a<\/h3>\n\n<div class=\"copy\">\n    \n    <p>A ind\u00fastria de GNL \u00e9 reconhecida pelo seu excelente hist\u00f3rico de seguran\u00e7a e trabalha continuamente para melhorar a protec\u00e7\u00e3o e aumentar a seguran\u00e7a da produ\u00e7\u00e3o, armazenamento e transporte de GNL.<\/p>\n<p>Com o avan\u00e7o da tecnologia, a implementa\u00e7\u00e3o de projectos inovadores com equipamentos e processos aprimorados oferecem v\u00e1riosn\u00edveis de prote\u00e7\u00e3o, tais como:<\/p>\n<ul>\n<li>Conten\u00e7\u00e3o prim\u00e1ria;<\/li>\n<li>Conten\u00e7\u00e3o secund\u00e1ria;<\/li>\n<li>Forma\u00e7\u00e3o abrangente de pessoal;<\/li>\n<li>Sistemas de prote\u00e7\u00e3o;<\/li>\n<li>Manuten\u00e7\u00e3o e ader\u00eancia \u00e0s dist\u00e2ncias de seguran\u00e7a e separa\u00e7\u00e3o de seguran\u00e7a.<\/li>\n<\/ul>\n<p>Quando esses elementos s\u00e3o integrados aos padr\u00f5es da ind\u00fastria, \u00e0 conformidade regulat\u00f3ria e \u00e0s Boas Pr\u00e1ticas de Gest\u00e3o (BMPs), constituem a base para um desempenho em seguran\u00e7a.<\/p>\n\n<\/div>\n\n\n    <h3 class=\"mt-8 mb-4\">Transporte de GNL<\/h3>\n\n<div class=\"copy\">\n    \n    <p>Na ind\u00fastria de transporte de GNL, a seguran\u00e7a \u00e9 sempre priorit\u00e1ria. Desde o primeiro embarque de GNL em 1959, mais de 75.000 cargas foram entregues com seguran\u00e7a em todo o mundo.<\/p>\n<p>Este not\u00e1vel desempenho em termos de fiabilidade e seguran\u00e7a deve-se aos elevados padr\u00f5es de design e constru\u00e7\u00e3o das embarca\u00e7\u00f5es, aliados a equipamentos de ponta. Existem dois tipos principais de design de conten\u00e7\u00e3o n\u00e3o pressurizada usados em navios de GNL: membrana geom\u00e9trica e esf\u00e9rica do tipo Moss. Com pelo menos dois metros de espa\u00e7o entre o casco exterior da embarca\u00e7\u00e3o e os tanques de conten\u00e7\u00e3o de carga, o transporte de GNL \u00e9 assegurado para longas dist\u00e2ncias at\u00e9 ao mercado.<\/p>\n<p>Outra caracter\u00edstica de seguran\u00e7a incorporada ao design da embarca\u00e7\u00e3o s\u00e3o v\u00e1rios sistemas de prote\u00e7\u00e3o, incluindo sistemas de detec\u00e7\u00e3o e supress\u00e3o de g\u00e1s, calor e fogo. Al\u00e9m disso, as transportadoras de GNL s\u00e3o equipadas com tecnologia de ponta a todo o momento.<\/p>\n<p>A seguran\u00e7a da transportadora \u00e9 refor\u00e7ada atrav\u00e9s da total conformidade com o C\u00f3digo Internacional de Seguran\u00e7a para Navios e Instala\u00e7\u00f5es Portu\u00e1rias (ISPS) e zonas de exclus\u00e3o de seguran\u00e7a estabelecidas.<\/p>\n\n<\/div>\n\n\n    <h3 class=\"mt-8 mb-4\">Opera\u00e7\u00f5es de GNL e pessoal<\/h3>\n\n<div class=\"copy\">\n    \n    <p>Os operadores das instala\u00e7\u00f5es de produ\u00e7\u00e3o de GNL devem seguir rigorosos padr\u00f5es internacionais que estabelecem crit\u00e9rios para localiza\u00e7\u00e3o, concep\u00e7\u00e3o, design, fabrico, constru\u00e7\u00e3o e opera\u00e7\u00f5es.<\/p>\n<p>O pessoal das instala\u00e7\u00f5es de produ\u00e7\u00e3o de GNL \u00e9 treinado em procedimentos de seguran\u00e7a, inspe\u00e7\u00f5es e seguran\u00e7a de equipamentos, e com experi\u00eancia em planos de conting\u00eancia e resposta a emerg\u00eancias. S\u00e3o realizados exerc\u00edcios de seguran\u00e7a e resposta a emerg\u00eancias com regularidade para avaliar e aprimorar os recursos de resposta.<\/p>\n<p>Para instala\u00e7\u00f5es de GNL, a seguran\u00e7a do local \u00e9 de alta prioridade e inclui o acesso controlado, monitoraza\u00e7\u00e3o cont\u00ednua e presen\u00e7a de pessoal de seguran\u00e7a dedicado e altamente treinado.<\/p>\n\n<\/div>\n\n\n    <\/div>\n\n    <div class=\"col-span-3 lg:col-span-1\">\n\n        \n    <h5 class=\"mb-4\">Leia mais sobre o Projecto<\/h5>\n\n\n    <div class=\"flex flex-col items-end gap-2\">\n                    <a class=\"cta-btn text-s2 text-right last-of-type:mb-4\" href=\"https:\/\/mozambiquelng.co.mz\/about-the-mozambique-liquefied-natural-gas-project\/the-resource\/\" target=\"\">Os recursos<\/a>\n                    <a class=\"cta-btn text-s2 text-right last-of-type:mb-4\" href=\"https:\/\/mozambiquelng.co.mz\/about-the-mozambique-liquefied-natural-gas-project\/development\/\" target=\"\">Desevolvimento<\/a>\n                    <a class=\"cta-btn text-s2 text-right last-of-type:mb-4\" href=\"https:\/\/mozambiquelng.co.mz\/about-the-mozambique-liquefied-natural-gas-project\/meet-the-partners\/\" target=\"\">Conhe\u00e7a os parceiros<\/a>\n                    <a class=\"cta-btn text-s2 text-right last-of-type:mb-4\" href=\"https:\/\/mozambiquelng.co.mz\/pt-pt\/sobre-o-projecto-mozambique-liquefied-natural-gas\/\" target=\"\">Voltar \u00e0 Introdu\u00e7\u00e3o<\/a>\n            <\/div>\n\n\n    <\/div>\n\n<\/div>","protected":false},"excerpt":{"rendered":"","protected":false},"author":8,"featured_media":3853,"parent":2335,"menu_order":1,"comment_status":"closed","ping_status":"closed","template":"","meta":{"_acf_changed":false,"footnotes":""},"class_list":["post-2345","page","type-page","status-publish","has-post-thumbnail","hentry"],"acf":[],"yoast_head":"<!-- This site is optimized with the Yoast SEO plugin v25.3.1 - https:\/\/yoast.com\/wordpress\/plugins\/seo\/ -->\n<title>Energia segura, fi\u00e1vel e de confian\u00e7a - Mozambique LNG Project<\/title>\n<meta name=\"robots\" content=\"index, follow, max-snippet:-1, max-image-preview:large, max-video-preview:-1\" \/>\n<link rel=\"canonical\" href=\"https:\/\/www.mozambiquelng.co.mz\/pt-pt\/sobre-o-projecto-mozambique-liquefied-natural-gas\/energia-segura-fiavel-e-de-confianca\/\" \/>\n<meta property=\"og:locale\" content=\"pt_PT\" \/>\n<meta property=\"og:type\" content=\"article\" \/>\n<meta property=\"og:title\" content=\"Energia segura, fi\u00e1vel e de confian\u00e7a - Mozambique LNG Project\" \/>\n<meta property=\"og:url\" content=\"https:\/\/www.mozambiquelng.co.mz\/pt-pt\/sobre-o-projecto-mozambique-liquefied-natural-gas\/energia-segura-fiavel-e-de-confianca\/\" \/>\n<meta property=\"og:site_name\" content=\"Mozambique LNG Project\" \/>\n<meta property=\"article:modified_time\" content=\"2024-02-23T17:03:31+00:00\" \/>\n<meta property=\"og:image\" content=\"https:\/\/www.mozambiquelng.co.mz\/wp-content\/uploads\/2024\/02\/Safe-secure-and-reliable-energy.webp\" \/>\n\t<meta property=\"og:image:width\" content=\"1700\" \/>\n\t<meta property=\"og:image:height\" content=\"550\" \/>\n\t<meta property=\"og:image:type\" content=\"image\/webp\" \/>\n<meta name=\"twitter:card\" content=\"summary_large_image\" \/>\n<script type=\"application\/ld+json\" class=\"yoast-schema-graph\">{\"@context\":\"https:\/\/schema.org\",\"@graph\":[{\"@type\":\"WebPage\",\"@id\":\"https:\/\/www.mozambiquelng.co.mz\/pt-pt\/sobre-o-projecto-mozambique-liquefied-natural-gas\/energia-segura-fiavel-e-de-confianca\/\",\"url\":\"https:\/\/www.mozambiquelng.co.mz\/pt-pt\/sobre-o-projecto-mozambique-liquefied-natural-gas\/energia-segura-fiavel-e-de-confianca\/\",\"name\":\"Energia segura, fi\u00e1vel e de confian\u00e7a - Mozambique LNG Project\",\"isPartOf\":{\"@id\":\"https:\/\/www.mozambiquelng.co.mz\/pt-pt\/#website\"},\"primaryImageOfPage\":{\"@id\":\"https:\/\/www.mozambiquelng.co.mz\/pt-pt\/sobre-o-projecto-mozambique-liquefied-natural-gas\/energia-segura-fiavel-e-de-confianca\/#primaryimage\"},\"image\":{\"@id\":\"https:\/\/www.mozambiquelng.co.mz\/pt-pt\/sobre-o-projecto-mozambique-liquefied-natural-gas\/energia-segura-fiavel-e-de-confianca\/#primaryimage\"},\"thumbnailUrl\":\"https:\/\/www.mozambiquelng.co.mz\/wp-content\/uploads\/2024\/02\/Safe-secure-and-reliable-energy.webp\",\"datePublished\":\"2024-01-24T11:24:41+00:00\",\"dateModified\":\"2024-02-23T17:03:31+00:00\",\"breadcrumb\":{\"@id\":\"https:\/\/www.mozambiquelng.co.mz\/pt-pt\/sobre-o-projecto-mozambique-liquefied-natural-gas\/energia-segura-fiavel-e-de-confianca\/#breadcrumb\"},\"inLanguage\":\"pt-PT\",\"potentialAction\":[{\"@type\":\"ReadAction\",\"target\":[\"https:\/\/www.mozambiquelng.co.mz\/pt-pt\/sobre-o-projecto-mozambique-liquefied-natural-gas\/energia-segura-fiavel-e-de-confianca\/\"]}]},{\"@type\":\"ImageObject\",\"inLanguage\":\"pt-PT\",\"@id\":\"https:\/\/www.mozambiquelng.co.mz\/pt-pt\/sobre-o-projecto-mozambique-liquefied-natural-gas\/energia-segura-fiavel-e-de-confianca\/#primaryimage\",\"url\":\"https:\/\/www.mozambiquelng.co.mz\/wp-content\/uploads\/2024\/02\/Safe-secure-and-reliable-energy.webp\",\"contentUrl\":\"https:\/\/www.mozambiquelng.co.mz\/wp-content\/uploads\/2024\/02\/Safe-secure-and-reliable-energy.webp\",\"width\":1700,\"height\":550,\"caption\":\"Energia segura, fi\u00e1vel e de confian\u00e7a\"},{\"@type\":\"BreadcrumbList\",\"@id\":\"https:\/\/www.mozambiquelng.co.mz\/pt-pt\/sobre-o-projecto-mozambique-liquefied-natural-gas\/energia-segura-fiavel-e-de-confianca\/#breadcrumb\",\"itemListElement\":[{\"@type\":\"ListItem\",\"position\":1,\"name\":\"Home\",\"item\":\"https:\/\/www.mozambiquelng.co.mz\/pt-pt\/\"},{\"@type\":\"ListItem\",\"position\":2,\"name\":\"Sobre o Projecto Mozambique Liquefied Natural Gas\",\"item\":\"https:\/\/www.mozambiquelng.co.mz\/pt-pt\/sobre-o-projecto-mozambique-liquefied-natural-gas\/\"},{\"@type\":\"ListItem\",\"position\":3,\"name\":\"Energia segura, fi\u00e1vel e de confian\u00e7a\"}]},{\"@type\":\"WebSite\",\"@id\":\"https:\/\/www.mozambiquelng.co.mz\/pt-pt\/#website\",\"url\":\"https:\/\/www.mozambiquelng.co.mz\/pt-pt\/\",\"name\":\"Mozambique LNG Project\",\"description\":\"A long-term commitment with Mozambique\",\"potentialAction\":[{\"@type\":\"SearchAction\",\"target\":{\"@type\":\"EntryPoint\",\"urlTemplate\":\"https:\/\/www.mozambiquelng.co.mz\/pt-pt\/?s={search_term_string}\"},\"query-input\":{\"@type\":\"PropertyValueSpecification\",\"valueRequired\":true,\"valueName\":\"search_term_string\"}}],\"inLanguage\":\"pt-PT\"}]}<\/script>\n<!-- \/ Yoast SEO plugin. -->","yoast_head_json":{"title":"Energia segura, fi\u00e1vel e de confian\u00e7a - Mozambique LNG Project","robots":{"index":"index","follow":"follow","max-snippet":"max-snippet:-1","max-image-preview":"max-image-preview:large","max-video-preview":"max-video-preview:-1"},"canonical":"https:\/\/www.mozambiquelng.co.mz\/pt-pt\/sobre-o-projecto-mozambique-liquefied-natural-gas\/energia-segura-fiavel-e-de-confianca\/","og_locale":"pt_PT","og_type":"article","og_title":"Energia segura, fi\u00e1vel e de confian\u00e7a - Mozambique LNG Project","og_url":"https:\/\/www.mozambiquelng.co.mz\/pt-pt\/sobre-o-projecto-mozambique-liquefied-natural-gas\/energia-segura-fiavel-e-de-confianca\/","og_site_name":"Mozambique LNG Project","article_modified_time":"2024-02-23T17:03:31+00:00","og_image":[{"width":1700,"height":550,"url":"https:\/\/www.mozambiquelng.co.mz\/wp-content\/uploads\/2024\/02\/Safe-secure-and-reliable-energy.webp","type":"image\/webp"}],"twitter_card":"summary_large_image","schema":{"@context":"https:\/\/schema.org","@graph":[{"@type":"WebPage","@id":"https:\/\/www.mozambiquelng.co.mz\/pt-pt\/sobre-o-projecto-mozambique-liquefied-natural-gas\/energia-segura-fiavel-e-de-confianca\/","url":"https:\/\/www.mozambiquelng.co.mz\/pt-pt\/sobre-o-projecto-mozambique-liquefied-natural-gas\/energia-segura-fiavel-e-de-confianca\/","name":"Energia segura, fi\u00e1vel e de confian\u00e7a - Mozambique LNG Project","isPartOf":{"@id":"https:\/\/www.mozambiquelng.co.mz\/pt-pt\/#website"},"primaryImageOfPage":{"@id":"https:\/\/www.mozambiquelng.co.mz\/pt-pt\/sobre-o-projecto-mozambique-liquefied-natural-gas\/energia-segura-fiavel-e-de-confianca\/#primaryimage"},"image":{"@id":"https:\/\/www.mozambiquelng.co.mz\/pt-pt\/sobre-o-projecto-mozambique-liquefied-natural-gas\/energia-segura-fiavel-e-de-confianca\/#primaryimage"},"thumbnailUrl":"https:\/\/www.mozambiquelng.co.mz\/wp-content\/uploads\/2024\/02\/Safe-secure-and-reliable-energy.webp","datePublished":"2024-01-24T11:24:41+00:00","dateModified":"2024-02-23T17:03:31+00:00","breadcrumb":{"@id":"https:\/\/www.mozambiquelng.co.mz\/pt-pt\/sobre-o-projecto-mozambique-liquefied-natural-gas\/energia-segura-fiavel-e-de-confianca\/#breadcrumb"},"inLanguage":"pt-PT","potentialAction":[{"@type":"ReadAction","target":["https:\/\/www.mozambiquelng.co.mz\/pt-pt\/sobre-o-projecto-mozambique-liquefied-natural-gas\/energia-segura-fiavel-e-de-confianca\/"]}]},{"@type":"ImageObject","inLanguage":"pt-PT","@id":"https:\/\/www.mozambiquelng.co.mz\/pt-pt\/sobre-o-projecto-mozambique-liquefied-natural-gas\/energia-segura-fiavel-e-de-confianca\/#primaryimage","url":"https:\/\/www.mozambiquelng.co.mz\/wp-content\/uploads\/2024\/02\/Safe-secure-and-reliable-energy.webp","contentUrl":"https:\/\/www.mozambiquelng.co.mz\/wp-content\/uploads\/2024\/02\/Safe-secure-and-reliable-energy.webp","width":1700,"height":550,"caption":"Energia segura, fi\u00e1vel e de confian\u00e7a"},{"@type":"BreadcrumbList","@id":"https:\/\/www.mozambiquelng.co.mz\/pt-pt\/sobre-o-projecto-mozambique-liquefied-natural-gas\/energia-segura-fiavel-e-de-confianca\/#breadcrumb","itemListElement":[{"@type":"ListItem","position":1,"name":"Home","item":"https:\/\/www.mozambiquelng.co.mz\/pt-pt\/"},{"@type":"ListItem","position":2,"name":"Sobre o Projecto Mozambique Liquefied Natural Gas","item":"https:\/\/www.mozambiquelng.co.mz\/pt-pt\/sobre-o-projecto-mozambique-liquefied-natural-gas\/"},{"@type":"ListItem","position":3,"name":"Energia segura, fi\u00e1vel e de confian\u00e7a"}]},{"@type":"WebSite","@id":"https:\/\/www.mozambiquelng.co.mz\/pt-pt\/#website","url":"https:\/\/www.mozambiquelng.co.mz\/pt-pt\/","name":"Mozambique LNG Project","description":"A long-term commitment with Mozambique","potentialAction":[{"@type":"SearchAction","target":{"@type":"EntryPoint","urlTemplate":"https:\/\/www.mozambiquelng.co.mz\/pt-pt\/?s={search_term_string}"},"query-input":{"@type":"PropertyValueSpecification","valueRequired":true,"valueName":"search_term_string"}}],"inLanguage":"pt-PT"}]}},"_links":{"self":[{"href":"https:\/\/www.mozambiquelng.co.mz\/pt-pt\/wp-json\/wp\/v2\/pages\/2345","targetHints":{"allow":["GET"]}}],"collection":[{"href":"https:\/\/www.mozambiquelng.co.mz\/pt-pt\/wp-json\/wp\/v2\/pages"}],"about":[{"href":"https:\/\/www.mozambiquelng.co.mz\/pt-pt\/wp-json\/wp\/v2\/types\/page"}],"author":[{"embeddable":true,"href":"https:\/\/www.mozambiquelng.co.mz\/pt-pt\/wp-json\/wp\/v2\/users\/8"}],"replies":[{"embeddable":true,"href":"https:\/\/www.mozambiquelng.co.mz\/pt-pt\/wp-json\/wp\/v2\/comments?post=2345"}],"version-history":[{"count":9,"href":"https:\/\/www.mozambiquelng.co.mz\/pt-pt\/wp-json\/wp\/v2\/pages\/2345\/revisions"}],"predecessor-version":[{"id":3958,"href":"https:\/\/www.mozambiquelng.co.mz\/pt-pt\/wp-json\/wp\/v2\/pages\/2345\/revisions\/3958"}],"up":[{"embeddable":true,"href":"https:\/\/www.mozambiquelng.co.mz\/pt-pt\/wp-json\/wp\/v2\/pages\/2335"}],"wp:featuredmedia":[{"embeddable":true,"href":"https:\/\/www.mozambiquelng.co.mz\/pt-pt\/wp-json\/wp\/v2\/media\/3853"}],"wp:attachment":[{"href":"https:\/\/www.mozambiquelng.co.mz\/pt-pt\/wp-json\/wp\/v2\/media?parent=2345"}],"curies":[{"name":"wp","href":"https:\/\/api.w.org\/{rel}","templated":true}]}}