{"id":2352,"date":"2024-01-24T11:34:12","date_gmt":"2024-01-24T09:34:12","guid":{"rendered":"https:\/\/mozambiquelng-dev.5thring.co.uk\/sobre-o-projecto-mozambique-liquefied-natural-gas\/desevolvimento\/"},"modified":"2025-03-13T11:49:38","modified_gmt":"2025-03-13T09:49:38","slug":"desevolvimento","status":"publish","type":"page","link":"https:\/\/www.mozambiquelng.co.mz\/pt-pt\/sobre-o-projecto-mozambique-liquefied-natural-gas\/desevolvimento\/","title":{"rendered":"Desevolvimento"},"content":{"rendered":"\n<div class=\"container mx-auto grid grid-cols-3 gap-x-16 p-6\">\n\n    <div class=\"col-span-3 lg:col-span-2\">\n\n        \n    <h3 class=\"mt-8 mb-4\">Conclus\u00e3o do po\u00e7o<\/h3>\n\n<div class=\"copy\">\n    \n    <p>O po\u00e7o fica \u201cconclu\u00eddo\u201d quando um tubo de a\u00e7o, chamado de revestimento, \u00e9 baixado, perfurado e cimentado. Depois perfura-se o tubo na \u00e1rea desejada, criando um caminho para o g\u00e1s natural na rocha. Em seguida, outro tubo de a\u00e7o, chamado gasoduto, \u00e9 inserido no po\u00e7o, permitindo que o g\u00e1s natural flua de uma profundidade de 2.500 metros abaixo do mar.<\/p>\n\n<\/div>\n\n\n    <h3 class=\"mt-8 mb-4\">Colecta<\/h3>\n\n<div class=\"copy\">\n    \n    <p>No fundo do mar, o g\u00e1s natural \u00e9 recolhido nos sistemas de colecta submarina de v\u00e1rios po\u00e7os. A partir daqui o g\u00e1s natural \u00e9 conduzido atrav\u00e9s de uma rede de gasoduto at\u00e9 \u00e0 instala\u00e7\u00e3o de GNL em terra. Os sistemas submarinos s\u00e3o projectados com controlos subaqu\u00e1ticos para regular o fluxo dos po\u00e7os e fornecer um meio seguro e confi\u00e1vel para ser desligado.<\/p>\n\n<\/div>\n\n\n    <h3 class=\"mt-8 mb-4\">Processamento &amp; liquefa\u00e7\u00e3o<\/h3>\n\n<div class=\"copy\">\n    \n    <p>Na instala\u00e7\u00e3o em terra do Projecto Mozambique LNG, o g\u00e1s natural ser\u00e1 recebido, pr\u00e9-tratado e liquefeito. Durante o pr\u00e9-tratamento, o g\u00e1s natural passar\u00e1 por uma s\u00e9rie de gasodutos e embarca\u00e7\u00f5es projectadas para remover \u00e1gua e l\u00edquidos de hidrocarbonetos, juntamente com quaisquer impurezas, assegurando assim um g\u00e1s natural de alta qualidade.<\/p>\n<p>Ap\u00f3s o tratamento e condicionamento do g\u00e1s natural \u00e9 tratado, o fluxo de g\u00e1s \u00e9 direccionado para uma unidade de liquefa\u00e7\u00e3o, onde passar\u00e1 por v\u00e1rios est\u00e1gios de refrigera\u00e7\u00e3o. Ao arrefecer o g\u00e1s a aproximadamente -162 \u00b0 C, este condensa-se num l\u00edquido claro, incolor e n\u00e3o t\u00f3xico. O processo de liquefa\u00e7\u00e3o reduz o volume do g\u00e1s em 600 vezes, facilitando o armazenamento e o transporte.<\/p>\n\n<\/div>\n\n\n    <h3 class=\"mt-8 mb-4\">Armazenamento de GNL<\/h3>\n\n<div class=\"copy\">\n    \n    <p>Depois de liquefeito, o GNL \u00e9 entregue em grandes tanques, especialmente projectados, selados e n\u00e3o pressurizados, onde \u00e9 armazenado, a -162 \u00b0 C, at\u00e9 estar pronto para transporte. Todos os tanques para o Projecto Mozambique LNG seguir\u00e3o rigorosos padr\u00f5es da ind\u00fastria em termos de conten\u00e7\u00e3o total. Os tanques de conten\u00e7\u00e3o total geralmente consistem num recipiente prim\u00e1rio de a\u00e7o n\u00edquel a 9%, conhecido pela sua excelente resist\u00eancia e durabilidade em temperaturas criog\u00e9nicas.<\/p>\n<p>Em torno deste recipiente, h\u00e1 uma estrutura de bet\u00e3o pr\u00e9-esfor\u00e7ado que proporciona uma conten\u00e7\u00e3o prim\u00e1ria do vapor e uma conten\u00e7\u00e3o secund\u00e1ria do l\u00edquido. Caso necess\u00e1rio, o tanque externo tamb\u00e9m pode conter o l\u00edquido e proporcionar uma liberta\u00e7\u00e3o segura e controlada do vapor. Al\u00e9m disso, as instala\u00e7\u00f5es de armazenamento s\u00e3o equipadas com sistemas avan\u00e7ados de seguran\u00e7a para monitorizar press\u00f5es, detectar precocemente problemas e ativar rapidamente um desligamento de emerg\u00eancia, se necess\u00e1rio.<\/p>\n\n<\/div>\n\n\n    <h3 class=\"mt-8 mb-4\">Expedi\u00e7\u00e3o e transporte de GNL<\/h3>\n\n<div class=\"copy\">\n    \n    <p>Dos tanques de armazenamento, o GNL ser\u00e1 transportado atrav\u00e9s de gasodutos isolados para um cais de exporta\u00e7\u00e3o pr\u00f3ximo, onde ser\u00e1 carregado em embarca\u00e7\u00f5es de GNL desenvolvidas especificamente para este prop\u00f3sito.<\/p>\n<p>Os navios de GNL t\u00eam v\u00e1rios tamanhos, formas e modelos. N\u00e3o h\u00e1 um \u201ctamanho \u00fanico\u201d. Cada projeto desenvolve o seu pr\u00f3prio tamanho de navio. Uma caracter\u00edstica fundamental das embarca\u00e7\u00f5es de casco duplo \u00e9 a presen\u00e7a de tanques de conten\u00e7\u00e3o isolados, mantendo o GNL l\u00edquido para viagens mar\u00edtimas at\u00e9 aos mercados e consumidores em todo o mundo. Uma vez carregado no navio, este mant\u00e9m o GNL no estado l\u00edquido durante a viagem para entrega aos mercados globais. O navio de GNL actua como o &#8220;gasoduto&#8221; flutuante, levando o GNL para diferentes destinos em todo o mundo. O tempo de viagem de Mo\u00e7ambique at\u00e9 os terminais no norte da \u00cdndia pode levar cerca de 7 dias, enquanto a entrega de carga de GNL para determinados mercados japoneses poder\u00e1 demorar aproximadamente 17 dias. Ao alcan\u00e7ar o destino, o GNL \u00e9 descarregado no terminal de regaseifica\u00e7\u00e3o do comprador. O GNL \u00e9 ent\u00e3o transferido para tanques de armazenamento e passa por um processo de vaporiza\u00e7\u00e3o, onde \u00e9 aquecido para converter novamente em g\u00e1s natural. Este g\u00e1s natural de combust\u00e3o limpa \u00e9 ent\u00e3o entregue aos utilizadores finais para fornecimento de energia.<\/p>\n\n<\/div>\n\n\n    <h3 class=\"mt-8 mb-4\">Prepara\u00e7\u00e3o para a produ\u00e7\u00e3o de GNL<\/h3>\n\n<div class=\"copy\">\n    \n    <p>Ap\u00f3s a perfura\u00e7\u00e3o bem-sucedida de um po\u00e7o e a confirma\u00e7\u00e3o das quantidades comerciais de g\u00e1s natural por meio de actividades de avalia\u00e7\u00e3o, inicia-se a fase de desenvolvimento. Esta fase geralmente envolve a prepara\u00e7\u00e3o dos po\u00e7os para produ\u00e7\u00e3o.<\/p>\n<p>Devido \u00e0 localiza\u00e7\u00e3o do g\u00e1s natural descoberto na \u00c1rea 1 offshore de Mo\u00e7ambique, que fica a cerca de 40 quil\u00f3metros da costa e em profundidades de \u00e1gua de aproximadamente 1.600 metros, \u00e9 necess\u00e1rio utilizar equipamento especialmente projectado para produzir, colectar, processar e transportar o g\u00e1s natural at\u00e9 \u00e0s instala\u00e7\u00f5es em terra para o processamento.<\/p>\n\n<\/div>\n\n\n    <\/div>\n\n    <div class=\"col-span-3 lg:col-span-1\">\n\n        \n    <h5 class=\"mb-4\">Leia mais sobre o Projecto<\/h5>\n\n\n    <div class=\"flex flex-col items-end gap-2\">\n                    <a class=\"cta-btn text-s2 text-right last-of-type:mb-4\" href=\"https:\/\/mozambiquelng.co.mz\/about-the-mozambique-liquefied-natural-gas-project\/the-resource\/\" target=\"\">Os recursos<\/a>\n                    <a class=\"cta-btn text-s2 text-right last-of-type:mb-4\" href=\"https:\/\/mozambiquelng.co.mz\/about-the-mozambique-liquefied-natural-gas-project\/safe-secure-and-reliable-energy\/\" target=\"\">Energia segura, fi\u00e1vel e de confian\u00e7a<\/a>\n                    <a class=\"cta-btn text-s2 text-right last-of-type:mb-4\" href=\"https:\/\/mozambiquelng.co.mz\/about-the-mozambique-liquefied-natural-gas-project\/meet-the-partners\/\" target=\"\">Conhe\u00e7a os parceiros<\/a>\n                    <a class=\"cta-btn text-s2 text-right last-of-type:mb-4\" href=\"https:\/\/mozambiquelng.co.mz\/about-the-mozambique-liquefied-natural-gas-project\/\" target=\"\">Voltar \u00e0 Introdu\u00e7\u00e3o<\/a>\n            <\/div>\n\n\n    <\/div>\n\n<\/div>","protected":false},"excerpt":{"rendered":"","protected":false},"author":8,"featured_media":3831,"parent":2335,"menu_order":3,"comment_status":"closed","ping_status":"closed","template":"","meta":{"_acf_changed":false,"footnotes":""},"class_list":["post-2352","page","type-page","status-publish","has-post-thumbnail","hentry"],"acf":[],"yoast_head":"<!-- This site is optimized with the Yoast SEO plugin v25.3.1 - https:\/\/yoast.com\/wordpress\/plugins\/seo\/ -->\n<title>Desevolvimento - Mozambique LNG Project<\/title>\n<meta name=\"robots\" content=\"index, follow, max-snippet:-1, max-image-preview:large, max-video-preview:-1\" \/>\n<link rel=\"canonical\" href=\"https:\/\/www.mozambiquelng.co.mz\/pt-pt\/sobre-o-projecto-mozambique-liquefied-natural-gas\/desevolvimento\/\" \/>\n<meta property=\"og:locale\" content=\"pt_PT\" \/>\n<meta property=\"og:type\" content=\"article\" \/>\n<meta property=\"og:title\" content=\"Desevolvimento - Mozambique LNG Project\" \/>\n<meta property=\"og:url\" content=\"https:\/\/www.mozambiquelng.co.mz\/pt-pt\/sobre-o-projecto-mozambique-liquefied-natural-gas\/desevolvimento\/\" \/>\n<meta property=\"og:site_name\" content=\"Mozambique LNG Project\" \/>\n<meta property=\"article:modified_time\" content=\"2025-03-13T09:49:38+00:00\" \/>\n<meta property=\"og:image\" content=\"https:\/\/www.mozambiquelng.co.mz\/wp-content\/uploads\/2024\/02\/About-the-Project_hero.webp\" \/>\n\t<meta property=\"og:image:width\" content=\"1700\" \/>\n\t<meta property=\"og:image:height\" content=\"550\" \/>\n\t<meta property=\"og:image:type\" content=\"image\/webp\" \/>\n<meta name=\"twitter:card\" content=\"summary_large_image\" \/>\n<script type=\"application\/ld+json\" class=\"yoast-schema-graph\">{\"@context\":\"https:\/\/schema.org\",\"@graph\":[{\"@type\":\"WebPage\",\"@id\":\"https:\/\/www.mozambiquelng.co.mz\/pt-pt\/sobre-o-projecto-mozambique-liquefied-natural-gas\/desevolvimento\/\",\"url\":\"https:\/\/www.mozambiquelng.co.mz\/pt-pt\/sobre-o-projecto-mozambique-liquefied-natural-gas\/desevolvimento\/\",\"name\":\"Desevolvimento - Mozambique LNG Project\",\"isPartOf\":{\"@id\":\"https:\/\/www.mozambiquelng.co.mz\/pt-pt\/#website\"},\"primaryImageOfPage\":{\"@id\":\"https:\/\/www.mozambiquelng.co.mz\/pt-pt\/sobre-o-projecto-mozambique-liquefied-natural-gas\/desevolvimento\/#primaryimage\"},\"image\":{\"@id\":\"https:\/\/www.mozambiquelng.co.mz\/pt-pt\/sobre-o-projecto-mozambique-liquefied-natural-gas\/desevolvimento\/#primaryimage\"},\"thumbnailUrl\":\"https:\/\/www.mozambiquelng.co.mz\/wp-content\/uploads\/2024\/02\/About-the-Project_hero.webp\",\"datePublished\":\"2024-01-24T09:34:12+00:00\",\"dateModified\":\"2025-03-13T09:49:38+00:00\",\"breadcrumb\":{\"@id\":\"https:\/\/www.mozambiquelng.co.mz\/pt-pt\/sobre-o-projecto-mozambique-liquefied-natural-gas\/desevolvimento\/#breadcrumb\"},\"inLanguage\":\"pt-PT\",\"potentialAction\":[{\"@type\":\"ReadAction\",\"target\":[\"https:\/\/www.mozambiquelng.co.mz\/pt-pt\/sobre-o-projecto-mozambique-liquefied-natural-gas\/desevolvimento\/\"]}]},{\"@type\":\"ImageObject\",\"inLanguage\":\"pt-PT\",\"@id\":\"https:\/\/www.mozambiquelng.co.mz\/pt-pt\/sobre-o-projecto-mozambique-liquefied-natural-gas\/desevolvimento\/#primaryimage\",\"url\":\"https:\/\/www.mozambiquelng.co.mz\/wp-content\/uploads\/2024\/02\/About-the-Project_hero.webp\",\"contentUrl\":\"https:\/\/www.mozambiquelng.co.mz\/wp-content\/uploads\/2024\/02\/About-the-Project_hero.webp\",\"width\":1700,\"height\":550,\"caption\":\"Mozambique LNG Project\"},{\"@type\":\"BreadcrumbList\",\"@id\":\"https:\/\/www.mozambiquelng.co.mz\/pt-pt\/sobre-o-projecto-mozambique-liquefied-natural-gas\/desevolvimento\/#breadcrumb\",\"itemListElement\":[{\"@type\":\"ListItem\",\"position\":1,\"name\":\"Home\",\"item\":\"https:\/\/www.mozambiquelng.co.mz\/pt-pt\/\"},{\"@type\":\"ListItem\",\"position\":2,\"name\":\"Sobre o Projecto Mozambique Liquefied Natural Gas\",\"item\":\"https:\/\/www.mozambiquelng.co.mz\/pt-pt\/sobre-o-projecto-mozambique-liquefied-natural-gas\/\"},{\"@type\":\"ListItem\",\"position\":3,\"name\":\"Desevolvimento\"}]},{\"@type\":\"WebSite\",\"@id\":\"https:\/\/www.mozambiquelng.co.mz\/pt-pt\/#website\",\"url\":\"https:\/\/www.mozambiquelng.co.mz\/pt-pt\/\",\"name\":\"Mozambique LNG Project\",\"description\":\"A long-term commitment with Mozambique\",\"potentialAction\":[{\"@type\":\"SearchAction\",\"target\":{\"@type\":\"EntryPoint\",\"urlTemplate\":\"https:\/\/www.mozambiquelng.co.mz\/pt-pt\/?s={search_term_string}\"},\"query-input\":{\"@type\":\"PropertyValueSpecification\",\"valueRequired\":true,\"valueName\":\"search_term_string\"}}],\"inLanguage\":\"pt-PT\"}]}<\/script>\n<!-- \/ Yoast SEO plugin. -->","yoast_head_json":{"title":"Desevolvimento - Mozambique LNG Project","robots":{"index":"index","follow":"follow","max-snippet":"max-snippet:-1","max-image-preview":"max-image-preview:large","max-video-preview":"max-video-preview:-1"},"canonical":"https:\/\/www.mozambiquelng.co.mz\/pt-pt\/sobre-o-projecto-mozambique-liquefied-natural-gas\/desevolvimento\/","og_locale":"pt_PT","og_type":"article","og_title":"Desevolvimento - Mozambique LNG Project","og_url":"https:\/\/www.mozambiquelng.co.mz\/pt-pt\/sobre-o-projecto-mozambique-liquefied-natural-gas\/desevolvimento\/","og_site_name":"Mozambique LNG Project","article_modified_time":"2025-03-13T09:49:38+00:00","og_image":[{"width":1700,"height":550,"url":"https:\/\/www.mozambiquelng.co.mz\/wp-content\/uploads\/2024\/02\/About-the-Project_hero.webp","type":"image\/webp"}],"twitter_card":"summary_large_image","schema":{"@context":"https:\/\/schema.org","@graph":[{"@type":"WebPage","@id":"https:\/\/www.mozambiquelng.co.mz\/pt-pt\/sobre-o-projecto-mozambique-liquefied-natural-gas\/desevolvimento\/","url":"https:\/\/www.mozambiquelng.co.mz\/pt-pt\/sobre-o-projecto-mozambique-liquefied-natural-gas\/desevolvimento\/","name":"Desevolvimento - Mozambique LNG Project","isPartOf":{"@id":"https:\/\/www.mozambiquelng.co.mz\/pt-pt\/#website"},"primaryImageOfPage":{"@id":"https:\/\/www.mozambiquelng.co.mz\/pt-pt\/sobre-o-projecto-mozambique-liquefied-natural-gas\/desevolvimento\/#primaryimage"},"image":{"@id":"https:\/\/www.mozambiquelng.co.mz\/pt-pt\/sobre-o-projecto-mozambique-liquefied-natural-gas\/desevolvimento\/#primaryimage"},"thumbnailUrl":"https:\/\/www.mozambiquelng.co.mz\/wp-content\/uploads\/2024\/02\/About-the-Project_hero.webp","datePublished":"2024-01-24T09:34:12+00:00","dateModified":"2025-03-13T09:49:38+00:00","breadcrumb":{"@id":"https:\/\/www.mozambiquelng.co.mz\/pt-pt\/sobre-o-projecto-mozambique-liquefied-natural-gas\/desevolvimento\/#breadcrumb"},"inLanguage":"pt-PT","potentialAction":[{"@type":"ReadAction","target":["https:\/\/www.mozambiquelng.co.mz\/pt-pt\/sobre-o-projecto-mozambique-liquefied-natural-gas\/desevolvimento\/"]}]},{"@type":"ImageObject","inLanguage":"pt-PT","@id":"https:\/\/www.mozambiquelng.co.mz\/pt-pt\/sobre-o-projecto-mozambique-liquefied-natural-gas\/desevolvimento\/#primaryimage","url":"https:\/\/www.mozambiquelng.co.mz\/wp-content\/uploads\/2024\/02\/About-the-Project_hero.webp","contentUrl":"https:\/\/www.mozambiquelng.co.mz\/wp-content\/uploads\/2024\/02\/About-the-Project_hero.webp","width":1700,"height":550,"caption":"Mozambique LNG Project"},{"@type":"BreadcrumbList","@id":"https:\/\/www.mozambiquelng.co.mz\/pt-pt\/sobre-o-projecto-mozambique-liquefied-natural-gas\/desevolvimento\/#breadcrumb","itemListElement":[{"@type":"ListItem","position":1,"name":"Home","item":"https:\/\/www.mozambiquelng.co.mz\/pt-pt\/"},{"@type":"ListItem","position":2,"name":"Sobre o Projecto Mozambique Liquefied Natural Gas","item":"https:\/\/www.mozambiquelng.co.mz\/pt-pt\/sobre-o-projecto-mozambique-liquefied-natural-gas\/"},{"@type":"ListItem","position":3,"name":"Desevolvimento"}]},{"@type":"WebSite","@id":"https:\/\/www.mozambiquelng.co.mz\/pt-pt\/#website","url":"https:\/\/www.mozambiquelng.co.mz\/pt-pt\/","name":"Mozambique LNG Project","description":"A long-term commitment with Mozambique","potentialAction":[{"@type":"SearchAction","target":{"@type":"EntryPoint","urlTemplate":"https:\/\/www.mozambiquelng.co.mz\/pt-pt\/?s={search_term_string}"},"query-input":{"@type":"PropertyValueSpecification","valueRequired":true,"valueName":"search_term_string"}}],"inLanguage":"pt-PT"}]}},"_links":{"self":[{"href":"https:\/\/www.mozambiquelng.co.mz\/pt-pt\/wp-json\/wp\/v2\/pages\/2352","targetHints":{"allow":["GET"]}}],"collection":[{"href":"https:\/\/www.mozambiquelng.co.mz\/pt-pt\/wp-json\/wp\/v2\/pages"}],"about":[{"href":"https:\/\/www.mozambiquelng.co.mz\/pt-pt\/wp-json\/wp\/v2\/types\/page"}],"author":[{"embeddable":true,"href":"https:\/\/www.mozambiquelng.co.mz\/pt-pt\/wp-json\/wp\/v2\/users\/8"}],"replies":[{"embeddable":true,"href":"https:\/\/www.mozambiquelng.co.mz\/pt-pt\/wp-json\/wp\/v2\/comments?post=2352"}],"version-history":[{"count":9,"href":"https:\/\/www.mozambiquelng.co.mz\/pt-pt\/wp-json\/wp\/v2\/pages\/2352\/revisions"}],"predecessor-version":[{"id":5151,"href":"https:\/\/www.mozambiquelng.co.mz\/pt-pt\/wp-json\/wp\/v2\/pages\/2352\/revisions\/5151"}],"up":[{"embeddable":true,"href":"https:\/\/www.mozambiquelng.co.mz\/pt-pt\/wp-json\/wp\/v2\/pages\/2335"}],"wp:featuredmedia":[{"embeddable":true,"href":"https:\/\/www.mozambiquelng.co.mz\/pt-pt\/wp-json\/wp\/v2\/media\/3831"}],"wp:attachment":[{"href":"https:\/\/www.mozambiquelng.co.mz\/pt-pt\/wp-json\/wp\/v2\/media?parent=2352"}],"curies":[{"name":"wp","href":"https:\/\/api.w.org\/{rel}","templated":true}]}}