{"id":2354,"date":"2024-01-24T11:49:19","date_gmt":"2024-01-24T11:49:19","guid":{"rendered":"https:\/\/mozambiquelng-dev.5thring.co.uk\/sobre-o-projecto-mozambique-liquefied-natural-gas\/conheca-os-parceiros\/"},"modified":"2024-02-24T15:16:42","modified_gmt":"2024-02-24T15:16:42","slug":"conheca-os-parceiros","status":"publish","type":"page","link":"https:\/\/www.mozambiquelng.co.mz\/pt-pt\/sobre-o-projecto-mozambique-liquefied-natural-gas\/conheca-os-parceiros\/","title":{"rendered":"Conhe\u00e7a os parceiros"},"content":{"rendered":"\n<div class=\"container mx-auto grid grid-cols-3 gap-x-16 p-6\">\n\n    <div class=\"col-span-3 lg:col-span-2\">\n\n        \n<div class=\"copy\">\n    \n    <p>Um projecto na escala do Mozambique LNG n\u00e3o poderia ser bem sucedido sem a colabora\u00e7\u00e3o de empresas, governos, organiza\u00e7\u00f5es sem fins lucrativos e outras organiza\u00e7\u00f5es. Os parceiros do Projecto Mozambique LNG contribuem mais do que dinheiro. Juntas, a nossa experi\u00eancia, ideias e recursos est\u00e3o a ajudar a construir e operar uma instala\u00e7\u00e3o de GNL em larga escala e contribuem para o crescimento e desenvolvimento de Mo\u00e7ambique.<\/p>\n\n<\/div>\n\n\n    <\/div>\n\n    <div class=\"col-span-3 lg:col-span-1\">\n\n        \n    <\/div>\n\n<\/div>\n<div class=\"container mx-auto flex flex-col items-end p-6\">\n\n    \n            <div class=\"copy place-self-start\">\n            <p><img loading=\"lazy\" decoding=\"async\" class=\"alignnone wp-image-3890 size-full\" src=\"https:\/\/mozambiquelng.co.mz\/wp-content\/uploads\/2024\/02\/MEET-THE-PARTNERS-scaled.jpg\" alt=\"Conhe\u00e7a os parceiros\" width=\"2560\" height=\"1683\" srcset=\"https:\/\/www.mozambiquelng.co.mz\/wp-content\/uploads\/2024\/02\/MEET-THE-PARTNERS-scaled.jpg 2560w, https:\/\/www.mozambiquelng.co.mz\/wp-content\/uploads\/2024\/02\/MEET-THE-PARTNERS-2048x1347.jpg 2048w, https:\/\/www.mozambiquelng.co.mz\/wp-content\/uploads\/2024\/02\/MEET-THE-PARTNERS-300x197.jpg 300w, https:\/\/www.mozambiquelng.co.mz\/wp-content\/uploads\/2024\/02\/MEET-THE-PARTNERS-768x505.jpg 768w, https:\/\/www.mozambiquelng.co.mz\/wp-content\/uploads\/2024\/02\/MEET-THE-PARTNERS-1024x673.jpg 1024w, https:\/\/www.mozambiquelng.co.mz\/wp-content\/uploads\/2024\/02\/MEET-THE-PARTNERS-1536x1010.jpg 1536w\" sizes=\"auto, (max-width: 2560px) 100vw, 2560px\" \/><\/p>\n        <\/div>\n    \n    <\/div>\n<div class=\"container mx-auto flex flex-col items-center p-6\">\n\n            <h2 class=\"mb-12 text-center\">Saiba mais sobre os nossos parceiros<\/h2>\n    \n        \n    <div class=\"w-full grid grid-cols-1 lg:grid-cols-4 gap-8\">\n\n                                <a class=\"lfb-link bg-grey5 flex flex-col items-center grow rounded-2xl p-6 text-center transition duration-300 ease-in-out hover:bg-blue hover:text-white\" href=\"https:\/\/totalenergies.com\/\" target=\"_blank\">\n                                        <img decoding=\"async\" class=\"lfb-img size-14 object-contain object-center mb-4\" src=\"https:\/\/www.mozambiquelng.co.mz\/wp-content\/uploads\/2024\/01\/TotalEnergies_Logo_RGB.webp\" alt=\"\" \/>\n                            <h5><\/h5>\n            <\/a>\n                                <a class=\"lfb-link bg-grey5 flex flex-col items-center grow rounded-2xl p-6 text-center transition duration-300 ease-in-out hover:bg-blue hover:text-white\" href=\"https:\/\/www.mitsui.com\/\" target=\"_blank\">\n                                        <img decoding=\"async\" class=\"lfb-img size-14 object-contain object-center mb-4\" src=\"https:\/\/www.mozambiquelng.co.mz\/wp-content\/uploads\/2024\/01\/mitsui-800-e1708698548793.png\" alt=\"Mitsui\" \/>\n                            <h5><\/h5>\n            <\/a>\n                                <a class=\"lfb-link bg-grey5 flex flex-col items-center grow rounded-2xl p-6 text-center transition duration-300 ease-in-out hover:bg-blue hover:text-white\" href=\"https:\/\/www.enh.co.mz\/\" target=\"_blank\">\n                                        <img decoding=\"async\" class=\"lfb-img size-14 object-contain object-center mb-4\" src=\"https:\/\/www.mozambiquelng.co.mz\/wp-content\/uploads\/2024\/02\/ENH-1.svg\" alt=\"ENH\" \/>\n                            <h5><\/h5>\n            <\/a>\n                                <a class=\"lfb-link bg-grey5 flex flex-col items-center grow rounded-2xl p-6 text-center transition duration-300 ease-in-out hover:bg-blue hover:text-white\" href=\"https:\/\/www.bharatpetroleum.in\/\" target=\"_blank\">\n                                        <img decoding=\"async\" class=\"lfb-img size-14 object-contain object-center mb-4\" src=\"https:\/\/www.mozambiquelng.co.mz\/wp-content\/uploads\/2024\/02\/BPRL-Logo.webp\" alt=\"BPRL\" \/>\n                            <h5><\/h5>\n            <\/a>\n                                <a class=\"lfb-link bg-grey5 flex flex-col items-center grow rounded-2xl p-6 text-center transition duration-300 ease-in-out hover:bg-blue hover:text-white\" href=\"https:\/\/ongcindia.com\/\" target=\"_blank\">\n                                        <img decoding=\"async\" class=\"lfb-img size-14 object-contain object-center mb-4\" src=\"https:\/\/www.mozambiquelng.co.mz\/wp-content\/uploads\/2024\/02\/OVLLogo1.svg\" alt=\"ONGC\" \/>\n                            <h5><\/h5>\n            <\/a>\n                                <a class=\"lfb-link bg-grey5 flex flex-col items-center grow rounded-2xl p-6 text-center transition duration-300 ease-in-out hover:bg-blue hover:text-white\" href=\"https:\/\/www.oil-india.com\/\" target=\"_blank\">\n                                        <img decoding=\"async\" class=\"lfb-img size-14 object-contain object-center mb-4\" src=\"https:\/\/www.mozambiquelng.co.mz\/wp-content\/uploads\/2024\/02\/OIL-LOGO_2024-1.webp\" alt=\"Oil India\" \/>\n                            <h5><\/h5>\n            <\/a>\n                                <a class=\"lfb-link bg-grey5 flex flex-col items-center grow rounded-2xl p-6 text-center transition duration-300 ease-in-out hover:bg-blue hover:text-white\" href=\"https:\/\/www.pttep.com\/\" target=\"_blank\">\n                                        <img decoding=\"async\" class=\"lfb-img size-14 object-contain object-center mb-4\" src=\"https:\/\/www.mozambiquelng.co.mz\/wp-content\/uploads\/2024\/02\/PTTEP-Logo.svg\" alt=\"PTTEP\" \/>\n                            <h5><\/h5>\n            <\/a>\n        \n    <\/div>\n<\/div>\n<div class=\"container mx-auto flex flex-col items-center p-6\">\n\n            <h2 class=\"mb-12 text-center\">Leia mais sobre o Projecto<\/h2>\n    \n        \n    <div class=\"w-full grid grid-cols-1 lg:grid-cols-4 gap-8\">\n\n                                <a class=\"lfb-link bg-grey5 flex flex-col items-center grow rounded-2xl p-6 text-center transition duration-300 ease-in-out hover:bg-blue hover:text-white\" href=\"https:\/\/mozambiquelng.co.mz\/about-the-mozambique-liquefied-natural-gas-project\/the-resource\/\" target=\"_self\">\n                                        <h5>Os recursos<\/h5>\n            <\/a>\n                                <a class=\"lfb-link bg-grey5 flex flex-col items-center grow rounded-2xl p-6 text-center transition duration-300 ease-in-out hover:bg-blue hover:text-white\" href=\"https:\/\/mozambiquelng.co.mz\/about-the-mozambique-liquefied-natural-gas-project\/development\/\" target=\"_self\">\n                                        <h5>Desevolvimento<\/h5>\n            <\/a>\n                                <a class=\"lfb-link bg-grey5 flex flex-col items-center grow rounded-2xl p-6 text-center transition duration-300 ease-in-out hover:bg-blue hover:text-white\" href=\"https:\/\/mozambiquelng.co.mz\/about-the-mozambique-liquefied-natural-gas-project\/safe-secure-and-reliable-energy\/\" target=\"_self\">\n                                        <h5>Energia segura, fi\u00e1vel e de confian\u00e7a<\/h5>\n            <\/a>\n                                <a class=\"lfb-link bg-grey5 flex flex-col items-center grow rounded-2xl p-6 text-center transition duration-300 ease-in-out hover:bg-blue hover:text-white\" href=\"https:\/\/mozambiquelng.co.mz\/pt-pt\/sobre-o-projecto-mozambique-liquefied-natural-gas\/\" target=\"_self\">\n                                        <h5>Sobre o Projecto Mozambique Liquefied Natural Gas<\/h5>\n            <\/a>\n        \n    <\/div>\n<\/div>","protected":false},"excerpt":{"rendered":"","protected":false},"author":8,"featured_media":3318,"parent":2335,"menu_order":4,"comment_status":"closed","ping_status":"closed","template":"","meta":{"_acf_changed":false,"footnotes":""},"class_list":["post-2354","page","type-page","status-publish","has-post-thumbnail","hentry"],"acf":[],"yoast_head":"<!-- This site is optimized with the Yoast SEO plugin v25.3.1 - https:\/\/yoast.com\/wordpress\/plugins\/seo\/ -->\n<title>Conhe\u00e7a os parceiros - Mozambique LNG Project<\/title>\n<meta name=\"robots\" content=\"index, follow, max-snippet:-1, max-image-preview:large, max-video-preview:-1\" \/>\n<link rel=\"canonical\" href=\"https:\/\/www.mozambiquelng.co.mz\/pt-pt\/sobre-o-projecto-mozambique-liquefied-natural-gas\/conheca-os-parceiros\/\" \/>\n<meta property=\"og:locale\" content=\"pt_PT\" \/>\n<meta property=\"og:type\" content=\"article\" \/>\n<meta property=\"og:title\" content=\"Conhe\u00e7a os parceiros - Mozambique LNG Project\" \/>\n<meta property=\"og:url\" content=\"https:\/\/www.mozambiquelng.co.mz\/pt-pt\/sobre-o-projecto-mozambique-liquefied-natural-gas\/conheca-os-parceiros\/\" \/>\n<meta property=\"og:site_name\" content=\"Mozambique LNG Project\" \/>\n<meta property=\"article:modified_time\" content=\"2024-02-24T15:16:42+00:00\" \/>\n<meta property=\"og:image\" content=\"https:\/\/www.mozambiquelng.co.mz\/wp-content\/uploads\/2024\/02\/MOZ_LNG_SNAPSHOT_1700x550.webp\" \/>\n\t<meta property=\"og:image:width\" content=\"1700\" \/>\n\t<meta property=\"og:image:height\" content=\"550\" \/>\n\t<meta property=\"og:image:type\" content=\"image\/webp\" \/>\n<meta name=\"twitter:card\" content=\"summary_large_image\" \/>\n<script type=\"application\/ld+json\" class=\"yoast-schema-graph\">{\"@context\":\"https:\/\/schema.org\",\"@graph\":[{\"@type\":\"WebPage\",\"@id\":\"https:\/\/www.mozambiquelng.co.mz\/pt-pt\/sobre-o-projecto-mozambique-liquefied-natural-gas\/conheca-os-parceiros\/\",\"url\":\"https:\/\/www.mozambiquelng.co.mz\/pt-pt\/sobre-o-projecto-mozambique-liquefied-natural-gas\/conheca-os-parceiros\/\",\"name\":\"Conhe\u00e7a os parceiros - Mozambique LNG Project\",\"isPartOf\":{\"@id\":\"https:\/\/www.mozambiquelng.co.mz\/pt-pt\/#website\"},\"primaryImageOfPage\":{\"@id\":\"https:\/\/www.mozambiquelng.co.mz\/pt-pt\/sobre-o-projecto-mozambique-liquefied-natural-gas\/conheca-os-parceiros\/#primaryimage\"},\"image\":{\"@id\":\"https:\/\/www.mozambiquelng.co.mz\/pt-pt\/sobre-o-projecto-mozambique-liquefied-natural-gas\/conheca-os-parceiros\/#primaryimage\"},\"thumbnailUrl\":\"https:\/\/www.mozambiquelng.co.mz\/wp-content\/uploads\/2024\/02\/MOZ_LNG_SNAPSHOT_1700x550.webp\",\"datePublished\":\"2024-01-24T11:49:19+00:00\",\"dateModified\":\"2024-02-24T15:16:42+00:00\",\"breadcrumb\":{\"@id\":\"https:\/\/www.mozambiquelng.co.mz\/pt-pt\/sobre-o-projecto-mozambique-liquefied-natural-gas\/conheca-os-parceiros\/#breadcrumb\"},\"inLanguage\":\"pt-PT\",\"potentialAction\":[{\"@type\":\"ReadAction\",\"target\":[\"https:\/\/www.mozambiquelng.co.mz\/pt-pt\/sobre-o-projecto-mozambique-liquefied-natural-gas\/conheca-os-parceiros\/\"]}]},{\"@type\":\"ImageObject\",\"inLanguage\":\"pt-PT\",\"@id\":\"https:\/\/www.mozambiquelng.co.mz\/pt-pt\/sobre-o-projecto-mozambique-liquefied-natural-gas\/conheca-os-parceiros\/#primaryimage\",\"url\":\"https:\/\/www.mozambiquelng.co.mz\/wp-content\/uploads\/2024\/02\/MOZ_LNG_SNAPSHOT_1700x550.webp\",\"contentUrl\":\"https:\/\/www.mozambiquelng.co.mz\/wp-content\/uploads\/2024\/02\/MOZ_LNG_SNAPSHOT_1700x550.webp\",\"width\":1700,\"height\":550,\"caption\":\"Mozambique LNG\"},{\"@type\":\"BreadcrumbList\",\"@id\":\"https:\/\/www.mozambiquelng.co.mz\/pt-pt\/sobre-o-projecto-mozambique-liquefied-natural-gas\/conheca-os-parceiros\/#breadcrumb\",\"itemListElement\":[{\"@type\":\"ListItem\",\"position\":1,\"name\":\"Home\",\"item\":\"https:\/\/www.mozambiquelng.co.mz\/pt-pt\/\"},{\"@type\":\"ListItem\",\"position\":2,\"name\":\"Sobre o Projecto Mozambique Liquefied Natural Gas\",\"item\":\"https:\/\/www.mozambiquelng.co.mz\/pt-pt\/sobre-o-projecto-mozambique-liquefied-natural-gas\/\"},{\"@type\":\"ListItem\",\"position\":3,\"name\":\"Conhe\u00e7a os parceiros\"}]},{\"@type\":\"WebSite\",\"@id\":\"https:\/\/www.mozambiquelng.co.mz\/pt-pt\/#website\",\"url\":\"https:\/\/www.mozambiquelng.co.mz\/pt-pt\/\",\"name\":\"Mozambique LNG Project\",\"description\":\"A long-term commitment with Mozambique\",\"potentialAction\":[{\"@type\":\"SearchAction\",\"target\":{\"@type\":\"EntryPoint\",\"urlTemplate\":\"https:\/\/www.mozambiquelng.co.mz\/pt-pt\/?s={search_term_string}\"},\"query-input\":{\"@type\":\"PropertyValueSpecification\",\"valueRequired\":true,\"valueName\":\"search_term_string\"}}],\"inLanguage\":\"pt-PT\"}]}<\/script>\n<!-- \/ Yoast SEO plugin. -->","yoast_head_json":{"title":"Conhe\u00e7a os parceiros - Mozambique LNG Project","robots":{"index":"index","follow":"follow","max-snippet":"max-snippet:-1","max-image-preview":"max-image-preview:large","max-video-preview":"max-video-preview:-1"},"canonical":"https:\/\/www.mozambiquelng.co.mz\/pt-pt\/sobre-o-projecto-mozambique-liquefied-natural-gas\/conheca-os-parceiros\/","og_locale":"pt_PT","og_type":"article","og_title":"Conhe\u00e7a os parceiros - Mozambique LNG Project","og_url":"https:\/\/www.mozambiquelng.co.mz\/pt-pt\/sobre-o-projecto-mozambique-liquefied-natural-gas\/conheca-os-parceiros\/","og_site_name":"Mozambique LNG Project","article_modified_time":"2024-02-24T15:16:42+00:00","og_image":[{"width":1700,"height":550,"url":"https:\/\/www.mozambiquelng.co.mz\/wp-content\/uploads\/2024\/02\/MOZ_LNG_SNAPSHOT_1700x550.webp","type":"image\/webp"}],"twitter_card":"summary_large_image","schema":{"@context":"https:\/\/schema.org","@graph":[{"@type":"WebPage","@id":"https:\/\/www.mozambiquelng.co.mz\/pt-pt\/sobre-o-projecto-mozambique-liquefied-natural-gas\/conheca-os-parceiros\/","url":"https:\/\/www.mozambiquelng.co.mz\/pt-pt\/sobre-o-projecto-mozambique-liquefied-natural-gas\/conheca-os-parceiros\/","name":"Conhe\u00e7a os parceiros - Mozambique LNG Project","isPartOf":{"@id":"https:\/\/www.mozambiquelng.co.mz\/pt-pt\/#website"},"primaryImageOfPage":{"@id":"https:\/\/www.mozambiquelng.co.mz\/pt-pt\/sobre-o-projecto-mozambique-liquefied-natural-gas\/conheca-os-parceiros\/#primaryimage"},"image":{"@id":"https:\/\/www.mozambiquelng.co.mz\/pt-pt\/sobre-o-projecto-mozambique-liquefied-natural-gas\/conheca-os-parceiros\/#primaryimage"},"thumbnailUrl":"https:\/\/www.mozambiquelng.co.mz\/wp-content\/uploads\/2024\/02\/MOZ_LNG_SNAPSHOT_1700x550.webp","datePublished":"2024-01-24T11:49:19+00:00","dateModified":"2024-02-24T15:16:42+00:00","breadcrumb":{"@id":"https:\/\/www.mozambiquelng.co.mz\/pt-pt\/sobre-o-projecto-mozambique-liquefied-natural-gas\/conheca-os-parceiros\/#breadcrumb"},"inLanguage":"pt-PT","potentialAction":[{"@type":"ReadAction","target":["https:\/\/www.mozambiquelng.co.mz\/pt-pt\/sobre-o-projecto-mozambique-liquefied-natural-gas\/conheca-os-parceiros\/"]}]},{"@type":"ImageObject","inLanguage":"pt-PT","@id":"https:\/\/www.mozambiquelng.co.mz\/pt-pt\/sobre-o-projecto-mozambique-liquefied-natural-gas\/conheca-os-parceiros\/#primaryimage","url":"https:\/\/www.mozambiquelng.co.mz\/wp-content\/uploads\/2024\/02\/MOZ_LNG_SNAPSHOT_1700x550.webp","contentUrl":"https:\/\/www.mozambiquelng.co.mz\/wp-content\/uploads\/2024\/02\/MOZ_LNG_SNAPSHOT_1700x550.webp","width":1700,"height":550,"caption":"Mozambique LNG"},{"@type":"BreadcrumbList","@id":"https:\/\/www.mozambiquelng.co.mz\/pt-pt\/sobre-o-projecto-mozambique-liquefied-natural-gas\/conheca-os-parceiros\/#breadcrumb","itemListElement":[{"@type":"ListItem","position":1,"name":"Home","item":"https:\/\/www.mozambiquelng.co.mz\/pt-pt\/"},{"@type":"ListItem","position":2,"name":"Sobre o Projecto Mozambique Liquefied Natural Gas","item":"https:\/\/www.mozambiquelng.co.mz\/pt-pt\/sobre-o-projecto-mozambique-liquefied-natural-gas\/"},{"@type":"ListItem","position":3,"name":"Conhe\u00e7a os parceiros"}]},{"@type":"WebSite","@id":"https:\/\/www.mozambiquelng.co.mz\/pt-pt\/#website","url":"https:\/\/www.mozambiquelng.co.mz\/pt-pt\/","name":"Mozambique LNG Project","description":"A long-term commitment with Mozambique","potentialAction":[{"@type":"SearchAction","target":{"@type":"EntryPoint","urlTemplate":"https:\/\/www.mozambiquelng.co.mz\/pt-pt\/?s={search_term_string}"},"query-input":{"@type":"PropertyValueSpecification","valueRequired":true,"valueName":"search_term_string"}}],"inLanguage":"pt-PT"}]}},"_links":{"self":[{"href":"https:\/\/www.mozambiquelng.co.mz\/pt-pt\/wp-json\/wp\/v2\/pages\/2354","targetHints":{"allow":["GET"]}}],"collection":[{"href":"https:\/\/www.mozambiquelng.co.mz\/pt-pt\/wp-json\/wp\/v2\/pages"}],"about":[{"href":"https:\/\/www.mozambiquelng.co.mz\/pt-pt\/wp-json\/wp\/v2\/types\/page"}],"author":[{"embeddable":true,"href":"https:\/\/www.mozambiquelng.co.mz\/pt-pt\/wp-json\/wp\/v2\/users\/8"}],"replies":[{"embeddable":true,"href":"https:\/\/www.mozambiquelng.co.mz\/pt-pt\/wp-json\/wp\/v2\/comments?post=2354"}],"version-history":[{"count":15,"href":"https:\/\/www.mozambiquelng.co.mz\/pt-pt\/wp-json\/wp\/v2\/pages\/2354\/revisions"}],"predecessor-version":[{"id":4080,"href":"https:\/\/www.mozambiquelng.co.mz\/pt-pt\/wp-json\/wp\/v2\/pages\/2354\/revisions\/4080"}],"up":[{"embeddable":true,"href":"https:\/\/www.mozambiquelng.co.mz\/pt-pt\/wp-json\/wp\/v2\/pages\/2335"}],"wp:featuredmedia":[{"embeddable":true,"href":"https:\/\/www.mozambiquelng.co.mz\/pt-pt\/wp-json\/wp\/v2\/media\/3318"}],"wp:attachment":[{"href":"https:\/\/www.mozambiquelng.co.mz\/pt-pt\/wp-json\/wp\/v2\/media?parent=2354"}],"curies":[{"name":"wp","href":"https:\/\/api.w.org\/{rel}","templated":true}]}}