{"id":2357,"date":"2024-01-22T12:41:40","date_gmt":"2024-01-22T12:41:40","guid":{"rendered":"https:\/\/mozambiquelng-dev.5thring.co.uk\/sustentabilidade\/"},"modified":"2024-02-27T12:40:54","modified_gmt":"2024-02-27T12:40:54","slug":"sustentabilidade","status":"publish","type":"page","link":"https:\/\/www.mozambiquelng.co.mz\/pt-pt\/sustentabilidade\/","title":{"rendered":"Sustentabilidade"},"content":{"rendered":"\n<div class=\"container mx-auto grid grid-cols-3 gap-x-16 p-6\">\n\n    <div class=\"col-span-3 lg:col-span-2\">\n\n        \n<div class=\"copy\">\n    \n    <p>O Projecto Mozambique LNG est\u00e1 comprometido em ser um bom parceiro das comunidades na Pen\u00ednsula de Afungi, no distrito de Palma e na prov\u00edncia de Cabo Delgado. Queremos desempenhar um papel activo na promo\u00e7\u00e3o de resultados positivos tanto ambientais como sociais para estas comunidades e para todo Mo\u00e7ambique.<\/p>\n<p>Para cumprir este compromisso, e em conformidade com a legisla\u00e7\u00e3o mo\u00e7ambicana e os padr\u00f5es internacionais, desenvolvemos planos de gest\u00e3o e monitoriza\u00e7\u00e3o ambiental e social que avaliam e gerem os impactos e os riscos do projecto. Em particular, concentramo-nos em assegurar que os planos de gest\u00e3o ambiental e social do projecto estejam em conformidade com os Padr\u00f5es de Desempenho da International Finance Corporation (Padr\u00f5es de Desempenho da IFC) e os Princ\u00edpios do Equador.<\/p>\n\n<\/div>\n\n\n    <\/div>\n\n    <div class=\"col-span-3 lg:col-span-1\">\n\n        \n    <\/div>\n\n<\/div>\n<div class=\"container mx-auto p-6\">\n    <div class=\"w-full lg:w-8\/12 flex flex-col items-end\">\n                            \n            <div class=\"accordion-item w-full mb-4 lg:mb-8 border-b-2 border-b-grey3\">\n                <button class=\"acc_title flex flex-row items-center gap-x-2 w-full bg-white text-left mb-4 lg:mb-8\">\n                    <img decoding=\"async\" class=\"acc-icon\" src=\"https:\/\/www.mozambiquelng.co.mz\/wp-content\/themes\/twenty-twenty-one-child\/assets\/icons\/plus-icon.svg\" \/>\n                    <h5>Avalia\u00e7\u00e3o do impacto ambiental, social e de sa\u00fade<\/h5>\n                <\/button>\n                <div class=\"panel w-full mb-4 lg:mb-8\">\n\n                    \n    <div class=\"copy\">\n        <p>A Avalia\u00e7\u00e3o do Impacto Ambiental (AIA) do projecto foi submetida e aprovada pela Autoridade Mo\u00e7ambicana competente em 2014. Desde ent\u00e3o, temos trabalhado com afinco nas quest\u00f5es ambientais, sociais e de sa\u00fade adicionais, identificando os impactos e riscos daconstru\u00e7\u00e3o e opera\u00e7\u00e3o do Projecto Mozambique LNG e tomando as medidas necess\u00e1rias para mitig\u00e1-los.<\/p>\n    <\/div>\n\n\n\n    <div class=\"flex flex-row flex-wrap justify-end gap-2 my-4\">\n                    <a class=\"cta-btn text-s2 text-right\" href=\"https:\/\/mozambiquelng.co.mz\/sustainability\/environment\/environmental-impact-assessment\/\" target=\"\">Aceda aos documentos da AIAS<\/a>\n            <\/div>\n\n\n                <\/div>\n            <\/div>\n            \n            <div class=\"accordion-item w-full mb-4 lg:mb-8 border-b-2 border-b-grey3\">\n                <button class=\"acc_title flex flex-row items-center gap-x-2 w-full bg-white text-left mb-4 lg:mb-8\">\n                    <img decoding=\"async\" class=\"acc-icon\" src=\"https:\/\/www.mozambiquelng.co.mz\/wp-content\/themes\/twenty-twenty-one-child\/assets\/icons\/plus-icon.svg\" \/>\n                    <h5>Estudos Adicionais<\/h5>\n                <\/button>\n                <div class=\"panel w-full mb-4 lg:mb-8\">\n\n                    \n    <div class=\"copy\">\n        <p>Para alinhar a AIA do projecto com os Padr\u00f5es de desempenho da IFC, conduzimos estudos e avalia\u00e7\u00f5es adicionais e desenvolvemos planos de gest\u00e3o adequados. Alguns estudos foram baseados nos realizados durante a AIA original, como os estudos da biodiversidade. Outros focaram-se em quest\u00f5es sociais mais amplas, incluindo sa\u00fade comunit\u00e1ria e migra\u00e7\u00e3o induzida pelo projectos.<\/p>\n<p>O resumo executivo da Avalia\u00e7\u00e3o de Impacto Ambiental, Social e na Sa\u00fade (AIASS) oferece uma vis\u00e3o abrangente desses estudos realizados e das suas conclus\u00f5es.<\/p>\n<p>Estes estudos, em conjunto, permitiram-nos criar o nosso Plano de Gest\u00e3o Ambiental e Social (PGAS).<\/p>\n    <\/div>\n\n\n\n    <div class=\"flex flex-row flex-wrap justify-end gap-2 my-4\">\n                    <a class=\"cta-btn text-s2 text-right\" href=\"https:\/\/mozambiquelng.co.mz\/wp-content\/uploads\/2024\/01\/mz-000-am1-hs-rpt-00002_eshia_executive_summary_and_update-05-19-2020-1.pdf\" target=\"_blank\">Baixe o resumo executivo do PGAS<\/a>\n            <\/div>\n\n\n                <\/div>\n            <\/div>\n            \n            <div class=\"accordion-item w-full mb-4 lg:mb-8 border-b-2 border-b-grey3\">\n                <button class=\"acc_title flex flex-row items-center gap-x-2 w-full bg-white text-left mb-4 lg:mb-8\">\n                    <img decoding=\"async\" class=\"acc-icon\" src=\"https:\/\/www.mozambiquelng.co.mz\/wp-content\/themes\/twenty-twenty-one-child\/assets\/icons\/plus-icon.svg\" \/>\n                    <h5>Plano de Gest\u00e3o Ambiental e Social<\/h5>\n                <\/button>\n                <div class=\"panel w-full mb-4 lg:mb-8\">\n\n                    \n    <div class=\"copy\">\n        <p>O Plano de Gest\u00e3o Ambiental e Social do Projecto Mozambique LNG estabelece a estrutura para a gerir os impactos e riscos ambientais, sociais e de sa\u00fade durante a fase de constru\u00e7\u00e3o do projecto. O PGAS inclui programas e procedimentos destinados a evitar, minimizar, compensar ou mitigar os impactos e riscos espec\u00edficos da fase de constru\u00e7\u00e3o em tr\u00eas categorias: ambiental, social e de monitoriza\u00e7\u00e3o.<\/p>\n<p><img loading=\"lazy\" decoding=\"async\" class=\"alignnone wp-image-1553 size-full\" src=\"https:\/\/mozambiquelng.co.mz\/wp-content\/uploads\/2024\/01\/esmp.jpg\" alt=\"\" width=\"960\" height=\"655\" srcset=\"https:\/\/www.mozambiquelng.co.mz\/wp-content\/uploads\/2024\/01\/esmp.jpg 960w, https:\/\/www.mozambiquelng.co.mz\/wp-content\/uploads\/2024\/01\/esmp-300x205.jpg 300w, https:\/\/www.mozambiquelng.co.mz\/wp-content\/uploads\/2024\/01\/esmp-768x524.jpg 768w\" sizes=\"auto, (max-width: 960px) 100vw, 960px\" \/><\/p>\n    <\/div>\n\n\n                <\/div>\n            <\/div>\n            \n            <div class=\"accordion-item w-full mb-4 lg:mb-8 border-b-2 border-b-grey3\">\n                <button class=\"acc_title flex flex-row items-center gap-x-2 w-full bg-white text-left mb-4 lg:mb-8\">\n                    <img decoding=\"async\" class=\"acc-icon\" src=\"https:\/\/www.mozambiquelng.co.mz\/wp-content\/themes\/twenty-twenty-one-child\/assets\/icons\/plus-icon.svg\" \/>\n                    <h5>Monitoria, avalia\u00e7\u00e3o e relat\u00f3rios<\/h5>\n                <\/button>\n                <div class=\"panel w-full mb-4 lg:mb-8\">\n\n                    \n    <div class=\"copy\">\n        <p>Como parte do PGAS, realizamos a monitoriza\u00e7\u00e3o e avalia\u00e7\u00e3o peri\u00f3dica da implementa\u00e7\u00e3o dos planos de gest\u00e3o de E&amp;S, incluindo:<\/p>\n<ul>\n<li>Biodiversidade e servi\u00e7os de ecossistemas;<\/li>\n<li>Envolvimento das partes interessadas da comunidade;<\/li>\n<li>Envolvimento de OSCs\/ONGs;<\/li>\n<li>Imigra\u00e7\u00e3o induzida pelo projecto;<\/li>\n<li>Estrat\u00e9gia de Investimento Social;<\/li>\n<li>For\u00e7a de trabalho e rela\u00e7\u00f5es industriais;<\/li>\n<li>Gest\u00e3o da sa\u00fade comunit\u00e1ria;<\/li>\n<li>Seguran\u00e7a baseada na comunidade;<\/li>\n<li>Reassentamento<\/li>\n<li>Heran\u00e7a cultural.<\/li>\n<\/ul>\n    <\/div>\n\n\n                <\/div>\n            <\/div>\n                                <\/div>\n<\/div>\n<div class=\"container mx-auto grid grid-cols-3 gap-x-16 p-6\">\n\n    <div class=\"col-span-3 lg:col-span-2\">\n\n        \n    <h2 class=\"mt-8 mb-4\">EXPLORE A SUSTENTABILIDADE<\/h2>\n\n<div class=\"copy\">\n    \n    <p>Leia mais sobre as nossas iniciativas, planos e programas:<\/p>\n\n<\/div>\n\n\n    <\/div>\n\n    <div class=\"col-span-3 lg:col-span-1\">\n\n        \n    <\/div>\n\n<\/div>\n\n\n\n\n<div class=\"container mx-auto p-6\">\n\n    <div class=\"grid grid-cols-12 gap-4 bg-grey5 overflow-hidden rounded-2xl\">\n\n                                <div class=\"col-span-12 lg:col-span-6 lg:order-first bg-cover bg-center pb-16\/9\" style=\"background-image: url(https:\/\/www.mozambiquelng.co.mz\/wp-content\/uploads\/2024\/02\/Environment_teaser-750x421.webp);\"><\/div>\n        \n            <div class=\"flex flex-col col-span-12 lg:col-span-6 p-8\">\n\n                                    <h4 class=\"mb-4\">Meio Ambiente<\/h4>\n                \n                                    <div class=\"copy grow\">\n                        <p>Como parte do nosso compromisso com a mitiga\u00e7\u00e3o de riscos ambientais relacionadas com projecto, realizamos avalia\u00e7\u00f5es de impacto ambiental e planos de mitiga\u00e7\u00e3o.<\/p>\n                    <\/div>\n                \n                                    <a class=\"cta-btn text-s2 justify-self-end\" href=\"https:\/\/mozambiquelng.co.mz\/sustainability\/environment\/\" target=\"_self\">Leia mais<\/a>\n                \n            <\/div>\n\n    <\/div>\n\n<\/div>\n\n\n\n\n<div class=\"container mx-auto p-6\">\n\n    <div class=\"grid grid-cols-12 gap-4 bg-grey5 overflow-hidden rounded-2xl\">\n\n                                <div class=\"col-span-12 lg:col-span-6 lg:order-last bg-cover bg-center pb-16\/9\" style=\"background-image: url(https:\/\/www.mozambiquelng.co.mz\/wp-content\/uploads\/2024\/02\/Stakeholder-Engagement_teaser-750x421.webp);\"><\/div>\n        \n            <div class=\"flex flex-col col-span-12 lg:col-span-6 p-8\">\n\n                                    <h4 class=\"mb-4\">Envolvimento das partes interessadas<\/h4>\n                \n                                    <div class=\"copy grow\">\n                        <p>Participar activamente e fortalecer o relacionamento com o plano de envolvimento das partes interessadas do projecto e estrat\u00e9gias de integra\u00e7\u00e3o.<\/p>\n                    <\/div>\n                \n                                    <a class=\"cta-btn text-s2 justify-self-end\" href=\"https:\/\/mozambiquelng.co.mz\/sustainability\/stakeholder-engagement\/\" target=\"_self\">Leia mais<\/a>\n                \n            <\/div>\n\n    <\/div>\n\n<\/div>\n\n\n\n\n<div class=\"container mx-auto p-6\">\n\n    <div class=\"grid grid-cols-12 gap-4 bg-grey5 overflow-hidden rounded-2xl\">\n\n                                <div class=\"col-span-12 lg:col-span-6 lg:order-first bg-cover bg-center pb-16\/9\" style=\"background-image: url(https:\/\/www.mozambiquelng.co.mz\/wp-content\/uploads\/2024\/01\/sus-resettlement-teaser-750x421.webp);\"><\/div>\n        \n            <div class=\"flex flex-col col-span-12 lg:col-span-6 p-8\">\n\n                                    <h4 class=\"mb-4\">Reassentamento<\/h4>\n                \n                                    <div class=\"copy grow\">\n                        <p>Para garantir o acesso \u00e0 terra, gerir deslocamentos e restabelecer e desenvolver meios de subsist\u00eancia nas \u00e1reas locais, desenvolvemos um plano hol\u00edstico de reassentamento.<\/p>\n                    <\/div>\n                \n                                    <a class=\"cta-btn text-s2 justify-self-end\" href=\"https:\/\/mozambiquelng.co.mz\/sustainability\/resettlement\/\" target=\"_self\">Leia mais<\/a>\n                \n            <\/div>\n\n    <\/div>\n\n<\/div>\n\n\n\n\n<div class=\"container mx-auto p-6\">\n\n    <div class=\"grid grid-cols-12 gap-4 bg-grey5 overflow-hidden rounded-2xl\">\n\n                                <div class=\"col-span-12 lg:col-span-6 lg:order-last bg-cover bg-center pb-16\/9\" style=\"background-image: url(https:\/\/www.mozambiquelng.co.mz\/wp-content\/uploads\/2024\/01\/Sus-social-Investment-teaser-750x421.webp);\"><\/div>\n        \n            <div class=\"flex flex-col col-span-12 lg:col-span-6 p-8\">\n\n                                    <h4 class=\"mb-4\">Investimento social<\/h4>\n                \n                                    <div class=\"copy grow\">\n                        <p>A estrat\u00e9gia de investimento social do projecto orienta os nossos esfor\u00e7os de investimento social focados no desenvolvimento da sa\u00fade, educa\u00e7\u00e3o e gera\u00e7\u00e3o de renda da comunidade<\/p>\n                    <\/div>\n                \n                                    <a class=\"cta-btn text-s2 justify-self-end\" href=\"https:\/\/mozambiquelng.co.mz\/sustainability\/social-investment\/\" target=\"_self\">Leia mais<\/a>\n                \n            <\/div>\n\n    <\/div>\n\n<\/div>\n\n\n\n\n<div class=\"container mx-auto p-6\">\n\n    <div class=\"grid grid-cols-12 gap-4 bg-grey5 overflow-hidden rounded-2xl\">\n\n                                <div class=\"col-span-12 lg:col-span-6 lg:order-first bg-cover bg-center pb-16\/9\" style=\"background-image: url(https:\/\/www.mozambiquelng.co.mz\/wp-content\/uploads\/2024\/01\/sus-project-migration-teaser-750x421.webp);\"><\/div>\n        \n            <div class=\"flex flex-col col-span-12 lg:col-span-6 p-8\">\n\n                                    <h4 class=\"mb-4\">Imigra\u00e7\u00e3o induzida pelo projecto;<\/h4>\n                \n                                    <div class=\"copy grow\">\n                        <p>Para identificar e gerir o potencial do projecto de catalisar um fluxo de imigrantes para a \u00e1rea, realizamos avalia\u00e7\u00f5es e criamos planos de gest\u00e3o.<\/p>\n                    <\/div>\n                \n                                    <a class=\"cta-btn text-s2 justify-self-end\" href=\"https:\/\/mozambiquelng.co.mz\/sustainability\/project-induced-in-migration\/\" target=\"_self\">Leia mais<\/a>\n                \n            <\/div>\n\n    <\/div>\n\n<\/div>\n\n\n\n\n<div class=\"container mx-auto p-6\">\n\n    <div class=\"grid grid-cols-12 gap-4 bg-grey5 overflow-hidden rounded-2xl\">\n\n                                <div class=\"col-span-12 lg:col-span-6 lg:order-last bg-cover bg-center pb-16\/9\" style=\"background-image: url(https:\/\/www.mozambiquelng.co.mz\/wp-content\/uploads\/2024\/02\/community-health-management_teaser-750x421.webp);\"><\/div>\n        \n            <div class=\"flex flex-col col-span-12 lg:col-span-6 p-8\">\n\n                                    <h4 class=\"mb-4\">Gest\u00e3o da sa\u00fade comunit\u00e1ria;<\/h4>\n                \n                                    <div class=\"copy grow\">\n                        <p>Para apoiar o desenvolvimento saud\u00e1vel da comunidade, realizamos uma avalia\u00e7\u00e3o regional do impacto na sa\u00fade e desenvolvemos planos e programas de gest\u00e3o de sa\u00fade<\/p>\n                    <\/div>\n                \n                                    <a class=\"cta-btn text-s2 justify-self-end\" href=\"https:\/\/mozambiquelng.co.mz\/sustainability\/community-health-management\/\" target=\"_self\">Leia mais<\/a>\n                \n            <\/div>\n\n    <\/div>\n\n<\/div>\n\n\n\n\n<div class=\"container mx-auto p-6\">\n\n    <div class=\"grid grid-cols-12 gap-4 bg-grey5 overflow-hidden rounded-2xl\">\n\n                                <div class=\"col-span-12 lg:col-span-6 lg:order-first bg-cover bg-center pb-16\/9\" style=\"background-image: url(https:\/\/www.mozambiquelng.co.mz\/wp-content\/uploads\/2024\/02\/Human-Rights_teaser-750x421.webp);\"><\/div>\n        \n            <div class=\"flex flex-col col-span-12 lg:col-span-6 p-8\">\n\n                                    <h4 class=\"mb-4\">Direitos Humanos e Seguran\u00e7a<\/h4>\n                \n                                    <div class=\"copy grow\">\n                        <p>Proteger e valorizar os direitos humanos \u00e9 uma importante \u00e1rea de foco para o Projecto Mozambique LNG.<\/p>\n                    <\/div>\n                \n                                    <a class=\"cta-btn text-s2 justify-self-end\" href=\"https:\/\/mozambiquelng.co.mz\/sustainability\/human-rights-and-vpshr\/\" target=\"_self\">Leia mais<\/a>\n                \n            <\/div>\n\n    <\/div>\n\n<\/div>","protected":false},"excerpt":{"rendered":"","protected":false},"author":8,"featured_media":3696,"parent":0,"menu_order":2,"comment_status":"closed","ping_status":"closed","template":"","meta":{"_acf_changed":false,"footnotes":""},"class_list":["post-2357","page","type-page","status-publish","has-post-thumbnail","hentry"],"acf":[],"yoast_head":"<!-- This site is optimized with the Yoast SEO plugin v25.3.1 - https:\/\/yoast.com\/wordpress\/plugins\/seo\/ -->\n<title>Sustentabilidade - Mozambique LNG Project<\/title>\n<meta name=\"robots\" content=\"index, follow, max-snippet:-1, max-image-preview:large, max-video-preview:-1\" \/>\n<link rel=\"canonical\" href=\"https:\/\/www.mozambiquelng.co.mz\/pt-pt\/sustentabilidade\/\" \/>\n<meta property=\"og:locale\" content=\"pt_PT\" \/>\n<meta property=\"og:type\" content=\"article\" \/>\n<meta property=\"og:title\" content=\"Sustentabilidade - Mozambique LNG Project\" \/>\n<meta property=\"og:url\" content=\"https:\/\/www.mozambiquelng.co.mz\/pt-pt\/sustentabilidade\/\" \/>\n<meta property=\"og:site_name\" content=\"Mozambique LNG Project\" \/>\n<meta property=\"article:modified_time\" content=\"2024-02-27T12:40:54+00:00\" \/>\n<meta property=\"og:image\" content=\"https:\/\/www.mozambiquelng.co.mz\/wp-content\/uploads\/2024\/02\/Sustainability_hero.webp\" \/>\n\t<meta property=\"og:image:width\" content=\"1700\" \/>\n\t<meta property=\"og:image:height\" content=\"550\" \/>\n\t<meta property=\"og:image:type\" content=\"image\/webp\" \/>\n<meta name=\"twitter:card\" content=\"summary_large_image\" \/>\n<script type=\"application\/ld+json\" class=\"yoast-schema-graph\">{\"@context\":\"https:\/\/schema.org\",\"@graph\":[{\"@type\":\"WebPage\",\"@id\":\"https:\/\/www.mozambiquelng.co.mz\/pt-pt\/sustentabilidade\/\",\"url\":\"https:\/\/www.mozambiquelng.co.mz\/pt-pt\/sustentabilidade\/\",\"name\":\"Sustentabilidade - Mozambique LNG Project\",\"isPartOf\":{\"@id\":\"https:\/\/www.mozambiquelng.co.mz\/pt-pt\/#website\"},\"primaryImageOfPage\":{\"@id\":\"https:\/\/www.mozambiquelng.co.mz\/pt-pt\/sustentabilidade\/#primaryimage\"},\"image\":{\"@id\":\"https:\/\/www.mozambiquelng.co.mz\/pt-pt\/sustentabilidade\/#primaryimage\"},\"thumbnailUrl\":\"https:\/\/www.mozambiquelng.co.mz\/wp-content\/uploads\/2024\/02\/Sustainability_hero.webp\",\"datePublished\":\"2024-01-22T12:41:40+00:00\",\"dateModified\":\"2024-02-27T12:40:54+00:00\",\"breadcrumb\":{\"@id\":\"https:\/\/www.mozambiquelng.co.mz\/pt-pt\/sustentabilidade\/#breadcrumb\"},\"inLanguage\":\"pt-PT\",\"potentialAction\":[{\"@type\":\"ReadAction\",\"target\":[\"https:\/\/www.mozambiquelng.co.mz\/pt-pt\/sustentabilidade\/\"]}]},{\"@type\":\"ImageObject\",\"inLanguage\":\"pt-PT\",\"@id\":\"https:\/\/www.mozambiquelng.co.mz\/pt-pt\/sustentabilidade\/#primaryimage\",\"url\":\"https:\/\/www.mozambiquelng.co.mz\/wp-content\/uploads\/2024\/02\/Sustainability_hero.webp\",\"contentUrl\":\"https:\/\/www.mozambiquelng.co.mz\/wp-content\/uploads\/2024\/02\/Sustainability_hero.webp\",\"width\":1700,\"height\":550,\"caption\":\"Sustentabilidade\"},{\"@type\":\"BreadcrumbList\",\"@id\":\"https:\/\/www.mozambiquelng.co.mz\/pt-pt\/sustentabilidade\/#breadcrumb\",\"itemListElement\":[{\"@type\":\"ListItem\",\"position\":1,\"name\":\"Home\",\"item\":\"https:\/\/www.mozambiquelng.co.mz\/pt-pt\/\"},{\"@type\":\"ListItem\",\"position\":2,\"name\":\"Sustentabilidade\"}]},{\"@type\":\"WebSite\",\"@id\":\"https:\/\/www.mozambiquelng.co.mz\/pt-pt\/#website\",\"url\":\"https:\/\/www.mozambiquelng.co.mz\/pt-pt\/\",\"name\":\"Mozambique LNG Project\",\"description\":\"A long-term commitment with Mozambique\",\"potentialAction\":[{\"@type\":\"SearchAction\",\"target\":{\"@type\":\"EntryPoint\",\"urlTemplate\":\"https:\/\/www.mozambiquelng.co.mz\/pt-pt\/?s={search_term_string}\"},\"query-input\":{\"@type\":\"PropertyValueSpecification\",\"valueRequired\":true,\"valueName\":\"search_term_string\"}}],\"inLanguage\":\"pt-PT\"}]}<\/script>\n<!-- \/ Yoast SEO plugin. -->","yoast_head_json":{"title":"Sustentabilidade - Mozambique LNG Project","robots":{"index":"index","follow":"follow","max-snippet":"max-snippet:-1","max-image-preview":"max-image-preview:large","max-video-preview":"max-video-preview:-1"},"canonical":"https:\/\/www.mozambiquelng.co.mz\/pt-pt\/sustentabilidade\/","og_locale":"pt_PT","og_type":"article","og_title":"Sustentabilidade - Mozambique LNG Project","og_url":"https:\/\/www.mozambiquelng.co.mz\/pt-pt\/sustentabilidade\/","og_site_name":"Mozambique LNG Project","article_modified_time":"2024-02-27T12:40:54+00:00","og_image":[{"width":1700,"height":550,"url":"https:\/\/www.mozambiquelng.co.mz\/wp-content\/uploads\/2024\/02\/Sustainability_hero.webp","type":"image\/webp"}],"twitter_card":"summary_large_image","schema":{"@context":"https:\/\/schema.org","@graph":[{"@type":"WebPage","@id":"https:\/\/www.mozambiquelng.co.mz\/pt-pt\/sustentabilidade\/","url":"https:\/\/www.mozambiquelng.co.mz\/pt-pt\/sustentabilidade\/","name":"Sustentabilidade - Mozambique LNG Project","isPartOf":{"@id":"https:\/\/www.mozambiquelng.co.mz\/pt-pt\/#website"},"primaryImageOfPage":{"@id":"https:\/\/www.mozambiquelng.co.mz\/pt-pt\/sustentabilidade\/#primaryimage"},"image":{"@id":"https:\/\/www.mozambiquelng.co.mz\/pt-pt\/sustentabilidade\/#primaryimage"},"thumbnailUrl":"https:\/\/www.mozambiquelng.co.mz\/wp-content\/uploads\/2024\/02\/Sustainability_hero.webp","datePublished":"2024-01-22T12:41:40+00:00","dateModified":"2024-02-27T12:40:54+00:00","breadcrumb":{"@id":"https:\/\/www.mozambiquelng.co.mz\/pt-pt\/sustentabilidade\/#breadcrumb"},"inLanguage":"pt-PT","potentialAction":[{"@type":"ReadAction","target":["https:\/\/www.mozambiquelng.co.mz\/pt-pt\/sustentabilidade\/"]}]},{"@type":"ImageObject","inLanguage":"pt-PT","@id":"https:\/\/www.mozambiquelng.co.mz\/pt-pt\/sustentabilidade\/#primaryimage","url":"https:\/\/www.mozambiquelng.co.mz\/wp-content\/uploads\/2024\/02\/Sustainability_hero.webp","contentUrl":"https:\/\/www.mozambiquelng.co.mz\/wp-content\/uploads\/2024\/02\/Sustainability_hero.webp","width":1700,"height":550,"caption":"Sustentabilidade"},{"@type":"BreadcrumbList","@id":"https:\/\/www.mozambiquelng.co.mz\/pt-pt\/sustentabilidade\/#breadcrumb","itemListElement":[{"@type":"ListItem","position":1,"name":"Home","item":"https:\/\/www.mozambiquelng.co.mz\/pt-pt\/"},{"@type":"ListItem","position":2,"name":"Sustentabilidade"}]},{"@type":"WebSite","@id":"https:\/\/www.mozambiquelng.co.mz\/pt-pt\/#website","url":"https:\/\/www.mozambiquelng.co.mz\/pt-pt\/","name":"Mozambique LNG Project","description":"A long-term commitment with Mozambique","potentialAction":[{"@type":"SearchAction","target":{"@type":"EntryPoint","urlTemplate":"https:\/\/www.mozambiquelng.co.mz\/pt-pt\/?s={search_term_string}"},"query-input":{"@type":"PropertyValueSpecification","valueRequired":true,"valueName":"search_term_string"}}],"inLanguage":"pt-PT"}]}},"_links":{"self":[{"href":"https:\/\/www.mozambiquelng.co.mz\/pt-pt\/wp-json\/wp\/v2\/pages\/2357","targetHints":{"allow":["GET"]}}],"collection":[{"href":"https:\/\/www.mozambiquelng.co.mz\/pt-pt\/wp-json\/wp\/v2\/pages"}],"about":[{"href":"https:\/\/www.mozambiquelng.co.mz\/pt-pt\/wp-json\/wp\/v2\/types\/page"}],"author":[{"embeddable":true,"href":"https:\/\/www.mozambiquelng.co.mz\/pt-pt\/wp-json\/wp\/v2\/users\/8"}],"replies":[{"embeddable":true,"href":"https:\/\/www.mozambiquelng.co.mz\/pt-pt\/wp-json\/wp\/v2\/comments?post=2357"}],"version-history":[{"count":19,"href":"https:\/\/www.mozambiquelng.co.mz\/pt-pt\/wp-json\/wp\/v2\/pages\/2357\/revisions"}],"predecessor-version":[{"id":4275,"href":"https:\/\/www.mozambiquelng.co.mz\/pt-pt\/wp-json\/wp\/v2\/pages\/2357\/revisions\/4275"}],"wp:featuredmedia":[{"embeddable":true,"href":"https:\/\/www.mozambiquelng.co.mz\/pt-pt\/wp-json\/wp\/v2\/media\/3696"}],"wp:attachment":[{"href":"https:\/\/www.mozambiquelng.co.mz\/pt-pt\/wp-json\/wp\/v2\/media?parent=2357"}],"curies":[{"name":"wp","href":"https:\/\/api.w.org\/{rel}","templated":true}]}}