{"id":2383,"date":"2024-01-27T11:14:51","date_gmt":"2024-01-27T11:14:51","guid":{"rendered":"https:\/\/mozambiquelng-dev.5thring.co.uk\/sustentabilidade\/educacao-e-capacitacao\/"},"modified":"2024-02-27T12:46:01","modified_gmt":"2024-02-27T12:46:01","slug":"educacao-e-capacitacao","status":"publish","type":"page","link":"https:\/\/www.mozambiquelng.co.mz\/pt-pt\/sustentabilidade\/investimento-social\/educacao-e-capacitacao\/","title":{"rendered":"Educa\u00e7\u00e3o e capacita\u00e7\u00e3o"},"content":{"rendered":"\n<div class=\"container mx-auto grid grid-cols-3 gap-x-16 p-6\">\n\n    <div class=\"col-span-3 lg:col-span-2\">\n\n        \n<div class=\"copy\">\n    \n    <p>O nosso objectivo \u00e9 de garantir que o Projecto Mozambique LNG traga consigo uma melhor qualidade de vida para as comunidades locais no Distrito de Palma, na Prov\u00edncia de Cabo Delgado e no pa\u00eds de forma mais ampla. Reconhecemos a import\u00e2ncia do apoio ao desenvolvimento sustent\u00e1vel do sistema de educa\u00e7\u00e3o local na promo\u00e7\u00e3o do desenvolvimento de uma for\u00e7a de trabalho capaz e apoiar uma economia regional em desenvolvimento. Para tal, ponderamos a implementa\u00e7\u00e3o cont\u00ednua de programas de investimento na educa\u00e7\u00e3o focados no ensino prim\u00e1rio, secund\u00e1rio e superior, bem como no ensino t\u00e9cnico-profissional.<\/p>\n<p>Os programas educacionais ajudam a actualizar a infraestrutura do sector da educa\u00e7\u00e3o e na presta\u00e7\u00e3o de servi\u00e7os de educa\u00e7\u00e3o, al\u00e9m de desenvolver habilidades e conhecimentos que ajudam directamente as comunidades a expandir as suas oportunidades econ\u00f3micas.<\/p>\n\n<\/div>\n\n\n    <\/div>\n\n    <div class=\"col-span-3 lg:col-span-1\">\n\n        \n    <\/div>\n\n<\/div>\n\n\n\n\n<div class=\"container mx-auto p-6\">\n\n    <div class=\"grid grid-cols-12 gap-4 bg-grey5 overflow-hidden rounded-2xl\">\n\n                                <div class=\"col-span-12 lg:col-span-3 lg:order-first bg-cover bg-center pb-16\/9\" style=\"background-image: url(https:\/\/www.mozambiquelng.co.mz\/wp-content\/uploads\/2024\/02\/education-health-teaser-750x421.jpg);\"><\/div>\n        \n            <div class=\"flex flex-col col-span-12 lg:col-span-9 p-8\">\n\n                                    <h4 class=\"mb-4\">Melhoria na leitura e escrita<\/h4>\n                \n                                    <div class=\"copy grow\">\n                        <p>&nbsp;<\/p>\n<p>Em colabora\u00e7\u00e3o com o Minist\u00e9rio da Educa\u00e7\u00e3o e Desenvolvimento Humano de Mo\u00e7ambique e a organiza\u00e7\u00e3o n\u00e3o governamental canadiana, CODE, investimos no programa Melhor Educa\u00e7\u00e3o atrav\u00e9s da Forma\u00e7\u00e3o de Professores e Capacita\u00e7\u00e3o para Resultados (BETTER).<\/p>\n<p>O programa visa melhorar a qualidade dos processos de leitura e ensino-aprendizagem nas prov\u00edncias de Cabo Delgado, Niassa, Tete e Maputo. O programa BETTER ajudou a publicar mais de 60.000 livros em l\u00ednguas locais. Tamb\u00e9m incluiu 37 professores da Escola Secund\u00e1ria de Palma, formados em t\u00e9cnicas de leitura e escrita, incluindo o uso de plataformas de e-learning.<\/p>\n                    <\/div>\n                \n                \n            <\/div>\n\n    <\/div>\n\n<\/div>\n\n\n\n\n<div class=\"container mx-auto p-6\">\n\n    <div class=\"grid grid-cols-12 gap-4 bg-grey5 overflow-hidden rounded-2xl\">\n\n                                <div class=\"col-span-12 lg:col-span-3 lg:order-last bg-cover bg-center pb-16\/9\" style=\"background-image: url(https:\/\/www.mozambiquelng.co.mz\/wp-content\/uploads\/2024\/01\/IMG_0153-750x421.jpg);\"><\/div>\n        \n            <div class=\"flex flex-col col-span-12 lg:col-span-9 p-8\">\n\n                                    <h4 class=\"mb-4\">Campanha de seguran\u00e7a rodovi\u00e1ria<\/h4>\n                \n                                    <div class=\"copy grow\">\n                        <p>Lan\u00e7ado em Agosto de 2014, os parceiros do projecto patrocinaram uma campanha de seguran\u00e7a na rodovi\u00e1ria chamada <em>Supatxenja<\/em> ou \u201c<em>Super Changer<\/em>\u201d, nos distritos de Pemba, Palma e Moc\u00edmboa da Praia.<\/p>\n<p>A campanha foi criada para aumentar a consciencializa\u00e7\u00e3o e promover comportamentos seguros relacionados \u00e0 estrada, como &#8220;Pare, olhe, pense, v\u00e1&#8221;. Implementada pela AZUL Consultoria, a campanha piloto original de dois anos incluiu a organiza\u00e7\u00e3o de 10 grandes eventos p\u00fablicos integrando teatro, m\u00fasica, pintura, oficinas, competi\u00e7\u00f5es e actividades culturais para atingir aproximadamente 70.000 pessoas e 64 escolas.<\/p>\n<p>Em Dezembro de 2018, a segunda fase da campanha Supatxenja foi lan\u00e7ada no distrito de Palma em resposta ao aumento de ve\u00edculos na Pen\u00ednsula de Afungi devido \u00e0 constru\u00e7\u00e3o da vila de Quitunda e actividades associadas. Esta fase da campanha est\u00e1 a ser implementada em parceria com o governo do distrito de Palma, a Direc\u00e7\u00e3o Provincial de Transportes e Comunica\u00e7\u00f5es, o Instituto Nacional de Transportes Terrestres e a pol\u00edcia de tr\u00e2nsito local.<\/p>\n<p>No futuro, est\u00e1 a ser projectada uma nova abordagem para a Seguran\u00e7a Rodovi\u00e1ria que integra um programa designado VIA. O programa VIA \u00e9 um Programa Global de Educa\u00e7\u00e3o em Seguran\u00e7a Rodovi\u00e1ria para uma Nova Gera\u00e7\u00e3o, criado pelas Funda\u00e7\u00f5es corporativas das empresas Michelin e Total SA com o apoio da Global Road Safety Partnership (GRSP), a organiza\u00e7\u00e3o de seguran\u00e7a rodovi\u00e1ria sediada na Federa\u00e7\u00e3o Internacional das Sociedades da Cruz vermelha e do Crescente Vermelho. O novo programa de seguran\u00e7a rodovi\u00e1ria ir\u00e1 abranger os corredores do distrito de Palma, Pemba, Mocimboa da Praia e Mueda e dever\u00e1 ser lan\u00e7ado no segundo trimestre de 2020.<\/p>\n                    <\/div>\n                \n                \n            <\/div>\n\n    <\/div>\n\n<\/div>\n\n\n\n\n<div class=\"container mx-auto p-6\">\n\n    <div class=\"grid grid-cols-12 gap-4 bg-grey5 overflow-hidden rounded-2xl\">\n\n        \n            <div class=\"flex flex-col col-span-12 lg:col-span-9 p-8\">\n\n                                    <h4 class=\"mb-4\">R\u00e1dio comunit\u00e1ria<\/h4>\n                \n                                    <div class=\"copy grow\">\n                        <p>Em reconhecimento \u00e0 import\u00e2ncia da r\u00e1dio no apoio ao alcance da comunidade, apoiamos o Instituto de Comunica\u00e7\u00e3o Social de Mo\u00e7ambique (ICS) no estabelecimento da R\u00e1dio Comunit\u00e1ria de Palma. A R\u00e1dio Comunit\u00e1ria de Palma chega \u00e0s comunidades num raio de 60 km de Palma Sede, a principal vila do distrito de Palma onde a r\u00e1dio comunit\u00e1ria est\u00e1 localizada.<\/p>\n<p>Para melhorar o envolvimento na r\u00e1dio e mobilizar os membros da comunidade para participar de actividades de investimento social, desenvolvemos a iniciativa Envolvimento das partes interessadas atrav\u00e9s da r\u00e1dio comunit\u00e1ria. A iniciativa inclui a transmiss\u00e3o de informa\u00e7\u00f5es e actualiza\u00e7\u00f5es importantes relacionadas ao projecto, al\u00e9m de informa\u00e7\u00f5es relevantes a n\u00edvel local sobre actividades e cronogramas de reassentamento, seguran\u00e7a nas estradas, sa\u00fade, agricultura e pesca.<\/p>\n                    <\/div>\n                \n                \n            <\/div>\n\n    <\/div>\n\n<\/div>\n<div class=\"bg-yellow\">\n\n    <div class=\"container mx-auto px-6 py-12\">\n\n            \n            <h3 class=\"mb-8\">Ler sobre as nossas outras categorias focais<\/h3>\n\n        \n        <div class=\"grid lg:grid-cols-3 gap-8\">\n\n            \n\n\n    <a class=\"flex flex-col bg-white overflow-hidden mb-4 rounded-2xl\" href=\"https:\/\/mozambiquelng.co.mz\/sustainability\/social-investment\/community-health\/\" target=\"_self\">\n        <div class=\"flex flex-col grow\">\n                                            <div class=\"w-full pb-16\/9 bg-cover bg-center\" style=\"background-image: url(https:\/\/www.mozambiquelng.co.mz\/wp-content\/uploads\/2024\/02\/community-health-teaser_1-412x232.webp);\"><\/div>\n                        <div class=\"flex flex-col grow items-end p-6\">\n                <div class=\"flex place-self-start flex-col grow\"> \n                    <p class=\"text-s2 text-blue\"><\/p>\n                    <h5 class=\"my-4 font-medium\">Sa\u00fade comunitaria<\/h5>\n                    <p class=\"text-body2\">Melhorar a sa\u00fade e a qualidade de vida \u00e9 a principal \u00e1rea de foco da estrat\u00e9gia geral de investimento social do projecto.<\/p>\n                <\/div>\n                                    <button class=\"cta-btn text-s2 text-blue\">Sa\u00fade comunitaria<\/button>\n                            <\/div>\n    <\/div>\n    <\/a>\n\n\n\n\n    <a class=\"flex flex-col bg-white overflow-hidden mb-4 rounded-2xl\" href=\"https:\/\/mozambiquelng.co.mz\/sustainability\/social-investment\/income-generation-economic-diversification\/\" target=\"_self\">\n        <div class=\"flex flex-col grow\">\n                                            <div class=\"w-full pb-16\/9 bg-cover bg-center\" style=\"background-image: url(https:\/\/www.mozambiquelng.co.mz\/wp-content\/uploads\/2024\/02\/Income-Generation-teaser2-1-412x232.webp);\"><\/div>\n                        <div class=\"flex flex-col grow items-end p-6\">\n                <div class=\"flex place-self-start flex-col grow\"> \n                    <p class=\"text-s2 text-blue\"><\/p>\n                    <h5 class=\"my-4 font-medium\">Gera\u00e7\u00e3o de renda e diversifica\u00e7\u00e3o econ\u00f3mica<\/h5>\n                    <p class=\"text-body2\">Investimos em programas de gera\u00e7\u00e3o de renda e diversifica\u00e7\u00e3o econ\u00f3mica que visam proporcionar benef\u00edcios sociais e econ\u00f3micos sustent\u00e1veis \u00e0s comunidades locais.<\/p>\n                <\/div>\n                                    <button class=\"cta-btn text-s2 text-blue\">Gera\u00e7\u00e3o de renda e diversifica\u00e7\u00e3o econ\u00f3mica<\/button>\n                            <\/div>\n    <\/div>\n    <\/a>\n\n\n\n\n    <a class=\"flex flex-col bg-white overflow-hidden mb-4 rounded-2xl\" href=\"https:\/\/mozambiquelng.co.mz\/sustainability\/social-investment\/\" target=\"_self\">\n        <div class=\"flex flex-col grow\">\n                                            <div class=\"w-full pb-16\/9 bg-cover bg-center\" style=\"background-image: url(https:\/\/www.mozambiquelng.co.mz\/wp-content\/uploads\/2024\/01\/Sus-social-Investment-teaser-412x232.webp);\"><\/div>\n                        <div class=\"flex flex-col grow items-end p-6\">\n                <div class=\"flex place-self-start flex-col grow\"> \n                    <p class=\"text-s2 text-blue\"><\/p>\n                    <h5 class=\"my-4 font-medium\">Voltar \u00e0 introdu\u00e7\u00e3o ao Investimento social<\/h5>\n                    <p class=\"text-body2\"><\/p>\n                <\/div>\n                                    <button class=\"cta-btn text-s2 text-blue\">Investimento social<\/button>\n                            <\/div>\n    <\/div>\n    <\/a>\n\n\n        <\/div>\n    \n    <\/div>\n\n<\/div>","protected":false},"excerpt":{"rendered":"","protected":false},"author":8,"featured_media":1797,"parent":2415,"menu_order":0,"comment_status":"closed","ping_status":"closed","template":"","meta":{"_acf_changed":false,"footnotes":""},"class_list":["post-2383","page","type-page","status-publish","has-post-thumbnail","hentry"],"acf":[],"yoast_head":"<!-- This site is optimized with the Yoast SEO plugin v25.3.1 - https:\/\/yoast.com\/wordpress\/plugins\/seo\/ -->\n<title>Educa\u00e7\u00e3o e capacita\u00e7\u00e3o - Mozambique LNG Project<\/title>\n<meta name=\"robots\" content=\"index, follow, max-snippet:-1, max-image-preview:large, max-video-preview:-1\" \/>\n<link rel=\"canonical\" href=\"https:\/\/www.mozambiquelng.co.mz\/pt-pt\/sustentabilidade\/investimento-social\/educacao-e-capacitacao\/\" \/>\n<meta property=\"og:locale\" content=\"pt_PT\" \/>\n<meta property=\"og:type\" content=\"article\" \/>\n<meta property=\"og:title\" content=\"Educa\u00e7\u00e3o e capacita\u00e7\u00e3o - Mozambique LNG Project\" \/>\n<meta property=\"og:url\" content=\"https:\/\/www.mozambiquelng.co.mz\/pt-pt\/sustentabilidade\/investimento-social\/educacao-e-capacitacao\/\" \/>\n<meta property=\"og:site_name\" content=\"Mozambique LNG Project\" \/>\n<meta property=\"article:modified_time\" content=\"2024-02-27T12:46:01+00:00\" \/>\n<meta property=\"og:image\" content=\"https:\/\/www.mozambiquelng.co.mz\/wp-content\/uploads\/2024\/01\/Social-Investment-Homepage_1700.jpg\" \/>\n\t<meta property=\"og:image:width\" content=\"1700\" \/>\n\t<meta property=\"og:image:height\" content=\"550\" \/>\n\t<meta property=\"og:image:type\" content=\"image\/jpeg\" \/>\n<meta name=\"twitter:card\" content=\"summary_large_image\" \/>\n<script type=\"application\/ld+json\" class=\"yoast-schema-graph\">{\"@context\":\"https:\/\/schema.org\",\"@graph\":[{\"@type\":\"WebPage\",\"@id\":\"https:\/\/www.mozambiquelng.co.mz\/pt-pt\/sustentabilidade\/investimento-social\/educacao-e-capacitacao\/\",\"url\":\"https:\/\/www.mozambiquelng.co.mz\/pt-pt\/sustentabilidade\/investimento-social\/educacao-e-capacitacao\/\",\"name\":\"Educa\u00e7\u00e3o e capacita\u00e7\u00e3o - Mozambique LNG Project\",\"isPartOf\":{\"@id\":\"https:\/\/www.mozambiquelng.co.mz\/pt-pt\/#website\"},\"primaryImageOfPage\":{\"@id\":\"https:\/\/www.mozambiquelng.co.mz\/pt-pt\/sustentabilidade\/investimento-social\/educacao-e-capacitacao\/#primaryimage\"},\"image\":{\"@id\":\"https:\/\/www.mozambiquelng.co.mz\/pt-pt\/sustentabilidade\/investimento-social\/educacao-e-capacitacao\/#primaryimage\"},\"thumbnailUrl\":\"https:\/\/www.mozambiquelng.co.mz\/wp-content\/uploads\/2024\/01\/Social-Investment-Homepage_1700.jpg\",\"datePublished\":\"2024-01-27T11:14:51+00:00\",\"dateModified\":\"2024-02-27T12:46:01+00:00\",\"breadcrumb\":{\"@id\":\"https:\/\/www.mozambiquelng.co.mz\/pt-pt\/sustentabilidade\/investimento-social\/educacao-e-capacitacao\/#breadcrumb\"},\"inLanguage\":\"pt-PT\",\"potentialAction\":[{\"@type\":\"ReadAction\",\"target\":[\"https:\/\/www.mozambiquelng.co.mz\/pt-pt\/sustentabilidade\/investimento-social\/educacao-e-capacitacao\/\"]}]},{\"@type\":\"ImageObject\",\"inLanguage\":\"pt-PT\",\"@id\":\"https:\/\/www.mozambiquelng.co.mz\/pt-pt\/sustentabilidade\/investimento-social\/educacao-e-capacitacao\/#primaryimage\",\"url\":\"https:\/\/www.mozambiquelng.co.mz\/wp-content\/uploads\/2024\/01\/Social-Investment-Homepage_1700.jpg\",\"contentUrl\":\"https:\/\/www.mozambiquelng.co.mz\/wp-content\/uploads\/2024\/01\/Social-Investment-Homepage_1700.jpg\",\"width\":1700,\"height\":550,\"caption\":\"Investimento social\"},{\"@type\":\"BreadcrumbList\",\"@id\":\"https:\/\/www.mozambiquelng.co.mz\/pt-pt\/sustentabilidade\/investimento-social\/educacao-e-capacitacao\/#breadcrumb\",\"itemListElement\":[{\"@type\":\"ListItem\",\"position\":1,\"name\":\"Home\",\"item\":\"https:\/\/www.mozambiquelng.co.mz\/pt-pt\/\"},{\"@type\":\"ListItem\",\"position\":2,\"name\":\"Sustentabilidade\",\"item\":\"https:\/\/www.mozambiquelng.co.mz\/pt-pt\/sustentabilidade\/\"},{\"@type\":\"ListItem\",\"position\":3,\"name\":\"Investimento social\",\"item\":\"https:\/\/www.mozambiquelng.co.mz\/pt-pt\/sustentabilidade\/investimento-social\/\"},{\"@type\":\"ListItem\",\"position\":4,\"name\":\"Educa\u00e7\u00e3o e capacita\u00e7\u00e3o\"}]},{\"@type\":\"WebSite\",\"@id\":\"https:\/\/www.mozambiquelng.co.mz\/pt-pt\/#website\",\"url\":\"https:\/\/www.mozambiquelng.co.mz\/pt-pt\/\",\"name\":\"Mozambique LNG Project\",\"description\":\"A long-term commitment with Mozambique\",\"potentialAction\":[{\"@type\":\"SearchAction\",\"target\":{\"@type\":\"EntryPoint\",\"urlTemplate\":\"https:\/\/www.mozambiquelng.co.mz\/pt-pt\/?s={search_term_string}\"},\"query-input\":{\"@type\":\"PropertyValueSpecification\",\"valueRequired\":true,\"valueName\":\"search_term_string\"}}],\"inLanguage\":\"pt-PT\"}]}<\/script>\n<!-- \/ Yoast SEO plugin. -->","yoast_head_json":{"title":"Educa\u00e7\u00e3o e capacita\u00e7\u00e3o - Mozambique LNG Project","robots":{"index":"index","follow":"follow","max-snippet":"max-snippet:-1","max-image-preview":"max-image-preview:large","max-video-preview":"max-video-preview:-1"},"canonical":"https:\/\/www.mozambiquelng.co.mz\/pt-pt\/sustentabilidade\/investimento-social\/educacao-e-capacitacao\/","og_locale":"pt_PT","og_type":"article","og_title":"Educa\u00e7\u00e3o e capacita\u00e7\u00e3o - Mozambique LNG Project","og_url":"https:\/\/www.mozambiquelng.co.mz\/pt-pt\/sustentabilidade\/investimento-social\/educacao-e-capacitacao\/","og_site_name":"Mozambique LNG Project","article_modified_time":"2024-02-27T12:46:01+00:00","og_image":[{"width":1700,"height":550,"url":"https:\/\/www.mozambiquelng.co.mz\/wp-content\/uploads\/2024\/01\/Social-Investment-Homepage_1700.jpg","type":"image\/jpeg"}],"twitter_card":"summary_large_image","schema":{"@context":"https:\/\/schema.org","@graph":[{"@type":"WebPage","@id":"https:\/\/www.mozambiquelng.co.mz\/pt-pt\/sustentabilidade\/investimento-social\/educacao-e-capacitacao\/","url":"https:\/\/www.mozambiquelng.co.mz\/pt-pt\/sustentabilidade\/investimento-social\/educacao-e-capacitacao\/","name":"Educa\u00e7\u00e3o e capacita\u00e7\u00e3o - Mozambique LNG Project","isPartOf":{"@id":"https:\/\/www.mozambiquelng.co.mz\/pt-pt\/#website"},"primaryImageOfPage":{"@id":"https:\/\/www.mozambiquelng.co.mz\/pt-pt\/sustentabilidade\/investimento-social\/educacao-e-capacitacao\/#primaryimage"},"image":{"@id":"https:\/\/www.mozambiquelng.co.mz\/pt-pt\/sustentabilidade\/investimento-social\/educacao-e-capacitacao\/#primaryimage"},"thumbnailUrl":"https:\/\/www.mozambiquelng.co.mz\/wp-content\/uploads\/2024\/01\/Social-Investment-Homepage_1700.jpg","datePublished":"2024-01-27T11:14:51+00:00","dateModified":"2024-02-27T12:46:01+00:00","breadcrumb":{"@id":"https:\/\/www.mozambiquelng.co.mz\/pt-pt\/sustentabilidade\/investimento-social\/educacao-e-capacitacao\/#breadcrumb"},"inLanguage":"pt-PT","potentialAction":[{"@type":"ReadAction","target":["https:\/\/www.mozambiquelng.co.mz\/pt-pt\/sustentabilidade\/investimento-social\/educacao-e-capacitacao\/"]}]},{"@type":"ImageObject","inLanguage":"pt-PT","@id":"https:\/\/www.mozambiquelng.co.mz\/pt-pt\/sustentabilidade\/investimento-social\/educacao-e-capacitacao\/#primaryimage","url":"https:\/\/www.mozambiquelng.co.mz\/wp-content\/uploads\/2024\/01\/Social-Investment-Homepage_1700.jpg","contentUrl":"https:\/\/www.mozambiquelng.co.mz\/wp-content\/uploads\/2024\/01\/Social-Investment-Homepage_1700.jpg","width":1700,"height":550,"caption":"Investimento social"},{"@type":"BreadcrumbList","@id":"https:\/\/www.mozambiquelng.co.mz\/pt-pt\/sustentabilidade\/investimento-social\/educacao-e-capacitacao\/#breadcrumb","itemListElement":[{"@type":"ListItem","position":1,"name":"Home","item":"https:\/\/www.mozambiquelng.co.mz\/pt-pt\/"},{"@type":"ListItem","position":2,"name":"Sustentabilidade","item":"https:\/\/www.mozambiquelng.co.mz\/pt-pt\/sustentabilidade\/"},{"@type":"ListItem","position":3,"name":"Investimento social","item":"https:\/\/www.mozambiquelng.co.mz\/pt-pt\/sustentabilidade\/investimento-social\/"},{"@type":"ListItem","position":4,"name":"Educa\u00e7\u00e3o e capacita\u00e7\u00e3o"}]},{"@type":"WebSite","@id":"https:\/\/www.mozambiquelng.co.mz\/pt-pt\/#website","url":"https:\/\/www.mozambiquelng.co.mz\/pt-pt\/","name":"Mozambique LNG Project","description":"A long-term commitment with Mozambique","potentialAction":[{"@type":"SearchAction","target":{"@type":"EntryPoint","urlTemplate":"https:\/\/www.mozambiquelng.co.mz\/pt-pt\/?s={search_term_string}"},"query-input":{"@type":"PropertyValueSpecification","valueRequired":true,"valueName":"search_term_string"}}],"inLanguage":"pt-PT"}]}},"_links":{"self":[{"href":"https:\/\/www.mozambiquelng.co.mz\/pt-pt\/wp-json\/wp\/v2\/pages\/2383","targetHints":{"allow":["GET"]}}],"collection":[{"href":"https:\/\/www.mozambiquelng.co.mz\/pt-pt\/wp-json\/wp\/v2\/pages"}],"about":[{"href":"https:\/\/www.mozambiquelng.co.mz\/pt-pt\/wp-json\/wp\/v2\/types\/page"}],"author":[{"embeddable":true,"href":"https:\/\/www.mozambiquelng.co.mz\/pt-pt\/wp-json\/wp\/v2\/users\/8"}],"replies":[{"embeddable":true,"href":"https:\/\/www.mozambiquelng.co.mz\/pt-pt\/wp-json\/wp\/v2\/comments?post=2383"}],"version-history":[{"count":9,"href":"https:\/\/www.mozambiquelng.co.mz\/pt-pt\/wp-json\/wp\/v2\/pages\/2383\/revisions"}],"predecessor-version":[{"id":4305,"href":"https:\/\/www.mozambiquelng.co.mz\/pt-pt\/wp-json\/wp\/v2\/pages\/2383\/revisions\/4305"}],"up":[{"embeddable":true,"href":"https:\/\/www.mozambiquelng.co.mz\/pt-pt\/wp-json\/wp\/v2\/pages\/2415"}],"wp:featuredmedia":[{"embeddable":true,"href":"https:\/\/www.mozambiquelng.co.mz\/pt-pt\/wp-json\/wp\/v2\/media\/1797"}],"wp:attachment":[{"href":"https:\/\/www.mozambiquelng.co.mz\/pt-pt\/wp-json\/wp\/v2\/media?parent=2383"}],"curies":[{"name":"wp","href":"https:\/\/api.w.org\/{rel}","templated":true}]}}