{"id":2385,"date":"2024-01-24T14:19:02","date_gmt":"2024-01-24T14:19:02","guid":{"rendered":"https:\/\/mozambiquelng-dev.5thring.co.uk\/sustentabilidade\/meio-ambiente\/"},"modified":"2024-02-24T14:49:58","modified_gmt":"2024-02-24T14:49:58","slug":"meio-ambiente","status":"publish","type":"page","link":"https:\/\/www.mozambiquelng.co.mz\/pt-pt\/sustentabilidade\/meio-ambiente\/","title":{"rendered":"Meio Ambiente"},"content":{"rendered":"\n<div class=\"container mx-auto grid grid-cols-3 gap-x-16 p-6\">\n\n    <div class=\"col-span-3 lg:col-span-2\">\n\n        \n<div class=\"copy\">\n    \n    <p>O Projecto Mozambique LNG est\u00e1 ciente dos potenciais riscos que as actividades t\u00eam sobre o meio ambiente, a biodiversidade e o clima. Portanto, fazemos das quest\u00f5es ambientais uma parte integrante da nossa estrat\u00e9gia e procuramos evitar ou minimizar os riscos ao meio ambiente, \u00e0 biodiversidade e ao clima.<\/p>\n<p>Reconhecemos que o nosso desenvolvimento requer cuidados para evitar, minimizar, mitigar, ou compensar os impactos ambientais. Em 2014, conclu\u00edmos a Avalia\u00e7\u00e3o do Impacto Ambiental (AIA) do projecto. De 2014 a 2019, implementamos v\u00e1rios estudos de apoio para avaliar a extens\u00e3o de poss\u00edveis impactos ambientais para garantir uma gest\u00e3o adequada. O Resumo Executivo da Avalia\u00e7\u00e3o do Impacto Social em Sa\u00fade Ambiental (ESHIA) fornece uma vis\u00e3o geral deste trabalho.<\/p>\n<p>Para garantir ainda mais a gest\u00e3o de todos os impactos ambientais durante a fase de constru\u00e7\u00e3o do projecto, temos um forte foco em:<\/p>\n<ul>\n<li>Gest\u00e3o de recursos<\/li>\n<li>Gest\u00e3o e controlo de polui\u00e7\u00e3o<\/li>\n<li>Biodiversidade (estrat\u00e9gia e plano de ac\u00e7\u00e3o)<\/li>\n<li>Monitoria ambiental<\/li>\n<\/ul>\n\n<\/div>\n\n\n\n    <div class=\"flex flex-row flex-wrap justify-end gap-2 my-4\">\n                    <a class=\"cta-btn text-s2 text-right\" href=\"\/wp-content\/uploads\/2024\/01\/mz-000-am1-hs-rpt-00002_eshia_executive_summary_and_update-05-19-2020.pdf\" target=\"_blank\">Baixe o Resumo Executivo da ESHIA <\/a>\n            <\/div>\n\n\n    <\/div>\n\n    <div class=\"col-span-3 lg:col-span-1\">\n\n        \n    <\/div>\n\n<\/div>\n<div class=\"bg-green\">\n\n    <div class=\"container mx-auto px-6 py-12\">\n\n            \n            <h3 class=\"mb-8\">LEIA SOBRE AS NOSSAS OUTRAS \u00c1REAS DE FOCO AMBIENTAL<\/h3>\n\n        \n        <div class=\"grid lg:grid-cols-3 gap-8\">\n\n            \n\n\n    <a class=\"flex flex-col bg-white overflow-hidden mb-4 rounded-2xl\" href=\"https:\/\/mozambiquelng.co.mz\/sustainability\/environment\/environmental-licensing\/\" target=\"_self\">\n        <div class=\"flex flex-col grow\">\n                                            <div class=\"w-full pb-16\/9 bg-cover bg-center\" style=\"background-image: url(https:\/\/www.mozambiquelng.co.mz\/wp-content\/uploads\/2024\/01\/MOZ_LNG_SNAPSHOT_33-cmyk_crop-412x232.webp);\"><\/div>\n                        <div class=\"flex flex-col grow items-end p-6\">\n                <div class=\"flex place-self-start flex-col grow\"> \n                    <p class=\"text-s2 text-blue\"><\/p>\n                    <h5 class=\"my-4 font-medium\">Licenciamento ambiental<\/h5>\n                    <p class=\"text-body2\">As avalia\u00e7\u00f5es ambientais foram realizadas para apoiar o licenciamento ambiental do projecto.<\/p>\n                <\/div>\n                                    <button class=\"cta-btn text-s2 text-blue\">Leia mais<\/button>\n                            <\/div>\n    <\/div>\n    <\/a>\n\n\n\n\n    <a class=\"flex flex-col bg-white overflow-hidden mb-4 rounded-2xl\" href=\"https:\/\/mozambiquelng.co.mz\/sustainability\/environment\/resource-management\/\" target=\"_self\">\n        <div class=\"flex flex-col grow\">\n                                            <div class=\"w-full pb-16\/9 bg-cover bg-center\" style=\"background-image: url(https:\/\/www.mozambiquelng.co.mz\/wp-content\/uploads\/2024\/02\/Resource-Management_teaser-412x232.webp);\"><\/div>\n                        <div class=\"flex flex-col grow items-end p-6\">\n                <div class=\"flex place-self-start flex-col grow\"> \n                    <p class=\"text-s2 text-blue\"><\/p>\n                    <h5 class=\"my-4 font-medium\">Gest\u00e3o de recursos<\/h5>\n                    <p class=\"text-body2\">Desenvolvemos um Plano de Gest\u00e3o de Eros\u00e3o, Reintegra\u00e7\u00e3o e Paisagismo dos Solos como parte do ESMP.<\/p>\n                <\/div>\n                                    <button class=\"cta-btn text-s2 text-blue\">Leia mais<\/button>\n                            <\/div>\n    <\/div>\n    <\/a>\n\n\n\n\n    <a class=\"flex flex-col bg-white overflow-hidden mb-4 rounded-2xl\" href=\"https:\/\/mozambiquelng.co.mz\/sustainability\/environment\/pollution-management-and-control\/\" target=\"_self\">\n        <div class=\"flex flex-col grow\">\n                                            <div class=\"w-full pb-16\/9 bg-cover bg-center\" style=\"background-image: url(https:\/\/www.mozambiquelng.co.mz\/wp-content\/uploads\/2024\/02\/Pollution-Management_teaser-412x232.webp);\"><\/div>\n                        <div class=\"flex flex-col grow items-end p-6\">\n                <div class=\"flex place-self-start flex-col grow\"> \n                    <p class=\"text-s2 text-blue\"><\/p>\n                    <h5 class=\"my-4 font-medium\">Gest\u00e3o da polui\u00e7\u00e3o<\/h5>\n                    <p class=\"text-body2\">Planos de controlo e preven\u00e7\u00e3o da polui\u00e7\u00e3o foram desenvolvidos como parte do ESMP.<\/p>\n                <\/div>\n                                    <button class=\"cta-btn text-s2 text-blue\">Leia mais<\/button>\n                            <\/div>\n    <\/div>\n    <\/a>\n\n\n\n\n    <a class=\"flex flex-col bg-white overflow-hidden mb-4 rounded-2xl\" href=\"https:\/\/mozambiquelng.co.mz\/sustainability\/environment\/biodiversity-ecosystem-services\/\" target=\"_self\">\n        <div class=\"flex flex-col grow\">\n                                            <div class=\"w-full pb-16\/9 bg-cover bg-center\" style=\"background-image: url(https:\/\/www.mozambiquelng.co.mz\/wp-content\/uploads\/2024\/01\/Speckled-green-snake-Philothamnus-punctatus-412x232.webp);\"><\/div>\n                        <div class=\"flex flex-col grow items-end p-6\">\n                <div class=\"flex place-self-start flex-col grow\"> \n                    <p class=\"text-s2 text-blue\"><\/p>\n                    <h5 class=\"my-4 font-medium\">Servi\u00e7os de biodiversidade &amp; ecosistema<\/h5>\n                    <p class=\"text-body2\">Desenvolvemos uma estrat\u00e9gia de biodiversidade para apoiar e contribuir para a manuten\u00e7\u00e3o dos servi\u00e7os de ecossistema.<\/p>\n                <\/div>\n                                    <button class=\"cta-btn text-s2 text-blue\">Leia mais<\/button>\n                            <\/div>\n    <\/div>\n    <\/a>\n\n\n\n\n    <a class=\"flex flex-col bg-white overflow-hidden mb-4 rounded-2xl\" href=\"https:\/\/mozambiquelng.co.mz\/sustainability\/environment\/cultural-heritage\/\" target=\"_self\">\n        <div class=\"flex flex-col grow\">\n                                            <div class=\"w-full pb-16\/9 bg-cover bg-center\" style=\"background-image: url(https:\/\/www.mozambiquelng.co.mz\/wp-content\/uploads\/2024\/01\/AS7_CCN00289_Potsherds-Photo.001-412x232.webp);\"><\/div>\n                        <div class=\"flex flex-col grow items-end p-6\">\n                <div class=\"flex place-self-start flex-col grow\"> \n                    <p class=\"text-s2 text-blue\"><\/p>\n                    <h5 class=\"my-4 font-medium\">Heran\u00e7a cultural.<\/h5>\n                    <p class=\"text-body2\">Temos o compromisso de promover a protec\u00e7\u00e3o da preserva\u00e7\u00e3o do patrim\u00f3nio cultural na \u00e1rea de opera\u00e7\u00f5es do projecto.<\/p>\n                <\/div>\n                                    <button class=\"cta-btn text-s2 text-blue\">Leia mais<\/button>\n                            <\/div>\n    <\/div>\n    <\/a>\n\n\n        <\/div>\n    \n    <\/div>\n\n<\/div>","protected":false},"excerpt":{"rendered":"","protected":false},"author":8,"featured_media":3718,"parent":2357,"menu_order":0,"comment_status":"closed","ping_status":"closed","template":"","meta":{"_acf_changed":false,"footnotes":""},"class_list":["post-2385","page","type-page","status-publish","has-post-thumbnail","hentry"],"acf":[],"yoast_head":"<!-- This site is optimized with the Yoast SEO plugin v25.3.1 - https:\/\/yoast.com\/wordpress\/plugins\/seo\/ -->\n<title>Meio Ambiente - Mozambique LNG Project<\/title>\n<meta name=\"robots\" content=\"index, follow, max-snippet:-1, max-image-preview:large, max-video-preview:-1\" \/>\n<link rel=\"canonical\" href=\"https:\/\/www.mozambiquelng.co.mz\/pt-pt\/sustentabilidade\/meio-ambiente\/\" \/>\n<meta property=\"og:locale\" content=\"pt_PT\" \/>\n<meta property=\"og:type\" content=\"article\" \/>\n<meta property=\"og:title\" content=\"Meio Ambiente - Mozambique LNG Project\" \/>\n<meta property=\"og:url\" content=\"https:\/\/www.mozambiquelng.co.mz\/pt-pt\/sustentabilidade\/meio-ambiente\/\" \/>\n<meta property=\"og:site_name\" content=\"Mozambique LNG Project\" \/>\n<meta property=\"article:modified_time\" content=\"2024-02-24T14:49:58+00:00\" \/>\n<meta property=\"og:image\" content=\"https:\/\/www.mozambiquelng.co.mz\/wp-content\/uploads\/2024\/02\/Environment_hero.webp\" \/>\n\t<meta property=\"og:image:width\" content=\"1700\" \/>\n\t<meta property=\"og:image:height\" content=\"550\" \/>\n\t<meta property=\"og:image:type\" content=\"image\/webp\" \/>\n<meta name=\"twitter:card\" content=\"summary_large_image\" \/>\n<script type=\"application\/ld+json\" class=\"yoast-schema-graph\">{\"@context\":\"https:\/\/schema.org\",\"@graph\":[{\"@type\":\"WebPage\",\"@id\":\"https:\/\/www.mozambiquelng.co.mz\/pt-pt\/sustentabilidade\/meio-ambiente\/\",\"url\":\"https:\/\/www.mozambiquelng.co.mz\/pt-pt\/sustentabilidade\/meio-ambiente\/\",\"name\":\"Meio Ambiente - Mozambique LNG Project\",\"isPartOf\":{\"@id\":\"https:\/\/www.mozambiquelng.co.mz\/pt-pt\/#website\"},\"primaryImageOfPage\":{\"@id\":\"https:\/\/www.mozambiquelng.co.mz\/pt-pt\/sustentabilidade\/meio-ambiente\/#primaryimage\"},\"image\":{\"@id\":\"https:\/\/www.mozambiquelng.co.mz\/pt-pt\/sustentabilidade\/meio-ambiente\/#primaryimage\"},\"thumbnailUrl\":\"https:\/\/www.mozambiquelng.co.mz\/wp-content\/uploads\/2024\/02\/Environment_hero.webp\",\"datePublished\":\"2024-01-24T14:19:02+00:00\",\"dateModified\":\"2024-02-24T14:49:58+00:00\",\"breadcrumb\":{\"@id\":\"https:\/\/www.mozambiquelng.co.mz\/pt-pt\/sustentabilidade\/meio-ambiente\/#breadcrumb\"},\"inLanguage\":\"pt-PT\",\"potentialAction\":[{\"@type\":\"ReadAction\",\"target\":[\"https:\/\/www.mozambiquelng.co.mz\/pt-pt\/sustentabilidade\/meio-ambiente\/\"]}]},{\"@type\":\"ImageObject\",\"inLanguage\":\"pt-PT\",\"@id\":\"https:\/\/www.mozambiquelng.co.mz\/pt-pt\/sustentabilidade\/meio-ambiente\/#primaryimage\",\"url\":\"https:\/\/www.mozambiquelng.co.mz\/wp-content\/uploads\/2024\/02\/Environment_hero.webp\",\"contentUrl\":\"https:\/\/www.mozambiquelng.co.mz\/wp-content\/uploads\/2024\/02\/Environment_hero.webp\",\"width\":1700,\"height\":550,\"caption\":\"Meio Ambiente\"},{\"@type\":\"BreadcrumbList\",\"@id\":\"https:\/\/www.mozambiquelng.co.mz\/pt-pt\/sustentabilidade\/meio-ambiente\/#breadcrumb\",\"itemListElement\":[{\"@type\":\"ListItem\",\"position\":1,\"name\":\"Home\",\"item\":\"https:\/\/www.mozambiquelng.co.mz\/pt-pt\/\"},{\"@type\":\"ListItem\",\"position\":2,\"name\":\"Sustentabilidade\",\"item\":\"https:\/\/www.mozambiquelng.co.mz\/pt-pt\/sustentabilidade\/\"},{\"@type\":\"ListItem\",\"position\":3,\"name\":\"Meio Ambiente\"}]},{\"@type\":\"WebSite\",\"@id\":\"https:\/\/www.mozambiquelng.co.mz\/pt-pt\/#website\",\"url\":\"https:\/\/www.mozambiquelng.co.mz\/pt-pt\/\",\"name\":\"Mozambique LNG Project\",\"description\":\"A long-term commitment with Mozambique\",\"potentialAction\":[{\"@type\":\"SearchAction\",\"target\":{\"@type\":\"EntryPoint\",\"urlTemplate\":\"https:\/\/www.mozambiquelng.co.mz\/pt-pt\/?s={search_term_string}\"},\"query-input\":{\"@type\":\"PropertyValueSpecification\",\"valueRequired\":true,\"valueName\":\"search_term_string\"}}],\"inLanguage\":\"pt-PT\"}]}<\/script>\n<!-- \/ Yoast SEO plugin. -->","yoast_head_json":{"title":"Meio Ambiente - Mozambique LNG Project","robots":{"index":"index","follow":"follow","max-snippet":"max-snippet:-1","max-image-preview":"max-image-preview:large","max-video-preview":"max-video-preview:-1"},"canonical":"https:\/\/www.mozambiquelng.co.mz\/pt-pt\/sustentabilidade\/meio-ambiente\/","og_locale":"pt_PT","og_type":"article","og_title":"Meio Ambiente - Mozambique LNG Project","og_url":"https:\/\/www.mozambiquelng.co.mz\/pt-pt\/sustentabilidade\/meio-ambiente\/","og_site_name":"Mozambique LNG Project","article_modified_time":"2024-02-24T14:49:58+00:00","og_image":[{"width":1700,"height":550,"url":"https:\/\/www.mozambiquelng.co.mz\/wp-content\/uploads\/2024\/02\/Environment_hero.webp","type":"image\/webp"}],"twitter_card":"summary_large_image","schema":{"@context":"https:\/\/schema.org","@graph":[{"@type":"WebPage","@id":"https:\/\/www.mozambiquelng.co.mz\/pt-pt\/sustentabilidade\/meio-ambiente\/","url":"https:\/\/www.mozambiquelng.co.mz\/pt-pt\/sustentabilidade\/meio-ambiente\/","name":"Meio Ambiente - Mozambique LNG Project","isPartOf":{"@id":"https:\/\/www.mozambiquelng.co.mz\/pt-pt\/#website"},"primaryImageOfPage":{"@id":"https:\/\/www.mozambiquelng.co.mz\/pt-pt\/sustentabilidade\/meio-ambiente\/#primaryimage"},"image":{"@id":"https:\/\/www.mozambiquelng.co.mz\/pt-pt\/sustentabilidade\/meio-ambiente\/#primaryimage"},"thumbnailUrl":"https:\/\/www.mozambiquelng.co.mz\/wp-content\/uploads\/2024\/02\/Environment_hero.webp","datePublished":"2024-01-24T14:19:02+00:00","dateModified":"2024-02-24T14:49:58+00:00","breadcrumb":{"@id":"https:\/\/www.mozambiquelng.co.mz\/pt-pt\/sustentabilidade\/meio-ambiente\/#breadcrumb"},"inLanguage":"pt-PT","potentialAction":[{"@type":"ReadAction","target":["https:\/\/www.mozambiquelng.co.mz\/pt-pt\/sustentabilidade\/meio-ambiente\/"]}]},{"@type":"ImageObject","inLanguage":"pt-PT","@id":"https:\/\/www.mozambiquelng.co.mz\/pt-pt\/sustentabilidade\/meio-ambiente\/#primaryimage","url":"https:\/\/www.mozambiquelng.co.mz\/wp-content\/uploads\/2024\/02\/Environment_hero.webp","contentUrl":"https:\/\/www.mozambiquelng.co.mz\/wp-content\/uploads\/2024\/02\/Environment_hero.webp","width":1700,"height":550,"caption":"Meio Ambiente"},{"@type":"BreadcrumbList","@id":"https:\/\/www.mozambiquelng.co.mz\/pt-pt\/sustentabilidade\/meio-ambiente\/#breadcrumb","itemListElement":[{"@type":"ListItem","position":1,"name":"Home","item":"https:\/\/www.mozambiquelng.co.mz\/pt-pt\/"},{"@type":"ListItem","position":2,"name":"Sustentabilidade","item":"https:\/\/www.mozambiquelng.co.mz\/pt-pt\/sustentabilidade\/"},{"@type":"ListItem","position":3,"name":"Meio Ambiente"}]},{"@type":"WebSite","@id":"https:\/\/www.mozambiquelng.co.mz\/pt-pt\/#website","url":"https:\/\/www.mozambiquelng.co.mz\/pt-pt\/","name":"Mozambique LNG Project","description":"A long-term commitment with Mozambique","potentialAction":[{"@type":"SearchAction","target":{"@type":"EntryPoint","urlTemplate":"https:\/\/www.mozambiquelng.co.mz\/pt-pt\/?s={search_term_string}"},"query-input":{"@type":"PropertyValueSpecification","valueRequired":true,"valueName":"search_term_string"}}],"inLanguage":"pt-PT"}]}},"_links":{"self":[{"href":"https:\/\/www.mozambiquelng.co.mz\/pt-pt\/wp-json\/wp\/v2\/pages\/2385","targetHints":{"allow":["GET"]}}],"collection":[{"href":"https:\/\/www.mozambiquelng.co.mz\/pt-pt\/wp-json\/wp\/v2\/pages"}],"about":[{"href":"https:\/\/www.mozambiquelng.co.mz\/pt-pt\/wp-json\/wp\/v2\/types\/page"}],"author":[{"embeddable":true,"href":"https:\/\/www.mozambiquelng.co.mz\/pt-pt\/wp-json\/wp\/v2\/users\/8"}],"replies":[{"embeddable":true,"href":"https:\/\/www.mozambiquelng.co.mz\/pt-pt\/wp-json\/wp\/v2\/comments?post=2385"}],"version-history":[{"count":6,"href":"https:\/\/www.mozambiquelng.co.mz\/pt-pt\/wp-json\/wp\/v2\/pages\/2385\/revisions"}],"predecessor-version":[{"id":4027,"href":"https:\/\/www.mozambiquelng.co.mz\/pt-pt\/wp-json\/wp\/v2\/pages\/2385\/revisions\/4027"}],"up":[{"embeddable":true,"href":"https:\/\/www.mozambiquelng.co.mz\/pt-pt\/wp-json\/wp\/v2\/pages\/2357"}],"wp:featuredmedia":[{"embeddable":true,"href":"https:\/\/www.mozambiquelng.co.mz\/pt-pt\/wp-json\/wp\/v2\/media\/3718"}],"wp:attachment":[{"href":"https:\/\/www.mozambiquelng.co.mz\/pt-pt\/wp-json\/wp\/v2\/media?parent=2385"}],"curies":[{"name":"wp","href":"https:\/\/api.w.org\/{rel}","templated":true}]}}