{"id":2391,"date":"2024-01-24T14:11:43","date_gmt":"2024-01-24T14:11:43","guid":{"rendered":"https:\/\/mozambiquelng-dev.5thring.co.uk\/sustentabilidade\/meio-ambiente\/patrimonio-cultural\/"},"modified":"2024-02-24T14:50:17","modified_gmt":"2024-02-24T14:50:17","slug":"patrimonio-cultural","status":"publish","type":"page","link":"https:\/\/www.mozambiquelng.co.mz\/pt-pt\/sustentabilidade\/meio-ambiente\/patrimonio-cultural\/","title":{"rendered":"Heran\u00e7a cultural."},"content":{"rendered":"\n<div class=\"container mx-auto grid grid-cols-3 gap-x-16 p-6\">\n\n    <div class=\"col-span-3 lg:col-span-2\">\n\n        \n<div class=\"copy\">\n    \n    <p>O Projec Mozambique LNG est\u00e1 comprometido em promover a protec\u00e7\u00e3o da preserva\u00e7\u00e3o do patrim\u00f3nio cultural, dentro da \u00e1rea de opera\u00e7\u00f5es do projecto. Cumprimos com todos os instrumentos legais mo\u00e7ambicanos aplic\u00e1veis e estamos em conformidade com o Padr\u00e3o de Desempenho 8 da Sociedade Financeira Internacional &#8211; Patrim\u00f3nio Cultural.<\/p>\n\n<\/div>\n\n\n    <\/div>\n\n    <div class=\"col-span-3 lg:col-span-1\">\n\n        \n    <\/div>\n\n<\/div>\n<div class=\"bg-green\">\n\n    <div class=\"container mx-auto px-6 py-12\">\n\n            \n            <h3 class=\"mb-8\">LEIA SOBRE AS NOSSAS OUTRAS \u00c1REAS DE FOCO AMBIENTAL<\/h3>\n\n        \n        <div class=\"grid lg:grid-cols-4 gap-8\">\n\n            \n\n\n    <a class=\"flex flex-col bg-white overflow-hidden mb-4 rounded-2xl\" href=\"https:\/\/mozambiquelng.co.mz\/sustainability\/environment\/environmental-licensing\/\" target=\"_self\">\n        <div class=\"flex flex-col grow\">\n                                            <div class=\"w-full pb-16\/9 bg-cover bg-center\" style=\"background-image: url(https:\/\/www.mozambiquelng.co.mz\/wp-content\/uploads\/2024\/01\/MOZ_LNG_SNAPSHOT_33-cmyk_crop-412x232.webp);\"><\/div>\n                        <div class=\"flex flex-col grow items-end p-6\">\n                <div class=\"flex place-self-start flex-col grow\"> \n                    <p class=\"text-s2 text-blue\"><\/p>\n                    <h5 class=\"my-4 font-medium\">Licenciamento ambiental<\/h5>\n                    <p class=\"text-body2\">As avalia\u00e7\u00f5es ambientais foram realizadas para apoiar o licenciamento ambiental do projecto.<\/p>\n                <\/div>\n                                    <button class=\"cta-btn text-s2 text-blue\">Leia mais<\/button>\n                            <\/div>\n    <\/div>\n    <\/a>\n\n\n\n\n    <a class=\"flex flex-col bg-white overflow-hidden mb-4 rounded-2xl\" href=\"https:\/\/mozambiquelng.co.mz\/sustainability\/environment\/resource-management\/\" target=\"_self\">\n        <div class=\"flex flex-col grow\">\n                                            <div class=\"w-full pb-16\/9 bg-cover bg-center\" style=\"background-image: url(https:\/\/www.mozambiquelng.co.mz\/wp-content\/uploads\/2024\/02\/Resource-Management_teaser-412x232.webp);\"><\/div>\n                        <div class=\"flex flex-col grow items-end p-6\">\n                <div class=\"flex place-self-start flex-col grow\"> \n                    <p class=\"text-s2 text-blue\"><\/p>\n                    <h5 class=\"my-4 font-medium\">Gest\u00e3o de recursos<\/h5>\n                    <p class=\"text-body2\">Desenvolvemos um Plano de Gest\u00e3o de Eros\u00e3o, Reintegra\u00e7\u00e3o e Paisagismo dos Solos como parte do ESMP.<\/p>\n                <\/div>\n                                    <button class=\"cta-btn text-s2 text-blue\">Leia mais<\/button>\n                            <\/div>\n    <\/div>\n    <\/a>\n\n\n\n\n    <a class=\"flex flex-col bg-white overflow-hidden mb-4 rounded-2xl\" href=\"https:\/\/mozambiquelng.co.mz\/sustainability\/environment\/pollution-management-and-control\/\" target=\"_self\">\n        <div class=\"flex flex-col grow\">\n                                            <div class=\"w-full pb-16\/9 bg-cover bg-center\" style=\"background-image: url(https:\/\/www.mozambiquelng.co.mz\/wp-content\/uploads\/2024\/02\/Pollution-Management_teaser-412x232.webp);\"><\/div>\n                        <div class=\"flex flex-col grow items-end p-6\">\n                <div class=\"flex place-self-start flex-col grow\"> \n                    <p class=\"text-s2 text-blue\"><\/p>\n                    <h5 class=\"my-4 font-medium\">Gest\u00e3o da polui\u00e7\u00e3o<\/h5>\n                    <p class=\"text-body2\">Planos de controlo e preven\u00e7\u00e3o da polui\u00e7\u00e3o foram desenvolvidos como parte do ESMP.<\/p>\n                <\/div>\n                                    <button class=\"cta-btn text-s2 text-blue\">Gest\u00e3o e controlo de polui\u00e7\u00e3o<\/button>\n                            <\/div>\n    <\/div>\n    <\/a>\n\n\n\n\n    <a class=\"flex flex-col bg-white overflow-hidden mb-4 rounded-2xl\" href=\"https:\/\/mozambiquelng.co.mz\/sustainability\/environment\/biodiversity-ecosystem-services\/\" target=\"_self\">\n        <div class=\"flex flex-col grow\">\n                                            <div class=\"w-full pb-16\/9 bg-cover bg-center\" style=\"background-image: url(https:\/\/www.mozambiquelng.co.mz\/wp-content\/uploads\/2024\/01\/Speckled-green-snake-Philothamnus-punctatus-412x232.webp);\"><\/div>\n                        <div class=\"flex flex-col grow items-end p-6\">\n                <div class=\"flex place-self-start flex-col grow\"> \n                    <p class=\"text-s2 text-blue\"><\/p>\n                    <h5 class=\"my-4 font-medium\">Servi\u00e7os de biodiversidade &amp; ecosistema<\/h5>\n                    <p class=\"text-body2\">Desenvolvemos uma estrat\u00e9gia de biodiversidade para apoiar e contribuir para a manuten\u00e7\u00e3o dos servi\u00e7os de ecossistema.<\/p>\n                <\/div>\n                                    <button class=\"cta-btn text-s2 text-blue\">Leia mais<\/button>\n                            <\/div>\n    <\/div>\n    <\/a>\n\n\n        <\/div>\n    \n    <\/div>\n\n<\/div>","protected":false},"excerpt":{"rendered":"","protected":false},"author":8,"featured_media":3718,"parent":2385,"menu_order":0,"comment_status":"closed","ping_status":"closed","template":"","meta":{"_acf_changed":false,"footnotes":""},"class_list":["post-2391","page","type-page","status-publish","has-post-thumbnail","hentry"],"acf":[],"yoast_head":"<!-- This site is optimized with the Yoast SEO plugin v25.3.1 - https:\/\/yoast.com\/wordpress\/plugins\/seo\/ -->\n<title>Heran\u00e7a cultural. - Mozambique LNG Project<\/title>\n<meta name=\"robots\" content=\"index, follow, max-snippet:-1, max-image-preview:large, max-video-preview:-1\" \/>\n<link rel=\"canonical\" href=\"https:\/\/www.mozambiquelng.co.mz\/pt-pt\/sustentabilidade\/meio-ambiente\/patrimonio-cultural\/\" \/>\n<meta property=\"og:locale\" content=\"pt_PT\" \/>\n<meta property=\"og:type\" content=\"article\" \/>\n<meta property=\"og:title\" content=\"Heran\u00e7a cultural. - Mozambique LNG Project\" \/>\n<meta property=\"og:url\" content=\"https:\/\/www.mozambiquelng.co.mz\/pt-pt\/sustentabilidade\/meio-ambiente\/patrimonio-cultural\/\" \/>\n<meta property=\"og:site_name\" content=\"Mozambique LNG Project\" \/>\n<meta property=\"article:modified_time\" content=\"2024-02-24T14:50:17+00:00\" \/>\n<meta property=\"og:image\" content=\"https:\/\/www.mozambiquelng.co.mz\/wp-content\/uploads\/2024\/02\/Environment_hero.webp\" \/>\n\t<meta property=\"og:image:width\" content=\"1700\" \/>\n\t<meta property=\"og:image:height\" content=\"550\" \/>\n\t<meta property=\"og:image:type\" content=\"image\/webp\" \/>\n<meta name=\"twitter:card\" content=\"summary_large_image\" \/>\n<script type=\"application\/ld+json\" class=\"yoast-schema-graph\">{\"@context\":\"https:\/\/schema.org\",\"@graph\":[{\"@type\":\"WebPage\",\"@id\":\"https:\/\/www.mozambiquelng.co.mz\/pt-pt\/sustentabilidade\/meio-ambiente\/patrimonio-cultural\/\",\"url\":\"https:\/\/www.mozambiquelng.co.mz\/pt-pt\/sustentabilidade\/meio-ambiente\/patrimonio-cultural\/\",\"name\":\"Heran\u00e7a cultural. - Mozambique LNG Project\",\"isPartOf\":{\"@id\":\"https:\/\/www.mozambiquelng.co.mz\/pt-pt\/#website\"},\"primaryImageOfPage\":{\"@id\":\"https:\/\/www.mozambiquelng.co.mz\/pt-pt\/sustentabilidade\/meio-ambiente\/patrimonio-cultural\/#primaryimage\"},\"image\":{\"@id\":\"https:\/\/www.mozambiquelng.co.mz\/pt-pt\/sustentabilidade\/meio-ambiente\/patrimonio-cultural\/#primaryimage\"},\"thumbnailUrl\":\"https:\/\/www.mozambiquelng.co.mz\/wp-content\/uploads\/2024\/02\/Environment_hero.webp\",\"datePublished\":\"2024-01-24T14:11:43+00:00\",\"dateModified\":\"2024-02-24T14:50:17+00:00\",\"breadcrumb\":{\"@id\":\"https:\/\/www.mozambiquelng.co.mz\/pt-pt\/sustentabilidade\/meio-ambiente\/patrimonio-cultural\/#breadcrumb\"},\"inLanguage\":\"pt-PT\",\"potentialAction\":[{\"@type\":\"ReadAction\",\"target\":[\"https:\/\/www.mozambiquelng.co.mz\/pt-pt\/sustentabilidade\/meio-ambiente\/patrimonio-cultural\/\"]}]},{\"@type\":\"ImageObject\",\"inLanguage\":\"pt-PT\",\"@id\":\"https:\/\/www.mozambiquelng.co.mz\/pt-pt\/sustentabilidade\/meio-ambiente\/patrimonio-cultural\/#primaryimage\",\"url\":\"https:\/\/www.mozambiquelng.co.mz\/wp-content\/uploads\/2024\/02\/Environment_hero.webp\",\"contentUrl\":\"https:\/\/www.mozambiquelng.co.mz\/wp-content\/uploads\/2024\/02\/Environment_hero.webp\",\"width\":1700,\"height\":550,\"caption\":\"Meio Ambiente\"},{\"@type\":\"BreadcrumbList\",\"@id\":\"https:\/\/www.mozambiquelng.co.mz\/pt-pt\/sustentabilidade\/meio-ambiente\/patrimonio-cultural\/#breadcrumb\",\"itemListElement\":[{\"@type\":\"ListItem\",\"position\":1,\"name\":\"Home\",\"item\":\"https:\/\/www.mozambiquelng.co.mz\/pt-pt\/\"},{\"@type\":\"ListItem\",\"position\":2,\"name\":\"Sustentabilidade\",\"item\":\"https:\/\/www.mozambiquelng.co.mz\/pt-pt\/sustentabilidade\/\"},{\"@type\":\"ListItem\",\"position\":3,\"name\":\"Meio Ambiente\",\"item\":\"https:\/\/www.mozambiquelng.co.mz\/pt-pt\/sustentabilidade\/meio-ambiente\/\"},{\"@type\":\"ListItem\",\"position\":4,\"name\":\"Heran\u00e7a cultural.\"}]},{\"@type\":\"WebSite\",\"@id\":\"https:\/\/www.mozambiquelng.co.mz\/pt-pt\/#website\",\"url\":\"https:\/\/www.mozambiquelng.co.mz\/pt-pt\/\",\"name\":\"Mozambique LNG Project\",\"description\":\"A long-term commitment with Mozambique\",\"potentialAction\":[{\"@type\":\"SearchAction\",\"target\":{\"@type\":\"EntryPoint\",\"urlTemplate\":\"https:\/\/www.mozambiquelng.co.mz\/pt-pt\/?s={search_term_string}\"},\"query-input\":{\"@type\":\"PropertyValueSpecification\",\"valueRequired\":true,\"valueName\":\"search_term_string\"}}],\"inLanguage\":\"pt-PT\"}]}<\/script>\n<!-- \/ Yoast SEO plugin. -->","yoast_head_json":{"title":"Heran\u00e7a cultural. - Mozambique LNG Project","robots":{"index":"index","follow":"follow","max-snippet":"max-snippet:-1","max-image-preview":"max-image-preview:large","max-video-preview":"max-video-preview:-1"},"canonical":"https:\/\/www.mozambiquelng.co.mz\/pt-pt\/sustentabilidade\/meio-ambiente\/patrimonio-cultural\/","og_locale":"pt_PT","og_type":"article","og_title":"Heran\u00e7a cultural. - Mozambique LNG Project","og_url":"https:\/\/www.mozambiquelng.co.mz\/pt-pt\/sustentabilidade\/meio-ambiente\/patrimonio-cultural\/","og_site_name":"Mozambique LNG Project","article_modified_time":"2024-02-24T14:50:17+00:00","og_image":[{"width":1700,"height":550,"url":"https:\/\/www.mozambiquelng.co.mz\/wp-content\/uploads\/2024\/02\/Environment_hero.webp","type":"image\/webp"}],"twitter_card":"summary_large_image","schema":{"@context":"https:\/\/schema.org","@graph":[{"@type":"WebPage","@id":"https:\/\/www.mozambiquelng.co.mz\/pt-pt\/sustentabilidade\/meio-ambiente\/patrimonio-cultural\/","url":"https:\/\/www.mozambiquelng.co.mz\/pt-pt\/sustentabilidade\/meio-ambiente\/patrimonio-cultural\/","name":"Heran\u00e7a cultural. - Mozambique LNG Project","isPartOf":{"@id":"https:\/\/www.mozambiquelng.co.mz\/pt-pt\/#website"},"primaryImageOfPage":{"@id":"https:\/\/www.mozambiquelng.co.mz\/pt-pt\/sustentabilidade\/meio-ambiente\/patrimonio-cultural\/#primaryimage"},"image":{"@id":"https:\/\/www.mozambiquelng.co.mz\/pt-pt\/sustentabilidade\/meio-ambiente\/patrimonio-cultural\/#primaryimage"},"thumbnailUrl":"https:\/\/www.mozambiquelng.co.mz\/wp-content\/uploads\/2024\/02\/Environment_hero.webp","datePublished":"2024-01-24T14:11:43+00:00","dateModified":"2024-02-24T14:50:17+00:00","breadcrumb":{"@id":"https:\/\/www.mozambiquelng.co.mz\/pt-pt\/sustentabilidade\/meio-ambiente\/patrimonio-cultural\/#breadcrumb"},"inLanguage":"pt-PT","potentialAction":[{"@type":"ReadAction","target":["https:\/\/www.mozambiquelng.co.mz\/pt-pt\/sustentabilidade\/meio-ambiente\/patrimonio-cultural\/"]}]},{"@type":"ImageObject","inLanguage":"pt-PT","@id":"https:\/\/www.mozambiquelng.co.mz\/pt-pt\/sustentabilidade\/meio-ambiente\/patrimonio-cultural\/#primaryimage","url":"https:\/\/www.mozambiquelng.co.mz\/wp-content\/uploads\/2024\/02\/Environment_hero.webp","contentUrl":"https:\/\/www.mozambiquelng.co.mz\/wp-content\/uploads\/2024\/02\/Environment_hero.webp","width":1700,"height":550,"caption":"Meio Ambiente"},{"@type":"BreadcrumbList","@id":"https:\/\/www.mozambiquelng.co.mz\/pt-pt\/sustentabilidade\/meio-ambiente\/patrimonio-cultural\/#breadcrumb","itemListElement":[{"@type":"ListItem","position":1,"name":"Home","item":"https:\/\/www.mozambiquelng.co.mz\/pt-pt\/"},{"@type":"ListItem","position":2,"name":"Sustentabilidade","item":"https:\/\/www.mozambiquelng.co.mz\/pt-pt\/sustentabilidade\/"},{"@type":"ListItem","position":3,"name":"Meio Ambiente","item":"https:\/\/www.mozambiquelng.co.mz\/pt-pt\/sustentabilidade\/meio-ambiente\/"},{"@type":"ListItem","position":4,"name":"Heran\u00e7a cultural."}]},{"@type":"WebSite","@id":"https:\/\/www.mozambiquelng.co.mz\/pt-pt\/#website","url":"https:\/\/www.mozambiquelng.co.mz\/pt-pt\/","name":"Mozambique LNG Project","description":"A long-term commitment with Mozambique","potentialAction":[{"@type":"SearchAction","target":{"@type":"EntryPoint","urlTemplate":"https:\/\/www.mozambiquelng.co.mz\/pt-pt\/?s={search_term_string}"},"query-input":{"@type":"PropertyValueSpecification","valueRequired":true,"valueName":"search_term_string"}}],"inLanguage":"pt-PT"}]}},"_links":{"self":[{"href":"https:\/\/www.mozambiquelng.co.mz\/pt-pt\/wp-json\/wp\/v2\/pages\/2391","targetHints":{"allow":["GET"]}}],"collection":[{"href":"https:\/\/www.mozambiquelng.co.mz\/pt-pt\/wp-json\/wp\/v2\/pages"}],"about":[{"href":"https:\/\/www.mozambiquelng.co.mz\/pt-pt\/wp-json\/wp\/v2\/types\/page"}],"author":[{"embeddable":true,"href":"https:\/\/www.mozambiquelng.co.mz\/pt-pt\/wp-json\/wp\/v2\/users\/8"}],"replies":[{"embeddable":true,"href":"https:\/\/www.mozambiquelng.co.mz\/pt-pt\/wp-json\/wp\/v2\/comments?post=2391"}],"version-history":[{"count":8,"href":"https:\/\/www.mozambiquelng.co.mz\/pt-pt\/wp-json\/wp\/v2\/pages\/2391\/revisions"}],"predecessor-version":[{"id":4034,"href":"https:\/\/www.mozambiquelng.co.mz\/pt-pt\/wp-json\/wp\/v2\/pages\/2391\/revisions\/4034"}],"up":[{"embeddable":true,"href":"https:\/\/www.mozambiquelng.co.mz\/pt-pt\/wp-json\/wp\/v2\/pages\/2385"}],"wp:featuredmedia":[{"embeddable":true,"href":"https:\/\/www.mozambiquelng.co.mz\/pt-pt\/wp-json\/wp\/v2\/media\/3718"}],"wp:attachment":[{"href":"https:\/\/www.mozambiquelng.co.mz\/pt-pt\/wp-json\/wp\/v2\/media?parent=2391"}],"curies":[{"name":"wp","href":"https:\/\/api.w.org\/{rel}","templated":true}]}}