{"id":2395,"date":"2024-01-27T16:16:15","date_gmt":"2024-01-27T16:16:15","guid":{"rendered":"https:\/\/mozambiquelng-dev.5thring.co.uk\/sustentabilidade\/meio-ambiente\/licenciamento-ambiental\/"},"modified":"2024-02-24T15:05:05","modified_gmt":"2024-02-24T15:05:05","slug":"licenciamento-ambiental","status":"publish","type":"page","link":"https:\/\/www.mozambiquelng.co.mz\/pt-pt\/sustentabilidade\/meio-ambiente\/licenciamento-ambiental\/","title":{"rendered":"Licenciamento ambiental"},"content":{"rendered":"\n<div class=\"container mx-auto grid grid-cols-3 gap-x-16 p-6\">\n\n    <div class=\"col-span-3 lg:col-span-2\">\n\n        \n<div class=\"copy\">\n    \n    <p>Foi realizada uma avalia\u00e7\u00e3o de impacto ambiental (AIA) para os projectos Mozambique LNG e Mozambique Rovuma Venture (MRV) para as instala\u00e7\u00f5es e infraestrutura de GNL onshore e offshore associadas a ambos os projectos. A AIA conjunta avaliou os poss\u00edveis impactos ambientais, sociais e \u00e0 sa\u00fade dos projectos.<\/p>\n<p>O relat\u00f3rio da AIA foi aprovado pelo Minist\u00e9rio da Coordena\u00e7\u00e3o de Assuntos Ambientais (MICOA) em Junho de 2014. Ap\u00f3s a AIA, realizamos proactivamente v\u00e1rias avalia\u00e7\u00f5es ambientais adicionais para apoiar o nosso projecto, incluindo:<\/p>\n<ul>\n<li>Uma avalia\u00e7\u00e3o de impacto ambiental associada \u00e0 constru\u00e7\u00e3o e opera\u00e7\u00f5es da Vila de Reassentamento (Adenda da AIA \u00e0 Vila de Reassentamento).<\/li>\n<li>V\u00e1rios <strong>Planos de Gest\u00e3o Ambiental (PGAs)<\/strong> considerando as mudan\u00e7as no projecto e impactos associados desde a conclus\u00e3o da AIA do GNL.<\/li>\n<li><strong>Avalia\u00e7\u00f5es ambientais espec\u00edficas<\/strong> &#8211; com foco nas estruturas relacionadas ao projecto, localizadas fora da \u00e1rea do projecto (por exemplo, linha de energia de 33kV, Estrada Palma-Afungi).<\/li>\n<\/ul>\n<p>O Minist\u00e9rio da Terra, Meio Ambiente e Desenvolvimento Rural (MITADER), actualmenteconhecido como Minist\u00e9rio da Terra e Meio Ambiente, MTA, emitiu as licen\u00e7as ambientais do projecto em 2018, ap\u00f3s a aprova\u00e7\u00e3o do Plano de Reassentamento.<\/p>\n\n<\/div>\n\n\n    <\/div>\n\n    <div class=\"col-span-3 lg:col-span-1\">\n\n        \n    <h5 class=\"mb-4\">Leia mais<\/h5>\n\n\n    <div class=\"flex flex-col items-end gap-2\">\n                    <a class=\"cta-btn text-s2 text-right last-of-type:mb-4\" href=\"https:\/\/mozambiquelng.co.mz\/sustainability\/environment\/environmental-impact-assessment\/\" target=\"\">Documenta\u00e7\u00e3o IA<\/a>\n                    <a class=\"cta-btn text-s2 text-right last-of-type:mb-4\" href=\"https:\/\/mozambiquelng.co.mz\/sustainability\/resettlement\/resettlement-plan\/\" target=\"\">Plano de Reassentamento<\/a>\n            <\/div>\n\n\n    <\/div>\n\n<\/div>\n<div class=\"bg-green\">\n\n    <div class=\"container mx-auto px-6 py-12\">\n\n            \n            <h3 class=\"mb-8\">LEIA SOBRE AS NOSSAS OUTRAS \u00c1REAS DE FOCO AMBIENTAL<\/h3>\n\n        \n        <div class=\"grid lg:grid-cols-4 gap-8\">\n\n            \n\n\n    <a class=\"flex flex-col bg-white overflow-hidden mb-4 rounded-2xl\" href=\"https:\/\/mozambiquelng.co.mz\/sustainability\/environment\/resource-management\/\" target=\"_self\">\n        <div class=\"flex flex-col grow\">\n                                            <div class=\"w-full pb-16\/9 bg-cover bg-center\" style=\"background-image: url(https:\/\/www.mozambiquelng.co.mz\/wp-content\/uploads\/2024\/02\/Resource-Management_teaser-412x232.webp);\"><\/div>\n                        <div class=\"flex flex-col grow items-end p-6\">\n                <div class=\"flex place-self-start flex-col grow\"> \n                    <p class=\"text-s2 text-blue\"><\/p>\n                    <h5 class=\"my-4 font-medium\">Gest\u00e3o de recursos<\/h5>\n                    <p class=\"text-body2\">Desenvolvemos um Plano de Gest\u00e3o de Eros\u00e3o, Reintegra\u00e7\u00e3o e Paisagismo dos Solos como parte do ESMP.<\/p>\n                <\/div>\n                                    <button class=\"cta-btn text-s2 text-blue\">Leia mais<\/button>\n                            <\/div>\n    <\/div>\n    <\/a>\n\n\n\n\n    <a class=\"flex flex-col bg-white overflow-hidden mb-4 rounded-2xl\" href=\"https:\/\/mozambiquelng.co.mz\/sustainability\/environment\/pollution-management-and-control\/\" target=\"_self\">\n        <div class=\"flex flex-col grow\">\n                                            <div class=\"w-full pb-16\/9 bg-cover bg-center\" style=\"background-image: url(https:\/\/www.mozambiquelng.co.mz\/wp-content\/uploads\/2024\/02\/Pollution-Management_teaser-412x232.webp);\"><\/div>\n                        <div class=\"flex flex-col grow items-end p-6\">\n                <div class=\"flex place-self-start flex-col grow\"> \n                    <p class=\"text-s2 text-blue\"><\/p>\n                    <h5 class=\"my-4 font-medium\">Gest\u00e3o da polui\u00e7\u00e3o<\/h5>\n                    <p class=\"text-body2\">Planos de controlo e preven\u00e7\u00e3o da polui\u00e7\u00e3o foram desenvolvidos como parte do ESMP.<\/p>\n                <\/div>\n                                    <button class=\"cta-btn text-s2 text-blue\">Leia mais<\/button>\n                            <\/div>\n    <\/div>\n    <\/a>\n\n\n\n\n    <a class=\"flex flex-col bg-white overflow-hidden mb-4 rounded-2xl\" href=\"https:\/\/mozambiquelng.co.mz\/sustainability\/environment\/biodiversity-ecosystem-services\/\" target=\"_self\">\n        <div class=\"flex flex-col grow\">\n                                            <div class=\"w-full pb-16\/9 bg-cover bg-center\" style=\"background-image: url(https:\/\/www.mozambiquelng.co.mz\/wp-content\/uploads\/2024\/01\/Speckled-green-snake-Philothamnus-punctatus-412x232.webp);\"><\/div>\n                        <div class=\"flex flex-col grow items-end p-6\">\n                <div class=\"flex place-self-start flex-col grow\"> \n                    <p class=\"text-s2 text-blue\"><\/p>\n                    <h5 class=\"my-4 font-medium\">Servi\u00e7os de biodiversidade &amp; ecosistema<\/h5>\n                    <p class=\"text-body2\">Desenvolvemos uma estrat\u00e9gia de biodiversidade para apoiar e contribuir para a manuten\u00e7\u00e3o dos servi\u00e7os de ecossistema.<\/p>\n                <\/div>\n                                    <button class=\"cta-btn text-s2 text-blue\">Leia mais<\/button>\n                            <\/div>\n    <\/div>\n    <\/a>\n\n\n\n\n    <a class=\"flex flex-col bg-white overflow-hidden mb-4 rounded-2xl\" href=\"https:\/\/mozambiquelng.co.mz\/sustainability\/environment\/cultural-heritage\/\" target=\"_self\">\n        <div class=\"flex flex-col grow\">\n                                            <div class=\"w-full pb-16\/9 bg-cover bg-center\" style=\"background-image: url(https:\/\/www.mozambiquelng.co.mz\/wp-content\/uploads\/2024\/01\/AS7_CCN00289_Potsherds-Photo.001-412x232.webp);\"><\/div>\n                        <div class=\"flex flex-col grow items-end p-6\">\n                <div class=\"flex place-self-start flex-col grow\"> \n                    <p class=\"text-s2 text-blue\"><\/p>\n                    <h5 class=\"my-4 font-medium\">Heran\u00e7a cultural.<\/h5>\n                    <p class=\"text-body2\">Temos o compromisso de promover a protec\u00e7\u00e3o da preserva\u00e7\u00e3o do patrim\u00f3nio cultural na \u00e1rea de opera\u00e7\u00f5es do projecto.<\/p>\n                <\/div>\n                                    <button class=\"cta-btn text-s2 text-blue\">Leia mais<\/button>\n                            <\/div>\n    <\/div>\n    <\/a>\n\n\n        <\/div>\n    \n    <\/div>\n\n<\/div>","protected":false},"excerpt":{"rendered":"","protected":false},"author":8,"featured_media":3718,"parent":2385,"menu_order":0,"comment_status":"closed","ping_status":"closed","template":"","meta":{"_acf_changed":false,"footnotes":""},"class_list":["post-2395","page","type-page","status-publish","has-post-thumbnail","hentry"],"acf":[],"yoast_head":"<!-- This site is optimized with the Yoast SEO plugin v25.3.1 - https:\/\/yoast.com\/wordpress\/plugins\/seo\/ -->\n<title>Licenciamento ambiental - Mozambique LNG Project<\/title>\n<meta name=\"robots\" content=\"index, follow, max-snippet:-1, max-image-preview:large, max-video-preview:-1\" \/>\n<link rel=\"canonical\" href=\"https:\/\/www.mozambiquelng.co.mz\/pt-pt\/sustentabilidade\/meio-ambiente\/licenciamento-ambiental\/\" \/>\n<meta property=\"og:locale\" content=\"pt_PT\" \/>\n<meta property=\"og:type\" content=\"article\" \/>\n<meta property=\"og:title\" content=\"Licenciamento ambiental - Mozambique LNG Project\" \/>\n<meta property=\"og:url\" content=\"https:\/\/www.mozambiquelng.co.mz\/pt-pt\/sustentabilidade\/meio-ambiente\/licenciamento-ambiental\/\" \/>\n<meta property=\"og:site_name\" content=\"Mozambique LNG Project\" \/>\n<meta property=\"article:modified_time\" content=\"2024-02-24T15:05:05+00:00\" \/>\n<meta property=\"og:image\" content=\"https:\/\/www.mozambiquelng.co.mz\/wp-content\/uploads\/2024\/02\/Environment_hero.webp\" \/>\n\t<meta property=\"og:image:width\" content=\"1700\" \/>\n\t<meta property=\"og:image:height\" content=\"550\" \/>\n\t<meta property=\"og:image:type\" content=\"image\/webp\" \/>\n<meta name=\"twitter:card\" content=\"summary_large_image\" \/>\n<script type=\"application\/ld+json\" class=\"yoast-schema-graph\">{\"@context\":\"https:\/\/schema.org\",\"@graph\":[{\"@type\":\"WebPage\",\"@id\":\"https:\/\/www.mozambiquelng.co.mz\/pt-pt\/sustentabilidade\/meio-ambiente\/licenciamento-ambiental\/\",\"url\":\"https:\/\/www.mozambiquelng.co.mz\/pt-pt\/sustentabilidade\/meio-ambiente\/licenciamento-ambiental\/\",\"name\":\"Licenciamento ambiental - Mozambique LNG Project\",\"isPartOf\":{\"@id\":\"https:\/\/www.mozambiquelng.co.mz\/pt-pt\/#website\"},\"primaryImageOfPage\":{\"@id\":\"https:\/\/www.mozambiquelng.co.mz\/pt-pt\/sustentabilidade\/meio-ambiente\/licenciamento-ambiental\/#primaryimage\"},\"image\":{\"@id\":\"https:\/\/www.mozambiquelng.co.mz\/pt-pt\/sustentabilidade\/meio-ambiente\/licenciamento-ambiental\/#primaryimage\"},\"thumbnailUrl\":\"https:\/\/www.mozambiquelng.co.mz\/wp-content\/uploads\/2024\/02\/Environment_hero.webp\",\"datePublished\":\"2024-01-27T16:16:15+00:00\",\"dateModified\":\"2024-02-24T15:05:05+00:00\",\"breadcrumb\":{\"@id\":\"https:\/\/www.mozambiquelng.co.mz\/pt-pt\/sustentabilidade\/meio-ambiente\/licenciamento-ambiental\/#breadcrumb\"},\"inLanguage\":\"pt-PT\",\"potentialAction\":[{\"@type\":\"ReadAction\",\"target\":[\"https:\/\/www.mozambiquelng.co.mz\/pt-pt\/sustentabilidade\/meio-ambiente\/licenciamento-ambiental\/\"]}]},{\"@type\":\"ImageObject\",\"inLanguage\":\"pt-PT\",\"@id\":\"https:\/\/www.mozambiquelng.co.mz\/pt-pt\/sustentabilidade\/meio-ambiente\/licenciamento-ambiental\/#primaryimage\",\"url\":\"https:\/\/www.mozambiquelng.co.mz\/wp-content\/uploads\/2024\/02\/Environment_hero.webp\",\"contentUrl\":\"https:\/\/www.mozambiquelng.co.mz\/wp-content\/uploads\/2024\/02\/Environment_hero.webp\",\"width\":1700,\"height\":550,\"caption\":\"Meio Ambiente\"},{\"@type\":\"BreadcrumbList\",\"@id\":\"https:\/\/www.mozambiquelng.co.mz\/pt-pt\/sustentabilidade\/meio-ambiente\/licenciamento-ambiental\/#breadcrumb\",\"itemListElement\":[{\"@type\":\"ListItem\",\"position\":1,\"name\":\"Home\",\"item\":\"https:\/\/www.mozambiquelng.co.mz\/pt-pt\/\"},{\"@type\":\"ListItem\",\"position\":2,\"name\":\"Sustentabilidade\",\"item\":\"https:\/\/www.mozambiquelng.co.mz\/pt-pt\/sustentabilidade\/\"},{\"@type\":\"ListItem\",\"position\":3,\"name\":\"Meio Ambiente\",\"item\":\"https:\/\/www.mozambiquelng.co.mz\/pt-pt\/sustentabilidade\/meio-ambiente\/\"},{\"@type\":\"ListItem\",\"position\":4,\"name\":\"Licenciamento ambiental\"}]},{\"@type\":\"WebSite\",\"@id\":\"https:\/\/www.mozambiquelng.co.mz\/pt-pt\/#website\",\"url\":\"https:\/\/www.mozambiquelng.co.mz\/pt-pt\/\",\"name\":\"Mozambique LNG Project\",\"description\":\"A long-term commitment with Mozambique\",\"potentialAction\":[{\"@type\":\"SearchAction\",\"target\":{\"@type\":\"EntryPoint\",\"urlTemplate\":\"https:\/\/www.mozambiquelng.co.mz\/pt-pt\/?s={search_term_string}\"},\"query-input\":{\"@type\":\"PropertyValueSpecification\",\"valueRequired\":true,\"valueName\":\"search_term_string\"}}],\"inLanguage\":\"pt-PT\"}]}<\/script>\n<!-- \/ Yoast SEO plugin. -->","yoast_head_json":{"title":"Licenciamento ambiental - Mozambique LNG Project","robots":{"index":"index","follow":"follow","max-snippet":"max-snippet:-1","max-image-preview":"max-image-preview:large","max-video-preview":"max-video-preview:-1"},"canonical":"https:\/\/www.mozambiquelng.co.mz\/pt-pt\/sustentabilidade\/meio-ambiente\/licenciamento-ambiental\/","og_locale":"pt_PT","og_type":"article","og_title":"Licenciamento ambiental - Mozambique LNG Project","og_url":"https:\/\/www.mozambiquelng.co.mz\/pt-pt\/sustentabilidade\/meio-ambiente\/licenciamento-ambiental\/","og_site_name":"Mozambique LNG Project","article_modified_time":"2024-02-24T15:05:05+00:00","og_image":[{"width":1700,"height":550,"url":"https:\/\/www.mozambiquelng.co.mz\/wp-content\/uploads\/2024\/02\/Environment_hero.webp","type":"image\/webp"}],"twitter_card":"summary_large_image","schema":{"@context":"https:\/\/schema.org","@graph":[{"@type":"WebPage","@id":"https:\/\/www.mozambiquelng.co.mz\/pt-pt\/sustentabilidade\/meio-ambiente\/licenciamento-ambiental\/","url":"https:\/\/www.mozambiquelng.co.mz\/pt-pt\/sustentabilidade\/meio-ambiente\/licenciamento-ambiental\/","name":"Licenciamento ambiental - Mozambique LNG Project","isPartOf":{"@id":"https:\/\/www.mozambiquelng.co.mz\/pt-pt\/#website"},"primaryImageOfPage":{"@id":"https:\/\/www.mozambiquelng.co.mz\/pt-pt\/sustentabilidade\/meio-ambiente\/licenciamento-ambiental\/#primaryimage"},"image":{"@id":"https:\/\/www.mozambiquelng.co.mz\/pt-pt\/sustentabilidade\/meio-ambiente\/licenciamento-ambiental\/#primaryimage"},"thumbnailUrl":"https:\/\/www.mozambiquelng.co.mz\/wp-content\/uploads\/2024\/02\/Environment_hero.webp","datePublished":"2024-01-27T16:16:15+00:00","dateModified":"2024-02-24T15:05:05+00:00","breadcrumb":{"@id":"https:\/\/www.mozambiquelng.co.mz\/pt-pt\/sustentabilidade\/meio-ambiente\/licenciamento-ambiental\/#breadcrumb"},"inLanguage":"pt-PT","potentialAction":[{"@type":"ReadAction","target":["https:\/\/www.mozambiquelng.co.mz\/pt-pt\/sustentabilidade\/meio-ambiente\/licenciamento-ambiental\/"]}]},{"@type":"ImageObject","inLanguage":"pt-PT","@id":"https:\/\/www.mozambiquelng.co.mz\/pt-pt\/sustentabilidade\/meio-ambiente\/licenciamento-ambiental\/#primaryimage","url":"https:\/\/www.mozambiquelng.co.mz\/wp-content\/uploads\/2024\/02\/Environment_hero.webp","contentUrl":"https:\/\/www.mozambiquelng.co.mz\/wp-content\/uploads\/2024\/02\/Environment_hero.webp","width":1700,"height":550,"caption":"Meio Ambiente"},{"@type":"BreadcrumbList","@id":"https:\/\/www.mozambiquelng.co.mz\/pt-pt\/sustentabilidade\/meio-ambiente\/licenciamento-ambiental\/#breadcrumb","itemListElement":[{"@type":"ListItem","position":1,"name":"Home","item":"https:\/\/www.mozambiquelng.co.mz\/pt-pt\/"},{"@type":"ListItem","position":2,"name":"Sustentabilidade","item":"https:\/\/www.mozambiquelng.co.mz\/pt-pt\/sustentabilidade\/"},{"@type":"ListItem","position":3,"name":"Meio Ambiente","item":"https:\/\/www.mozambiquelng.co.mz\/pt-pt\/sustentabilidade\/meio-ambiente\/"},{"@type":"ListItem","position":4,"name":"Licenciamento ambiental"}]},{"@type":"WebSite","@id":"https:\/\/www.mozambiquelng.co.mz\/pt-pt\/#website","url":"https:\/\/www.mozambiquelng.co.mz\/pt-pt\/","name":"Mozambique LNG Project","description":"A long-term commitment with Mozambique","potentialAction":[{"@type":"SearchAction","target":{"@type":"EntryPoint","urlTemplate":"https:\/\/www.mozambiquelng.co.mz\/pt-pt\/?s={search_term_string}"},"query-input":{"@type":"PropertyValueSpecification","valueRequired":true,"valueName":"search_term_string"}}],"inLanguage":"pt-PT"}]}},"_links":{"self":[{"href":"https:\/\/www.mozambiquelng.co.mz\/pt-pt\/wp-json\/wp\/v2\/pages\/2395","targetHints":{"allow":["GET"]}}],"collection":[{"href":"https:\/\/www.mozambiquelng.co.mz\/pt-pt\/wp-json\/wp\/v2\/pages"}],"about":[{"href":"https:\/\/www.mozambiquelng.co.mz\/pt-pt\/wp-json\/wp\/v2\/types\/page"}],"author":[{"embeddable":true,"href":"https:\/\/www.mozambiquelng.co.mz\/pt-pt\/wp-json\/wp\/v2\/users\/8"}],"replies":[{"embeddable":true,"href":"https:\/\/www.mozambiquelng.co.mz\/pt-pt\/wp-json\/wp\/v2\/comments?post=2395"}],"version-history":[{"count":9,"href":"https:\/\/www.mozambiquelng.co.mz\/pt-pt\/wp-json\/wp\/v2\/pages\/2395\/revisions"}],"predecessor-version":[{"id":4066,"href":"https:\/\/www.mozambiquelng.co.mz\/pt-pt\/wp-json\/wp\/v2\/pages\/2395\/revisions\/4066"}],"up":[{"embeddable":true,"href":"https:\/\/www.mozambiquelng.co.mz\/pt-pt\/wp-json\/wp\/v2\/pages\/2385"}],"wp:featuredmedia":[{"embeddable":true,"href":"https:\/\/www.mozambiquelng.co.mz\/pt-pt\/wp-json\/wp\/v2\/media\/3718"}],"wp:attachment":[{"href":"https:\/\/www.mozambiquelng.co.mz\/pt-pt\/wp-json\/wp\/v2\/media?parent=2395"}],"curies":[{"name":"wp","href":"https:\/\/api.w.org\/{rel}","templated":true}]}}