{"id":2403,"date":"2024-01-25T10:29:48","date_gmt":"2024-01-25T08:29:48","guid":{"rendered":"https:\/\/mozambiquelng-dev.5thring.co.uk\/sustentabilidade\/reassentamento\/"},"modified":"2025-05-19T14:35:55","modified_gmt":"2025-05-19T12:35:55","slug":"reassentamento","status":"publish","type":"page","link":"https:\/\/www.mozambiquelng.co.mz\/pt-pt\/sustentabilidade\/reassentamento\/","title":{"rendered":"Reassentamento"},"content":{"rendered":"\n<div class=\"container mx-auto grid grid-cols-3 gap-x-16 p-6\">\n\n    <div class=\"col-span-3 lg:col-span-2\">\n\n        \n<div class=\"copy\">\n    \n    <p>A garantia de terra para a constru\u00e7\u00e3o e opera\u00e7\u00e3o do Projecto de Mozambique LNG e do Projecto de GNL da \u00c1rea 4 da bacia do Rovuma envolve o deslocamento f\u00edsico da comunidade de Quitupo, bem como o deslocamento econ\u00f3mico de fam\u00edlias que cultivam terras dentro da \u00e1rea do projecto. Al\u00e9m da constru\u00e7\u00e3o de infraestrutura nearshore e offshore, a constru\u00e7\u00e3o e opera\u00e7\u00e3o do projecto da A1 e A4 envolver\u00e3o o deslocamento econ\u00f3mico de actividades de colectores e pescadores entre mar\u00e9s. Para garantir o acesso \u00e0 terra, gerir os deslocamentos involunt\u00e1rios e garantir o restabelecimento e desenvolvimento dos meios de subsist\u00eancia nessas \u00e1reas, a TEPMA1 e o Projecto de GNL da \u00c1rea 4 do Rovuma desenvolveram um plano de reassentamento. O plano foi aprovado pelo Governo de Mo\u00e7ambique, no dia 8 de Novembro de 2016 e a implementa\u00e7\u00e3o iniciada com a Morat\u00f3ria anunciada, no dia 6 de Novembro de 2017. A entrega do plano de reassentamento \u00e9 liderada pela TEPMA1 como Operadora, enquanto a \u00c1rea 1 e a \u00c1rea 4 partilham o custo.<\/p>\n<p>A constru\u00e7\u00e3o da vila de substitui\u00e7\u00e3o (Quitunda) come\u00e7ou em 2018. A entrega da vila ao governo distrital e o primeiro reassentamento ocorreu em Julho de 2019 e a Fase 1 do reassentamento est\u00e1 conclu\u00edda. A TEPMA1 continua a trabalhar na constru\u00e7\u00e3o, reassentamento e restabelecimento e desenvolvimento de meios de subsist\u00eancia.<\/p>\n\n<\/div>\n\n\n    <\/div>\n\n    <div class=\"col-span-3 lg:col-span-1\">\n\n        \n\n\n    <a href=\"https:\/\/mozambiquelng.co.mz\/wp-content\/uploads\/2025\/03\/RESETTLEMENT-FACTSHEET_FEB-2025_PT.pdf\" class=\"no-underline\" target=\"_blank\">\n        <div class=\"flex flex-col overflow-hidden mb-4 rounded-2xl\">\n            <div class=\"w-full h-[232px] bg-cover bg-center\" style=\"background-image: url();\"><\/div>\n            <div class=\"flex flex-col items-end bg-grey5 p-6\">\n                <div class=\"place-self-start\">\n                    <p class=\"mb-0 text-s2 text-blue\"><\/p>\n                    <h5 class=\"my-4 text-black font-medium\">Fichas Informativas do Reassentamento<\/h5>\n                    <p class=\"text-black text-body2\"><\/p>\n                <\/div>\n                <button class=\"cta-btn text-s2 text-blue\">Descarregar o documento PDF<\/button>\n            <\/div>\n    <\/div>\n    <\/a>\n\n\n    <\/div>\n\n<\/div>\n<div class=\"container mx-auto p-6\">\n    <div class=\"w-full lg:w-8\/12 flex flex-col items-end\">\n                            \n            <div class=\"accordion-item w-full mb-4 lg:mb-8 border-b-2 border-b-grey3\">\n                <button class=\"acc_title flex flex-row items-center gap-x-2 w-full bg-white text-left mb-4 lg:mb-8\">\n                    <img decoding=\"async\" class=\"acc-icon\" src=\"https:\/\/www.mozambiquelng.co.mz\/wp-content\/themes\/twenty-twenty-one-child\/assets\/icons\/plus-icon.svg\" \/>\n                    <h5>Principais compromissos do reassentamento<\/h5>\n                <\/button>\n                <div class=\"panel w-full mb-4 lg:mb-8\">\n\n                    \n    <div class=\"copy\">\n        <p>O Plano de Reassentamento foi desenvolvido com os principais compromissos de reassentamento, que incluem:<\/p>\n<ul>\n<li>Evitar ou minimizar, sempre que poss\u00edvel, os impactos do projecto que causem o deslocamento f\u00edsico e\/ou econ\u00f3mico, explorando alternativas no concep\u00e7\u00e3o e na localiza\u00e7\u00e3o do projecto;.<\/li>\n<li>Envolver as comunidades afectadas e representantes do governo de todos os n\u00edveis no processo de reassentamento;.<\/li>\n<li>Realizar consultas durante todo o planeamento, implementa\u00e7\u00e3o e monitoria do reassentamento;.<\/li>\n<li>Realizar processos de consulta que garantam a participa\u00e7\u00e3o livre, pr\u00e9via e informada de pessoas e comunidades afectadas na tomada de decis\u00f5es relacionadas aos impactos que podem afect\u00e1-las.<\/li>\n<li>Compensar as pessoas afectadas pelos projectos pelo valor total de reposi\u00e7\u00e3o de propriedade perdida, conforme prescrita na legisla\u00e7\u00e3o mo\u00e7ambicana e nas directrizes internacionais.<\/li>\n<li>Ajudar as pessoas durante o seu processo de reassentamento e restabelecimento f\u00edsico para garantir o m\u00ednimo poss\u00edvel de perturba\u00e7\u00f5es sociais, culturais e econ\u00f3micas nas suas vidas di\u00e1rias.<\/li>\n<li>Proporcionar oportunidades para as pessoas deslocadas melhorarem os seus padr\u00f5es de vida atrav\u00e9s do fornecimento de infraestrutura habitacional e social melhorada, melhorias nos meios de subsist\u00eancia e integra\u00e7\u00e3o em programas de desenvolvimento.<\/li>\n<li>Consultar significativamente as comunidades para projectar e implementar maneiras culturalmente apropriadas e economicamente sustent\u00e1veis de restaurar os meios de subsist\u00eancia.<\/li>\n<li>Estabelecer programas e iniciativas atrav\u00e9s das quais as pessoas deslocadas e as comunidades anfitri\u00e3s possam, al\u00e9m dos programas de restaura\u00e7\u00e3o dos meios de subsist\u00eancia, se beneficiam- dos projectos.<\/li>\n<li>Identificar as pessoas ou fam\u00edlias vulner\u00e1veis que possam ser severamente afectadas pelo deslocamento e prestar assist\u00eancia especial para ajud\u00e1-las a participar e se beneficiar dos programas de restaura\u00e7\u00e3o e desenvolvimento dos meios de subsist\u00eancia dos projectos.<\/li>\n<li>Colaborar com as comunidades afectadas para monitorar e avaliar e, quando necess\u00e1rio, implementar medidas correctivas durante a implementa\u00e7\u00e3o do programa de reassentamento.<\/li>\n<li>Implementar um processo de resolu\u00e7\u00e3o de reclama\u00e7\u00f5es que permita que as fam\u00edlias afectadas apresentem e resolvam reclama\u00e7\u00f5es relacionadas \u00e0 implementa\u00e7\u00e3o de programas de compensa\u00e7\u00e3o e reassentamento.<\/li>\n<\/ul>\n    <\/div>\n\n\n                <\/div>\n            <\/div>\n                                <\/div>\n<\/div>\n<div class=\"bg-yellow\">\n\n    <div class=\"container mx-auto px-6 py-12\">\n\n            \n            <h3 class=\"mb-8\">Planos e programas de ressentamento<\/h3>\n\n        \n        <div class=\"grid lg:grid-cols-4 gap-8\">\n\n            \n\n\n    <a class=\"flex flex-col bg-white overflow-hidden mb-4 rounded-2xl\" href=\"https:\/\/mozambiquelng.co.mz\/sustainability\/resettlement\/resettlement-plan\/\" target=\"_self\">\n        <div class=\"flex flex-col grow\">\n                                            <div class=\"w-full pb-16\/9 bg-cover bg-center\" style=\"background-image: url(https:\/\/www.mozambiquelng.co.mz\/wp-content\/uploads\/2024\/01\/resettlement-plan-teaser-412x232.webp);\"><\/div>\n                        <div class=\"flex flex-col grow items-end p-6\">\n                <div class=\"flex place-self-start flex-col grow\"> \n                    <p class=\"text-s2 text-blue\"><\/p>\n                    <h5 class=\"my-4 font-medium\">Plano de reassentamento<\/h5>\n                    <p class=\"text-body2\">Um plano de reassentamento respons\u00e1vel para restaurar ou melhorar os meios de subsist\u00eancia das&#8230;<\/p>\n                <\/div>\n                                    <button class=\"cta-btn text-s2 text-blue\">Leia mais<\/button>\n                            <\/div>\n    <\/div>\n    <\/a>\n\n\n\n\n    <a class=\"flex flex-col bg-white overflow-hidden mb-4 rounded-2xl\" href=\"https:\/\/mozambiquelng.co.mz\/sustainability\/resettlement\/quitunda-village\/\" target=\"_self\">\n        <div class=\"flex flex-col grow\">\n                                            <div class=\"w-full pb-16\/9 bg-cover bg-center\" style=\"background-image: url(https:\/\/www.mozambiquelng.co.mz\/wp-content\/uploads\/2024\/01\/quitunda-teaser-412x232.jpg);\"><\/div>\n                        <div class=\"flex flex-col grow items-end p-6\">\n                <div class=\"flex place-self-start flex-col grow\"> \n                    <p class=\"text-s2 text-blue\"><\/p>\n                    <h5 class=\"my-4 font-medium\">Vila de Quitunda<\/h5>\n                    <p class=\"text-body2\">A nova comunidade constru\u00edda para fam\u00edlias afectadas pelo deslocamento f\u00edsico.<\/p>\n                <\/div>\n                                    <button class=\"cta-btn text-s2 text-blue\">Leia mais<\/button>\n                            <\/div>\n    <\/div>\n    <\/a>\n\n\n\n\n    <a class=\"flex flex-col bg-white overflow-hidden mb-4 rounded-2xl\" href=\"https:\/\/mozambiquelng.co.mz\/sustainability\/resettlement\/livelihood-restoration-programs\/\" target=\"_self\">\n        <div class=\"flex flex-col grow\">\n                                            <div class=\"w-full pb-16\/9 bg-cover bg-center\" style=\"background-image: url(https:\/\/www.mozambiquelng.co.mz\/wp-content\/uploads\/2024\/01\/livelihood-restoration-teaser-412x232.webp);\"><\/div>\n                        <div class=\"flex flex-col grow items-end p-6\">\n                <div class=\"flex place-self-start flex-col grow\"> \n                    <p class=\"text-s2 text-blue\"><\/p>\n                    <h5 class=\"my-4 font-medium\">Restaura\u00e7\u00e3o dos meios de subsist\u00eancia<\/h5>\n                    <p class=\"text-body2\">A nova comunidade constru\u00edda para fam\u00edlias afectadas pelo deslocamento f\u00edsico.<\/p>\n                <\/div>\n                                    <button class=\"cta-btn text-s2 text-blue\">Leia mais<\/button>\n                            <\/div>\n    <\/div>\n    <\/a>\n\n\n\n\n    <a class=\"flex flex-col bg-white overflow-hidden mb-4 rounded-2xl\" href=\"https:\/\/mozambiquelng.co.mz\/sustainability\/resettlement\/vulnerable-peoples-program\/\" target=\"_self\">\n        <div class=\"flex flex-col grow\">\n                                            <div class=\"w-full pb-16\/9 bg-cover bg-center\" style=\"background-image: url(https:\/\/www.mozambiquelng.co.mz\/wp-content\/uploads\/2024\/01\/vulnerable-people-teaser-412x232.jpg);\"><\/div>\n                        <div class=\"flex flex-col grow items-end p-6\">\n                <div class=\"flex place-self-start flex-col grow\"> \n                    <p class=\"text-s2 text-blue\"><\/p>\n                    <h5 class=\"my-4 font-medium\">Programa de pessoas vulner\u00e1veis<\/h5>\n                    <p class=\"text-body2\">Um programa que identifica, avalia e presta assist\u00eancia a fam\u00edlias vulner\u00e1veis durante o processo de&#8230;<\/p>\n                <\/div>\n                                    <button class=\"cta-btn text-s2 text-blue\">Leia mais<\/button>\n                            <\/div>\n    <\/div>\n    <\/a>\n\n\n        <\/div>\n    \n    <\/div>\n\n<\/div>","protected":false},"excerpt":{"rendered":"","protected":false},"author":8,"featured_media":1799,"parent":2357,"menu_order":2,"comment_status":"closed","ping_status":"closed","template":"","meta":{"_acf_changed":false,"footnotes":""},"class_list":["post-2403","page","type-page","status-publish","has-post-thumbnail","hentry"],"acf":[],"yoast_head":"<!-- This site is optimized with the Yoast SEO plugin v25.3.1 - https:\/\/yoast.com\/wordpress\/plugins\/seo\/ -->\n<title>Reassentamento - Mozambique LNG Project<\/title>\n<meta name=\"robots\" content=\"index, follow, max-snippet:-1, max-image-preview:large, max-video-preview:-1\" \/>\n<link rel=\"canonical\" href=\"https:\/\/www.mozambiquelng.co.mz\/pt-pt\/sustentabilidade\/reassentamento\/\" \/>\n<meta property=\"og:locale\" content=\"pt_PT\" \/>\n<meta property=\"og:type\" content=\"article\" \/>\n<meta property=\"og:title\" content=\"Reassentamento - Mozambique LNG Project\" \/>\n<meta property=\"og:url\" content=\"https:\/\/www.mozambiquelng.co.mz\/pt-pt\/sustentabilidade\/reassentamento\/\" \/>\n<meta property=\"og:site_name\" content=\"Mozambique LNG Project\" \/>\n<meta property=\"article:modified_time\" content=\"2025-05-19T12:35:55+00:00\" \/>\n<meta property=\"og:image\" content=\"https:\/\/www.mozambiquelng.co.mz\/wp-content\/uploads\/2024\/01\/resettlement_1700.jpg\" \/>\n\t<meta property=\"og:image:width\" content=\"1700\" \/>\n\t<meta property=\"og:image:height\" content=\"550\" \/>\n\t<meta property=\"og:image:type\" content=\"image\/jpeg\" \/>\n<meta name=\"twitter:card\" content=\"summary_large_image\" \/>\n<script type=\"application\/ld+json\" class=\"yoast-schema-graph\">{\"@context\":\"https:\/\/schema.org\",\"@graph\":[{\"@type\":\"WebPage\",\"@id\":\"https:\/\/www.mozambiquelng.co.mz\/pt-pt\/sustentabilidade\/reassentamento\/\",\"url\":\"https:\/\/www.mozambiquelng.co.mz\/pt-pt\/sustentabilidade\/reassentamento\/\",\"name\":\"Reassentamento - Mozambique LNG Project\",\"isPartOf\":{\"@id\":\"https:\/\/www.mozambiquelng.co.mz\/pt-pt\/#website\"},\"primaryImageOfPage\":{\"@id\":\"https:\/\/www.mozambiquelng.co.mz\/pt-pt\/sustentabilidade\/reassentamento\/#primaryimage\"},\"image\":{\"@id\":\"https:\/\/www.mozambiquelng.co.mz\/pt-pt\/sustentabilidade\/reassentamento\/#primaryimage\"},\"thumbnailUrl\":\"https:\/\/www.mozambiquelng.co.mz\/wp-content\/uploads\/2024\/01\/resettlement_1700.jpg\",\"datePublished\":\"2024-01-25T08:29:48+00:00\",\"dateModified\":\"2025-05-19T12:35:55+00:00\",\"breadcrumb\":{\"@id\":\"https:\/\/www.mozambiquelng.co.mz\/pt-pt\/sustentabilidade\/reassentamento\/#breadcrumb\"},\"inLanguage\":\"pt-PT\",\"potentialAction\":[{\"@type\":\"ReadAction\",\"target\":[\"https:\/\/www.mozambiquelng.co.mz\/pt-pt\/sustentabilidade\/reassentamento\/\"]}]},{\"@type\":\"ImageObject\",\"inLanguage\":\"pt-PT\",\"@id\":\"https:\/\/www.mozambiquelng.co.mz\/pt-pt\/sustentabilidade\/reassentamento\/#primaryimage\",\"url\":\"https:\/\/www.mozambiquelng.co.mz\/wp-content\/uploads\/2024\/01\/resettlement_1700.jpg\",\"contentUrl\":\"https:\/\/www.mozambiquelng.co.mz\/wp-content\/uploads\/2024\/01\/resettlement_1700.jpg\",\"width\":1700,\"height\":550,\"caption\":\"DCIM100MEDIADJI_0011.JPG\"},{\"@type\":\"BreadcrumbList\",\"@id\":\"https:\/\/www.mozambiquelng.co.mz\/pt-pt\/sustentabilidade\/reassentamento\/#breadcrumb\",\"itemListElement\":[{\"@type\":\"ListItem\",\"position\":1,\"name\":\"Home\",\"item\":\"https:\/\/www.mozambiquelng.co.mz\/pt-pt\/\"},{\"@type\":\"ListItem\",\"position\":2,\"name\":\"Sustentabilidade\",\"item\":\"https:\/\/www.mozambiquelng.co.mz\/pt-pt\/sustentabilidade\/\"},{\"@type\":\"ListItem\",\"position\":3,\"name\":\"Reassentamento\"}]},{\"@type\":\"WebSite\",\"@id\":\"https:\/\/www.mozambiquelng.co.mz\/pt-pt\/#website\",\"url\":\"https:\/\/www.mozambiquelng.co.mz\/pt-pt\/\",\"name\":\"Mozambique LNG Project\",\"description\":\"A long-term commitment with Mozambique\",\"potentialAction\":[{\"@type\":\"SearchAction\",\"target\":{\"@type\":\"EntryPoint\",\"urlTemplate\":\"https:\/\/www.mozambiquelng.co.mz\/pt-pt\/?s={search_term_string}\"},\"query-input\":{\"@type\":\"PropertyValueSpecification\",\"valueRequired\":true,\"valueName\":\"search_term_string\"}}],\"inLanguage\":\"pt-PT\"}]}<\/script>\n<!-- \/ Yoast SEO plugin. -->","yoast_head_json":{"title":"Reassentamento - Mozambique LNG Project","robots":{"index":"index","follow":"follow","max-snippet":"max-snippet:-1","max-image-preview":"max-image-preview:large","max-video-preview":"max-video-preview:-1"},"canonical":"https:\/\/www.mozambiquelng.co.mz\/pt-pt\/sustentabilidade\/reassentamento\/","og_locale":"pt_PT","og_type":"article","og_title":"Reassentamento - Mozambique LNG Project","og_url":"https:\/\/www.mozambiquelng.co.mz\/pt-pt\/sustentabilidade\/reassentamento\/","og_site_name":"Mozambique LNG Project","article_modified_time":"2025-05-19T12:35:55+00:00","og_image":[{"width":1700,"height":550,"url":"https:\/\/www.mozambiquelng.co.mz\/wp-content\/uploads\/2024\/01\/resettlement_1700.jpg","type":"image\/jpeg"}],"twitter_card":"summary_large_image","schema":{"@context":"https:\/\/schema.org","@graph":[{"@type":"WebPage","@id":"https:\/\/www.mozambiquelng.co.mz\/pt-pt\/sustentabilidade\/reassentamento\/","url":"https:\/\/www.mozambiquelng.co.mz\/pt-pt\/sustentabilidade\/reassentamento\/","name":"Reassentamento - Mozambique LNG Project","isPartOf":{"@id":"https:\/\/www.mozambiquelng.co.mz\/pt-pt\/#website"},"primaryImageOfPage":{"@id":"https:\/\/www.mozambiquelng.co.mz\/pt-pt\/sustentabilidade\/reassentamento\/#primaryimage"},"image":{"@id":"https:\/\/www.mozambiquelng.co.mz\/pt-pt\/sustentabilidade\/reassentamento\/#primaryimage"},"thumbnailUrl":"https:\/\/www.mozambiquelng.co.mz\/wp-content\/uploads\/2024\/01\/resettlement_1700.jpg","datePublished":"2024-01-25T08:29:48+00:00","dateModified":"2025-05-19T12:35:55+00:00","breadcrumb":{"@id":"https:\/\/www.mozambiquelng.co.mz\/pt-pt\/sustentabilidade\/reassentamento\/#breadcrumb"},"inLanguage":"pt-PT","potentialAction":[{"@type":"ReadAction","target":["https:\/\/www.mozambiquelng.co.mz\/pt-pt\/sustentabilidade\/reassentamento\/"]}]},{"@type":"ImageObject","inLanguage":"pt-PT","@id":"https:\/\/www.mozambiquelng.co.mz\/pt-pt\/sustentabilidade\/reassentamento\/#primaryimage","url":"https:\/\/www.mozambiquelng.co.mz\/wp-content\/uploads\/2024\/01\/resettlement_1700.jpg","contentUrl":"https:\/\/www.mozambiquelng.co.mz\/wp-content\/uploads\/2024\/01\/resettlement_1700.jpg","width":1700,"height":550,"caption":"DCIM100MEDIADJI_0011.JPG"},{"@type":"BreadcrumbList","@id":"https:\/\/www.mozambiquelng.co.mz\/pt-pt\/sustentabilidade\/reassentamento\/#breadcrumb","itemListElement":[{"@type":"ListItem","position":1,"name":"Home","item":"https:\/\/www.mozambiquelng.co.mz\/pt-pt\/"},{"@type":"ListItem","position":2,"name":"Sustentabilidade","item":"https:\/\/www.mozambiquelng.co.mz\/pt-pt\/sustentabilidade\/"},{"@type":"ListItem","position":3,"name":"Reassentamento"}]},{"@type":"WebSite","@id":"https:\/\/www.mozambiquelng.co.mz\/pt-pt\/#website","url":"https:\/\/www.mozambiquelng.co.mz\/pt-pt\/","name":"Mozambique LNG Project","description":"A long-term commitment with Mozambique","potentialAction":[{"@type":"SearchAction","target":{"@type":"EntryPoint","urlTemplate":"https:\/\/www.mozambiquelng.co.mz\/pt-pt\/?s={search_term_string}"},"query-input":{"@type":"PropertyValueSpecification","valueRequired":true,"valueName":"search_term_string"}}],"inLanguage":"pt-PT"}]}},"_links":{"self":[{"href":"https:\/\/www.mozambiquelng.co.mz\/pt-pt\/wp-json\/wp\/v2\/pages\/2403","targetHints":{"allow":["GET"]}}],"collection":[{"href":"https:\/\/www.mozambiquelng.co.mz\/pt-pt\/wp-json\/wp\/v2\/pages"}],"about":[{"href":"https:\/\/www.mozambiquelng.co.mz\/pt-pt\/wp-json\/wp\/v2\/types\/page"}],"author":[{"embeddable":true,"href":"https:\/\/www.mozambiquelng.co.mz\/pt-pt\/wp-json\/wp\/v2\/users\/8"}],"replies":[{"embeddable":true,"href":"https:\/\/www.mozambiquelng.co.mz\/pt-pt\/wp-json\/wp\/v2\/comments?post=2403"}],"version-history":[{"count":9,"href":"https:\/\/www.mozambiquelng.co.mz\/pt-pt\/wp-json\/wp\/v2\/pages\/2403\/revisions"}],"predecessor-version":[{"id":5467,"href":"https:\/\/www.mozambiquelng.co.mz\/pt-pt\/wp-json\/wp\/v2\/pages\/2403\/revisions\/5467"}],"up":[{"embeddable":true,"href":"https:\/\/www.mozambiquelng.co.mz\/pt-pt\/wp-json\/wp\/v2\/pages\/2357"}],"wp:featuredmedia":[{"embeddable":true,"href":"https:\/\/www.mozambiquelng.co.mz\/pt-pt\/wp-json\/wp\/v2\/media\/1799"}],"wp:attachment":[{"href":"https:\/\/www.mozambiquelng.co.mz\/pt-pt\/wp-json\/wp\/v2\/media?parent=2403"}],"curies":[{"name":"wp","href":"https:\/\/api.w.org\/{rel}","templated":true}]}}