{"id":2411,"date":"2024-01-27T08:46:50","date_gmt":"2024-01-27T08:46:50","guid":{"rendered":"https:\/\/mozambiquelng-dev.5thring.co.uk\/sustentabilidade\/reassentamento\/vila-de-quitunda\/"},"modified":"2024-02-27T12:44:51","modified_gmt":"2024-02-27T12:44:51","slug":"vila-de-quitunda","status":"publish","type":"page","link":"https:\/\/www.mozambiquelng.co.mz\/pt-pt\/sustentabilidade\/reassentamento\/vila-de-quitunda\/","title":{"rendered":"Vila de Quitunda"},"content":{"rendered":"\n<div class=\"container mx-auto grid grid-cols-3 gap-x-16 p-6\">\n\n    <div class=\"col-span-3 lg:col-span-2\">\n\n        \n<div class=\"copy\">\n    \n    <p>A Vila de Quitunda \u00e9 a nova comunidade constru\u00edda para fam\u00edlias afectadas pelo deslocamento f\u00edsico. Al\u00e9m das casas de reposi\u00e7\u00e3o fornecidas \u00e0s fam\u00edlias deslocadas fisicamente como parte do seu pacote de remunera\u00e7\u00e3o, a vila inclui infraestrutura de servi\u00e7os p\u00fablicos. No seu conjunto, inclui um edif\u00edcio do governo para o posto administrativo, um centro comunit\u00e1rio, locais de culto (incluindo mesquitas e uma igreja), um mercado comunit\u00e1rio, uma escola prim\u00e1ria, um Centro da Sa\u00fade Tipo II, um posto policial, terminal de autocarro, um sistema de \u00e1gua e fonte de energia.<\/p>\n\n<\/div>\n\n\n    <h3 class=\"mt-8 mb-4\">Caracter\u00edsticas da concep\u00e7\u00e3o da vila<\/h3>\n\n<div class=\"copy\">\n    \n    <p>O projecto e a concep\u00e7\u00e3o da vila de Quitunda foram estabelecidos ap\u00f3s extensas consultas de envolvimento das partes interessadas, considera\u00e7\u00e3o de factores contextuais locais, modelos de desenvolvimento urbano existentes, princ\u00edpios de planeamento urbano e urbanismo e directrizes de desenvolvimento sustent\u00e1vel. O nosso objectivo \u00e9 garantir que o projecto e a concep\u00e7\u00e3o da Vila de Quitunda seja:<\/p>\n<ul>\n<li><strong>Eficiente<\/strong> &#8211; Para incentivar o uso ideal de recursos e pr\u00f3ximo a oportunidades novas ou existentes;<\/li>\n<li><strong>Permanente<\/strong> &#8211; Para garantir que as pessoas se sintam confort\u00e1veis e seguras na sua nova comunidade e n\u00e3o voltem para as \u00e1reas de onde vieram;<\/li>\n<li><strong>Sustent\u00e1vel<\/strong> &#8211; Para garantir que as pessoas e a comunidade sejam econ\u00f3mica, social e ambientalmente coesas.<\/li>\n<\/ul>\n\n<\/div>\n\n\n    <h4 class=\"mt-8 mb-4\">O Projecto da Vila de Quitunda inclui:<\/h4>\n\n<div class=\"copy\">\n    \n    <ul>\n<li>Uma \u00e1rea central para instala\u00e7\u00f5es p\u00fablicas, incluindo uma escola prim\u00e1ria, um centro de sa\u00fade tipo II, instala\u00e7\u00f5es administrativas do governo, uma esquadra de pol\u00edcia, um mercado e um centro comunit\u00e1rio;<\/li>\n<li>\u00c1reas de lazer e recrea\u00e7\u00e3o;<\/li>\n<li>Uma estrada de acesso que liga a vila \u00e0 rodovia R247;<\/li>\n<li>Acessos internos para pedestres e ve\u00edculos por caminhos e estradas;<\/li>\n<li>Uma \u00e1rea dedicada \u00e0 expans\u00e3o da vila;<\/li>\n<li>Caminhos para drenagem da \u00e1gua.<\/li>\n<\/ul>\n<p>De acordo com a abordagem de reassentamento em v\u00e1rias fases, a constru\u00e7\u00e3o da vila de Quitunda tamb\u00e9m ser\u00e1 multif\u00e1sica. O programa de constru\u00e7\u00e3o da vila compreende tr\u00eas fases principais:. A Fase 1 inclui disponibilizar 161 casas, a Fase 2 inclui 320 casas e a Fase 3 completar\u00e1 outras 75 casas. Tamb\u00e9m ser\u00e3o constru\u00eddas moradias adicionais para fazer face ao crescimento natural da popula\u00e7\u00e3o.<\/p>\n\n<\/div>\n\n\n    <h4 class=\"mt-8 mb-4\">Tr\u00eas fases de desenvolvimento<\/h4>\n\n<div class=\"copy\">\n    \n    <p><img loading=\"lazy\" decoding=\"async\" class=\"alignnone size-medium wp-image-1833\" src=\"https:\/\/mozambiquelng.co.mz\/wp-content\/uploads\/2024\/01\/Quitunda-three-phases-224x300.png\" alt=\"Vila de Quitunda\" width=\"224\" height=\"300\" srcset=\"https:\/\/www.mozambiquelng.co.mz\/wp-content\/uploads\/2024\/01\/Quitunda-three-phases-224x300.png 224w, https:\/\/www.mozambiquelng.co.mz\/wp-content\/uploads\/2024\/01\/Quitunda-three-phases.png 546w\" sizes=\"auto, (max-width: 224px) 100vw, 224px\" \/><\/p>\n<p>At\u00e9 ao momento, o operador do projecto concluiu a constru\u00e7\u00e3o de toda a infraestrutura p\u00fablica, servi\u00e7os p\u00fablicos e de habita\u00e7\u00e3o para acomodar as primeiras 186 fam\u00edlias, fisicamente deslocadas. Habita\u00e7\u00e3o para 474 fam\u00edlias adicionais est\u00e1 em constru\u00e7\u00e3o.<\/p>\n\n<\/div>\n\n\n    <h3 class=\"mt-8 mb-4\">Entrega da vila<\/h3>\n\n<div class=\"copy\">\n    \n    <p>A entrega da vila de Quitunda pelos parceiros do projecto ao governo do distrito foi cuidadosamente planeada. Durante o per\u00edodo de entrega de 24 meses, a TEPMA1 trabalhar\u00e1 com o governo distrital para garantir o funcionamento, cuidados e manuten\u00e7\u00e3o cont\u00ednuos da vila.<\/p>\n\n<\/div>\n\n\n    <h3 class=\"mt-8 mb-4\">Caracter\u00edsticas do projecto de casas de substitui\u00e7\u00e3o<\/h3>\n\n<div class=\"copy\">\n    \n    <p>Uma habita\u00e7\u00e3o adequada \u00e9 considerada um direito humano b\u00e1sico. Isso significa que a habita\u00e7\u00e3o deve, no m\u00ednimo, satisfazer os seguintes crit\u00e9rios: ter seguran\u00e7a legal da posse (DUAT), disponibilidade de servi\u00e7os, materiais, instala\u00e7\u00f5es e infraestrutura, ser acess\u00edvel, ser habit\u00e1vel, fornecer acessibilidade, estar localizada em local com seguran\u00e7a e ser culturalmente adequada.<\/p>\n<p>Durante a fase de concep\u00e7\u00e3o, a TEPMA1 realizou uma s\u00e9rie de estudos e sess\u00f5es de consulta com os membros das comunidades afectadas e outras partes interessadas e foi constru\u00edda uma casa modelo para os membros das comunidades afectadas visualizarem e sugerirem altera\u00e7\u00f5es no projecto final das casas.<\/p>\n<p>As novas casas na Vila de Quitunda s\u00e3o constru\u00eddas com materiais convencionais e incluem as seguintes caracter\u00edsticas:<\/p>\n<ul>\n<li>\u00c1rea constru\u00edda de 70m2;<\/li>\n<li>Tr\u00eas quartos;<\/li>\n<li>Uma sala de estar;<\/li>\n<li>Uma cozinha interior;<\/li>\n<li>Um espa\u00e7o para ser usado como casa de banho interior no futuro;<\/li>\n<li>Uma cozinha externa;<\/li>\n<li>Uma casa de banho externa;<\/li>\n<li>Torneiras externas com \u00e1gua corrente;<\/li>\n<li>Liga\u00e7\u00e3o \u00e0 electricidade da rede nacional;<\/li>\n<li>Tanques de polietileno para colec\u00e7\u00e3o da \u00e1gua da chuva.<\/li>\n<\/ul>\n<p>Para garantir a seguran\u00e7a da posse, o Governo Mo\u00e7ambicano emitiu t\u00edtulos de terra (conhecidos como DUAT em Mo\u00e7ambique), para os novos lotes residenciais das fam\u00edlias fisicamente reassentadas.<\/p>\n\n<\/div>\n\n\n    <\/div>\n\n    <div class=\"col-span-3 lg:col-span-1\">\n\n        \n    <\/div>\n\n<\/div>\n<div class=\"bg-yellow\">\n\n    <div class=\"container mx-auto px-6 py-12\">\n\n            \n            <h3 class=\"mb-8\">Mais sobre reassentamento<\/h3>\n\n        \n        <div class=\"grid lg:grid-cols-4 gap-8\">\n\n            \n\n\n    <a class=\"flex flex-col bg-white overflow-hidden mb-4 rounded-2xl\" href=\"https:\/\/mozambiquelng.co.mz\/sustainability\/resettlement\/livelihood-restoration-programs\/\" target=\"_self\">\n        <div class=\"flex flex-col grow\">\n                                            <div class=\"w-full pb-16\/9 bg-cover bg-center\" style=\"background-image: url(https:\/\/www.mozambiquelng.co.mz\/wp-content\/uploads\/2024\/01\/livelihood-restoration-teaser-412x232.webp);\"><\/div>\n                        <div class=\"flex flex-col grow items-end p-6\">\n                <div class=\"flex place-self-start flex-col grow\"> \n                    <p class=\"text-s2 text-blue\"><\/p>\n                    <h5 class=\"my-4 font-medium\">Restaura\u00e7\u00e3o dos meios de subsist\u00eancia<\/h5>\n                    <p class=\"text-body2\">A nova comunidade constru\u00edda para fam\u00edlias afectadas pelo deslocamento f\u00edsico.<\/p>\n                <\/div>\n                                    <button class=\"cta-btn text-s2 text-blue\">Leia mais<\/button>\n                            <\/div>\n    <\/div>\n    <\/a>\n\n\n\n\n    <a class=\"flex flex-col bg-white overflow-hidden mb-4 rounded-2xl\" href=\"https:\/\/mozambiquelng.co.mz\/sustainability\/resettlement\/vulnerable-peoples-program\/\" target=\"_self\">\n        <div class=\"flex flex-col grow\">\n                                            <div class=\"w-full pb-16\/9 bg-cover bg-center\" style=\"background-image: url(https:\/\/www.mozambiquelng.co.mz\/wp-content\/uploads\/2024\/01\/vulnerable-people-teaser-412x232.jpg);\"><\/div>\n                        <div class=\"flex flex-col grow items-end p-6\">\n                <div class=\"flex place-self-start flex-col grow\"> \n                    <p class=\"text-s2 text-blue\"><\/p>\n                    <h5 class=\"my-4 font-medium\">Programa de pessoas vulner\u00e1veis<\/h5>\n                    <p class=\"text-body2\">Um programa que identifica, avalia e presta assist\u00eancia a fam\u00edlias vulner\u00e1veis durante o processo de reassentamento.<\/p>\n                <\/div>\n                                    <button class=\"cta-btn text-s2 text-blue\">Programa de pessoas vulner\u00e1veis<\/button>\n                            <\/div>\n    <\/div>\n    <\/a>\n\n\n\n\n    <a class=\"flex flex-col bg-white overflow-hidden mb-4 rounded-2xl\" href=\"https:\/\/mozambiquelng.co.mz\/sustainability\/resettlement\/resettlement-plan\/\" target=\"_self\">\n        <div class=\"flex flex-col grow\">\n                                            <div class=\"w-full pb-16\/9 bg-cover bg-center\" style=\"background-image: url(https:\/\/www.mozambiquelng.co.mz\/wp-content\/uploads\/2024\/01\/resettlement-plan-teaser-412x232.webp);\"><\/div>\n                        <div class=\"flex flex-col grow items-end p-6\">\n                <div class=\"flex place-self-start flex-col grow\"> \n                    <p class=\"text-s2 text-blue\"><\/p>\n                    <h5 class=\"my-4 font-medium\">Plano de reassentamento<\/h5>\n                    <p class=\"text-body2\">Um plano de reassentamento respons\u00e1vel para restaurar ou melhorar os meios de subsist\u00eancia das pessoas deslocadas na Pen\u00ednsula de Afungi.<\/p>\n                <\/div>\n                                    <button class=\"cta-btn text-s2 text-blue\">Leia mais<\/button>\n                            <\/div>\n    <\/div>\n    <\/a>\n\n\n\n\n    <a class=\"flex flex-col bg-white overflow-hidden mb-4 rounded-2xl\" href=\"https:\/\/mozambiquelng.co.mz\/sustainability\/resettlement\/\" target=\"_self\">\n        <div class=\"flex flex-col grow\">\n                                            <div class=\"w-full pb-16\/9 bg-cover bg-center\" style=\"background-image: url(https:\/\/www.mozambiquelng.co.mz\/wp-content\/uploads\/2024\/01\/sus-resettlement-teaser-412x232.webp);\"><\/div>\n                        <div class=\"flex flex-col grow items-end p-6\">\n                <div class=\"flex place-self-start flex-col grow\"> \n                    <p class=\"text-s2 text-blue\"><\/p>\n                    <h5 class=\"my-4 font-medium\">Voltar \u00e0 introdu\u00e7\u00e3o da Reassentamento<\/h5>\n                    <p class=\"text-body2\"><\/p>\n                <\/div>\n                                    <button class=\"cta-btn text-s2 text-blue\">Reassentamento<\/button>\n                            <\/div>\n    <\/div>\n    <\/a>\n\n\n        <\/div>\n    \n    <\/div>\n\n<\/div>","protected":false},"excerpt":{"rendered":"","protected":false},"author":8,"featured_media":1799,"parent":2403,"menu_order":2,"comment_status":"closed","ping_status":"closed","template":"","meta":{"_acf_changed":false,"footnotes":""},"class_list":["post-2411","page","type-page","status-publish","has-post-thumbnail","hentry"],"acf":[],"yoast_head":"<!-- This site is optimized with the Yoast SEO plugin v25.3.1 - https:\/\/yoast.com\/wordpress\/plugins\/seo\/ -->\n<title>Vila de Quitunda - Mozambique LNG Project<\/title>\n<meta name=\"robots\" content=\"index, follow, max-snippet:-1, max-image-preview:large, max-video-preview:-1\" \/>\n<link rel=\"canonical\" href=\"https:\/\/www.mozambiquelng.co.mz\/pt-pt\/sustentabilidade\/reassentamento\/vila-de-quitunda\/\" \/>\n<meta property=\"og:locale\" content=\"pt_PT\" \/>\n<meta property=\"og:type\" content=\"article\" \/>\n<meta property=\"og:title\" content=\"Vila de Quitunda - Mozambique LNG Project\" \/>\n<meta property=\"og:url\" content=\"https:\/\/www.mozambiquelng.co.mz\/pt-pt\/sustentabilidade\/reassentamento\/vila-de-quitunda\/\" \/>\n<meta property=\"og:site_name\" content=\"Mozambique LNG Project\" \/>\n<meta property=\"article:modified_time\" content=\"2024-02-27T12:44:51+00:00\" \/>\n<meta property=\"og:image\" content=\"https:\/\/www.mozambiquelng.co.mz\/wp-content\/uploads\/2024\/01\/resettlement_1700.jpg\" \/>\n\t<meta property=\"og:image:width\" content=\"1700\" \/>\n\t<meta property=\"og:image:height\" content=\"550\" \/>\n\t<meta property=\"og:image:type\" content=\"image\/jpeg\" \/>\n<meta name=\"twitter:card\" content=\"summary_large_image\" \/>\n<script type=\"application\/ld+json\" class=\"yoast-schema-graph\">{\"@context\":\"https:\/\/schema.org\",\"@graph\":[{\"@type\":\"WebPage\",\"@id\":\"https:\/\/www.mozambiquelng.co.mz\/pt-pt\/sustentabilidade\/reassentamento\/vila-de-quitunda\/\",\"url\":\"https:\/\/www.mozambiquelng.co.mz\/pt-pt\/sustentabilidade\/reassentamento\/vila-de-quitunda\/\",\"name\":\"Vila de Quitunda - Mozambique LNG Project\",\"isPartOf\":{\"@id\":\"https:\/\/www.mozambiquelng.co.mz\/pt-pt\/#website\"},\"primaryImageOfPage\":{\"@id\":\"https:\/\/www.mozambiquelng.co.mz\/pt-pt\/sustentabilidade\/reassentamento\/vila-de-quitunda\/#primaryimage\"},\"image\":{\"@id\":\"https:\/\/www.mozambiquelng.co.mz\/pt-pt\/sustentabilidade\/reassentamento\/vila-de-quitunda\/#primaryimage\"},\"thumbnailUrl\":\"https:\/\/www.mozambiquelng.co.mz\/wp-content\/uploads\/2024\/01\/resettlement_1700.jpg\",\"datePublished\":\"2024-01-27T08:46:50+00:00\",\"dateModified\":\"2024-02-27T12:44:51+00:00\",\"breadcrumb\":{\"@id\":\"https:\/\/www.mozambiquelng.co.mz\/pt-pt\/sustentabilidade\/reassentamento\/vila-de-quitunda\/#breadcrumb\"},\"inLanguage\":\"pt-PT\",\"potentialAction\":[{\"@type\":\"ReadAction\",\"target\":[\"https:\/\/www.mozambiquelng.co.mz\/pt-pt\/sustentabilidade\/reassentamento\/vila-de-quitunda\/\"]}]},{\"@type\":\"ImageObject\",\"inLanguage\":\"pt-PT\",\"@id\":\"https:\/\/www.mozambiquelng.co.mz\/pt-pt\/sustentabilidade\/reassentamento\/vila-de-quitunda\/#primaryimage\",\"url\":\"https:\/\/www.mozambiquelng.co.mz\/wp-content\/uploads\/2024\/01\/resettlement_1700.jpg\",\"contentUrl\":\"https:\/\/www.mozambiquelng.co.mz\/wp-content\/uploads\/2024\/01\/resettlement_1700.jpg\",\"width\":1700,\"height\":550,\"caption\":\"DCIM100MEDIADJI_0011.JPG\"},{\"@type\":\"BreadcrumbList\",\"@id\":\"https:\/\/www.mozambiquelng.co.mz\/pt-pt\/sustentabilidade\/reassentamento\/vila-de-quitunda\/#breadcrumb\",\"itemListElement\":[{\"@type\":\"ListItem\",\"position\":1,\"name\":\"Home\",\"item\":\"https:\/\/www.mozambiquelng.co.mz\/pt-pt\/\"},{\"@type\":\"ListItem\",\"position\":2,\"name\":\"Sustentabilidade\",\"item\":\"https:\/\/www.mozambiquelng.co.mz\/pt-pt\/sustentabilidade\/\"},{\"@type\":\"ListItem\",\"position\":3,\"name\":\"Reassentamento\",\"item\":\"https:\/\/www.mozambiquelng.co.mz\/pt-pt\/sustentabilidade\/reassentamento\/\"},{\"@type\":\"ListItem\",\"position\":4,\"name\":\"Vila de Quitunda\"}]},{\"@type\":\"WebSite\",\"@id\":\"https:\/\/www.mozambiquelng.co.mz\/pt-pt\/#website\",\"url\":\"https:\/\/www.mozambiquelng.co.mz\/pt-pt\/\",\"name\":\"Mozambique LNG Project\",\"description\":\"A long-term commitment with Mozambique\",\"potentialAction\":[{\"@type\":\"SearchAction\",\"target\":{\"@type\":\"EntryPoint\",\"urlTemplate\":\"https:\/\/www.mozambiquelng.co.mz\/pt-pt\/?s={search_term_string}\"},\"query-input\":{\"@type\":\"PropertyValueSpecification\",\"valueRequired\":true,\"valueName\":\"search_term_string\"}}],\"inLanguage\":\"pt-PT\"}]}<\/script>\n<!-- \/ Yoast SEO plugin. -->","yoast_head_json":{"title":"Vila de Quitunda - Mozambique LNG Project","robots":{"index":"index","follow":"follow","max-snippet":"max-snippet:-1","max-image-preview":"max-image-preview:large","max-video-preview":"max-video-preview:-1"},"canonical":"https:\/\/www.mozambiquelng.co.mz\/pt-pt\/sustentabilidade\/reassentamento\/vila-de-quitunda\/","og_locale":"pt_PT","og_type":"article","og_title":"Vila de Quitunda - Mozambique LNG Project","og_url":"https:\/\/www.mozambiquelng.co.mz\/pt-pt\/sustentabilidade\/reassentamento\/vila-de-quitunda\/","og_site_name":"Mozambique LNG Project","article_modified_time":"2024-02-27T12:44:51+00:00","og_image":[{"width":1700,"height":550,"url":"https:\/\/www.mozambiquelng.co.mz\/wp-content\/uploads\/2024\/01\/resettlement_1700.jpg","type":"image\/jpeg"}],"twitter_card":"summary_large_image","schema":{"@context":"https:\/\/schema.org","@graph":[{"@type":"WebPage","@id":"https:\/\/www.mozambiquelng.co.mz\/pt-pt\/sustentabilidade\/reassentamento\/vila-de-quitunda\/","url":"https:\/\/www.mozambiquelng.co.mz\/pt-pt\/sustentabilidade\/reassentamento\/vila-de-quitunda\/","name":"Vila de Quitunda - Mozambique LNG Project","isPartOf":{"@id":"https:\/\/www.mozambiquelng.co.mz\/pt-pt\/#website"},"primaryImageOfPage":{"@id":"https:\/\/www.mozambiquelng.co.mz\/pt-pt\/sustentabilidade\/reassentamento\/vila-de-quitunda\/#primaryimage"},"image":{"@id":"https:\/\/www.mozambiquelng.co.mz\/pt-pt\/sustentabilidade\/reassentamento\/vila-de-quitunda\/#primaryimage"},"thumbnailUrl":"https:\/\/www.mozambiquelng.co.mz\/wp-content\/uploads\/2024\/01\/resettlement_1700.jpg","datePublished":"2024-01-27T08:46:50+00:00","dateModified":"2024-02-27T12:44:51+00:00","breadcrumb":{"@id":"https:\/\/www.mozambiquelng.co.mz\/pt-pt\/sustentabilidade\/reassentamento\/vila-de-quitunda\/#breadcrumb"},"inLanguage":"pt-PT","potentialAction":[{"@type":"ReadAction","target":["https:\/\/www.mozambiquelng.co.mz\/pt-pt\/sustentabilidade\/reassentamento\/vila-de-quitunda\/"]}]},{"@type":"ImageObject","inLanguage":"pt-PT","@id":"https:\/\/www.mozambiquelng.co.mz\/pt-pt\/sustentabilidade\/reassentamento\/vila-de-quitunda\/#primaryimage","url":"https:\/\/www.mozambiquelng.co.mz\/wp-content\/uploads\/2024\/01\/resettlement_1700.jpg","contentUrl":"https:\/\/www.mozambiquelng.co.mz\/wp-content\/uploads\/2024\/01\/resettlement_1700.jpg","width":1700,"height":550,"caption":"DCIM100MEDIADJI_0011.JPG"},{"@type":"BreadcrumbList","@id":"https:\/\/www.mozambiquelng.co.mz\/pt-pt\/sustentabilidade\/reassentamento\/vila-de-quitunda\/#breadcrumb","itemListElement":[{"@type":"ListItem","position":1,"name":"Home","item":"https:\/\/www.mozambiquelng.co.mz\/pt-pt\/"},{"@type":"ListItem","position":2,"name":"Sustentabilidade","item":"https:\/\/www.mozambiquelng.co.mz\/pt-pt\/sustentabilidade\/"},{"@type":"ListItem","position":3,"name":"Reassentamento","item":"https:\/\/www.mozambiquelng.co.mz\/pt-pt\/sustentabilidade\/reassentamento\/"},{"@type":"ListItem","position":4,"name":"Vila de Quitunda"}]},{"@type":"WebSite","@id":"https:\/\/www.mozambiquelng.co.mz\/pt-pt\/#website","url":"https:\/\/www.mozambiquelng.co.mz\/pt-pt\/","name":"Mozambique LNG Project","description":"A long-term commitment with Mozambique","potentialAction":[{"@type":"SearchAction","target":{"@type":"EntryPoint","urlTemplate":"https:\/\/www.mozambiquelng.co.mz\/pt-pt\/?s={search_term_string}"},"query-input":{"@type":"PropertyValueSpecification","valueRequired":true,"valueName":"search_term_string"}}],"inLanguage":"pt-PT"}]}},"_links":{"self":[{"href":"https:\/\/www.mozambiquelng.co.mz\/pt-pt\/wp-json\/wp\/v2\/pages\/2411","targetHints":{"allow":["GET"]}}],"collection":[{"href":"https:\/\/www.mozambiquelng.co.mz\/pt-pt\/wp-json\/wp\/v2\/pages"}],"about":[{"href":"https:\/\/www.mozambiquelng.co.mz\/pt-pt\/wp-json\/wp\/v2\/types\/page"}],"author":[{"embeddable":true,"href":"https:\/\/www.mozambiquelng.co.mz\/pt-pt\/wp-json\/wp\/v2\/users\/8"}],"replies":[{"embeddable":true,"href":"https:\/\/www.mozambiquelng.co.mz\/pt-pt\/wp-json\/wp\/v2\/comments?post=2411"}],"version-history":[{"count":7,"href":"https:\/\/www.mozambiquelng.co.mz\/pt-pt\/wp-json\/wp\/v2\/pages\/2411\/revisions"}],"predecessor-version":[{"id":4296,"href":"https:\/\/www.mozambiquelng.co.mz\/pt-pt\/wp-json\/wp\/v2\/pages\/2411\/revisions\/4296"}],"up":[{"embeddable":true,"href":"https:\/\/www.mozambiquelng.co.mz\/pt-pt\/wp-json\/wp\/v2\/pages\/2403"}],"wp:featuredmedia":[{"embeddable":true,"href":"https:\/\/www.mozambiquelng.co.mz\/pt-pt\/wp-json\/wp\/v2\/media\/1799"}],"wp:attachment":[{"href":"https:\/\/www.mozambiquelng.co.mz\/pt-pt\/wp-json\/wp\/v2\/media?parent=2411"}],"curies":[{"name":"wp","href":"https:\/\/api.w.org\/{rel}","templated":true}]}}