{"id":2415,"date":"2024-01-27T10:36:56","date_gmt":"2024-01-27T08:36:56","guid":{"rendered":"https:\/\/mozambiquelng-dev.5thring.co.uk\/sustentabilidade\/investimento-social\/"},"modified":"2025-03-13T11:50:40","modified_gmt":"2025-03-13T09:50:40","slug":"investimento-social","status":"publish","type":"page","link":"https:\/\/www.mozambiquelng.co.mz\/pt-pt\/sustentabilidade\/investimento-social\/","title":{"rendered":"Investimento social"},"content":{"rendered":"\n<div class=\"container mx-auto grid grid-cols-3 gap-x-16 p-6\">\n\n    <div class=\"col-span-3 lg:col-span-2\">\n\n        \n<div class=\"copy\">\n    \n    <p>Implementamos iniciativas de investimento social durante todo o per\u00edodo de pesquisa e desenvolvimento inicial do projecto e, em 2019, desenvolvemos uma nova estrat\u00e9gia de investimento social (SIS) para orientar os esfor\u00e7os de investimento social durante o per\u00edodo de constru\u00e7\u00e3o do projecto.<\/p>\n<p>Al\u00e9m da SIS do Projecto, os nossos esfor\u00e7os de investimento social se alinham cada vez mais aos objectivos da Funda\u00e7\u00e3o do Grupo TotalEnergies. A Funda\u00e7\u00e3o concentra-se em quatro \u00e1reas tem\u00e1ticas, a saber: seguran\u00e7a rodovi\u00e1ria, inclus\u00e3o e educa\u00e7\u00e3o de jovens, florestas e clima e di\u00e1logo e patrim\u00f3nio cultural.<\/p>\n\n<\/div>\n\n\n\n    <div class=\"flex flex-row flex-wrap justify-end gap-2 my-4\">\n                    <a class=\"cta-btn text-s2 text-right\" href=\"https:\/\/fondation.totalenergies.com\/en\" target=\"_blank\">Leia sobre a TotalEnergies Foundation<\/a>\n            <\/div>\n\n\n    <h3 class=\"mt-8 mb-4\">Estrat\u00e9gia de investimento social<\/h3>\n\n<div class=\"copy\">\n    \n    <p>Temos o compromisso de desempenhar o nosso papel de apoiar e ampliar o desenvolvimento socioecon\u00f3mico aos n\u00edveis local, regional e nacional. Desenvolvemos uma SIS alinhada \u00e0s prioridades de desenvolvimento identificadas no Plano de Ac\u00e7\u00e3o de Mo\u00e7ambique para a Redu\u00e7\u00e3o da Pobreza Absoluta, nos Objectivos de Desenvolvimento Sustent\u00e1vel das Na\u00e7\u00f5es Unidas e na avalia\u00e7\u00e3o de impacto ambiental, social e de sa\u00fade do projetco, conforme descrito no Resumo Executivo da ESHIA.<\/p>\n\n<\/div>\n\n\n\n    <div class=\"flex flex-row flex-wrap justify-end gap-2 my-4\">\n                    <a class=\"cta-btn text-s2 text-right\" href=\"https:\/\/mozambiquelng.co.mz\/wp-content\/uploads\/2024\/02\/social_investment_strategy_2019-2023.pdf\" target=\"_blank\"> View the Social Investment Strategy (PDF)<\/a>\n            <\/div>\n\n\n<div class=\"copy\">\n    \n    <p>A nossa SIS \u00e9 implementada em parceria com o Governo de Mo\u00e7ambique, organiza\u00e7\u00f5es de desenvolvimento, organiza\u00e7\u00f5es n\u00e3o-governamentais e outras partes interessadas. Os principais objetivos da SIS s\u00e3o:<\/p>\n<ul>\n<li>Promover programas de desenvolvimento socioecon\u00f3mico que proporcionem resultados tang\u00edveis a curto e m\u00e9dio prazo para as comunidades na \u00e1rea de influ\u00eancia do projecto, no Distrito de Palma e na Prov\u00edncia de Cabo Delgado<\/li>\n<li>Alinhar com as principais prioridades das partes interessadas, incluindo o governo local e as comunidades no Distrito de Palma<\/li>\n<\/ul>\n<p>Complementar os nossos planos de gest\u00e3o de impactos sociais e ambientais Para atingir esses objectivos, a SIS identifica tr\u00eas categorias focais. Explore essas categorias abaixo:<\/p>\n\n<\/div>\n\n\n    <\/div>\n\n    <div class=\"col-span-3 lg:col-span-1\">\n\n        \n    <h5 class=\"mb-4\">\u00daltimas not\u00edcias<\/h5>\n\n\n    \n        <a href=\"https:\/\/www.mozambiquelng.co.mz\/pt-pt\/projecto-mozambique-apoia-programa-de-mobilidade-em-palma\/\">\n            <div class=\"flex flex-col bg-grey5 mb-4 rounded-2xl\">\n                                                            <div class=\"w-full h-[232px] bg-cover bg-center rounded-t-2xl\" style=\"background-image: url('https:\/\/www.mozambiquelng.co.mz\/wp-content\/uploads\/2024\/04\/motorbikes-mobility.webp');\"><\/div>\n                                        <div class=\"flex flex-col items-end bg-grey5 p-6\">\n                        <div class=\"place-self-start\">\n                            <div class=\"text-s2 text-blue\">Investimento social<\/div>\n                            <h5 class=\"my-4 font-normal\">Projecto Mozambique apoia programa de mobilidade em Palma<\/h5>\n                                                    <\/div>\n                        <button class=\"cta-btn text-s2 text-blue\">Leia a not\u00edcia<\/button>\n                    <\/div>\n                <\/div>\n            <\/a>\n    \n    \n\n\n    <\/div>\n\n<\/div>\n<div class=\"container mx-auto flex flex-col p-6\">\n        <div class=\"mb-4 copy\">\n            <\/div>\n            <div class=\"vb-holder container mx-auto\">\n            <div class=\"vb-embed\">\n                <iframe data-src=\"https:\/\/www.youtube.com\/embed\/HboGbME6_xM\" class=\"lazyload\" frameborder=\"0\"><\/iframe>\n            <\/div>\n        <\/div>\n        \n        \n<\/div>\n<div class=\"bg-yellow\">\n\n    <div class=\"container mx-auto px-6 py-12\">\n\n            \n            <h3 class=\"mb-8\">Mais sobre o investimento social<\/h3>\n\n        \n        <div class=\"grid lg:grid-cols-3 gap-8\">\n\n            \n\n\n    <a class=\"flex flex-col bg-white overflow-hidden mb-4 rounded-2xl\" href=\"https:\/\/mozambiquelng.co.mz\/sustainability\/social-investment\/community-health\/\" target=\"_self\">\n        <div class=\"flex flex-col grow\">\n                                            <div class=\"w-full pb-16\/9 bg-cover bg-center\" style=\"background-image: url(https:\/\/www.mozambiquelng.co.mz\/wp-content\/uploads\/2024\/02\/community-health-teaser_1-412x232.webp);\"><\/div>\n                        <div class=\"flex flex-col grow items-end p-6\">\n                <div class=\"flex place-self-start flex-col grow\"> \n                    <p class=\"text-s2 text-blue\"><\/p>\n                    <h5 class=\"my-4 font-medium\">Sa\u00fade comunitaria<\/h5>\n                    <p class=\"text-body2\">Melhorar a sa\u00fade e a qualidade de vida \u00e9 a principal \u00e1rea de foco da estrat\u00e9gia geral de investimento social do projecto.<\/p>\n                <\/div>\n                                    <button class=\"cta-btn text-s2 text-blue\">Leia mais<\/button>\n                            <\/div>\n    <\/div>\n    <\/a>\n\n\n\n\n    <a class=\"flex flex-col bg-white overflow-hidden mb-4 rounded-2xl\" href=\"https:\/\/mozambiquelng.co.mz\/sustainability\/education-capacity-building\/\" target=\"_self\">\n        <div class=\"flex flex-col grow\">\n                                            <div class=\"w-full pb-16\/9 bg-cover bg-center\" style=\"background-image: url(https:\/\/www.mozambiquelng.co.mz\/wp-content\/uploads\/2024\/02\/education-health-teaser-412x232.jpg);\"><\/div>\n                        <div class=\"flex flex-col grow items-end p-6\">\n                <div class=\"flex place-self-start flex-col grow\"> \n                    <p class=\"text-s2 text-blue\"><\/p>\n                    <h5 class=\"my-4 font-medium\">Educa\u00e7\u00e3o e capacita\u00e7\u00e3o<\/h5>\n                    <p class=\"text-body2\">O nosso objectivo \u00e9 de garantir que o Projecto Mozambique LNG traga consigo uma melhor qualidade de vida para as comunidades locais no Distrito de Palma, na Prov\u00edncia de Cabo Delgado e no pa\u00eds de forma mais ampla.<\/p>\n                <\/div>\n                                    <button class=\"cta-btn text-s2 text-blue\">Leia mais<\/button>\n                            <\/div>\n    <\/div>\n    <\/a>\n\n\n\n\n    <a class=\"flex flex-col bg-white overflow-hidden mb-4 rounded-2xl\" href=\"https:\/\/mozambiquelng.co.mz\/sustainability\/social-investment\/income-generation-economic-diversification\/\" target=\"_self\">\n        <div class=\"flex flex-col grow\">\n                                            <div class=\"w-full pb-16\/9 bg-cover bg-center\" style=\"background-image: url(https:\/\/www.mozambiquelng.co.mz\/wp-content\/uploads\/2024\/02\/Income-Generation-teaser2-1-412x232.webp);\"><\/div>\n                        <div class=\"flex flex-col grow items-end p-6\">\n                <div class=\"flex place-self-start flex-col grow\"> \n                    <p class=\"text-s2 text-blue\"><\/p>\n                    <h5 class=\"my-4 font-medium\">Gera\u00e7\u00e3o de renda e diversifica\u00e7\u00e3o econ\u00f3mica<\/h5>\n                    <p class=\"text-body2\">Investimos em programas de gera\u00e7\u00e3o de renda e diversifica\u00e7\u00e3o econ\u00f3mica que visam proporcionar benef\u00edcios sociais e econ\u00f3micos sustent\u00e1veis \u00e0s comunidades locais.<\/p>\n                <\/div>\n                                    <button class=\"cta-btn text-s2 text-blue\">Leia mais<\/button>\n                            <\/div>\n    <\/div>\n    <\/a>\n\n\n        <\/div>\n    \n    <\/div>\n\n<\/div>","protected":false},"excerpt":{"rendered":"","protected":false},"author":8,"featured_media":1797,"parent":2357,"menu_order":3,"comment_status":"closed","ping_status":"closed","template":"","meta":{"_acf_changed":false,"footnotes":""},"class_list":["post-2415","page","type-page","status-publish","has-post-thumbnail","hentry"],"acf":[],"yoast_head":"<!-- This site is optimized with the Yoast SEO plugin v25.3.1 - https:\/\/yoast.com\/wordpress\/plugins\/seo\/ -->\n<title>Investimento social - Mozambique LNG Project<\/title>\n<meta name=\"robots\" content=\"index, follow, max-snippet:-1, max-image-preview:large, max-video-preview:-1\" \/>\n<link rel=\"canonical\" href=\"https:\/\/www.mozambiquelng.co.mz\/pt-pt\/sustentabilidade\/investimento-social\/\" \/>\n<meta property=\"og:locale\" content=\"pt_PT\" \/>\n<meta property=\"og:type\" content=\"article\" \/>\n<meta property=\"og:title\" content=\"Investimento social - Mozambique LNG Project\" \/>\n<meta property=\"og:url\" content=\"https:\/\/www.mozambiquelng.co.mz\/pt-pt\/sustentabilidade\/investimento-social\/\" \/>\n<meta property=\"og:site_name\" content=\"Mozambique LNG Project\" \/>\n<meta property=\"article:modified_time\" content=\"2025-03-13T09:50:40+00:00\" \/>\n<meta property=\"og:image\" content=\"https:\/\/www.mozambiquelng.co.mz\/wp-content\/uploads\/2024\/01\/Social-Investment-Homepage_1700.jpg\" \/>\n\t<meta property=\"og:image:width\" content=\"1700\" \/>\n\t<meta property=\"og:image:height\" content=\"550\" \/>\n\t<meta property=\"og:image:type\" content=\"image\/jpeg\" \/>\n<meta name=\"twitter:card\" content=\"summary_large_image\" \/>\n<meta name=\"twitter:label1\" content=\"Est. reading time\" \/>\n\t<meta name=\"twitter:data1\" content=\"1 minuto\" \/>\n<script type=\"application\/ld+json\" class=\"yoast-schema-graph\">{\"@context\":\"https:\/\/schema.org\",\"@graph\":[{\"@type\":\"WebPage\",\"@id\":\"https:\/\/www.mozambiquelng.co.mz\/pt-pt\/sustentabilidade\/investimento-social\/\",\"url\":\"https:\/\/www.mozambiquelng.co.mz\/pt-pt\/sustentabilidade\/investimento-social\/\",\"name\":\"Investimento social - Mozambique LNG Project\",\"isPartOf\":{\"@id\":\"https:\/\/www.mozambiquelng.co.mz\/pt-pt\/#website\"},\"primaryImageOfPage\":{\"@id\":\"https:\/\/www.mozambiquelng.co.mz\/pt-pt\/sustentabilidade\/investimento-social\/#primaryimage\"},\"image\":{\"@id\":\"https:\/\/www.mozambiquelng.co.mz\/pt-pt\/sustentabilidade\/investimento-social\/#primaryimage\"},\"thumbnailUrl\":\"https:\/\/www.mozambiquelng.co.mz\/wp-content\/uploads\/2024\/01\/Social-Investment-Homepage_1700.jpg\",\"datePublished\":\"2024-01-27T08:36:56+00:00\",\"dateModified\":\"2025-03-13T09:50:40+00:00\",\"breadcrumb\":{\"@id\":\"https:\/\/www.mozambiquelng.co.mz\/pt-pt\/sustentabilidade\/investimento-social\/#breadcrumb\"},\"inLanguage\":\"pt-PT\",\"potentialAction\":[{\"@type\":\"ReadAction\",\"target\":[\"https:\/\/www.mozambiquelng.co.mz\/pt-pt\/sustentabilidade\/investimento-social\/\"]}]},{\"@type\":\"ImageObject\",\"inLanguage\":\"pt-PT\",\"@id\":\"https:\/\/www.mozambiquelng.co.mz\/pt-pt\/sustentabilidade\/investimento-social\/#primaryimage\",\"url\":\"https:\/\/www.mozambiquelng.co.mz\/wp-content\/uploads\/2024\/01\/Social-Investment-Homepage_1700.jpg\",\"contentUrl\":\"https:\/\/www.mozambiquelng.co.mz\/wp-content\/uploads\/2024\/01\/Social-Investment-Homepage_1700.jpg\",\"width\":1700,\"height\":550,\"caption\":\"Investimento social\"},{\"@type\":\"BreadcrumbList\",\"@id\":\"https:\/\/www.mozambiquelng.co.mz\/pt-pt\/sustentabilidade\/investimento-social\/#breadcrumb\",\"itemListElement\":[{\"@type\":\"ListItem\",\"position\":1,\"name\":\"Home\",\"item\":\"https:\/\/www.mozambiquelng.co.mz\/pt-pt\/\"},{\"@type\":\"ListItem\",\"position\":2,\"name\":\"Sustentabilidade\",\"item\":\"https:\/\/www.mozambiquelng.co.mz\/pt-pt\/sustentabilidade\/\"},{\"@type\":\"ListItem\",\"position\":3,\"name\":\"Investimento social\"}]},{\"@type\":\"WebSite\",\"@id\":\"https:\/\/www.mozambiquelng.co.mz\/pt-pt\/#website\",\"url\":\"https:\/\/www.mozambiquelng.co.mz\/pt-pt\/\",\"name\":\"Mozambique LNG Project\",\"description\":\"A long-term commitment with Mozambique\",\"potentialAction\":[{\"@type\":\"SearchAction\",\"target\":{\"@type\":\"EntryPoint\",\"urlTemplate\":\"https:\/\/www.mozambiquelng.co.mz\/pt-pt\/?s={search_term_string}\"},\"query-input\":{\"@type\":\"PropertyValueSpecification\",\"valueRequired\":true,\"valueName\":\"search_term_string\"}}],\"inLanguage\":\"pt-PT\"}]}<\/script>\n<!-- \/ Yoast SEO plugin. -->","yoast_head_json":{"title":"Investimento social - Mozambique LNG Project","robots":{"index":"index","follow":"follow","max-snippet":"max-snippet:-1","max-image-preview":"max-image-preview:large","max-video-preview":"max-video-preview:-1"},"canonical":"https:\/\/www.mozambiquelng.co.mz\/pt-pt\/sustentabilidade\/investimento-social\/","og_locale":"pt_PT","og_type":"article","og_title":"Investimento social - Mozambique LNG Project","og_url":"https:\/\/www.mozambiquelng.co.mz\/pt-pt\/sustentabilidade\/investimento-social\/","og_site_name":"Mozambique LNG Project","article_modified_time":"2025-03-13T09:50:40+00:00","og_image":[{"width":1700,"height":550,"url":"https:\/\/www.mozambiquelng.co.mz\/wp-content\/uploads\/2024\/01\/Social-Investment-Homepage_1700.jpg","type":"image\/jpeg"}],"twitter_card":"summary_large_image","twitter_misc":{"Est. reading time":"1 minuto"},"schema":{"@context":"https:\/\/schema.org","@graph":[{"@type":"WebPage","@id":"https:\/\/www.mozambiquelng.co.mz\/pt-pt\/sustentabilidade\/investimento-social\/","url":"https:\/\/www.mozambiquelng.co.mz\/pt-pt\/sustentabilidade\/investimento-social\/","name":"Investimento social - Mozambique LNG Project","isPartOf":{"@id":"https:\/\/www.mozambiquelng.co.mz\/pt-pt\/#website"},"primaryImageOfPage":{"@id":"https:\/\/www.mozambiquelng.co.mz\/pt-pt\/sustentabilidade\/investimento-social\/#primaryimage"},"image":{"@id":"https:\/\/www.mozambiquelng.co.mz\/pt-pt\/sustentabilidade\/investimento-social\/#primaryimage"},"thumbnailUrl":"https:\/\/www.mozambiquelng.co.mz\/wp-content\/uploads\/2024\/01\/Social-Investment-Homepage_1700.jpg","datePublished":"2024-01-27T08:36:56+00:00","dateModified":"2025-03-13T09:50:40+00:00","breadcrumb":{"@id":"https:\/\/www.mozambiquelng.co.mz\/pt-pt\/sustentabilidade\/investimento-social\/#breadcrumb"},"inLanguage":"pt-PT","potentialAction":[{"@type":"ReadAction","target":["https:\/\/www.mozambiquelng.co.mz\/pt-pt\/sustentabilidade\/investimento-social\/"]}]},{"@type":"ImageObject","inLanguage":"pt-PT","@id":"https:\/\/www.mozambiquelng.co.mz\/pt-pt\/sustentabilidade\/investimento-social\/#primaryimage","url":"https:\/\/www.mozambiquelng.co.mz\/wp-content\/uploads\/2024\/01\/Social-Investment-Homepage_1700.jpg","contentUrl":"https:\/\/www.mozambiquelng.co.mz\/wp-content\/uploads\/2024\/01\/Social-Investment-Homepage_1700.jpg","width":1700,"height":550,"caption":"Investimento social"},{"@type":"BreadcrumbList","@id":"https:\/\/www.mozambiquelng.co.mz\/pt-pt\/sustentabilidade\/investimento-social\/#breadcrumb","itemListElement":[{"@type":"ListItem","position":1,"name":"Home","item":"https:\/\/www.mozambiquelng.co.mz\/pt-pt\/"},{"@type":"ListItem","position":2,"name":"Sustentabilidade","item":"https:\/\/www.mozambiquelng.co.mz\/pt-pt\/sustentabilidade\/"},{"@type":"ListItem","position":3,"name":"Investimento social"}]},{"@type":"WebSite","@id":"https:\/\/www.mozambiquelng.co.mz\/pt-pt\/#website","url":"https:\/\/www.mozambiquelng.co.mz\/pt-pt\/","name":"Mozambique LNG Project","description":"A long-term commitment with Mozambique","potentialAction":[{"@type":"SearchAction","target":{"@type":"EntryPoint","urlTemplate":"https:\/\/www.mozambiquelng.co.mz\/pt-pt\/?s={search_term_string}"},"query-input":{"@type":"PropertyValueSpecification","valueRequired":true,"valueName":"search_term_string"}}],"inLanguage":"pt-PT"}]}},"_links":{"self":[{"href":"https:\/\/www.mozambiquelng.co.mz\/pt-pt\/wp-json\/wp\/v2\/pages\/2415","targetHints":{"allow":["GET"]}}],"collection":[{"href":"https:\/\/www.mozambiquelng.co.mz\/pt-pt\/wp-json\/wp\/v2\/pages"}],"about":[{"href":"https:\/\/www.mozambiquelng.co.mz\/pt-pt\/wp-json\/wp\/v2\/types\/page"}],"author":[{"embeddable":true,"href":"https:\/\/www.mozambiquelng.co.mz\/pt-pt\/wp-json\/wp\/v2\/users\/8"}],"replies":[{"embeddable":true,"href":"https:\/\/www.mozambiquelng.co.mz\/pt-pt\/wp-json\/wp\/v2\/comments?post=2415"}],"version-history":[{"count":17,"href":"https:\/\/www.mozambiquelng.co.mz\/pt-pt\/wp-json\/wp\/v2\/pages\/2415\/revisions"}],"predecessor-version":[{"id":4761,"href":"https:\/\/www.mozambiquelng.co.mz\/pt-pt\/wp-json\/wp\/v2\/pages\/2415\/revisions\/4761"}],"up":[{"embeddable":true,"href":"https:\/\/www.mozambiquelng.co.mz\/pt-pt\/wp-json\/wp\/v2\/pages\/2357"}],"wp:featuredmedia":[{"embeddable":true,"href":"https:\/\/www.mozambiquelng.co.mz\/pt-pt\/wp-json\/wp\/v2\/media\/1797"}],"wp:attachment":[{"href":"https:\/\/www.mozambiquelng.co.mz\/pt-pt\/wp-json\/wp\/v2\/media?parent=2415"}],"curies":[{"name":"wp","href":"https:\/\/api.w.org\/{rel}","templated":true}]}}