{"id":2417,"date":"2024-01-27T11:41:30","date_gmt":"2024-01-27T09:41:30","guid":{"rendered":"https:\/\/mozambiquelng-dev.5thring.co.uk\/sustentabilidade\/investimento-social\/geracao-de-renda-e-diversificacao-economica\/"},"modified":"2024-03-04T20:11:24","modified_gmt":"2024-03-04T18:11:24","slug":"geracao-de-renda-e-diversificacao-economica","status":"publish","type":"page","link":"https:\/\/www.mozambiquelng.co.mz\/pt-pt\/sustentabilidade\/investimento-social\/geracao-de-renda-e-diversificacao-economica\/","title":{"rendered":"Gera\u00e7\u00e3o de renda e diversifica\u00e7\u00e3o econ\u00f3mica"},"content":{"rendered":"\n<div class=\"container mx-auto grid grid-cols-3 gap-x-16 p-6\">\n\n    <div class=\"col-span-3 lg:col-span-2\">\n\n        \n<div class=\"copy\">\n    \n    <p>Investimos em programas de gera\u00e7\u00e3o de renda e diversifica\u00e7\u00e3o econ\u00f3mica que visam proporcionar benef\u00edcios sociais e econ\u00f3micos sustent\u00e1veis \u00e0s comunidades locais no Distrito de Palma e na Prov\u00edncia de Cabo Delgado.<\/p>\n<p>Esses programas promovem a participa\u00e7\u00e3o de empresas locais no desenvolvimento e diversifica\u00e7\u00e3o da economia das regi\u00f5es. Estes ajudam a identificar potenciais operadores de neg\u00f3cios, oportunidades de capacita\u00e7\u00e3o e oportunidades de forma\u00e7\u00e3o para neg\u00f3cios existentes e potenciais.<\/p>\n<p>Ao n\u00edvel da Prov\u00edncia de Cabo Delgado, o programa Catalisa se concentra no investimento de agroneg\u00f3cio e no desenvolvimento dos jovens para apoiar a procura de uma economia em crescimento, bem como as oportunidades existentes oferecidas pela cadeia de valor do Projecto Mozambique LNG para ajudar a fornecer bens e servi\u00e7os na regi\u00e3o.<\/p>\n\n<\/div>\n\n\n    <\/div>\n\n    <div class=\"col-span-3 lg:col-span-1\">\n\n        \n    <\/div>\n\n<\/div>\n\n\n\n\n<div class=\"container mx-auto p-6\">\n\n    <div class=\"grid grid-cols-12 gap-4 bg-grey5 overflow-hidden rounded-2xl\">\n\n                                <div class=\"col-span-12 lg:col-span-3 lg:order-first bg-cover bg-center pb-16\/9\" style=\"background-image: url(https:\/\/www.mozambiquelng.co.mz\/wp-content\/uploads\/2024\/02\/catalisa_16-9-750x421.jpg);\"><\/div>\n        \n            <div class=\"flex flex-col col-span-12 lg:col-span-9 p-8\">\n\n                                    <h4 class=\"mb-4\">O Projecto Catalisa<\/h4>\n                \n                                    <div class=\"copy grow\">\n                        <p>Para promover a diversifica\u00e7\u00e3o econ\u00f3mica e a gera\u00e7\u00e3o de renda, fizemos uma parceria com a TechnoServe para criar e implementar o programa Catalisa. O Catalisa cria oportunidades de desenvolvimento econ\u00f3mico lideradas pelo sector privado para agricultores e jovens na Prov\u00edncia de Cabo Delgado. O programa de cinco anos se concentra no desenvolvimento de agroneg\u00f3cio, cria\u00e7\u00e3o de empregos e desenvolvimento das habilidades dos jovens.<\/p>\n<p>Embora seja prov\u00e1vel que a constru\u00e7\u00e3o do Projecto Mozambique LNG gere oportunidades de emprego, a agricultura de pequena escala continua sendo uma fonte prim\u00e1ria de renda para a maioria das fam\u00edlias locais. O Catalisa ajuda a aumentar os investimentos e expandir a faixa geogr\u00e1fica das cadeias de valor de horticultura e aves em Cabo Delgado. A componente forma\u00e7\u00e3o para jovens do programa Catalisa se concentra na prepara\u00e7\u00e3o dos jovens do Distrito de Palma para ingressar nessa for\u00e7a de trabalho diversificada ou se tornarem empreendedores.<\/p>\n                    <\/div>\n                \n                \n            <\/div>\n\n    <\/div>\n\n<\/div>\n<div class=\"container mx-auto grid grid-cols-3 gap-x-16 p-6\">\n\n    <div class=\"col-span-3 lg:col-span-2\">\n\n        \n    <\/div>\n\n    <div class=\"col-span-3 lg:col-span-1\">\n\n        \n    <\/div>\n\n<\/div>\n<div class=\"bg-yellow\">\n\n    <div class=\"container mx-auto px-6 py-12\">\n\n            \n            <h3 class=\"mb-8\">Ler sobre as nossas outras categorias focais<\/h3>\n\n        \n        <div class=\"grid lg:grid-cols-3 gap-8\">\n\n            \n\n\n    <a class=\"flex flex-col bg-white overflow-hidden mb-4 rounded-2xl\" href=\"https:\/\/mozambiquelng.co.mz\/sustainability\/social-investment\/community-health\/\" target=\"_self\">\n        <div class=\"flex flex-col grow\">\n                                            <div class=\"w-full pb-16\/9 bg-cover bg-center\" style=\"background-image: url(https:\/\/www.mozambiquelng.co.mz\/wp-content\/uploads\/2024\/02\/community-health-teaser_1-412x232.webp);\"><\/div>\n                        <div class=\"flex flex-col grow items-end p-6\">\n                <div class=\"flex place-self-start flex-col grow\"> \n                    <p class=\"text-s2 text-blue\"><\/p>\n                    <h5 class=\"my-4 font-medium\">Sa\u00fade comunitaria<\/h5>\n                    <p class=\"text-body2\">Melhorar a sa\u00fade e a qualidade de vida \u00e9 a principal \u00e1rea de foco da estrat\u00e9gia geral de investimento social do projecto.<\/p>\n                <\/div>\n                                    <button class=\"cta-btn text-s2 text-blue\">Leia mais<\/button>\n                            <\/div>\n    <\/div>\n    <\/a>\n\n\n\n\n    <a class=\"flex flex-col bg-white overflow-hidden mb-4 rounded-2xl\" href=\"https:\/\/mozambiquelng.co.mz\/sustainability\/social-investment\/education-capacity-building\/\" target=\"_self\">\n        <div class=\"flex flex-col grow\">\n                                            <div class=\"w-full pb-16\/9 bg-cover bg-center\" style=\"background-image: url(https:\/\/www.mozambiquelng.co.mz\/wp-content\/uploads\/2024\/02\/education-health-teaser-412x232.jpg);\"><\/div>\n                        <div class=\"flex flex-col grow items-end p-6\">\n                <div class=\"flex place-self-start flex-col grow\"> \n                    <p class=\"text-s2 text-blue\"><\/p>\n                    <h5 class=\"my-4 font-medium\">Educa\u00e7\u00e3o e capacita\u00e7\u00e3o<\/h5>\n                    <p class=\"text-body2\">O nosso objectivo \u00e9 de garantir que o Projecto Mozambique LNG traga consigo uma melhor qualidade de vida para as comunidades locais no Distrito de Palma, na Prov\u00edncia de Cabo Delgado e no pa\u00eds de forma mais ampla.<\/p>\n                <\/div>\n                                    <button class=\"cta-btn text-s2 text-blue\">Leia mais<\/button>\n                            <\/div>\n    <\/div>\n    <\/a>\n\n\n\n\n    <a class=\"flex flex-col bg-white overflow-hidden mb-4 rounded-2xl\" href=\"https:\/\/mozambiquelng.co.mz\/sustainability\/social-investment\/\" target=\"_self\">\n        <div class=\"flex flex-col grow\">\n                                            <div class=\"w-full pb-16\/9 bg-cover bg-center\" style=\"background-image: url(https:\/\/www.mozambiquelng.co.mz\/wp-content\/uploads\/2024\/01\/Sus-social-Investment-teaser-412x232.webp);\"><\/div>\n                        <div class=\"flex flex-col grow items-end p-6\">\n                <div class=\"flex place-self-start flex-col grow\"> \n                    <p class=\"text-s2 text-blue\"><\/p>\n                    <h5 class=\"my-4 font-medium\">Voltar \u00e0 introdu\u00e7\u00e3o ao Investimento social<\/h5>\n                    <p class=\"text-body2\"><\/p>\n                <\/div>\n                                    <button class=\"cta-btn text-s2 text-blue\">Investimento social<\/button>\n                            <\/div>\n    <\/div>\n    <\/a>\n\n\n        <\/div>\n    \n    <\/div>\n\n<\/div>","protected":false},"excerpt":{"rendered":"","protected":false},"author":8,"featured_media":1797,"parent":2415,"menu_order":0,"comment_status":"closed","ping_status":"closed","template":"","meta":{"_acf_changed":false,"footnotes":""},"class_list":["post-2417","page","type-page","status-publish","has-post-thumbnail","hentry"],"acf":[],"yoast_head":"<!-- This site is optimized with the Yoast SEO plugin v25.3.1 - https:\/\/yoast.com\/wordpress\/plugins\/seo\/ -->\n<title>Gera\u00e7\u00e3o de renda e diversifica\u00e7\u00e3o econ\u00f3mica - Mozambique LNG Project<\/title>\n<meta name=\"robots\" content=\"index, follow, max-snippet:-1, max-image-preview:large, max-video-preview:-1\" \/>\n<link rel=\"canonical\" href=\"https:\/\/www.mozambiquelng.co.mz\/pt-pt\/sustentabilidade\/investimento-social\/geracao-de-renda-e-diversificacao-economica\/\" \/>\n<meta property=\"og:locale\" content=\"pt_PT\" \/>\n<meta property=\"og:type\" content=\"article\" \/>\n<meta property=\"og:title\" content=\"Gera\u00e7\u00e3o de renda e diversifica\u00e7\u00e3o econ\u00f3mica - Mozambique LNG Project\" \/>\n<meta property=\"og:url\" content=\"https:\/\/www.mozambiquelng.co.mz\/pt-pt\/sustentabilidade\/investimento-social\/geracao-de-renda-e-diversificacao-economica\/\" \/>\n<meta property=\"og:site_name\" content=\"Mozambique LNG Project\" \/>\n<meta property=\"article:modified_time\" content=\"2024-03-04T18:11:24+00:00\" \/>\n<meta property=\"og:image\" content=\"https:\/\/www.mozambiquelng.co.mz\/wp-content\/uploads\/2024\/01\/Social-Investment-Homepage_1700.jpg\" \/>\n\t<meta property=\"og:image:width\" content=\"1700\" \/>\n\t<meta property=\"og:image:height\" content=\"550\" \/>\n\t<meta property=\"og:image:type\" content=\"image\/jpeg\" \/>\n<meta name=\"twitter:card\" content=\"summary_large_image\" \/>\n<script type=\"application\/ld+json\" class=\"yoast-schema-graph\">{\"@context\":\"https:\/\/schema.org\",\"@graph\":[{\"@type\":\"WebPage\",\"@id\":\"https:\/\/www.mozambiquelng.co.mz\/pt-pt\/sustentabilidade\/investimento-social\/geracao-de-renda-e-diversificacao-economica\/\",\"url\":\"https:\/\/www.mozambiquelng.co.mz\/pt-pt\/sustentabilidade\/investimento-social\/geracao-de-renda-e-diversificacao-economica\/\",\"name\":\"Gera\u00e7\u00e3o de renda e diversifica\u00e7\u00e3o econ\u00f3mica - Mozambique LNG Project\",\"isPartOf\":{\"@id\":\"https:\/\/www.mozambiquelng.co.mz\/pt-pt\/#website\"},\"primaryImageOfPage\":{\"@id\":\"https:\/\/www.mozambiquelng.co.mz\/pt-pt\/sustentabilidade\/investimento-social\/geracao-de-renda-e-diversificacao-economica\/#primaryimage\"},\"image\":{\"@id\":\"https:\/\/www.mozambiquelng.co.mz\/pt-pt\/sustentabilidade\/investimento-social\/geracao-de-renda-e-diversificacao-economica\/#primaryimage\"},\"thumbnailUrl\":\"https:\/\/www.mozambiquelng.co.mz\/wp-content\/uploads\/2024\/01\/Social-Investment-Homepage_1700.jpg\",\"datePublished\":\"2024-01-27T09:41:30+00:00\",\"dateModified\":\"2024-03-04T18:11:24+00:00\",\"breadcrumb\":{\"@id\":\"https:\/\/www.mozambiquelng.co.mz\/pt-pt\/sustentabilidade\/investimento-social\/geracao-de-renda-e-diversificacao-economica\/#breadcrumb\"},\"inLanguage\":\"pt-PT\",\"potentialAction\":[{\"@type\":\"ReadAction\",\"target\":[\"https:\/\/www.mozambiquelng.co.mz\/pt-pt\/sustentabilidade\/investimento-social\/geracao-de-renda-e-diversificacao-economica\/\"]}]},{\"@type\":\"ImageObject\",\"inLanguage\":\"pt-PT\",\"@id\":\"https:\/\/www.mozambiquelng.co.mz\/pt-pt\/sustentabilidade\/investimento-social\/geracao-de-renda-e-diversificacao-economica\/#primaryimage\",\"url\":\"https:\/\/www.mozambiquelng.co.mz\/wp-content\/uploads\/2024\/01\/Social-Investment-Homepage_1700.jpg\",\"contentUrl\":\"https:\/\/www.mozambiquelng.co.mz\/wp-content\/uploads\/2024\/01\/Social-Investment-Homepage_1700.jpg\",\"width\":1700,\"height\":550,\"caption\":\"Investimento social\"},{\"@type\":\"BreadcrumbList\",\"@id\":\"https:\/\/www.mozambiquelng.co.mz\/pt-pt\/sustentabilidade\/investimento-social\/geracao-de-renda-e-diversificacao-economica\/#breadcrumb\",\"itemListElement\":[{\"@type\":\"ListItem\",\"position\":1,\"name\":\"Home\",\"item\":\"https:\/\/www.mozambiquelng.co.mz\/pt-pt\/\"},{\"@type\":\"ListItem\",\"position\":2,\"name\":\"Sustentabilidade\",\"item\":\"https:\/\/www.mozambiquelng.co.mz\/pt-pt\/sustentabilidade\/\"},{\"@type\":\"ListItem\",\"position\":3,\"name\":\"Investimento social\",\"item\":\"https:\/\/www.mozambiquelng.co.mz\/pt-pt\/sustentabilidade\/investimento-social\/\"},{\"@type\":\"ListItem\",\"position\":4,\"name\":\"Gera\u00e7\u00e3o de renda e diversifica\u00e7\u00e3o econ\u00f3mica\"}]},{\"@type\":\"WebSite\",\"@id\":\"https:\/\/www.mozambiquelng.co.mz\/pt-pt\/#website\",\"url\":\"https:\/\/www.mozambiquelng.co.mz\/pt-pt\/\",\"name\":\"Mozambique LNG Project\",\"description\":\"A long-term commitment with Mozambique\",\"potentialAction\":[{\"@type\":\"SearchAction\",\"target\":{\"@type\":\"EntryPoint\",\"urlTemplate\":\"https:\/\/www.mozambiquelng.co.mz\/pt-pt\/?s={search_term_string}\"},\"query-input\":{\"@type\":\"PropertyValueSpecification\",\"valueRequired\":true,\"valueName\":\"search_term_string\"}}],\"inLanguage\":\"pt-PT\"}]}<\/script>\n<!-- \/ Yoast SEO plugin. -->","yoast_head_json":{"title":"Gera\u00e7\u00e3o de renda e diversifica\u00e7\u00e3o econ\u00f3mica - Mozambique LNG Project","robots":{"index":"index","follow":"follow","max-snippet":"max-snippet:-1","max-image-preview":"max-image-preview:large","max-video-preview":"max-video-preview:-1"},"canonical":"https:\/\/www.mozambiquelng.co.mz\/pt-pt\/sustentabilidade\/investimento-social\/geracao-de-renda-e-diversificacao-economica\/","og_locale":"pt_PT","og_type":"article","og_title":"Gera\u00e7\u00e3o de renda e diversifica\u00e7\u00e3o econ\u00f3mica - Mozambique LNG Project","og_url":"https:\/\/www.mozambiquelng.co.mz\/pt-pt\/sustentabilidade\/investimento-social\/geracao-de-renda-e-diversificacao-economica\/","og_site_name":"Mozambique LNG Project","article_modified_time":"2024-03-04T18:11:24+00:00","og_image":[{"width":1700,"height":550,"url":"https:\/\/www.mozambiquelng.co.mz\/wp-content\/uploads\/2024\/01\/Social-Investment-Homepage_1700.jpg","type":"image\/jpeg"}],"twitter_card":"summary_large_image","schema":{"@context":"https:\/\/schema.org","@graph":[{"@type":"WebPage","@id":"https:\/\/www.mozambiquelng.co.mz\/pt-pt\/sustentabilidade\/investimento-social\/geracao-de-renda-e-diversificacao-economica\/","url":"https:\/\/www.mozambiquelng.co.mz\/pt-pt\/sustentabilidade\/investimento-social\/geracao-de-renda-e-diversificacao-economica\/","name":"Gera\u00e7\u00e3o de renda e diversifica\u00e7\u00e3o econ\u00f3mica - Mozambique LNG Project","isPartOf":{"@id":"https:\/\/www.mozambiquelng.co.mz\/pt-pt\/#website"},"primaryImageOfPage":{"@id":"https:\/\/www.mozambiquelng.co.mz\/pt-pt\/sustentabilidade\/investimento-social\/geracao-de-renda-e-diversificacao-economica\/#primaryimage"},"image":{"@id":"https:\/\/www.mozambiquelng.co.mz\/pt-pt\/sustentabilidade\/investimento-social\/geracao-de-renda-e-diversificacao-economica\/#primaryimage"},"thumbnailUrl":"https:\/\/www.mozambiquelng.co.mz\/wp-content\/uploads\/2024\/01\/Social-Investment-Homepage_1700.jpg","datePublished":"2024-01-27T09:41:30+00:00","dateModified":"2024-03-04T18:11:24+00:00","breadcrumb":{"@id":"https:\/\/www.mozambiquelng.co.mz\/pt-pt\/sustentabilidade\/investimento-social\/geracao-de-renda-e-diversificacao-economica\/#breadcrumb"},"inLanguage":"pt-PT","potentialAction":[{"@type":"ReadAction","target":["https:\/\/www.mozambiquelng.co.mz\/pt-pt\/sustentabilidade\/investimento-social\/geracao-de-renda-e-diversificacao-economica\/"]}]},{"@type":"ImageObject","inLanguage":"pt-PT","@id":"https:\/\/www.mozambiquelng.co.mz\/pt-pt\/sustentabilidade\/investimento-social\/geracao-de-renda-e-diversificacao-economica\/#primaryimage","url":"https:\/\/www.mozambiquelng.co.mz\/wp-content\/uploads\/2024\/01\/Social-Investment-Homepage_1700.jpg","contentUrl":"https:\/\/www.mozambiquelng.co.mz\/wp-content\/uploads\/2024\/01\/Social-Investment-Homepage_1700.jpg","width":1700,"height":550,"caption":"Investimento social"},{"@type":"BreadcrumbList","@id":"https:\/\/www.mozambiquelng.co.mz\/pt-pt\/sustentabilidade\/investimento-social\/geracao-de-renda-e-diversificacao-economica\/#breadcrumb","itemListElement":[{"@type":"ListItem","position":1,"name":"Home","item":"https:\/\/www.mozambiquelng.co.mz\/pt-pt\/"},{"@type":"ListItem","position":2,"name":"Sustentabilidade","item":"https:\/\/www.mozambiquelng.co.mz\/pt-pt\/sustentabilidade\/"},{"@type":"ListItem","position":3,"name":"Investimento social","item":"https:\/\/www.mozambiquelng.co.mz\/pt-pt\/sustentabilidade\/investimento-social\/"},{"@type":"ListItem","position":4,"name":"Gera\u00e7\u00e3o de renda e diversifica\u00e7\u00e3o econ\u00f3mica"}]},{"@type":"WebSite","@id":"https:\/\/www.mozambiquelng.co.mz\/pt-pt\/#website","url":"https:\/\/www.mozambiquelng.co.mz\/pt-pt\/","name":"Mozambique LNG Project","description":"A long-term commitment with Mozambique","potentialAction":[{"@type":"SearchAction","target":{"@type":"EntryPoint","urlTemplate":"https:\/\/www.mozambiquelng.co.mz\/pt-pt\/?s={search_term_string}"},"query-input":{"@type":"PropertyValueSpecification","valueRequired":true,"valueName":"search_term_string"}}],"inLanguage":"pt-PT"}]}},"_links":{"self":[{"href":"https:\/\/www.mozambiquelng.co.mz\/pt-pt\/wp-json\/wp\/v2\/pages\/2417","targetHints":{"allow":["GET"]}}],"collection":[{"href":"https:\/\/www.mozambiquelng.co.mz\/pt-pt\/wp-json\/wp\/v2\/pages"}],"about":[{"href":"https:\/\/www.mozambiquelng.co.mz\/pt-pt\/wp-json\/wp\/v2\/types\/page"}],"author":[{"embeddable":true,"href":"https:\/\/www.mozambiquelng.co.mz\/pt-pt\/wp-json\/wp\/v2\/users\/8"}],"replies":[{"embeddable":true,"href":"https:\/\/www.mozambiquelng.co.mz\/pt-pt\/wp-json\/wp\/v2\/comments?post=2417"}],"version-history":[{"count":15,"href":"https:\/\/www.mozambiquelng.co.mz\/pt-pt\/wp-json\/wp\/v2\/pages\/2417\/revisions"}],"predecessor-version":[{"id":4625,"href":"https:\/\/www.mozambiquelng.co.mz\/pt-pt\/wp-json\/wp\/v2\/pages\/2417\/revisions\/4625"}],"up":[{"embeddable":true,"href":"https:\/\/www.mozambiquelng.co.mz\/pt-pt\/wp-json\/wp\/v2\/pages\/2415"}],"wp:featuredmedia":[{"embeddable":true,"href":"https:\/\/www.mozambiquelng.co.mz\/pt-pt\/wp-json\/wp\/v2\/media\/1797"}],"wp:attachment":[{"href":"https:\/\/www.mozambiquelng.co.mz\/pt-pt\/wp-json\/wp\/v2\/media?parent=2417"}],"curies":[{"name":"wp","href":"https:\/\/api.w.org\/{rel}","templated":true}]}}