{"id":2421,"date":"2024-01-27T12:01:03","date_gmt":"2024-01-27T10:01:03","guid":{"rendered":"https:\/\/mozambiquelng-dev.5thring.co.uk\/sustentabilidade\/gestao-da-saude-comunitaria\/"},"modified":"2024-02-27T16:33:47","modified_gmt":"2024-02-27T14:33:47","slug":"gestao-da-saude-comunitaria","status":"publish","type":"page","link":"https:\/\/www.mozambiquelng.co.mz\/pt-pt\/sustentabilidade\/gestao-da-saude-comunitaria\/","title":{"rendered":"Gest\u00e3o da sa\u00fade comunit\u00e1ria;"},"content":{"rendered":"\n<div class=\"container mx-auto grid grid-cols-3 gap-x-16 p-6\">\n\n    <div class=\"col-span-3 lg:col-span-2\">\n\n        \n<div class=\"copy\">\n    \n    <p>A seguran\u00e7a de todas as partes interessadas (Stakeholders) &#8211; incluindo os nossos trabalhadores, a for\u00e7a de trabalho do projecto e as comunidades com as quais trabalhamos &#8211; \u00e9 um valor essencial. Temos o compromisso de proteger a sa\u00fade e a seguran\u00e7a de todas as pessoas associadas \u00e0s nossas actividades, directa ou indirectamente. Ao priorizar a sa\u00fade e a seguran\u00e7a, estamos a construir a resili\u00eancia nas nossas estrat\u00e9gias comerciais de longo prazo e nas comunidades vizinhas. Cumprimos as leis e regulamentos aplic\u00e1veis sempre que conduzimos os nossos neg\u00f3cios.<\/p>\n<p><img loading=\"lazy\" decoding=\"async\" class=\"alignnone size-large wp-image-4330\" src=\"https:\/\/mozambiquelng.co.mz\/wp-content\/uploads\/2024\/02\/Hospital-e1709043922204-1024x577.png\" alt=\"Gest\u00e3o da sa\u00fade comunit\u00e1ria;\" width=\"1024\" height=\"577\" srcset=\"https:\/\/www.mozambiquelng.co.mz\/wp-content\/uploads\/2024\/02\/Hospital-e1709043922204-1024x577.png 1024w, https:\/\/www.mozambiquelng.co.mz\/wp-content\/uploads\/2024\/02\/Hospital-e1709043922204-300x169.png 300w, https:\/\/www.mozambiquelng.co.mz\/wp-content\/uploads\/2024\/02\/Hospital-e1709043922204-768x433.png 768w, https:\/\/www.mozambiquelng.co.mz\/wp-content\/uploads\/2024\/02\/Hospital-e1709043922204-412x232.png 412w, https:\/\/www.mozambiquelng.co.mz\/wp-content\/uploads\/2024\/02\/Hospital-e1709043922204.png 1525w\" sizes=\"auto, (max-width: 1024px) 100vw, 1024px\" \/><\/p>\n\n<\/div>\n\n\n    <h3 class=\"mt-8 mb-4\">Avalia\u00e7\u00e3o do impacto na sa\u00fade<\/h3>\n\n<div class=\"copy\">\n    \n    <p>Para compreender os poss\u00edveis impactos do nosso projecto no Distrito de Palma para a sa\u00fade p\u00fablica, uma Avalia\u00e7\u00e3o de Impacto na Sa\u00fade (HIA) para as componentes onshore foi conclu\u00edda em 2013. Em 2018, a avalia\u00e7\u00e3o foi actualizada para abrangir \u00e1reas mais amplas dos distritos de Palma e Moc\u00edmboa da Praia bem como o corredor de transporte. Os principais objectivos da HIA do projecto eram:<\/p>\n<ul>\n<li>Definir e gerir poss\u00edveis impactos espaciais e temporais<\/li>\n<li>Evitar ou minimizar os poss\u00edveis impactos adversos e significativos \u00e0 sa\u00fade e garantir a gest\u00e3o de impactos residuais<\/li>\n<li>Aproveitar os benef\u00edcios do projecto para criar planos de desenvolvimento e investimento a sa\u00fade da comunidade em grande e pequena escala<\/li>\n<li>Aumentar a probabilidade de desenvolvimento comunit\u00e1rio sustent\u00e1vel<\/li>\n<\/ul>\n\n<\/div>\n\n\n    <h3 class=\"mt-8 mb-4\">Plano de gest\u00e3o e monitoria da sa\u00fade comunit\u00e1ria<\/h3>\n\n<div class=\"copy\">\n    \n    <p>O Plano de Gest\u00e3o e Monitoria da Sa\u00fade Comunit\u00e1ria (CHMMP) do Projecto Mozambique LNG \u00e9 o resultado da HIA do projecto e orienta o desenvolvimento de programas espec\u00edficos da sa\u00fade de comunidade. O CHMMP detalha os programas e as actividades da sa\u00fade especificas , processos de implementa\u00e7\u00e3o, locais propostos, dura\u00e7\u00e3o, potenciais parceiros e crit\u00e9rios de monitoria e avalia\u00e7\u00e3o.<\/p>\n<p>A nossa avalia\u00e7\u00e3o revelou v\u00e1rios potenciais e impactos, devido ao aumento de pessoas e actividades nas \u00e1reas relacionadas. Para ajudar a gerir esses impactos, o CHMMP do projecto inclui as seguintes medidas:<\/p>\n<ul>\n<li>Apoiar o desenvolvimento de servi\u00e7os b\u00e1sicos da sa\u00fade para a popula\u00e7\u00e3o na \u00e1rea de influ\u00eancia do projecto, incluindo as comunidades afectadas pelo reassentamento;<\/li>\n<li>Desenvolvimento de programas de controlo da mal\u00e1ria para locais de trabalho e comunidades;<\/li>\n<li>Desenvolvimento de pol\u00edticas e programas de projectos relacionados \u00e0 tuberculose e HIV;<\/li>\n<li>Desenvolver e projectar sistemas m\u00e9dicos apropriados baseados no local<\/li>\n<li>Desenvolvimento de programas de gest\u00e3o de contratadas relacionados a acomoda\u00e7\u00e3o e recrutamento;<\/li>\n<li>Desenvolvimento de planos de gest\u00e3o populacional e recrutamento de m\u00e3o-de-obra;<\/li>\n<li>Apoiar o planeamento urbano induzido pelo influxo e estrat\u00e9gias de capacita\u00e7\u00e3o;<\/li>\n<li>Apoiar as autoridades locais na cria\u00e7\u00e3o de planos de desenvolvimento para as \u00e1reas afectadas.<\/li>\n<\/ul>\n\n<\/div>\n\n\n\n    <div class=\"flex flex-row flex-wrap justify-end gap-2 my-4\">\n                    <a class=\"cta-btn text-s2 text-right\" href=\"https:\/\/mozambiquelng.co.mz\/wp-content\/uploads\/2024\/02\/community_health_management_and_monitoring_plan_2.pdf\" target=\"_blank\">Ver o Plano de Sa\u00fade Comunit\u00e1rio (PDF)<\/a>\n            <\/div>\n\n\n    <\/div>\n\n    <div class=\"col-span-3 lg:col-span-1\">\n\n        \n    <\/div>\n\n<\/div>\n<div class=\"container mx-auto grid grid-cols-3 gap-x-16 p-6\">\n\n    <div class=\"col-span-3 lg:col-span-2\">\n\n        \n    <h5 class=\"mt-8 mb-4\">O Programa da Pathfinder<\/h5>\n\n    <h3 class=\"mt-8 mb-4\">O Programa da Pathfinder<\/h3>\n\n<div class=\"copy\">\n    \n    <p>Como parte do Plano de Gest\u00e3o e Monitoria da Sa\u00fade Comunit\u00e1ria (CHMMP) do Projecto Mozambique LNG, a Pathfinder International, uma ONG do sector da sa\u00fade em Mo\u00e7ambique, foi contratada para implementar um programa integrado da sa\u00fade comunit\u00e1ria. O programa de cinco anos concentra esfor\u00e7os nos Distritos de Palma e Moc\u00edmboa da Praia para melhorar a sa\u00fade geral dessas comunidades.<\/p>\n<p>Para alcan\u00e7ar esse objectivo, o programa integrado da sa\u00fade comunit\u00e1ria da Pathfinder visa nomeadamente:<\/p>\n<ul>\n<li>Expandir o acesso da comunidade a informa\u00e7\u00f5es e recursos relacionados \u00e0 sa\u00fade;<\/li>\n<li>Melhorar os servi\u00e7os de sa\u00fade baseados na comunidade que previnem e tratam HIV, tuberculose e infec\u00e7\u00f5es sexualmente transmiss\u00edveis<\/li>\n<li>Promover comportamentos sexuais e reprodutivos saud\u00e1veis;<\/li>\n<li>Melhorar os cuidados da sa\u00fade materno-infantil, especificamente crian\u00e7as menores de cinco anos, mulheres gr\u00e1vidas e meninas e meninos adolescentes;<\/li>\n<li>Promover o acesso a \u00e1gua pot\u00e1vel, melhorar o saneamento do meio e comportamentos de higiene.<\/li>\n<\/ul>\n\n<\/div>\n\n\n\n    <div class=\"flex flex-row flex-wrap justify-end gap-2 my-4\">\n                    <a class=\"cta-btn text-s2 text-right\" href=\"https:\/\/www.pathfinder.org\/\" target=\"_blank\"> Visite a pagina da Pathfinder International<\/a>\n            <\/div>\n\n\n    <h3 class=\"mt-8 mb-4\">Memorando de Entendimento com a USAID<\/h3>\n\n<div class=\"copy\">\n    \n    <p>Como parte de uma abordagem integrada de interven\u00e7\u00f5es em programas da sa\u00fade, a Total e a Ag\u00eancia dos Estados Unidos para o Desenvolvimento Internacional (USAID) celebraram um Memorando de Entendimento (MdE) para expandir o alcance das interven\u00e7\u00f5es da sa\u00fade nos Distritos de Palma e Moc\u00edmboa da Praia. Atrav\u00e9s desta parceria, a USAID vai contribuir para a promo\u00e7\u00e3o de programas da sa\u00fade integrados nessas \u00e1reas geogr\u00e1ficas.<\/p>\n<p>O objectivo desses esfor\u00e7os conjuntos de programa\u00e7\u00e3o \u00e9 de:<\/p>\n<ul>\n<li>Melhorar a sa\u00fade reprodutiva e o bem-estar de meninas e mulheres adolescentes;<\/li>\n<li>Reduzir a ocorr\u00eancia de casamentos prematuros e for\u00e7ados nos Distritos de Palma e Mocimboa da Praia.<\/li>\n<\/ul>\n<p>Para atingir esses objectivos, o Memorando de Entendimento concentra esfor\u00e7os na melhoria de capacidades multissetoriais, como capacita\u00e7\u00e3o econ\u00f3mica, social, reprodutiva e educacional.<\/p>\n\n<\/div>\n\n\n    <h3 class=\"mt-8 mb-4\">Programa de controlo da mal\u00e1ria<\/h3>\n\n<div class=\"copy\">\n    \n    <p>A HIA do projecto de 2013 envolveu uma pesquisa de base da sa\u00fade de comunidades na Pen\u00ednsula de Afungi. A pesquisa revelou uma preval\u00eancia m\u00e9dia de mal\u00e1ria de 52,3% nos locais amostrados. A pesquisa igualmente destacou a consciencializa\u00e7\u00e3o e o conhecimento limitados de comunidade relacionados \u00e0 mal\u00e1ria, que podem resultar num mau comportamento de busca de sa\u00fade.<\/p>\n<p>Para melhorar essas condi\u00e7\u00f5es da comunidade do Distrito de Palma, desenvolvemos um Plano Comunit\u00e1rio de Controlo da Mal\u00e1ria (CMCP). O CMCP est\u00e1 alinhado com o Plano Nacional de Controlo da Mal\u00e1ria em Mo\u00e7ambique e concentrar-se-\u00e1 nas actividades do programa, durante a fase de constru\u00e7\u00e3o do projecto.<\/p>\n\n<\/div>\n\n\n\n    <div class=\"flex flex-row flex-wrap justify-end gap-2 my-4\">\n                    <a class=\"cta-btn text-s2 text-right\" href=\"https:\/\/www.pmi.gov\/where-we-work\/mozambique\/\" target=\"_blank\">Leia sobre o Plano Nacional da Mal\u00e1ria em Mo\u00e7ambique<\/a>\n                    <a class=\"cta-btn text-s2 text-right\" href=\"https:\/\/mozambiquelng.co.mz\/wp-content\/uploads\/2024\/02\/community_malaria_control_plan_2.pdf\" target=\"_blank\">Ver o Plano de Sa\u00fade Comunit\u00e1rio (PDF)<\/a>\n            <\/div>\n\n\n    <\/div>\n\n    <div class=\"col-span-3 lg:col-span-1\">\n\n        \n    <\/div>\n\n<\/div>","protected":false},"excerpt":{"rendered":"","protected":false},"author":8,"featured_media":3785,"parent":2357,"menu_order":5,"comment_status":"closed","ping_status":"closed","template":"","meta":{"_acf_changed":false,"footnotes":""},"class_list":["post-2421","page","type-page","status-publish","has-post-thumbnail","hentry"],"acf":[],"yoast_head":"<!-- This site is optimized with the Yoast SEO plugin v25.3.1 - https:\/\/yoast.com\/wordpress\/plugins\/seo\/ -->\n<title>Gest\u00e3o da sa\u00fade comunit\u00e1ria; - Mozambique LNG Project<\/title>\n<meta name=\"robots\" content=\"index, follow, max-snippet:-1, max-image-preview:large, max-video-preview:-1\" \/>\n<link rel=\"canonical\" href=\"https:\/\/www.mozambiquelng.co.mz\/pt-pt\/sustentabilidade\/gestao-da-saude-comunitaria\/\" \/>\n<meta property=\"og:locale\" content=\"pt_PT\" \/>\n<meta property=\"og:type\" content=\"article\" \/>\n<meta property=\"og:title\" content=\"Gest\u00e3o da sa\u00fade comunit\u00e1ria; - Mozambique LNG Project\" \/>\n<meta property=\"og:url\" content=\"https:\/\/www.mozambiquelng.co.mz\/pt-pt\/sustentabilidade\/gestao-da-saude-comunitaria\/\" \/>\n<meta property=\"og:site_name\" content=\"Mozambique LNG Project\" \/>\n<meta property=\"article:modified_time\" content=\"2024-02-27T14:33:47+00:00\" \/>\n<meta property=\"og:image\" content=\"https:\/\/www.mozambiquelng.co.mz\/wp-content\/uploads\/2024\/02\/community-health-management_hero.webp\" \/>\n\t<meta property=\"og:image:width\" content=\"1700\" \/>\n\t<meta property=\"og:image:height\" content=\"550\" \/>\n\t<meta property=\"og:image:type\" content=\"image\/webp\" \/>\n<meta name=\"twitter:card\" content=\"summary_large_image\" \/>\n<script type=\"application\/ld+json\" class=\"yoast-schema-graph\">{\"@context\":\"https:\/\/schema.org\",\"@graph\":[{\"@type\":\"WebPage\",\"@id\":\"https:\/\/www.mozambiquelng.co.mz\/pt-pt\/sustentabilidade\/gestao-da-saude-comunitaria\/\",\"url\":\"https:\/\/www.mozambiquelng.co.mz\/pt-pt\/sustentabilidade\/gestao-da-saude-comunitaria\/\",\"name\":\"Gest\u00e3o da sa\u00fade comunit\u00e1ria; - Mozambique LNG Project\",\"isPartOf\":{\"@id\":\"https:\/\/www.mozambiquelng.co.mz\/pt-pt\/#website\"},\"primaryImageOfPage\":{\"@id\":\"https:\/\/www.mozambiquelng.co.mz\/pt-pt\/sustentabilidade\/gestao-da-saude-comunitaria\/#primaryimage\"},\"image\":{\"@id\":\"https:\/\/www.mozambiquelng.co.mz\/pt-pt\/sustentabilidade\/gestao-da-saude-comunitaria\/#primaryimage\"},\"thumbnailUrl\":\"https:\/\/www.mozambiquelng.co.mz\/wp-content\/uploads\/2024\/02\/community-health-management_hero.webp\",\"datePublished\":\"2024-01-27T10:01:03+00:00\",\"dateModified\":\"2024-02-27T14:33:47+00:00\",\"breadcrumb\":{\"@id\":\"https:\/\/www.mozambiquelng.co.mz\/pt-pt\/sustentabilidade\/gestao-da-saude-comunitaria\/#breadcrumb\"},\"inLanguage\":\"pt-PT\",\"potentialAction\":[{\"@type\":\"ReadAction\",\"target\":[\"https:\/\/www.mozambiquelng.co.mz\/pt-pt\/sustentabilidade\/gestao-da-saude-comunitaria\/\"]}]},{\"@type\":\"ImageObject\",\"inLanguage\":\"pt-PT\",\"@id\":\"https:\/\/www.mozambiquelng.co.mz\/pt-pt\/sustentabilidade\/gestao-da-saude-comunitaria\/#primaryimage\",\"url\":\"https:\/\/www.mozambiquelng.co.mz\/wp-content\/uploads\/2024\/02\/community-health-management_hero.webp\",\"contentUrl\":\"https:\/\/www.mozambiquelng.co.mz\/wp-content\/uploads\/2024\/02\/community-health-management_hero.webp\",\"width\":1700,\"height\":550,\"caption\":\"Gest\u00e3o da sa\u00fade comunit\u00e1ria;\"},{\"@type\":\"BreadcrumbList\",\"@id\":\"https:\/\/www.mozambiquelng.co.mz\/pt-pt\/sustentabilidade\/gestao-da-saude-comunitaria\/#breadcrumb\",\"itemListElement\":[{\"@type\":\"ListItem\",\"position\":1,\"name\":\"Home\",\"item\":\"https:\/\/www.mozambiquelng.co.mz\/pt-pt\/\"},{\"@type\":\"ListItem\",\"position\":2,\"name\":\"Sustentabilidade\",\"item\":\"https:\/\/www.mozambiquelng.co.mz\/pt-pt\/sustentabilidade\/\"},{\"@type\":\"ListItem\",\"position\":3,\"name\":\"Gest\u00e3o da sa\u00fade comunit\u00e1ria;\"}]},{\"@type\":\"WebSite\",\"@id\":\"https:\/\/www.mozambiquelng.co.mz\/pt-pt\/#website\",\"url\":\"https:\/\/www.mozambiquelng.co.mz\/pt-pt\/\",\"name\":\"Mozambique LNG Project\",\"description\":\"A long-term commitment with Mozambique\",\"potentialAction\":[{\"@type\":\"SearchAction\",\"target\":{\"@type\":\"EntryPoint\",\"urlTemplate\":\"https:\/\/www.mozambiquelng.co.mz\/pt-pt\/?s={search_term_string}\"},\"query-input\":{\"@type\":\"PropertyValueSpecification\",\"valueRequired\":true,\"valueName\":\"search_term_string\"}}],\"inLanguage\":\"pt-PT\"}]}<\/script>\n<!-- \/ Yoast SEO plugin. -->","yoast_head_json":{"title":"Gest\u00e3o da sa\u00fade comunit\u00e1ria; - Mozambique LNG Project","robots":{"index":"index","follow":"follow","max-snippet":"max-snippet:-1","max-image-preview":"max-image-preview:large","max-video-preview":"max-video-preview:-1"},"canonical":"https:\/\/www.mozambiquelng.co.mz\/pt-pt\/sustentabilidade\/gestao-da-saude-comunitaria\/","og_locale":"pt_PT","og_type":"article","og_title":"Gest\u00e3o da sa\u00fade comunit\u00e1ria; - Mozambique LNG Project","og_url":"https:\/\/www.mozambiquelng.co.mz\/pt-pt\/sustentabilidade\/gestao-da-saude-comunitaria\/","og_site_name":"Mozambique LNG Project","article_modified_time":"2024-02-27T14:33:47+00:00","og_image":[{"width":1700,"height":550,"url":"https:\/\/www.mozambiquelng.co.mz\/wp-content\/uploads\/2024\/02\/community-health-management_hero.webp","type":"image\/webp"}],"twitter_card":"summary_large_image","schema":{"@context":"https:\/\/schema.org","@graph":[{"@type":"WebPage","@id":"https:\/\/www.mozambiquelng.co.mz\/pt-pt\/sustentabilidade\/gestao-da-saude-comunitaria\/","url":"https:\/\/www.mozambiquelng.co.mz\/pt-pt\/sustentabilidade\/gestao-da-saude-comunitaria\/","name":"Gest\u00e3o da sa\u00fade comunit\u00e1ria; - Mozambique LNG Project","isPartOf":{"@id":"https:\/\/www.mozambiquelng.co.mz\/pt-pt\/#website"},"primaryImageOfPage":{"@id":"https:\/\/www.mozambiquelng.co.mz\/pt-pt\/sustentabilidade\/gestao-da-saude-comunitaria\/#primaryimage"},"image":{"@id":"https:\/\/www.mozambiquelng.co.mz\/pt-pt\/sustentabilidade\/gestao-da-saude-comunitaria\/#primaryimage"},"thumbnailUrl":"https:\/\/www.mozambiquelng.co.mz\/wp-content\/uploads\/2024\/02\/community-health-management_hero.webp","datePublished":"2024-01-27T10:01:03+00:00","dateModified":"2024-02-27T14:33:47+00:00","breadcrumb":{"@id":"https:\/\/www.mozambiquelng.co.mz\/pt-pt\/sustentabilidade\/gestao-da-saude-comunitaria\/#breadcrumb"},"inLanguage":"pt-PT","potentialAction":[{"@type":"ReadAction","target":["https:\/\/www.mozambiquelng.co.mz\/pt-pt\/sustentabilidade\/gestao-da-saude-comunitaria\/"]}]},{"@type":"ImageObject","inLanguage":"pt-PT","@id":"https:\/\/www.mozambiquelng.co.mz\/pt-pt\/sustentabilidade\/gestao-da-saude-comunitaria\/#primaryimage","url":"https:\/\/www.mozambiquelng.co.mz\/wp-content\/uploads\/2024\/02\/community-health-management_hero.webp","contentUrl":"https:\/\/www.mozambiquelng.co.mz\/wp-content\/uploads\/2024\/02\/community-health-management_hero.webp","width":1700,"height":550,"caption":"Gest\u00e3o da sa\u00fade comunit\u00e1ria;"},{"@type":"BreadcrumbList","@id":"https:\/\/www.mozambiquelng.co.mz\/pt-pt\/sustentabilidade\/gestao-da-saude-comunitaria\/#breadcrumb","itemListElement":[{"@type":"ListItem","position":1,"name":"Home","item":"https:\/\/www.mozambiquelng.co.mz\/pt-pt\/"},{"@type":"ListItem","position":2,"name":"Sustentabilidade","item":"https:\/\/www.mozambiquelng.co.mz\/pt-pt\/sustentabilidade\/"},{"@type":"ListItem","position":3,"name":"Gest\u00e3o da sa\u00fade comunit\u00e1ria;"}]},{"@type":"WebSite","@id":"https:\/\/www.mozambiquelng.co.mz\/pt-pt\/#website","url":"https:\/\/www.mozambiquelng.co.mz\/pt-pt\/","name":"Mozambique LNG Project","description":"A long-term commitment with Mozambique","potentialAction":[{"@type":"SearchAction","target":{"@type":"EntryPoint","urlTemplate":"https:\/\/www.mozambiquelng.co.mz\/pt-pt\/?s={search_term_string}"},"query-input":{"@type":"PropertyValueSpecification","valueRequired":true,"valueName":"search_term_string"}}],"inLanguage":"pt-PT"}]}},"_links":{"self":[{"href":"https:\/\/www.mozambiquelng.co.mz\/pt-pt\/wp-json\/wp\/v2\/pages\/2421","targetHints":{"allow":["GET"]}}],"collection":[{"href":"https:\/\/www.mozambiquelng.co.mz\/pt-pt\/wp-json\/wp\/v2\/pages"}],"about":[{"href":"https:\/\/www.mozambiquelng.co.mz\/pt-pt\/wp-json\/wp\/v2\/types\/page"}],"author":[{"embeddable":true,"href":"https:\/\/www.mozambiquelng.co.mz\/pt-pt\/wp-json\/wp\/v2\/users\/8"}],"replies":[{"embeddable":true,"href":"https:\/\/www.mozambiquelng.co.mz\/pt-pt\/wp-json\/wp\/v2\/comments?post=2421"}],"version-history":[{"count":7,"href":"https:\/\/www.mozambiquelng.co.mz\/pt-pt\/wp-json\/wp\/v2\/pages\/2421\/revisions"}],"predecessor-version":[{"id":4361,"href":"https:\/\/www.mozambiquelng.co.mz\/pt-pt\/wp-json\/wp\/v2\/pages\/2421\/revisions\/4361"}],"up":[{"embeddable":true,"href":"https:\/\/www.mozambiquelng.co.mz\/pt-pt\/wp-json\/wp\/v2\/pages\/2357"}],"wp:featuredmedia":[{"embeddable":true,"href":"https:\/\/www.mozambiquelng.co.mz\/pt-pt\/wp-json\/wp\/v2\/media\/3785"}],"wp:attachment":[{"href":"https:\/\/www.mozambiquelng.co.mz\/pt-pt\/wp-json\/wp\/v2\/media?parent=2421"}],"curies":[{"name":"wp","href":"https:\/\/api.w.org\/{rel}","templated":true}]}}