{"id":2423,"date":"2024-01-27T12:03:33","date_gmt":"2024-01-27T12:03:33","guid":{"rendered":"https:\/\/mozambiquelng-dev.5thring.co.uk\/sustentabilidade\/seguranca-e-direitos-humanos\/"},"modified":"2024-02-26T12:08:14","modified_gmt":"2024-02-26T12:08:14","slug":"seguranca-e-direitos-humanos","status":"publish","type":"page","link":"https:\/\/www.mozambiquelng.co.mz\/pt-pt\/sustentabilidade\/seguranca-e-direitos-humanos\/","title":{"rendered":"Direitos Humanos e Seguran\u00e7a"},"content":{"rendered":"\n<div class=\"container mx-auto grid grid-cols-3 gap-x-16 p-6\">\n\n    <div class=\"col-span-3 lg:col-span-2\">\n\n        \n<div class=\"copy\">\n    \n    <p>Proteger e valorizar os direitos humanos \u00e9 uma importante \u00e1rea de foco para a TotalEnergies e para o Projecto Mozambique LNG.<\/p>\n<p>Queremos garantir que os direitos humanos sejam fundamentais em tudo quanto fazemos &#8211; incluindo o respeito \u00e0 nossa for\u00e7a de trabalho, \u00e0s comunidades locais e \u00e0 seguran\u00e7a.<\/p>\n<p>O projecto tem um grupo de trabalho dedicado aos direitos humanos, que trabalha em toda a empresa, para garantir que os direitos humanos sejam respeitados.<\/p>\n\n<\/div>\n\n\n\n    <div class=\"flex flex-row flex-wrap justify-end gap-2 my-4\">\n                    <a class=\"cta-btn text-s2 text-right\" href=\"https:\/\/mozambiquelng.co.mz\/contact\/\" target=\"\"> Contactos<\/a>\n            <\/div>\n\n\n    <\/div>\n\n    <div class=\"col-span-3 lg:col-span-1\">\n\n        \n    <\/div>\n\n<\/div>\n\n\n\n\n<div class=\"container mx-auto p-6\">\n\n    <div class=\"grid grid-cols-12 gap-4 bg-grey5 overflow-hidden rounded-2xl\">\n\n                                <div class=\"col-span-12 lg:col-span-6 lg:order-first bg-cover bg-center pb-16\/9\" style=\"background-image: url(https:\/\/www.mozambiquelng.co.mz\/wp-content\/uploads\/2024\/02\/Human-Rights-and-VPSHR_teaser-750x421.webp);\"><\/div>\n        \n            <div class=\"flex flex-col col-span-12 lg:col-span-6 p-8\">\n\n                                    <h4 class=\"mb-4\">Direitos Humanos<\/h4>\n                \n                                    <div class=\"copy grow\">\n                        <p>O Projecto actualizou a devida dilig\u00eancia em direitos humanos em 2020.<\/p>\n<p>Posteriormente, um Plano de Ac\u00e7\u00e3o de HRDD foi elaborado e o Projecto est\u00e1 a trabalhar para implementar as ac\u00e7\u00f5es recomendadas, garantindo igualmente uma avalia\u00e7\u00e3o peri\u00f3dica e cont\u00ednua. A TEPMA1 fortalecer\u00e1 o seu processo de direitos humanos atrav\u00e9s de di\u00e1logo cont\u00ednuo com v\u00e1rias partes interessadas e parcerias com actores relevantes. A TEPMA1 est\u00e1 empenhada em providenciar relat\u00f3rios regulares sobre o progresso e sobre os desafios.<\/p>\n                    <\/div>\n                \n                                    <a class=\"cta-btn text-s2 justify-self-end\" href=\"https:\/\/mozambiquelng.co.mz\/sustainability\/human-rights-and-vpshr\/human-rights-commitments\/\" target=\"_self\"> Leia mais sobre os nossos compromissos com os direitos humanos<\/a>\n                \n            <\/div>\n\n    <\/div>\n\n<\/div>\n\n\n\n\n<div class=\"container mx-auto p-6\">\n\n    <div class=\"grid grid-cols-12 gap-4 bg-grey5 overflow-hidden rounded-2xl\">\n\n                                <div class=\"col-span-12 lg:col-span-6 lg:order-last bg-cover bg-center pb-16\/9\" style=\"background-image: url(https:\/\/www.mozambiquelng.co.mz\/wp-content\/uploads\/2024\/02\/VPSHR_teaser-750x421.webp);\"><\/div>\n        \n            <div class=\"flex flex-col col-span-12 lg:col-span-6 p-8\">\n\n                                    <h4 class=\"mb-4\">Princ\u00edpios Volunt\u00e1rios sobre Seguran\u00e7a e Direitos Humanos (VPSHR)<\/h4>\n                \n                                    <div class=\"copy grow\">\n                        <p>O contexto geral de seguran\u00e7a do Projecto e, especificamente, a garantia de conformidade com os Princ\u00edpios Volunt\u00e1rios sobre a Seguran\u00e7a e Direitos Humanos (VPSHR) \u00e9 reconhecido como uma quest\u00e3o importante e relevante.<\/p>\n<p>Dada a import\u00e2ncia desta quest\u00e3o, o Projecto criou uma p\u00e1gina dedicada \u00e0 seguran\u00e7a.<\/p>\n                    <\/div>\n                \n                                    <a class=\"cta-btn text-s2 justify-self-end\" href=\"https:\/\/mozambiquelng.co.mz\/sustainability\/human-rights-and-vpshr\/security\/\" target=\"_self\"> Leia mais sobre a VPSHR<\/a>\n                \n            <\/div>\n\n    <\/div>\n\n<\/div>","protected":false},"excerpt":{"rendered":"","protected":false},"author":8,"featured_media":3535,"parent":2357,"menu_order":6,"comment_status":"closed","ping_status":"closed","template":"","meta":{"_acf_changed":false,"footnotes":""},"class_list":["post-2423","page","type-page","status-publish","has-post-thumbnail","hentry"],"acf":[],"yoast_head":"<!-- This site is optimized with the Yoast SEO plugin v25.3.1 - https:\/\/yoast.com\/wordpress\/plugins\/seo\/ -->\n<title>Direitos Humanos e Seguran\u00e7a - Mozambique LNG Project<\/title>\n<meta name=\"robots\" content=\"index, follow, max-snippet:-1, max-image-preview:large, max-video-preview:-1\" \/>\n<link rel=\"canonical\" href=\"https:\/\/www.mozambiquelng.co.mz\/pt-pt\/sustentabilidade\/seguranca-e-direitos-humanos\/\" \/>\n<meta property=\"og:locale\" content=\"pt_PT\" \/>\n<meta property=\"og:type\" content=\"article\" \/>\n<meta property=\"og:title\" content=\"Direitos Humanos e Seguran\u00e7a - Mozambique LNG Project\" \/>\n<meta property=\"og:url\" content=\"https:\/\/www.mozambiquelng.co.mz\/pt-pt\/sustentabilidade\/seguranca-e-direitos-humanos\/\" \/>\n<meta property=\"og:site_name\" content=\"Mozambique LNG Project\" \/>\n<meta property=\"article:modified_time\" content=\"2024-02-26T12:08:14+00:00\" \/>\n<meta property=\"og:image\" content=\"https:\/\/www.mozambiquelng.co.mz\/wp-content\/uploads\/2024\/02\/Human-Rights_hero.webp\" \/>\n\t<meta property=\"og:image:width\" content=\"1700\" \/>\n\t<meta property=\"og:image:height\" content=\"550\" \/>\n\t<meta property=\"og:image:type\" content=\"image\/webp\" \/>\n<meta name=\"twitter:card\" content=\"summary_large_image\" \/>\n<script type=\"application\/ld+json\" class=\"yoast-schema-graph\">{\"@context\":\"https:\/\/schema.org\",\"@graph\":[{\"@type\":\"WebPage\",\"@id\":\"https:\/\/www.mozambiquelng.co.mz\/pt-pt\/sustentabilidade\/seguranca-e-direitos-humanos\/\",\"url\":\"https:\/\/www.mozambiquelng.co.mz\/pt-pt\/sustentabilidade\/seguranca-e-direitos-humanos\/\",\"name\":\"Direitos Humanos e Seguran\u00e7a - Mozambique LNG Project\",\"isPartOf\":{\"@id\":\"https:\/\/www.mozambiquelng.co.mz\/pt-pt\/#website\"},\"primaryImageOfPage\":{\"@id\":\"https:\/\/www.mozambiquelng.co.mz\/pt-pt\/sustentabilidade\/seguranca-e-direitos-humanos\/#primaryimage\"},\"image\":{\"@id\":\"https:\/\/www.mozambiquelng.co.mz\/pt-pt\/sustentabilidade\/seguranca-e-direitos-humanos\/#primaryimage\"},\"thumbnailUrl\":\"https:\/\/www.mozambiquelng.co.mz\/wp-content\/uploads\/2024\/02\/Human-Rights_hero.webp\",\"datePublished\":\"2024-01-27T12:03:33+00:00\",\"dateModified\":\"2024-02-26T12:08:14+00:00\",\"breadcrumb\":{\"@id\":\"https:\/\/www.mozambiquelng.co.mz\/pt-pt\/sustentabilidade\/seguranca-e-direitos-humanos\/#breadcrumb\"},\"inLanguage\":\"pt-PT\",\"potentialAction\":[{\"@type\":\"ReadAction\",\"target\":[\"https:\/\/www.mozambiquelng.co.mz\/pt-pt\/sustentabilidade\/seguranca-e-direitos-humanos\/\"]}]},{\"@type\":\"ImageObject\",\"inLanguage\":\"pt-PT\",\"@id\":\"https:\/\/www.mozambiquelng.co.mz\/pt-pt\/sustentabilidade\/seguranca-e-direitos-humanos\/#primaryimage\",\"url\":\"https:\/\/www.mozambiquelng.co.mz\/wp-content\/uploads\/2024\/02\/Human-Rights_hero.webp\",\"contentUrl\":\"https:\/\/www.mozambiquelng.co.mz\/wp-content\/uploads\/2024\/02\/Human-Rights_hero.webp\",\"width\":1700,\"height\":550,\"caption\":\"Direitos humanos\"},{\"@type\":\"BreadcrumbList\",\"@id\":\"https:\/\/www.mozambiquelng.co.mz\/pt-pt\/sustentabilidade\/seguranca-e-direitos-humanos\/#breadcrumb\",\"itemListElement\":[{\"@type\":\"ListItem\",\"position\":1,\"name\":\"Home\",\"item\":\"https:\/\/www.mozambiquelng.co.mz\/pt-pt\/\"},{\"@type\":\"ListItem\",\"position\":2,\"name\":\"Sustentabilidade\",\"item\":\"https:\/\/www.mozambiquelng.co.mz\/pt-pt\/sustentabilidade\/\"},{\"@type\":\"ListItem\",\"position\":3,\"name\":\"Direitos Humanos e Seguran\u00e7a\"}]},{\"@type\":\"WebSite\",\"@id\":\"https:\/\/www.mozambiquelng.co.mz\/pt-pt\/#website\",\"url\":\"https:\/\/www.mozambiquelng.co.mz\/pt-pt\/\",\"name\":\"Mozambique LNG Project\",\"description\":\"A long-term commitment with Mozambique\",\"potentialAction\":[{\"@type\":\"SearchAction\",\"target\":{\"@type\":\"EntryPoint\",\"urlTemplate\":\"https:\/\/www.mozambiquelng.co.mz\/pt-pt\/?s={search_term_string}\"},\"query-input\":{\"@type\":\"PropertyValueSpecification\",\"valueRequired\":true,\"valueName\":\"search_term_string\"}}],\"inLanguage\":\"pt-PT\"}]}<\/script>\n<!-- \/ Yoast SEO plugin. -->","yoast_head_json":{"title":"Direitos Humanos e Seguran\u00e7a - Mozambique LNG Project","robots":{"index":"index","follow":"follow","max-snippet":"max-snippet:-1","max-image-preview":"max-image-preview:large","max-video-preview":"max-video-preview:-1"},"canonical":"https:\/\/www.mozambiquelng.co.mz\/pt-pt\/sustentabilidade\/seguranca-e-direitos-humanos\/","og_locale":"pt_PT","og_type":"article","og_title":"Direitos Humanos e Seguran\u00e7a - Mozambique LNG Project","og_url":"https:\/\/www.mozambiquelng.co.mz\/pt-pt\/sustentabilidade\/seguranca-e-direitos-humanos\/","og_site_name":"Mozambique LNG Project","article_modified_time":"2024-02-26T12:08:14+00:00","og_image":[{"width":1700,"height":550,"url":"https:\/\/www.mozambiquelng.co.mz\/wp-content\/uploads\/2024\/02\/Human-Rights_hero.webp","type":"image\/webp"}],"twitter_card":"summary_large_image","schema":{"@context":"https:\/\/schema.org","@graph":[{"@type":"WebPage","@id":"https:\/\/www.mozambiquelng.co.mz\/pt-pt\/sustentabilidade\/seguranca-e-direitos-humanos\/","url":"https:\/\/www.mozambiquelng.co.mz\/pt-pt\/sustentabilidade\/seguranca-e-direitos-humanos\/","name":"Direitos Humanos e Seguran\u00e7a - Mozambique LNG Project","isPartOf":{"@id":"https:\/\/www.mozambiquelng.co.mz\/pt-pt\/#website"},"primaryImageOfPage":{"@id":"https:\/\/www.mozambiquelng.co.mz\/pt-pt\/sustentabilidade\/seguranca-e-direitos-humanos\/#primaryimage"},"image":{"@id":"https:\/\/www.mozambiquelng.co.mz\/pt-pt\/sustentabilidade\/seguranca-e-direitos-humanos\/#primaryimage"},"thumbnailUrl":"https:\/\/www.mozambiquelng.co.mz\/wp-content\/uploads\/2024\/02\/Human-Rights_hero.webp","datePublished":"2024-01-27T12:03:33+00:00","dateModified":"2024-02-26T12:08:14+00:00","breadcrumb":{"@id":"https:\/\/www.mozambiquelng.co.mz\/pt-pt\/sustentabilidade\/seguranca-e-direitos-humanos\/#breadcrumb"},"inLanguage":"pt-PT","potentialAction":[{"@type":"ReadAction","target":["https:\/\/www.mozambiquelng.co.mz\/pt-pt\/sustentabilidade\/seguranca-e-direitos-humanos\/"]}]},{"@type":"ImageObject","inLanguage":"pt-PT","@id":"https:\/\/www.mozambiquelng.co.mz\/pt-pt\/sustentabilidade\/seguranca-e-direitos-humanos\/#primaryimage","url":"https:\/\/www.mozambiquelng.co.mz\/wp-content\/uploads\/2024\/02\/Human-Rights_hero.webp","contentUrl":"https:\/\/www.mozambiquelng.co.mz\/wp-content\/uploads\/2024\/02\/Human-Rights_hero.webp","width":1700,"height":550,"caption":"Direitos humanos"},{"@type":"BreadcrumbList","@id":"https:\/\/www.mozambiquelng.co.mz\/pt-pt\/sustentabilidade\/seguranca-e-direitos-humanos\/#breadcrumb","itemListElement":[{"@type":"ListItem","position":1,"name":"Home","item":"https:\/\/www.mozambiquelng.co.mz\/pt-pt\/"},{"@type":"ListItem","position":2,"name":"Sustentabilidade","item":"https:\/\/www.mozambiquelng.co.mz\/pt-pt\/sustentabilidade\/"},{"@type":"ListItem","position":3,"name":"Direitos Humanos e Seguran\u00e7a"}]},{"@type":"WebSite","@id":"https:\/\/www.mozambiquelng.co.mz\/pt-pt\/#website","url":"https:\/\/www.mozambiquelng.co.mz\/pt-pt\/","name":"Mozambique LNG Project","description":"A long-term commitment with Mozambique","potentialAction":[{"@type":"SearchAction","target":{"@type":"EntryPoint","urlTemplate":"https:\/\/www.mozambiquelng.co.mz\/pt-pt\/?s={search_term_string}"},"query-input":{"@type":"PropertyValueSpecification","valueRequired":true,"valueName":"search_term_string"}}],"inLanguage":"pt-PT"}]}},"_links":{"self":[{"href":"https:\/\/www.mozambiquelng.co.mz\/pt-pt\/wp-json\/wp\/v2\/pages\/2423","targetHints":{"allow":["GET"]}}],"collection":[{"href":"https:\/\/www.mozambiquelng.co.mz\/pt-pt\/wp-json\/wp\/v2\/pages"}],"about":[{"href":"https:\/\/www.mozambiquelng.co.mz\/pt-pt\/wp-json\/wp\/v2\/types\/page"}],"author":[{"embeddable":true,"href":"https:\/\/www.mozambiquelng.co.mz\/pt-pt\/wp-json\/wp\/v2\/users\/8"}],"replies":[{"embeddable":true,"href":"https:\/\/www.mozambiquelng.co.mz\/pt-pt\/wp-json\/wp\/v2\/comments?post=2423"}],"version-history":[{"count":12,"href":"https:\/\/www.mozambiquelng.co.mz\/pt-pt\/wp-json\/wp\/v2\/pages\/2423\/revisions"}],"predecessor-version":[{"id":4219,"href":"https:\/\/www.mozambiquelng.co.mz\/pt-pt\/wp-json\/wp\/v2\/pages\/2423\/revisions\/4219"}],"up":[{"embeddable":true,"href":"https:\/\/www.mozambiquelng.co.mz\/pt-pt\/wp-json\/wp\/v2\/pages\/2357"}],"wp:featuredmedia":[{"embeddable":true,"href":"https:\/\/www.mozambiquelng.co.mz\/pt-pt\/wp-json\/wp\/v2\/media\/3535"}],"wp:attachment":[{"href":"https:\/\/www.mozambiquelng.co.mz\/pt-pt\/wp-json\/wp\/v2\/media?parent=2423"}],"curies":[{"name":"wp","href":"https:\/\/api.w.org\/{rel}","templated":true}]}}