{"id":2808,"date":"2024-01-22T13:04:50","date_gmt":"2024-01-22T11:04:50","guid":{"rendered":"https:\/\/mozambiquelng-dev.5thring.co.uk\/local-content\/"},"modified":"2025-05-19T14:13:51","modified_gmt":"2025-05-19T12:13:51","slug":"local-content","status":"publish","type":"page","link":"https:\/\/www.mozambiquelng.co.mz\/pt-pt\/local-content\/","title":{"rendered":"Conte\u00fado local"},"content":{"rendered":"\n<div class=\"container mx-auto grid grid-cols-3 gap-x-16 p-6\">\n\n    <div class=\"col-span-3 lg:col-span-2\">\n\n        \n<div class=\"copy\">\n    \n    <p>O Conte\u00fado Local apoia o compromisso do Projeto Mozambique LNG de criar valor local sustent\u00e1vel.<\/p>\n<p>Ao implementar um Programa de Conte\u00fado Local competitivo, pretendemos utilizar e desenvolver recursos locais (m\u00e3o de obra local e aquisi\u00e7\u00e3o local de bens e servi\u00e7os) em toda a cadeia de abastecimento, durante as fases de Constru\u00e7\u00e3o e Opera\u00e7\u00f5es, alargando assim o seu impacto para al\u00e9m do sector do Petr\u00f3leo e G\u00e1s.<\/p>\n\n<\/div>\n\n\n    <\/div>\n\n    <div class=\"col-span-3 lg:col-span-1\">\n\n        \n    <h5 class=\"mb-4\">Ler mais sobre Conte\u00fado Local<\/h5>\n\n\n    <div class=\"flex flex-col items-end gap-2\">\n                    <a class=\"cta-btn text-s2 text-right last-of-type:mb-4\" href=\"https:\/\/mozambiquelng.co.mz\/local-content\/procurement-of-goods-and-services\/\" target=\"\">Aquisi\u00e7\u00e3o de Bens e Servi\u00e7os<\/a>\n                    <a class=\"cta-btn text-s2 text-right last-of-type:mb-4\" href=\"https:\/\/mozambiquelng.co.mz\/local-content\/capacitamoz\/\" target=\"\">CapacitaMoz<\/a>\n                    <a class=\"cta-btn text-s2 text-right last-of-type:mb-4\" href=\"https:\/\/mozambiquelng.co.mz\/wp-content\/uploads\/2025\/05\/Projecto-Mozambique-LNG_-ficha-informativa_-conteudo-local-.pdf\" target=\"_blank\">Ver a ficha de conte\u00fado local<\/a>\n            <\/div>\n\n\n    <\/div>\n\n<\/div>\n\n\n\n\n<div class=\"container mx-auto p-6\">\n\n    <div class=\"grid grid-cols-12 gap-4 bg-grey5 overflow-hidden rounded-2xl\">\n\n        \n            <div class=\"flex flex-col col-span-12 lg:col-span-9 p-8\">\n\n                                    <h4 class=\"mb-4\">Abordagem de Conte\u00fado Local<\/h4>\n                \n                                    <div class=\"copy grow\">\n                        <p>A abordagem de Conte\u00fado Local do Projecto Mozambique LNG est\u00e1 assente em tr\u00eas pilares:<\/p>\n<ol>\n<li><strong>OPORTUNIDADES DE EMPREGO E FORMA\u00c7\u00c3O<\/strong><\/li>\n<\/ol>\n<p><em>Promover o Desenvolvimento da For\u00e7a de Trabalho Mo\u00e7ambicana<\/em><\/p>\n<ul>\n<li>\u2022 Optimizar o <strong>recrutamento e forma\u00e7\u00e3o de Mo\u00e7ambicanos<\/strong> dentro do Projecto (Projecto Mozambique LNG, Contratadas, Subcontratadas);<\/li>\n<li><strong>Desenvolver compet\u00eancias<\/strong> atrav\u00e9s de recrutamento e forma\u00e7\u00e3o;<\/li>\n<li>Apoiar <strong>universidades e institutos t\u00e9cnicos<\/strong> seleccionados.<\/li>\n<\/ul>\n<ol start=\"2\">\n<li><strong>FORNECIMENTO DE BENS E SERVI\u00c7OS POR MO\u00c7AMBICANOS<\/strong><\/li>\n<\/ol>\n<p><em>Promover o Desenvolvimento Empresarial em Mo\u00e7ambique<\/em><\/p>\n<ul>\n<li><strong>Promover<\/strong> o estabelecimento e registo de <strong>empresas internacionais de alta tecnologia<\/strong> em Mo\u00e7ambique;<\/li>\n<li>Promover a <strong>cria\u00e7\u00e3o de joint-ventures<\/strong> e parcerias entre empresas locais, bem como locais e estrangeiras;<\/li>\n<li><strong>Desenvolver a capacidade de ind\u00fastrias locais<\/strong> (obras de estruturas &amp; infraestruturas, instala\u00e7\u00f5es log\u00edsticas, estaleiros de constru\u00e7\u00e3o, oficinas, etc.).<\/li>\n<\/ul>\n<ol start=\"3\">\n<li><strong>CAPACITA\u00c7\u00c3O E TRANSFER\u00caNCIA DE TECNOLOGIA<\/strong><\/li>\n<\/ol>\n<p><em>Apoiar a capacita\u00e7\u00e3o das Micro, Pequenas, e Medias Empresas Mo\u00e7ambicanas<\/em><\/p>\n<ul>\n<li>Promover a <strong>melhoria<\/strong> e expans\u00e3o industrial;<\/li>\n<li>Implementar planos de ac\u00e7\u00e3o espec\u00edficos para <strong>fomentar o desenvolvimento<\/strong> de actividades e sectores estrat\u00e9gicos;<\/li>\n<li><strong>Programas de Forma\u00e7\u00e3o e Capacita\u00e7\u00e3o, atrav\u00e9s da Plataforma CapacitaMoz<\/strong>, que visa contribuir activamente para a capacita\u00e7\u00e3o de cidad\u00e3os mo\u00e7ambicanos, MPMEs, e\/ou institui\u00e7\u00f5es p\u00fablicas.<\/li>\n<\/ul>\n<p>Cada um destes pilares engloba um conjunto de actividades e iniciativas desenvolvidas e implementadas por forma a optimizar o conte\u00fado local.<\/p>\n                    <\/div>\n                \n                \n            <\/div>\n\n    <\/div>\n\n<\/div>\n\n\n\n\n<div class=\"container mx-auto p-6\">\n\n    <div class=\"grid grid-cols-12 gap-4 bg-grey5 overflow-hidden rounded-2xl\">\n\n                                <div class=\"col-span-12 lg:col-span-3 lg:order-first bg-cover bg-center pb-16\/9\" style=\"background-image: url(https:\/\/www.mozambiquelng.co.mz\/wp-content\/uploads\/2024\/02\/Local-Content_body-750x421.webp);\"><\/div>\n        \n            <div class=\"flex flex-col col-span-12 lg:col-span-9 p-8\">\n\n                                    <h4 class=\"mb-4\">Para mais informa\u00e7\u00f5es, contacte-nos.<\/h4>\n                \n                \n                                    <a class=\"cta-btn text-s2 justify-self-end\" href=\"mailto:%20conteudolocal.local@totalenergies.com\" target=\"_self\">Envie-nos um e-mail.<\/a>\n                \n            <\/div>\n\n    <\/div>\n\n<\/div>","protected":false},"excerpt":{"rendered":"","protected":false},"author":8,"featured_media":3756,"parent":0,"menu_order":3,"comment_status":"closed","ping_status":"closed","template":"","meta":{"_acf_changed":false,"footnotes":""},"class_list":["post-2808","page","type-page","status-publish","has-post-thumbnail","hentry"],"acf":[],"yoast_head":"<!-- This site is optimized with the Yoast SEO plugin v25.3.1 - https:\/\/yoast.com\/wordpress\/plugins\/seo\/ -->\n<title>Conte\u00fado local - Mozambique LNG Project<\/title>\n<meta name=\"robots\" content=\"index, follow, max-snippet:-1, max-image-preview:large, max-video-preview:-1\" \/>\n<link rel=\"canonical\" href=\"https:\/\/www.mozambiquelng.co.mz\/pt-pt\/local-content\/\" \/>\n<meta property=\"og:locale\" content=\"pt_PT\" \/>\n<meta property=\"og:type\" content=\"article\" \/>\n<meta property=\"og:title\" content=\"Conte\u00fado local - Mozambique LNG Project\" \/>\n<meta property=\"og:url\" content=\"https:\/\/www.mozambiquelng.co.mz\/pt-pt\/local-content\/\" \/>\n<meta property=\"og:site_name\" content=\"Mozambique LNG Project\" \/>\n<meta property=\"article:modified_time\" content=\"2025-05-19T12:13:51+00:00\" \/>\n<meta property=\"og:image\" content=\"https:\/\/www.mozambiquelng.co.mz\/wp-content\/uploads\/2024\/02\/Local-Content_hero.webp\" \/>\n\t<meta property=\"og:image:width\" content=\"1700\" \/>\n\t<meta property=\"og:image:height\" content=\"550\" \/>\n\t<meta property=\"og:image:type\" content=\"image\/webp\" \/>\n<meta name=\"twitter:card\" content=\"summary_large_image\" \/>\n<meta name=\"twitter:label1\" content=\"Est. reading time\" \/>\n\t<meta name=\"twitter:data1\" content=\"1 minuto\" \/>\n<script type=\"application\/ld+json\" class=\"yoast-schema-graph\">{\"@context\":\"https:\/\/schema.org\",\"@graph\":[{\"@type\":\"WebPage\",\"@id\":\"https:\/\/www.mozambiquelng.co.mz\/pt-pt\/local-content\/\",\"url\":\"https:\/\/www.mozambiquelng.co.mz\/pt-pt\/local-content\/\",\"name\":\"Conte\u00fado local - Mozambique LNG Project\",\"isPartOf\":{\"@id\":\"https:\/\/www.mozambiquelng.co.mz\/pt-pt\/#website\"},\"primaryImageOfPage\":{\"@id\":\"https:\/\/www.mozambiquelng.co.mz\/pt-pt\/local-content\/#primaryimage\"},\"image\":{\"@id\":\"https:\/\/www.mozambiquelng.co.mz\/pt-pt\/local-content\/#primaryimage\"},\"thumbnailUrl\":\"https:\/\/www.mozambiquelng.co.mz\/wp-content\/uploads\/2024\/02\/Local-Content_hero.webp\",\"datePublished\":\"2024-01-22T11:04:50+00:00\",\"dateModified\":\"2025-05-19T12:13:51+00:00\",\"breadcrumb\":{\"@id\":\"https:\/\/www.mozambiquelng.co.mz\/pt-pt\/local-content\/#breadcrumb\"},\"inLanguage\":\"pt-PT\",\"potentialAction\":[{\"@type\":\"ReadAction\",\"target\":[\"https:\/\/www.mozambiquelng.co.mz\/pt-pt\/local-content\/\"]}]},{\"@type\":\"ImageObject\",\"inLanguage\":\"pt-PT\",\"@id\":\"https:\/\/www.mozambiquelng.co.mz\/pt-pt\/local-content\/#primaryimage\",\"url\":\"https:\/\/www.mozambiquelng.co.mz\/wp-content\/uploads\/2024\/02\/Local-Content_hero.webp\",\"contentUrl\":\"https:\/\/www.mozambiquelng.co.mz\/wp-content\/uploads\/2024\/02\/Local-Content_hero.webp\",\"width\":1700,\"height\":550,\"caption\":\"Conte\u00fado local\"},{\"@type\":\"BreadcrumbList\",\"@id\":\"https:\/\/www.mozambiquelng.co.mz\/pt-pt\/local-content\/#breadcrumb\",\"itemListElement\":[{\"@type\":\"ListItem\",\"position\":1,\"name\":\"Home\",\"item\":\"https:\/\/www.mozambiquelng.co.mz\/pt-pt\/\"},{\"@type\":\"ListItem\",\"position\":2,\"name\":\"Conte\u00fado local\"}]},{\"@type\":\"WebSite\",\"@id\":\"https:\/\/www.mozambiquelng.co.mz\/pt-pt\/#website\",\"url\":\"https:\/\/www.mozambiquelng.co.mz\/pt-pt\/\",\"name\":\"Mozambique LNG Project\",\"description\":\"A long-term commitment with Mozambique\",\"potentialAction\":[{\"@type\":\"SearchAction\",\"target\":{\"@type\":\"EntryPoint\",\"urlTemplate\":\"https:\/\/www.mozambiquelng.co.mz\/pt-pt\/?s={search_term_string}\"},\"query-input\":{\"@type\":\"PropertyValueSpecification\",\"valueRequired\":true,\"valueName\":\"search_term_string\"}}],\"inLanguage\":\"pt-PT\"}]}<\/script>\n<!-- \/ Yoast SEO plugin. -->","yoast_head_json":{"title":"Conte\u00fado local - Mozambique LNG Project","robots":{"index":"index","follow":"follow","max-snippet":"max-snippet:-1","max-image-preview":"max-image-preview:large","max-video-preview":"max-video-preview:-1"},"canonical":"https:\/\/www.mozambiquelng.co.mz\/pt-pt\/local-content\/","og_locale":"pt_PT","og_type":"article","og_title":"Conte\u00fado local - Mozambique LNG Project","og_url":"https:\/\/www.mozambiquelng.co.mz\/pt-pt\/local-content\/","og_site_name":"Mozambique LNG Project","article_modified_time":"2025-05-19T12:13:51+00:00","og_image":[{"width":1700,"height":550,"url":"https:\/\/www.mozambiquelng.co.mz\/wp-content\/uploads\/2024\/02\/Local-Content_hero.webp","type":"image\/webp"}],"twitter_card":"summary_large_image","twitter_misc":{"Est. reading time":"1 minuto"},"schema":{"@context":"https:\/\/schema.org","@graph":[{"@type":"WebPage","@id":"https:\/\/www.mozambiquelng.co.mz\/pt-pt\/local-content\/","url":"https:\/\/www.mozambiquelng.co.mz\/pt-pt\/local-content\/","name":"Conte\u00fado local - Mozambique LNG Project","isPartOf":{"@id":"https:\/\/www.mozambiquelng.co.mz\/pt-pt\/#website"},"primaryImageOfPage":{"@id":"https:\/\/www.mozambiquelng.co.mz\/pt-pt\/local-content\/#primaryimage"},"image":{"@id":"https:\/\/www.mozambiquelng.co.mz\/pt-pt\/local-content\/#primaryimage"},"thumbnailUrl":"https:\/\/www.mozambiquelng.co.mz\/wp-content\/uploads\/2024\/02\/Local-Content_hero.webp","datePublished":"2024-01-22T11:04:50+00:00","dateModified":"2025-05-19T12:13:51+00:00","breadcrumb":{"@id":"https:\/\/www.mozambiquelng.co.mz\/pt-pt\/local-content\/#breadcrumb"},"inLanguage":"pt-PT","potentialAction":[{"@type":"ReadAction","target":["https:\/\/www.mozambiquelng.co.mz\/pt-pt\/local-content\/"]}]},{"@type":"ImageObject","inLanguage":"pt-PT","@id":"https:\/\/www.mozambiquelng.co.mz\/pt-pt\/local-content\/#primaryimage","url":"https:\/\/www.mozambiquelng.co.mz\/wp-content\/uploads\/2024\/02\/Local-Content_hero.webp","contentUrl":"https:\/\/www.mozambiquelng.co.mz\/wp-content\/uploads\/2024\/02\/Local-Content_hero.webp","width":1700,"height":550,"caption":"Conte\u00fado local"},{"@type":"BreadcrumbList","@id":"https:\/\/www.mozambiquelng.co.mz\/pt-pt\/local-content\/#breadcrumb","itemListElement":[{"@type":"ListItem","position":1,"name":"Home","item":"https:\/\/www.mozambiquelng.co.mz\/pt-pt\/"},{"@type":"ListItem","position":2,"name":"Conte\u00fado local"}]},{"@type":"WebSite","@id":"https:\/\/www.mozambiquelng.co.mz\/pt-pt\/#website","url":"https:\/\/www.mozambiquelng.co.mz\/pt-pt\/","name":"Mozambique LNG Project","description":"A long-term commitment with Mozambique","potentialAction":[{"@type":"SearchAction","target":{"@type":"EntryPoint","urlTemplate":"https:\/\/www.mozambiquelng.co.mz\/pt-pt\/?s={search_term_string}"},"query-input":{"@type":"PropertyValueSpecification","valueRequired":true,"valueName":"search_term_string"}}],"inLanguage":"pt-PT"}]}},"_links":{"self":[{"href":"https:\/\/www.mozambiquelng.co.mz\/pt-pt\/wp-json\/wp\/v2\/pages\/2808","targetHints":{"allow":["GET"]}}],"collection":[{"href":"https:\/\/www.mozambiquelng.co.mz\/pt-pt\/wp-json\/wp\/v2\/pages"}],"about":[{"href":"https:\/\/www.mozambiquelng.co.mz\/pt-pt\/wp-json\/wp\/v2\/types\/page"}],"author":[{"embeddable":true,"href":"https:\/\/www.mozambiquelng.co.mz\/pt-pt\/wp-json\/wp\/v2\/users\/8"}],"replies":[{"embeddable":true,"href":"https:\/\/www.mozambiquelng.co.mz\/pt-pt\/wp-json\/wp\/v2\/comments?post=2808"}],"version-history":[{"count":21,"href":"https:\/\/www.mozambiquelng.co.mz\/pt-pt\/wp-json\/wp\/v2\/pages\/2808\/revisions"}],"predecessor-version":[{"id":5447,"href":"https:\/\/www.mozambiquelng.co.mz\/pt-pt\/wp-json\/wp\/v2\/pages\/2808\/revisions\/5447"}],"wp:featuredmedia":[{"embeddable":true,"href":"https:\/\/www.mozambiquelng.co.mz\/pt-pt\/wp-json\/wp\/v2\/media\/3756"}],"wp:attachment":[{"href":"https:\/\/www.mozambiquelng.co.mz\/pt-pt\/wp-json\/wp\/v2\/media?parent=2808"}],"curies":[{"name":"wp","href":"https:\/\/api.w.org\/{rel}","templated":true}]}}