{"id":2842,"date":"2024-01-27T08:14:47","date_gmt":"2024-01-27T06:14:47","guid":{"rendered":"https:\/\/mozambiquelng-dev.5thring.co.uk\/local-content\/capacitamoz\/"},"modified":"2024-03-04T17:22:47","modified_gmt":"2024-03-04T15:22:47","slug":"capacitamoz","status":"publish","type":"page","link":"https:\/\/www.mozambiquelng.co.mz\/pt-pt\/local-content\/capacitamoz\/","title":{"rendered":"CapacitaMoz"},"content":{"rendered":"\n<div class=\"container mx-auto grid grid-cols-3 gap-x-16 p-6\">\n\n    <div class=\"col-span-3 lg:col-span-2\">\n\n        \n<div class=\"copy\">\n    \n    <p>No contexto da implementa\u00e7\u00e3o do plano de Conte\u00fado Local do Projecto Mozambique LNG, a capacita\u00e7\u00e3o \u00e9 o processo pelo qual indiv\u00edduos e organiza\u00e7\u00f5es obt\u00eam, aperfei\u00e7oam e ret\u00eam habilidades, compet\u00eancias e ferramentas, por forma a alavancar a sua competitividade. Neste \u00e2mbito, a plataforma CapacitaMoz visa albergar todas as iniciativas de capacita\u00e7\u00e3o relacionadas \u00e0 Micro, Pequenas, e M\u00e9dias Empresas mo\u00e7ambicanas, cidad\u00e3os e institui\u00e7\u00f5es p\u00fablicas mo\u00e7ambicanas. <\/p>\n<p>A plataforma apoia tamb\u00e9m na dissemina\u00e7\u00e3o de informa\u00e7\u00e3o que seja relevante para o conhecimento do empresariado mo\u00e7ambicano.<\/p>\n<p>A estrat\u00e9gia de implementa\u00e7\u00e3o das iniciativas da plataforma CapacitaMoz \u00e9 desenvolvida a n\u00edvel de particulares, empresas e institui\u00e7\u00f5es p\u00fablicas nacionais. A mesma visa:<\/p>\n<h4><strong>Informar<\/strong><\/h4>\n<ul>\n<li>Partilhar informa\u00e7\u00e3o sobre o Projecto Mozambique LNG, incluindo refer\u00eancias sobre os padr\u00f5es da ind\u00fastria, hist\u00f3rias de sucesso, e oportunidades, atrav\u00e9s dos diferentes canais da plataforma CapacitaMoz (website, workshops, eventos, boletins informativos, e outros ve\u00edculos).<\/li>\n<\/ul>\n<h4><strong>Avaliar Necessidades<\/strong><\/h4>\n<ul>\n<li>Realizar avalia\u00e7\u00f5es de mercado atrav\u00e9s do mapeamento da ind\u00fastria, bem como de engajamentos com as partes interessadas por meio de question\u00e1rios e diagn\u00f3sticos.<\/li>\n<\/ul>\n<h4><strong> <\/strong><strong>Formar<\/strong><\/h4>\n<ul>\n<li>Proporcionar um processo formativo abrangente e de apoio cont\u00ednuo por meio de orienta\u00e7\u00e3o e mentoria, que inclui programas de forma\u00e7\u00e3o baseados em cursos espec\u00edficos, programas de Sa\u00fade, Seguran\u00e7a e Meio Ambiente (HSE), programas de certifica\u00e7\u00e3o internacional, entre outras \u00e1reas relevantes.<\/li>\n<\/ul>\n<h4><strong>Networking <\/strong><\/h4>\n<ul>\n<li>Promover sess\u00f5es de engajamento empresarial, encorajar a participa\u00e7\u00e3o da comunidade empresarial em workshops de contrata\u00e7\u00e3o, bem como facilitar a realiza\u00e7\u00e3o de eventos que propiciem a promo\u00e7\u00e3o de parcerias e impulsionem oportunidades de neg\u00f3cio, tais como confer\u00eancias \u201cBusiness- to-Business\u201d, speed dating, entre outros.<\/li>\n<\/ul>\n\n<\/div>\n\n\n    <img decoding=\"async\" class=\"mb-2\" src=\"https:\/\/www.mozambiquelng.co.mz\/wp-content\/uploads\/2024\/02\/Local-Content-CapacitaMoz-Networking.webp\" alt=\"Conte\u00fado local\" \/>\n\n    \n\n    <\/div>\n\n    <div class=\"col-span-3 lg:col-span-1\">\n\n        \n    <h5 class=\"mb-4\">Ler mais sobre Conte\u00fado Local<\/h5>\n\n\n    <div class=\"flex flex-col items-end gap-2\">\n                    <a class=\"cta-btn text-s2 text-right last-of-type:mb-4\" href=\"https:\/\/mozambiquelng.co.mz\/local-content\/\" target=\"\">Conte\u00fado Local<\/a>\n                    <a class=\"cta-btn text-s2 text-right last-of-type:mb-4\" href=\"https:\/\/mozambiquelng.co.mz\/local-content\/procurement-of-goods-and-services\/\" target=\"\">Aquisi\u00e7\u00e3o de Bens e Servi\u00e7os<\/a>\n            <\/div>\n\n\n    <\/div>\n\n<\/div>\n<div class=\"container mx-auto p-6\">\n    <div class=\"w-full lg:w-8\/12 flex flex-col items-end\">\n                            \n            <div class=\"accordion-item w-full mb-4 lg:mb-8 border-b-2 border-b-grey3\">\n                <button class=\"acc_title flex flex-row items-center gap-x-2 w-full bg-white text-left mb-4 lg:mb-8\">\n                    <img decoding=\"async\" class=\"acc-icon\" src=\"https:\/\/www.mozambiquelng.co.mz\/wp-content\/themes\/twenty-twenty-one-child\/assets\/icons\/plus-icon.svg\" \/>\n                    <h5>Prop\u00f3sito<\/h5>\n                <\/button>\n                <div class=\"panel w-full mb-4 lg:mb-8\">\n\n                    \n    <div class=\"copy\">\n        <p>A plataforma <strong>CapacitaMoz<\/strong> foi criada para ser o principal ve\u00edculo impulsionador das iniciativas de Conte\u00fado Local lideradas pelo Projecto Mozambique LNG, com principal foco na Capacita\u00e7\u00e3o.<\/p>\n<p>A plataforma visa implementar iniciativas diversificadas que resultem no crescimento e melhoria positiva dos cidad\u00e3os, empresas e institui\u00e7\u00f5es p\u00fablicas mo\u00e7ambicanas e que resultem num forte impacto a n\u00edvel local.<\/p>\n<p>No \u00e2mbito da estrat\u00e9gia de Conte\u00fado Local do Projecto Mozambique LNG, a promo\u00e7\u00e3o e desenvolvimento da capacidade t\u00e9cnica dos benefici\u00e1rios \u00e9 fundamental para alavancar a competitividade no mercado local.<\/p>\n    <\/div>\n\n\n                <\/div>\n            <\/div>\n            \n            <div class=\"accordion-item w-full mb-4 lg:mb-8 border-b-2 border-b-grey3\">\n                <button class=\"acc_title flex flex-row items-center gap-x-2 w-full bg-white text-left mb-4 lg:mb-8\">\n                    <img decoding=\"async\" class=\"acc-icon\" src=\"https:\/\/www.mozambiquelng.co.mz\/wp-content\/themes\/twenty-twenty-one-child\/assets\/icons\/plus-icon.svg\" \/>\n                    <h5>Objectivos<\/h5>\n                <\/button>\n                <div class=\"panel w-full mb-4 lg:mb-8\">\n\n                    \n    <div class=\"copy\">\n        <p>A plataforma CapacitaMoz tem como objectivos principais:<\/p>\n<ol>\n<li>Desenvolver e implementar programas de desenvolvimento de compet\u00eancias para cidad\u00e3os, empresas, e institui\u00e7\u00f5es p\u00fablicas nacionais;<\/li>\n<li>Promover o estabelecimento de parcerias e joint-ventures entre empresas locais, bem como locais e estrangeiras;<\/li>\n<li>Promover programas de est\u00e1gios, bolsas de estudo, forma\u00e7\u00e3o no local de trabalho e a inclus\u00e3o de cidad\u00e3os mo\u00e7ambicanos em activitidades relacionadas com a ind\u00fastria e al\u00e9m;<\/li>\n<li>Apoiar institui\u00e7\u00f5es nacionais de ensino em programas de forma\u00e7\u00e3o, pesquisa entre outros.<\/li>\n<\/ol>\n    <\/div>\n\n\n                <\/div>\n            <\/div>\n            \n            <div class=\"accordion-item w-full mb-4 lg:mb-8 border-b-2 border-b-grey3\">\n                <button class=\"acc_title flex flex-row items-center gap-x-2 w-full bg-white text-left mb-4 lg:mb-8\">\n                    <img decoding=\"async\" class=\"acc-icon\" src=\"https:\/\/www.mozambiquelng.co.mz\/wp-content\/themes\/twenty-twenty-one-child\/assets\/icons\/plus-icon.svg\" \/>\n                    <h5>Iniciativas<\/h5>\n                <\/button>\n                <div class=\"panel w-full mb-4 lg:mb-8\">\n\n                    \n    <div class=\"copy\">\n        <p>Os seguintes programas e iniciativas s\u00e3o implementados com vista a responder as necessidades dos diferentes grupos-alvo e as lacunas de habilidades dos mesmos definidas atrav\u00e9s de estudos espec\u00edficos:<\/p>\n<ul>\n<li>Programas de Forma\u00e7\u00e3o Vocacional e Profissional;<\/li>\n<li>Apoio ao Desenvolvimento Empresarial Local-Local;<\/li>\n<li>Programas de Desenvolvimento Empresarial;<\/li>\n<li>Programa de Forma\u00e7\u00e3o de Condutores Local-Local;<\/li>\n<li>Workshops de Conte\u00fado Local.<\/li>\n<\/ul>\n<p>&nbsp;<\/p>\n    <\/div>\n\n\n                <\/div>\n            <\/div>\n                                <\/div>\n<\/div>","protected":false},"excerpt":{"rendered":"","protected":false},"author":8,"featured_media":2836,"parent":2808,"menu_order":1,"comment_status":"closed","ping_status":"closed","template":"","meta":{"_acf_changed":false,"footnotes":""},"class_list":["post-2842","page","type-page","status-publish","has-post-thumbnail","hentry"],"acf":[],"yoast_head":"<!-- This site is optimized with the Yoast SEO plugin v25.3.1 - https:\/\/yoast.com\/wordpress\/plugins\/seo\/ -->\n<title>CapacitaMoz - Mozambique LNG Project<\/title>\n<meta name=\"robots\" content=\"index, follow, max-snippet:-1, max-image-preview:large, max-video-preview:-1\" \/>\n<link rel=\"canonical\" href=\"https:\/\/www.mozambiquelng.co.mz\/pt-pt\/local-content\/capacitamoz\/\" \/>\n<meta property=\"og:locale\" content=\"pt_PT\" \/>\n<meta property=\"og:type\" content=\"article\" \/>\n<meta property=\"og:title\" content=\"CapacitaMoz - Mozambique LNG Project\" \/>\n<meta property=\"og:url\" content=\"https:\/\/www.mozambiquelng.co.mz\/pt-pt\/local-content\/capacitamoz\/\" \/>\n<meta property=\"og:site_name\" content=\"Mozambique LNG Project\" \/>\n<meta property=\"article:modified_time\" content=\"2024-03-04T15:22:47+00:00\" \/>\n<meta property=\"og:image\" content=\"https:\/\/www.mozambiquelng.co.mz\/wp-content\/uploads\/2024\/01\/CapacitaMoz-Logo_sized-1.png\" \/>\n\t<meta property=\"og:image:width\" content=\"1700\" \/>\n\t<meta property=\"og:image:height\" content=\"550\" \/>\n\t<meta property=\"og:image:type\" content=\"image\/png\" \/>\n<meta name=\"twitter:card\" content=\"summary_large_image\" \/>\n<meta name=\"twitter:label1\" content=\"Est. reading time\" \/>\n\t<meta name=\"twitter:data1\" content=\"1 minuto\" \/>\n<script type=\"application\/ld+json\" class=\"yoast-schema-graph\">{\"@context\":\"https:\/\/schema.org\",\"@graph\":[{\"@type\":\"WebPage\",\"@id\":\"https:\/\/www.mozambiquelng.co.mz\/pt-pt\/local-content\/capacitamoz\/\",\"url\":\"https:\/\/www.mozambiquelng.co.mz\/pt-pt\/local-content\/capacitamoz\/\",\"name\":\"CapacitaMoz - Mozambique LNG Project\",\"isPartOf\":{\"@id\":\"https:\/\/www.mozambiquelng.co.mz\/pt-pt\/#website\"},\"primaryImageOfPage\":{\"@id\":\"https:\/\/www.mozambiquelng.co.mz\/pt-pt\/local-content\/capacitamoz\/#primaryimage\"},\"image\":{\"@id\":\"https:\/\/www.mozambiquelng.co.mz\/pt-pt\/local-content\/capacitamoz\/#primaryimage\"},\"thumbnailUrl\":\"https:\/\/www.mozambiquelng.co.mz\/wp-content\/uploads\/2024\/01\/CapacitaMoz-Logo_sized-1.png\",\"datePublished\":\"2024-01-27T06:14:47+00:00\",\"dateModified\":\"2024-03-04T15:22:47+00:00\",\"breadcrumb\":{\"@id\":\"https:\/\/www.mozambiquelng.co.mz\/pt-pt\/local-content\/capacitamoz\/#breadcrumb\"},\"inLanguage\":\"pt-PT\",\"potentialAction\":[{\"@type\":\"ReadAction\",\"target\":[\"https:\/\/www.mozambiquelng.co.mz\/pt-pt\/local-content\/capacitamoz\/\"]}]},{\"@type\":\"ImageObject\",\"inLanguage\":\"pt-PT\",\"@id\":\"https:\/\/www.mozambiquelng.co.mz\/pt-pt\/local-content\/capacitamoz\/#primaryimage\",\"url\":\"https:\/\/www.mozambiquelng.co.mz\/wp-content\/uploads\/2024\/01\/CapacitaMoz-Logo_sized-1.png\",\"contentUrl\":\"https:\/\/www.mozambiquelng.co.mz\/wp-content\/uploads\/2024\/01\/CapacitaMoz-Logo_sized-1.png\",\"width\":1700,\"height\":550,\"caption\":\"CapacitaMoz\"},{\"@type\":\"BreadcrumbList\",\"@id\":\"https:\/\/www.mozambiquelng.co.mz\/pt-pt\/local-content\/capacitamoz\/#breadcrumb\",\"itemListElement\":[{\"@type\":\"ListItem\",\"position\":1,\"name\":\"Home\",\"item\":\"https:\/\/www.mozambiquelng.co.mz\/pt-pt\/\"},{\"@type\":\"ListItem\",\"position\":2,\"name\":\"Conte\u00fado local\",\"item\":\"https:\/\/www.mozambiquelng.co.mz\/pt-pt\/local-content\/\"},{\"@type\":\"ListItem\",\"position\":3,\"name\":\"CapacitaMoz\"}]},{\"@type\":\"WebSite\",\"@id\":\"https:\/\/www.mozambiquelng.co.mz\/pt-pt\/#website\",\"url\":\"https:\/\/www.mozambiquelng.co.mz\/pt-pt\/\",\"name\":\"Mozambique LNG Project\",\"description\":\"A long-term commitment with Mozambique\",\"potentialAction\":[{\"@type\":\"SearchAction\",\"target\":{\"@type\":\"EntryPoint\",\"urlTemplate\":\"https:\/\/www.mozambiquelng.co.mz\/pt-pt\/?s={search_term_string}\"},\"query-input\":{\"@type\":\"PropertyValueSpecification\",\"valueRequired\":true,\"valueName\":\"search_term_string\"}}],\"inLanguage\":\"pt-PT\"}]}<\/script>\n<!-- \/ Yoast SEO plugin. -->","yoast_head_json":{"title":"CapacitaMoz - Mozambique LNG Project","robots":{"index":"index","follow":"follow","max-snippet":"max-snippet:-1","max-image-preview":"max-image-preview:large","max-video-preview":"max-video-preview:-1"},"canonical":"https:\/\/www.mozambiquelng.co.mz\/pt-pt\/local-content\/capacitamoz\/","og_locale":"pt_PT","og_type":"article","og_title":"CapacitaMoz - Mozambique LNG Project","og_url":"https:\/\/www.mozambiquelng.co.mz\/pt-pt\/local-content\/capacitamoz\/","og_site_name":"Mozambique LNG Project","article_modified_time":"2024-03-04T15:22:47+00:00","og_image":[{"width":1700,"height":550,"url":"https:\/\/www.mozambiquelng.co.mz\/wp-content\/uploads\/2024\/01\/CapacitaMoz-Logo_sized-1.png","type":"image\/png"}],"twitter_card":"summary_large_image","twitter_misc":{"Est. reading time":"1 minuto"},"schema":{"@context":"https:\/\/schema.org","@graph":[{"@type":"WebPage","@id":"https:\/\/www.mozambiquelng.co.mz\/pt-pt\/local-content\/capacitamoz\/","url":"https:\/\/www.mozambiquelng.co.mz\/pt-pt\/local-content\/capacitamoz\/","name":"CapacitaMoz - Mozambique LNG Project","isPartOf":{"@id":"https:\/\/www.mozambiquelng.co.mz\/pt-pt\/#website"},"primaryImageOfPage":{"@id":"https:\/\/www.mozambiquelng.co.mz\/pt-pt\/local-content\/capacitamoz\/#primaryimage"},"image":{"@id":"https:\/\/www.mozambiquelng.co.mz\/pt-pt\/local-content\/capacitamoz\/#primaryimage"},"thumbnailUrl":"https:\/\/www.mozambiquelng.co.mz\/wp-content\/uploads\/2024\/01\/CapacitaMoz-Logo_sized-1.png","datePublished":"2024-01-27T06:14:47+00:00","dateModified":"2024-03-04T15:22:47+00:00","breadcrumb":{"@id":"https:\/\/www.mozambiquelng.co.mz\/pt-pt\/local-content\/capacitamoz\/#breadcrumb"},"inLanguage":"pt-PT","potentialAction":[{"@type":"ReadAction","target":["https:\/\/www.mozambiquelng.co.mz\/pt-pt\/local-content\/capacitamoz\/"]}]},{"@type":"ImageObject","inLanguage":"pt-PT","@id":"https:\/\/www.mozambiquelng.co.mz\/pt-pt\/local-content\/capacitamoz\/#primaryimage","url":"https:\/\/www.mozambiquelng.co.mz\/wp-content\/uploads\/2024\/01\/CapacitaMoz-Logo_sized-1.png","contentUrl":"https:\/\/www.mozambiquelng.co.mz\/wp-content\/uploads\/2024\/01\/CapacitaMoz-Logo_sized-1.png","width":1700,"height":550,"caption":"CapacitaMoz"},{"@type":"BreadcrumbList","@id":"https:\/\/www.mozambiquelng.co.mz\/pt-pt\/local-content\/capacitamoz\/#breadcrumb","itemListElement":[{"@type":"ListItem","position":1,"name":"Home","item":"https:\/\/www.mozambiquelng.co.mz\/pt-pt\/"},{"@type":"ListItem","position":2,"name":"Conte\u00fado local","item":"https:\/\/www.mozambiquelng.co.mz\/pt-pt\/local-content\/"},{"@type":"ListItem","position":3,"name":"CapacitaMoz"}]},{"@type":"WebSite","@id":"https:\/\/www.mozambiquelng.co.mz\/pt-pt\/#website","url":"https:\/\/www.mozambiquelng.co.mz\/pt-pt\/","name":"Mozambique LNG Project","description":"A long-term commitment with Mozambique","potentialAction":[{"@type":"SearchAction","target":{"@type":"EntryPoint","urlTemplate":"https:\/\/www.mozambiquelng.co.mz\/pt-pt\/?s={search_term_string}"},"query-input":{"@type":"PropertyValueSpecification","valueRequired":true,"valueName":"search_term_string"}}],"inLanguage":"pt-PT"}]}},"_links":{"self":[{"href":"https:\/\/www.mozambiquelng.co.mz\/pt-pt\/wp-json\/wp\/v2\/pages\/2842","targetHints":{"allow":["GET"]}}],"collection":[{"href":"https:\/\/www.mozambiquelng.co.mz\/pt-pt\/wp-json\/wp\/v2\/pages"}],"about":[{"href":"https:\/\/www.mozambiquelng.co.mz\/pt-pt\/wp-json\/wp\/v2\/types\/page"}],"author":[{"embeddable":true,"href":"https:\/\/www.mozambiquelng.co.mz\/pt-pt\/wp-json\/wp\/v2\/users\/8"}],"replies":[{"embeddable":true,"href":"https:\/\/www.mozambiquelng.co.mz\/pt-pt\/wp-json\/wp\/v2\/comments?post=2842"}],"version-history":[{"count":19,"href":"https:\/\/www.mozambiquelng.co.mz\/pt-pt\/wp-json\/wp\/v2\/pages\/2842\/revisions"}],"predecessor-version":[{"id":4563,"href":"https:\/\/www.mozambiquelng.co.mz\/pt-pt\/wp-json\/wp\/v2\/pages\/2842\/revisions\/4563"}],"up":[{"embeddable":true,"href":"https:\/\/www.mozambiquelng.co.mz\/pt-pt\/wp-json\/wp\/v2\/pages\/2808"}],"wp:featuredmedia":[{"embeddable":true,"href":"https:\/\/www.mozambiquelng.co.mz\/pt-pt\/wp-json\/wp\/v2\/media\/2836"}],"wp:attachment":[{"href":"https:\/\/www.mozambiquelng.co.mz\/pt-pt\/wp-json\/wp\/v2\/media?parent=2842"}],"curies":[{"name":"wp","href":"https:\/\/api.w.org\/{rel}","templated":true}]}}