{"id":2859,"date":"2024-01-24T11:14:27","date_gmt":"2024-01-24T09:14:27","guid":{"rendered":"https:\/\/mozambiquelng-dev.5thring.co.uk\/sobre-o-projecto-mozambique-liquefied-natural-gas\/the-resource\/"},"modified":"2024-02-29T09:09:42","modified_gmt":"2024-02-29T07:09:42","slug":"the-resource","status":"publish","type":"page","link":"https:\/\/www.mozambiquelng.co.mz\/pt-pt\/sobre-o-projecto-mozambique-liquefied-natural-gas\/the-resource\/","title":{"rendered":"Os recursos"},"content":{"rendered":"\n<div class=\"container mx-auto grid grid-cols-3 gap-x-16 p-6\">\n\n    <div class=\"col-span-3 lg:col-span-2\">\n\n        \n    <h2 class=\"mt-8 mb-4\">Progresso &amp; Marcos<\/h2>\n\n    <h3 class=\"mt-8 mb-4\">\u00c1rea 1 Offshore &amp; Onshore<\/h3>\n\n<div class=\"copy\">\n    \n    <p>At\u00e9 ao momento, foram descobertos aproximadamente 65 Trilh\u00f5es de p\u00e9s c\u00fabicos de g\u00e1s natural recuper\u00e1vel na \u00c1rea 1 Offshore &#8211; o equivalente a um campo de petr\u00f3leo de 12 bili\u00f5es de barris. Os resultados obtidos at\u00e9 agora, do programa de teste de perfura\u00e7\u00e3o (DST) nos complexos Prosperidade e Golfinho\/Atum demonstram as excelentes caracter\u00edsticas do fluxo dos reservat\u00f3rios.<\/p>\n\n<\/div>\n\n\n    <img decoding=\"async\" class=\"mb-2\" src=\"https:\/\/www.mozambiquelng.co.mz\/wp-content\/uploads\/2024\/02\/Area-1-Onshore-Offshore-PT.webp\" alt=\"\" \/>\n\n    \n\n    <h2 class=\"mt-8 mb-4\">Marcos do projecto<\/h2>\n\n\n    <table class=\"table-simple mb-4\">\n        <tbody>\n                            <tr>\n                                            <td>\n                            Fevereiro de 2010                        <\/td>\n                                            <td>\n                            Primeira descoberta, \u00c1rea 1                        <\/td>\n                                    <\/tr>\n                            <tr>\n                                            <td>\n                            Dezembro de 2014                        <\/td>\n                                            <td>\n                            Governo aprova o decreto-lei sobre GNL                        <\/td>\n                                    <\/tr>\n                            <tr>\n                                            <td>\n                            Outubro de 2015                        <\/td>\n                                            <td>\n                            Reservas certificadas, 13 MTPA                        <\/td>\n                                    <\/tr>\n                            <tr>\n                                            <td>\n                            Fevereiro de 2018                        <\/td>\n                                            <td>\n                            Plano de desenvolvimento aprovado                        <\/td>\n                                    <\/tr>\n                            <tr>\n                                            <td>\n                            Junho de 2019                        <\/td>\n                                            <td>\n                            DFI de $ 20 bili\u00f5es comprometidos                        <\/td>\n                                    <\/tr>\n                            <tr>\n                                            <td>\n                            Agosto de 2019                        <\/td>\n                                            <td>\n                            In\u00edcio da constru\u00e7\u00e3o                        <\/td>\n                                    <\/tr>\n                            <tr>\n                                            <td>\n                            Setembro de 2019                        <\/td>\n                                            <td>\n                            A TotalEnergies torna-se Operadora                        <\/td>\n                                    <\/tr>\n                            <tr>\n                                            <td>\n                            Abril de 2021                        <\/td>\n                                            <td>\n                            Declara\u00e7\u00e3o da For\u00e7a Maior                        <\/td>\n                                    <\/tr>\n                            <tr>\n                                            <td>\n                            2028                        <\/td>\n                                            <td>\n                            Primeiro carregamento de GNL                        <\/td>\n                                    <\/tr>\n                    <\/tbody>\n    <\/table>\n\n\n\n\n    <\/div>\n\n    <div class=\"col-span-3 lg:col-span-1\">\n\n        \n<div class=\"copy\">\n        \n    <h3>Leia mais sobre o Projecto<\/h3>\n<p><a href=\"https:\/\/mozambiquelng.co.mz\/pt-pt\/sobre-o-projecto-mozambique-liquefied-natural-gas\/energia-segura-fiavel-e-de-confianca\/\">Energia segura, fi\u00e1vel e de confian\u00e7a<\/a><\/p>\n<p><a href=\"https:\/\/mozambiquelng.co.mz\/pt-pt\/sobre-o-projecto-mozambique-liquefied-natural-gas\/desevolvimento\/\">Desevolvimento<\/a><\/p>\n<p><a href=\"https:\/\/mozambiquelng.co.mz\/pt-pt\/sobre-o-projecto-mozambique-liquefied-natural-gas\/conheca-os-parceiros\/\">Parceiros<\/a><\/p>\n<p><a href=\"https:\/\/mozambiquelng.co.mz\/pt-pt\/sobre-o-projecto-mozambique-liquefied-natural-gas\/\">Voltar \u00e0 Introdu\u00e7\u00e3o<\/a><\/p>\n    \n<\/div>\n    \n\n    <\/div>\n\n<\/div>","protected":false},"excerpt":{"rendered":"","protected":false},"author":8,"featured_media":3831,"parent":2335,"menu_order":0,"comment_status":"closed","ping_status":"closed","template":"","meta":{"_acf_changed":false,"footnotes":""},"class_list":["post-2859","page","type-page","status-publish","has-post-thumbnail","hentry"],"acf":[],"yoast_head":"<!-- This site is optimized with the Yoast SEO plugin v25.3.1 - https:\/\/yoast.com\/wordpress\/plugins\/seo\/ -->\n<title>Os recursos - Mozambique LNG Project<\/title>\n<meta name=\"robots\" content=\"index, follow, max-snippet:-1, max-image-preview:large, max-video-preview:-1\" \/>\n<link rel=\"canonical\" href=\"https:\/\/www.mozambiquelng.co.mz\/pt-pt\/sobre-o-projecto-mozambique-liquefied-natural-gas\/the-resource\/\" \/>\n<meta property=\"og:locale\" content=\"pt_PT\" \/>\n<meta property=\"og:type\" content=\"article\" \/>\n<meta property=\"og:title\" content=\"Os recursos - Mozambique LNG Project\" \/>\n<meta property=\"og:url\" content=\"https:\/\/www.mozambiquelng.co.mz\/pt-pt\/sobre-o-projecto-mozambique-liquefied-natural-gas\/the-resource\/\" \/>\n<meta property=\"og:site_name\" content=\"Mozambique LNG Project\" \/>\n<meta property=\"article:modified_time\" content=\"2024-02-29T07:09:42+00:00\" \/>\n<meta property=\"og:image\" content=\"https:\/\/www.mozambiquelng.co.mz\/wp-content\/uploads\/2024\/02\/About-the-Project_hero.webp\" \/>\n\t<meta property=\"og:image:width\" content=\"1700\" \/>\n\t<meta property=\"og:image:height\" content=\"550\" \/>\n\t<meta property=\"og:image:type\" content=\"image\/webp\" \/>\n<meta name=\"twitter:card\" content=\"summary_large_image\" \/>\n<meta name=\"twitter:label1\" content=\"Est. reading time\" \/>\n\t<meta name=\"twitter:data1\" content=\"1 minuto\" \/>\n<script type=\"application\/ld+json\" class=\"yoast-schema-graph\">{\"@context\":\"https:\/\/schema.org\",\"@graph\":[{\"@type\":\"WebPage\",\"@id\":\"https:\/\/www.mozambiquelng.co.mz\/pt-pt\/sobre-o-projecto-mozambique-liquefied-natural-gas\/the-resource\/\",\"url\":\"https:\/\/www.mozambiquelng.co.mz\/pt-pt\/sobre-o-projecto-mozambique-liquefied-natural-gas\/the-resource\/\",\"name\":\"Os recursos - Mozambique LNG Project\",\"isPartOf\":{\"@id\":\"https:\/\/www.mozambiquelng.co.mz\/pt-pt\/#website\"},\"primaryImageOfPage\":{\"@id\":\"https:\/\/www.mozambiquelng.co.mz\/pt-pt\/sobre-o-projecto-mozambique-liquefied-natural-gas\/the-resource\/#primaryimage\"},\"image\":{\"@id\":\"https:\/\/www.mozambiquelng.co.mz\/pt-pt\/sobre-o-projecto-mozambique-liquefied-natural-gas\/the-resource\/#primaryimage\"},\"thumbnailUrl\":\"https:\/\/www.mozambiquelng.co.mz\/wp-content\/uploads\/2024\/02\/About-the-Project_hero.webp\",\"datePublished\":\"2024-01-24T09:14:27+00:00\",\"dateModified\":\"2024-02-29T07:09:42+00:00\",\"breadcrumb\":{\"@id\":\"https:\/\/www.mozambiquelng.co.mz\/pt-pt\/sobre-o-projecto-mozambique-liquefied-natural-gas\/the-resource\/#breadcrumb\"},\"inLanguage\":\"pt-PT\",\"potentialAction\":[{\"@type\":\"ReadAction\",\"target\":[\"https:\/\/www.mozambiquelng.co.mz\/pt-pt\/sobre-o-projecto-mozambique-liquefied-natural-gas\/the-resource\/\"]}]},{\"@type\":\"ImageObject\",\"inLanguage\":\"pt-PT\",\"@id\":\"https:\/\/www.mozambiquelng.co.mz\/pt-pt\/sobre-o-projecto-mozambique-liquefied-natural-gas\/the-resource\/#primaryimage\",\"url\":\"https:\/\/www.mozambiquelng.co.mz\/wp-content\/uploads\/2024\/02\/About-the-Project_hero.webp\",\"contentUrl\":\"https:\/\/www.mozambiquelng.co.mz\/wp-content\/uploads\/2024\/02\/About-the-Project_hero.webp\",\"width\":1700,\"height\":550,\"caption\":\"Mozambique LNG Project\"},{\"@type\":\"BreadcrumbList\",\"@id\":\"https:\/\/www.mozambiquelng.co.mz\/pt-pt\/sobre-o-projecto-mozambique-liquefied-natural-gas\/the-resource\/#breadcrumb\",\"itemListElement\":[{\"@type\":\"ListItem\",\"position\":1,\"name\":\"Home\",\"item\":\"https:\/\/www.mozambiquelng.co.mz\/pt-pt\/\"},{\"@type\":\"ListItem\",\"position\":2,\"name\":\"Sobre o Projecto Mozambique Liquefied Natural Gas\",\"item\":\"https:\/\/www.mozambiquelng.co.mz\/pt-pt\/sobre-o-projecto-mozambique-liquefied-natural-gas\/\"},{\"@type\":\"ListItem\",\"position\":3,\"name\":\"Os recursos\"}]},{\"@type\":\"WebSite\",\"@id\":\"https:\/\/www.mozambiquelng.co.mz\/pt-pt\/#website\",\"url\":\"https:\/\/www.mozambiquelng.co.mz\/pt-pt\/\",\"name\":\"Mozambique LNG Project\",\"description\":\"A long-term commitment with Mozambique\",\"potentialAction\":[{\"@type\":\"SearchAction\",\"target\":{\"@type\":\"EntryPoint\",\"urlTemplate\":\"https:\/\/www.mozambiquelng.co.mz\/pt-pt\/?s={search_term_string}\"},\"query-input\":{\"@type\":\"PropertyValueSpecification\",\"valueRequired\":true,\"valueName\":\"search_term_string\"}}],\"inLanguage\":\"pt-PT\"}]}<\/script>\n<!-- \/ Yoast SEO plugin. -->","yoast_head_json":{"title":"Os recursos - Mozambique LNG Project","robots":{"index":"index","follow":"follow","max-snippet":"max-snippet:-1","max-image-preview":"max-image-preview:large","max-video-preview":"max-video-preview:-1"},"canonical":"https:\/\/www.mozambiquelng.co.mz\/pt-pt\/sobre-o-projecto-mozambique-liquefied-natural-gas\/the-resource\/","og_locale":"pt_PT","og_type":"article","og_title":"Os recursos - Mozambique LNG Project","og_url":"https:\/\/www.mozambiquelng.co.mz\/pt-pt\/sobre-o-projecto-mozambique-liquefied-natural-gas\/the-resource\/","og_site_name":"Mozambique LNG Project","article_modified_time":"2024-02-29T07:09:42+00:00","og_image":[{"width":1700,"height":550,"url":"https:\/\/www.mozambiquelng.co.mz\/wp-content\/uploads\/2024\/02\/About-the-Project_hero.webp","type":"image\/webp"}],"twitter_card":"summary_large_image","twitter_misc":{"Est. reading time":"1 minuto"},"schema":{"@context":"https:\/\/schema.org","@graph":[{"@type":"WebPage","@id":"https:\/\/www.mozambiquelng.co.mz\/pt-pt\/sobre-o-projecto-mozambique-liquefied-natural-gas\/the-resource\/","url":"https:\/\/www.mozambiquelng.co.mz\/pt-pt\/sobre-o-projecto-mozambique-liquefied-natural-gas\/the-resource\/","name":"Os recursos - Mozambique LNG Project","isPartOf":{"@id":"https:\/\/www.mozambiquelng.co.mz\/pt-pt\/#website"},"primaryImageOfPage":{"@id":"https:\/\/www.mozambiquelng.co.mz\/pt-pt\/sobre-o-projecto-mozambique-liquefied-natural-gas\/the-resource\/#primaryimage"},"image":{"@id":"https:\/\/www.mozambiquelng.co.mz\/pt-pt\/sobre-o-projecto-mozambique-liquefied-natural-gas\/the-resource\/#primaryimage"},"thumbnailUrl":"https:\/\/www.mozambiquelng.co.mz\/wp-content\/uploads\/2024\/02\/About-the-Project_hero.webp","datePublished":"2024-01-24T09:14:27+00:00","dateModified":"2024-02-29T07:09:42+00:00","breadcrumb":{"@id":"https:\/\/www.mozambiquelng.co.mz\/pt-pt\/sobre-o-projecto-mozambique-liquefied-natural-gas\/the-resource\/#breadcrumb"},"inLanguage":"pt-PT","potentialAction":[{"@type":"ReadAction","target":["https:\/\/www.mozambiquelng.co.mz\/pt-pt\/sobre-o-projecto-mozambique-liquefied-natural-gas\/the-resource\/"]}]},{"@type":"ImageObject","inLanguage":"pt-PT","@id":"https:\/\/www.mozambiquelng.co.mz\/pt-pt\/sobre-o-projecto-mozambique-liquefied-natural-gas\/the-resource\/#primaryimage","url":"https:\/\/www.mozambiquelng.co.mz\/wp-content\/uploads\/2024\/02\/About-the-Project_hero.webp","contentUrl":"https:\/\/www.mozambiquelng.co.mz\/wp-content\/uploads\/2024\/02\/About-the-Project_hero.webp","width":1700,"height":550,"caption":"Mozambique LNG Project"},{"@type":"BreadcrumbList","@id":"https:\/\/www.mozambiquelng.co.mz\/pt-pt\/sobre-o-projecto-mozambique-liquefied-natural-gas\/the-resource\/#breadcrumb","itemListElement":[{"@type":"ListItem","position":1,"name":"Home","item":"https:\/\/www.mozambiquelng.co.mz\/pt-pt\/"},{"@type":"ListItem","position":2,"name":"Sobre o Projecto Mozambique Liquefied Natural Gas","item":"https:\/\/www.mozambiquelng.co.mz\/pt-pt\/sobre-o-projecto-mozambique-liquefied-natural-gas\/"},{"@type":"ListItem","position":3,"name":"Os recursos"}]},{"@type":"WebSite","@id":"https:\/\/www.mozambiquelng.co.mz\/pt-pt\/#website","url":"https:\/\/www.mozambiquelng.co.mz\/pt-pt\/","name":"Mozambique LNG Project","description":"A long-term commitment with Mozambique","potentialAction":[{"@type":"SearchAction","target":{"@type":"EntryPoint","urlTemplate":"https:\/\/www.mozambiquelng.co.mz\/pt-pt\/?s={search_term_string}"},"query-input":{"@type":"PropertyValueSpecification","valueRequired":true,"valueName":"search_term_string"}}],"inLanguage":"pt-PT"}]}},"_links":{"self":[{"href":"https:\/\/www.mozambiquelng.co.mz\/pt-pt\/wp-json\/wp\/v2\/pages\/2859","targetHints":{"allow":["GET"]}}],"collection":[{"href":"https:\/\/www.mozambiquelng.co.mz\/pt-pt\/wp-json\/wp\/v2\/pages"}],"about":[{"href":"https:\/\/www.mozambiquelng.co.mz\/pt-pt\/wp-json\/wp\/v2\/types\/page"}],"author":[{"embeddable":true,"href":"https:\/\/www.mozambiquelng.co.mz\/pt-pt\/wp-json\/wp\/v2\/users\/8"}],"replies":[{"embeddable":true,"href":"https:\/\/www.mozambiquelng.co.mz\/pt-pt\/wp-json\/wp\/v2\/comments?post=2859"}],"version-history":[{"count":14,"href":"https:\/\/www.mozambiquelng.co.mz\/pt-pt\/wp-json\/wp\/v2\/pages\/2859\/revisions"}],"predecessor-version":[{"id":4528,"href":"https:\/\/www.mozambiquelng.co.mz\/pt-pt\/wp-json\/wp\/v2\/pages\/2859\/revisions\/4528"}],"up":[{"embeddable":true,"href":"https:\/\/www.mozambiquelng.co.mz\/pt-pt\/wp-json\/wp\/v2\/pages\/2335"}],"wp:featuredmedia":[{"embeddable":true,"href":"https:\/\/www.mozambiquelng.co.mz\/pt-pt\/wp-json\/wp\/v2\/media\/3831"}],"wp:attachment":[{"href":"https:\/\/www.mozambiquelng.co.mz\/pt-pt\/wp-json\/wp\/v2\/media?parent=2859"}],"curies":[{"name":"wp","href":"https:\/\/api.w.org\/{rel}","templated":true}]}}