{"id":2940,"date":"2024-01-31T11:03:56","date_gmt":"2024-01-31T09:03:56","guid":{"rendered":"https:\/\/mozambiquelng-dev.5thring.co.uk\/contact\/"},"modified":"2024-10-07T20:55:08","modified_gmt":"2024-10-07T18:55:08","slug":"contact","status":"publish","type":"page","link":"https:\/\/www.mozambiquelng.co.mz\/pt-pt\/contact\/","title":{"rendered":"Contacto"},"content":{"rendered":"\n<div class=\"container mx-auto grid grid-cols-3 gap-x-16 p-6\">\n\n    <div class=\"col-span-3 lg:col-span-2\">\n\n        \n    <h3 class=\"mt-8 mb-4\">COMPROMETIDA COM A COMUNICA\u00c7\u00c3O ABERTA<\/h3>\n\n<div class=\"copy\">\n    \n    <p>Estamos interessados em saber das opini\u00f5es dos nossos Stakeholder (partes interessadas) e agradecemos os vossos coment\u00e1rios, perguntas e respostas sobre o projecto.<\/p>\n<p>Se desejar comentar ou fazer uma pergunta sobre o projecto, fa\u00e7a-o preenchendo o formul\u00e1rio.<\/p>\n<p>Como alternativa, pode-nos enviar um email para <a href=\"mailto:Tepma1.externalcommunication@totalenergies.com\" data-linkindex=\"0\">Tepma1.externalcommunication@totalenergies.com<\/a>.<\/p>\n\n<\/div>\n\n\n    <\/div>\n\n    <div class=\"col-span-3 lg:col-span-1\">\n\n        \n<div class=\"copy\">\n        \n    <p><strong>Para quest\u00f5es sobre oportunidades de contrata\u00e7\u00e3o e de emprego, visite, por favor, a seguinte p\u00e1gina:<\/strong><\/p>\n    \n<\/div>\n    \n\n\n    <div class=\"flex flex-col items-end gap-2\">\n                    <a class=\"cta-btn text-s2 text-right last-of-type:mb-4\" href=\"https:\/\/mozambiquelng.co.mz\/opportunities\/suppliers\/\" target=\"\">Oportunidades de contrata\u00e7\u00e3o<\/a>\n                    <a class=\"cta-btn text-s2 text-right last-of-type:mb-4\" href=\"https:\/\/mozambiquelng.co.mz\/opportunities\/working-with-us\/\" target=\"\">Oportunidades de emprego<\/a>\n            <\/div>\n\n\n    <\/div>\n\n<\/div>\n<div class=\"container mx-auto grid grid-cols-3 gap-x-16 p-6\">\n\n    <div class=\"col-span-3 lg:col-span-2\">\n\n        \n    <h2 class=\"mt-8 mb-4\">SEDE DO PROJECTO<\/h2>\n\n<div class=\"copy\">\n    \n    <p>TotalEnergies EP Mozambique Area 1, Lda.<br \/>\nAv. Julius Nyerere, n.\u00b0 3412<br \/>\nJN 3412 Office Park<br \/>\nMaputo<\/p>\n<p>Tel: +258 21 500 000<br \/>\nFax: +258 21 500 001<\/p>\n\n<\/div>\n\n\n    <\/div>\n\n    <div class=\"col-span-3 lg:col-span-1\">\n\n        \n    <\/div>\n\n<\/div>\n<div class=\"container mx-auto p-6 space-y-8\">\n    <div class=\"w-full lg:w-8\/12\">\n\n        \n        \n        \n<div class=\"wpcf7 no-js\" id=\"wpcf7-f2958-o1\" lang=\"pt-PT\" dir=\"ltr\" data-wpcf7-id=\"2958\">\n<div class=\"screen-reader-response\"><p role=\"status\" aria-live=\"polite\" aria-atomic=\"true\"><\/p> <ul><\/ul><\/div>\n<form action=\"\/pt-pt\/wp-json\/wp\/v2\/pages\/2940#wpcf7-f2958-o1\" method=\"post\" class=\"wpcf7-form init\" aria-label=\"Formul\u00e1rio de contacto\" novalidate=\"novalidate\" data-status=\"init\">\n<div style=\"display: none;\">\n<input type=\"hidden\" name=\"_wpcf7\" value=\"2958\" \/>\n<input type=\"hidden\" name=\"_wpcf7_version\" value=\"6.0.6\" \/>\n<input type=\"hidden\" name=\"_wpcf7_locale\" value=\"pt_PT\" \/>\n<input type=\"hidden\" name=\"_wpcf7_unit_tag\" value=\"wpcf7-f2958-o1\" \/>\n<input type=\"hidden\" name=\"_wpcf7_container_post\" value=\"0\" \/>\n<input type=\"hidden\" name=\"_wpcf7_posted_data_hash\" value=\"\" \/>\n<\/div>\n<p><label> Empresa ou organiza\u00e7\u00e3o * <\/label><span class=\"wpcf7-form-control-wrap\" data-name=\"company\"><input size=\"40\" maxlength=\"400\" class=\"wpcf7-form-control wpcf7-text wpcf7-validates-as-required\" aria-required=\"true\" aria-invalid=\"false\" value=\"\" type=\"text\" name=\"company\" \/><\/span>\n<\/p>\n<p><label> Primeiro nome * <\/label><span class=\"wpcf7-form-control-wrap\" data-name=\"first-name\"><input size=\"40\" maxlength=\"400\" class=\"wpcf7-form-control wpcf7-text wpcf7-validates-as-required\" aria-required=\"true\" aria-invalid=\"false\" value=\"\" type=\"text\" name=\"first-name\" \/><\/span>\n<\/p>\n<p><label> Sobrenome * <\/label><span class=\"wpcf7-form-control-wrap\" data-name=\"last-name\"><input size=\"40\" maxlength=\"400\" class=\"wpcf7-form-control wpcf7-text wpcf7-validates-as-required\" aria-required=\"true\" aria-invalid=\"false\" value=\"\" type=\"text\" name=\"last-name\" \/><\/span>\n<\/p>\n<p><label> Email * <\/label><span class=\"wpcf7-form-control-wrap\" data-name=\"email\"><input size=\"40\" maxlength=\"400\" class=\"wpcf7-form-control wpcf7-email wpcf7-validates-as-required wpcf7-text wpcf7-validates-as-email\" aria-required=\"true\" aria-invalid=\"false\" value=\"\" type=\"email\" name=\"email\" \/><\/span>\n<\/p>\n<p><label> Envie o seu curr\u00edculo <\/label><span class=\"wpcf7-form-control-wrap\" data-name=\"message\"><textarea cols=\"40\" rows=\"6\" maxlength=\"2000\" class=\"wpcf7-form-control wpcf7-textarea wpcf7-validates-as-required\" aria-required=\"true\" aria-invalid=\"false\" name=\"message\"><\/textarea><\/span>\n<\/p>\n<p><input class=\"wpcf7-form-control wpcf7-submit has-spinner\" type=\"submit\" value=\"Submit\" \/>\n<\/p><div class=\"wpcf7-response-output\" aria-hidden=\"true\"><\/div>\n<\/form>\n<\/div>\n        \n    <\/div>\n<\/div>","protected":false},"excerpt":{"rendered":"","protected":false},"author":8,"featured_media":3831,"parent":0,"menu_order":0,"comment_status":"closed","ping_status":"closed","template":"","meta":{"_acf_changed":false,"footnotes":""},"class_list":["post-2940","page","type-page","status-publish","has-post-thumbnail","hentry"],"acf":[],"yoast_head":"<!-- This site is optimized with the Yoast SEO plugin v25.3.1 - https:\/\/yoast.com\/wordpress\/plugins\/seo\/ -->\n<title>Contacto - Mozambique LNG Project<\/title>\n<meta name=\"robots\" content=\"index, follow, max-snippet:-1, max-image-preview:large, max-video-preview:-1\" \/>\n<link rel=\"canonical\" href=\"https:\/\/www.mozambiquelng.co.mz\/pt-pt\/contact\/\" \/>\n<meta property=\"og:locale\" content=\"pt_PT\" \/>\n<meta property=\"og:type\" content=\"article\" \/>\n<meta property=\"og:title\" content=\"Contacto - Mozambique LNG Project\" \/>\n<meta property=\"og:url\" content=\"https:\/\/www.mozambiquelng.co.mz\/pt-pt\/contact\/\" \/>\n<meta property=\"og:site_name\" content=\"Mozambique LNG Project\" \/>\n<meta property=\"article:modified_time\" content=\"2024-10-07T18:55:08+00:00\" \/>\n<meta property=\"og:image\" content=\"https:\/\/www.mozambiquelng.co.mz\/wp-content\/uploads\/2024\/02\/About-the-Project_hero.webp\" \/>\n\t<meta property=\"og:image:width\" content=\"1700\" \/>\n\t<meta property=\"og:image:height\" content=\"550\" \/>\n\t<meta property=\"og:image:type\" content=\"image\/webp\" \/>\n<meta name=\"twitter:card\" content=\"summary_large_image\" \/>\n<meta name=\"twitter:label1\" content=\"Est. reading time\" \/>\n\t<meta name=\"twitter:data1\" content=\"1 minuto\" \/>\n<script type=\"application\/ld+json\" class=\"yoast-schema-graph\">{\"@context\":\"https:\/\/schema.org\",\"@graph\":[{\"@type\":\"WebPage\",\"@id\":\"https:\/\/www.mozambiquelng.co.mz\/pt-pt\/contact\/\",\"url\":\"https:\/\/www.mozambiquelng.co.mz\/pt-pt\/contact\/\",\"name\":\"Contacto - Mozambique LNG Project\",\"isPartOf\":{\"@id\":\"https:\/\/www.mozambiquelng.co.mz\/pt-pt\/#website\"},\"primaryImageOfPage\":{\"@id\":\"https:\/\/www.mozambiquelng.co.mz\/pt-pt\/contact\/#primaryimage\"},\"image\":{\"@id\":\"https:\/\/www.mozambiquelng.co.mz\/pt-pt\/contact\/#primaryimage\"},\"thumbnailUrl\":\"https:\/\/www.mozambiquelng.co.mz\/wp-content\/uploads\/2024\/02\/About-the-Project_hero.webp\",\"datePublished\":\"2024-01-31T09:03:56+00:00\",\"dateModified\":\"2024-10-07T18:55:08+00:00\",\"breadcrumb\":{\"@id\":\"https:\/\/www.mozambiquelng.co.mz\/pt-pt\/contact\/#breadcrumb\"},\"inLanguage\":\"pt-PT\",\"potentialAction\":[{\"@type\":\"ReadAction\",\"target\":[\"https:\/\/www.mozambiquelng.co.mz\/pt-pt\/contact\/\"]}]},{\"@type\":\"ImageObject\",\"inLanguage\":\"pt-PT\",\"@id\":\"https:\/\/www.mozambiquelng.co.mz\/pt-pt\/contact\/#primaryimage\",\"url\":\"https:\/\/www.mozambiquelng.co.mz\/wp-content\/uploads\/2024\/02\/About-the-Project_hero.webp\",\"contentUrl\":\"https:\/\/www.mozambiquelng.co.mz\/wp-content\/uploads\/2024\/02\/About-the-Project_hero.webp\",\"width\":1700,\"height\":550,\"caption\":\"Mozambique LNG Project\"},{\"@type\":\"BreadcrumbList\",\"@id\":\"https:\/\/www.mozambiquelng.co.mz\/pt-pt\/contact\/#breadcrumb\",\"itemListElement\":[{\"@type\":\"ListItem\",\"position\":1,\"name\":\"Home\",\"item\":\"https:\/\/www.mozambiquelng.co.mz\/pt-pt\/\"},{\"@type\":\"ListItem\",\"position\":2,\"name\":\"Contacto\"}]},{\"@type\":\"WebSite\",\"@id\":\"https:\/\/www.mozambiquelng.co.mz\/pt-pt\/#website\",\"url\":\"https:\/\/www.mozambiquelng.co.mz\/pt-pt\/\",\"name\":\"Mozambique LNG Project\",\"description\":\"A long-term commitment with Mozambique\",\"potentialAction\":[{\"@type\":\"SearchAction\",\"target\":{\"@type\":\"EntryPoint\",\"urlTemplate\":\"https:\/\/www.mozambiquelng.co.mz\/pt-pt\/?s={search_term_string}\"},\"query-input\":{\"@type\":\"PropertyValueSpecification\",\"valueRequired\":true,\"valueName\":\"search_term_string\"}}],\"inLanguage\":\"pt-PT\"}]}<\/script>\n<!-- \/ Yoast SEO plugin. -->","yoast_head_json":{"title":"Contacto - Mozambique LNG Project","robots":{"index":"index","follow":"follow","max-snippet":"max-snippet:-1","max-image-preview":"max-image-preview:large","max-video-preview":"max-video-preview:-1"},"canonical":"https:\/\/www.mozambiquelng.co.mz\/pt-pt\/contact\/","og_locale":"pt_PT","og_type":"article","og_title":"Contacto - Mozambique LNG Project","og_url":"https:\/\/www.mozambiquelng.co.mz\/pt-pt\/contact\/","og_site_name":"Mozambique LNG Project","article_modified_time":"2024-10-07T18:55:08+00:00","og_image":[{"width":1700,"height":550,"url":"https:\/\/www.mozambiquelng.co.mz\/wp-content\/uploads\/2024\/02\/About-the-Project_hero.webp","type":"image\/webp"}],"twitter_card":"summary_large_image","twitter_misc":{"Est. reading time":"1 minuto"},"schema":{"@context":"https:\/\/schema.org","@graph":[{"@type":"WebPage","@id":"https:\/\/www.mozambiquelng.co.mz\/pt-pt\/contact\/","url":"https:\/\/www.mozambiquelng.co.mz\/pt-pt\/contact\/","name":"Contacto - Mozambique LNG Project","isPartOf":{"@id":"https:\/\/www.mozambiquelng.co.mz\/pt-pt\/#website"},"primaryImageOfPage":{"@id":"https:\/\/www.mozambiquelng.co.mz\/pt-pt\/contact\/#primaryimage"},"image":{"@id":"https:\/\/www.mozambiquelng.co.mz\/pt-pt\/contact\/#primaryimage"},"thumbnailUrl":"https:\/\/www.mozambiquelng.co.mz\/wp-content\/uploads\/2024\/02\/About-the-Project_hero.webp","datePublished":"2024-01-31T09:03:56+00:00","dateModified":"2024-10-07T18:55:08+00:00","breadcrumb":{"@id":"https:\/\/www.mozambiquelng.co.mz\/pt-pt\/contact\/#breadcrumb"},"inLanguage":"pt-PT","potentialAction":[{"@type":"ReadAction","target":["https:\/\/www.mozambiquelng.co.mz\/pt-pt\/contact\/"]}]},{"@type":"ImageObject","inLanguage":"pt-PT","@id":"https:\/\/www.mozambiquelng.co.mz\/pt-pt\/contact\/#primaryimage","url":"https:\/\/www.mozambiquelng.co.mz\/wp-content\/uploads\/2024\/02\/About-the-Project_hero.webp","contentUrl":"https:\/\/www.mozambiquelng.co.mz\/wp-content\/uploads\/2024\/02\/About-the-Project_hero.webp","width":1700,"height":550,"caption":"Mozambique LNG Project"},{"@type":"BreadcrumbList","@id":"https:\/\/www.mozambiquelng.co.mz\/pt-pt\/contact\/#breadcrumb","itemListElement":[{"@type":"ListItem","position":1,"name":"Home","item":"https:\/\/www.mozambiquelng.co.mz\/pt-pt\/"},{"@type":"ListItem","position":2,"name":"Contacto"}]},{"@type":"WebSite","@id":"https:\/\/www.mozambiquelng.co.mz\/pt-pt\/#website","url":"https:\/\/www.mozambiquelng.co.mz\/pt-pt\/","name":"Mozambique LNG Project","description":"A long-term commitment with Mozambique","potentialAction":[{"@type":"SearchAction","target":{"@type":"EntryPoint","urlTemplate":"https:\/\/www.mozambiquelng.co.mz\/pt-pt\/?s={search_term_string}"},"query-input":{"@type":"PropertyValueSpecification","valueRequired":true,"valueName":"search_term_string"}}],"inLanguage":"pt-PT"}]}},"_links":{"self":[{"href":"https:\/\/www.mozambiquelng.co.mz\/pt-pt\/wp-json\/wp\/v2\/pages\/2940","targetHints":{"allow":["GET"]}}],"collection":[{"href":"https:\/\/www.mozambiquelng.co.mz\/pt-pt\/wp-json\/wp\/v2\/pages"}],"about":[{"href":"https:\/\/www.mozambiquelng.co.mz\/pt-pt\/wp-json\/wp\/v2\/types\/page"}],"author":[{"embeddable":true,"href":"https:\/\/www.mozambiquelng.co.mz\/pt-pt\/wp-json\/wp\/v2\/users\/8"}],"replies":[{"embeddable":true,"href":"https:\/\/www.mozambiquelng.co.mz\/pt-pt\/wp-json\/wp\/v2\/comments?post=2940"}],"version-history":[{"count":9,"href":"https:\/\/www.mozambiquelng.co.mz\/pt-pt\/wp-json\/wp\/v2\/pages\/2940\/revisions"}],"predecessor-version":[{"id":4905,"href":"https:\/\/www.mozambiquelng.co.mz\/pt-pt\/wp-json\/wp\/v2\/pages\/2940\/revisions\/4905"}],"wp:featuredmedia":[{"embeddable":true,"href":"https:\/\/www.mozambiquelng.co.mz\/pt-pt\/wp-json\/wp\/v2\/media\/3831"}],"wp:attachment":[{"href":"https:\/\/www.mozambiquelng.co.mz\/pt-pt\/wp-json\/wp\/v2\/media?parent=2940"}],"curies":[{"name":"wp","href":"https:\/\/api.w.org\/{rel}","templated":true}]}}